{"id":2527,"date":"2009-09-09T09:32:02","date_gmt":"2009-09-09T06:32:02","guid":{"rendered":"http:\/\/www.kayiprihtim.org\/portal\/?page_id=2527"},"modified":"2016-05-26T05:41:18","modified_gmt":"2016-05-26T02:41:18","slug":"golgelerin-efendisi","status":"publish","type":"page","link":"https:\/\/www.kayiprihtim.org\/portal\/kitaplar\/golgelerin-efendisi\/","title":{"rendered":"G\u00f6lgelerin Efendisi"},"content":{"rendered":"<p>John Flanagan\u2019\u0131n kaleme ald\u0131\u011f\u0131 seri, bir Orman Muhaf\u0131z\u0131 \u00c7\u0131ra\u011f\u0131 olan Will\u2019in ya\u015fad\u0131\u011f\u0131 soluk kesici maceralar\u0131 konu al\u0131yor\u2026<\/p>\n<h3>Seride Bulunan Kitaplar<\/h3>\n<ol>\n<li>Gorlan Harabeleri<\/li>\n<li>Yanan K\u00f6pr\u00fc<\/li>\n<li>Buzlar \u00dclkesi<\/li>\n<li>Skandiya\u2019y\u0131 Kurtarmak<\/li>\n<li>Kuzeydeki B\u00fcy\u00fcc\u00fc<\/li>\n<li>Ku\u015fatma Alt\u0131nda<\/li>\n<li>Fidye<\/li>\n<li>Clonmel\u2019in Krallar\u0131<\/li>\n<li>Zehirli Ok<\/li>\n<li>Nihon \u2013 Ja \u0130mparatoru<\/li>\n<li>Kay\u0131p \u00d6yk\u00fcler<\/li>\n<li>Son Orman Muhaf\u0131z\u0131<\/li>\n<\/ol>\n","protected":false},"excerpt":{"rendered":"<p>John Flanagan\u2019\u0131n kaleme ald\u0131\u011f\u0131 seri, bir Orman Muhaf\u0131z\u0131 \u00c7\u0131ra\u011f\u0131 olan Will\u2019in ya\u015fad\u0131\u011f\u0131 soluk kesici maceralar\u0131 konu al\u0131yor\u2026 Seride Bulunan Kitaplar Gorlan Harabeleri Yanan K\u00f6pr\u00fc Buzlar \u00dclkesi Skandiya\u2019y\u0131 Kurtarmak Kuzeydeki B\u00fcy\u00fcc\u00fc Ku\u015fatma Alt\u0131nda Fidye Clonmel\u2019in Krallar\u0131 Zehirli Ok Nihon \u2013 Ja \u0130mparatoru Kay\u0131p \u00d6yk\u00fcler Son Orman Muhaf\u0131z\u0131<\/p>\n","protected":false},"author":1,"featured_media":0,"parent":57,"menu_order":0,"comment_status":"open","ping_status":"closed","template":"","meta":{"_acf_changed":false,"footnotes":""},"class_list":["post-2527","page","type-page","status-publish"],"acf":[],"_links":{"self":[{"href":"https:\/\/www.kayiprihtim.org\/portal\/wp-json\/wp\/v2\/pages\/2527","targetHints":{"allow":["GET"]}}],"collection":[{"href":"https:\/\/www.kayiprihtim.org\/portal\/wp-json\/wp\/v2\/pages"}],"about":[{"href":"https:\/\/www.kayiprihtim.org\/portal\/wp-json\/wp\/v2\/types\/page"}],"author":[{"embeddable":true,"href":"https:\/\/www.kayiprihtim.org\/portal\/wp-json\/wp\/v2\/users\/1"}],"replies":[{"embeddable":true,"href":"https:\/\/www.kayiprihtim.org\/portal\/wp-json\/wp\/v2\/comments?post=2527"}],"version-history":[{"count":0,"href":"https:\/\/www.kayiprihtim.org\/portal\/wp-json\/wp\/v2\/pages\/2527\/revisions"}],"up":[{"embeddable":true,"href":"https:\/\/www.kayiprihtim.org\/portal\/wp-json\/wp\/v2\/pages\/57"}],"wp:attachment":[{"href":"https:\/\/www.kayiprihtim.org\/portal\/wp-json\/wp\/v2\/media?parent=2527"}],"curies":[{"name":"wp","href":"https:\/\/api.w.org\/{rel}","templated":true}]}}