{"id":25877,"date":"2013-02-06T22:07:19","date_gmt":"2013-02-06T20:07:19","guid":{"rendered":"http:\/\/www.kayiprihtim.org\/portal\/?page_id=25877"},"modified":"2013-02-06T22:08:18","modified_gmt":"2013-02-06T20:08:18","slug":"kayip-rihtim-5-yasina-ozel-ethem-onur-bilgic","status":"publish","type":"page","link":"https:\/\/www.kayiprihtim.org\/portal\/projeler\/kayip-rihtim-5-yasina-ozel-ethem-onur-bilgic\/","title":{"rendered":"Kay\u0131p R\u0131ht\u0131m 5. Ya\u015f\u0131na \u00d6zel | Ethem Onur Bilgi\u00e7"},"content":{"rendered":"<p><img fetchpriority=\"high\" decoding=\"async\" class=\"border: 1px; border-color: #a99567;\" alt=\"\" src=\"https:\/\/www.kayiprihtim.org\/portal\/gorsel\/k-rihtim_ethem-onur-bilgic.jpg\" width=\"990\" height=\"1313\"><\/p>\n<p style=\"text-align: center;\"><span style=\"font-family: georgia,palatino;\"><span style=\"font-size: large;\"><span style=\"font-size: small;\"><span style=\"color: #000080;\"><em><strong>\u00e7izim<\/strong><\/em><\/span><br \/>\n<span style=\"font-family: georgia,palatino;\"><strong><span style=\"font-size: large;\"> Ethem Onur Bilgi\u00e7<\/span><\/strong><\/span><\/span><\/span><a href=\"http:\/\/www.ethemonur.com\/\" rel=\"nofollow noopener\" target=\"_blank\"><span style=\"font-size: large;\"><span style=\"font-size: small;\"><span style=\"font-family: georgia,palatino;\"><strong><span style=\"font-size: large;\"><br \/>\n<\/span><\/strong><\/span><\/span><\/span><\/a><a href=\"http:\/\/www.ethemonur.com\/\" target=\"_blank\" rel=\"nofollow noopener\"><span style=\"font-size: large;\"><span style=\"font-size: small;\">www. e t h e m o n u r .com<\/span><\/span><\/a><\/span><\/p>\n","protected":false},"excerpt":{"rendered":"<p>\u00e7izim Ethem Onur Bilgi\u00e7 www. e t h e m o n u r .com<\/p>\n","protected":false},"author":1,"featured_media":0,"parent":12165,"menu_order":0,"comment_status":"open","ping_status":"closed","template":"fullwidth.php","meta":{"_acf_changed":false,"footnotes":""},"class_list":["post-25877","page","type-page","status-publish"],"acf":[],"_links":{"self":[{"href":"https:\/\/www.kayiprihtim.org\/portal\/wp-json\/wp\/v2\/pages\/25877","targetHints":{"allow":["GET"]}}],"collection":[{"href":"https:\/\/www.kayiprihtim.org\/portal\/wp-json\/wp\/v2\/pages"}],"about":[{"href":"https:\/\/www.kayiprihtim.org\/portal\/wp-json\/wp\/v2\/types\/page"}],"author":[{"embeddable":true,"href":"https:\/\/www.kayiprihtim.org\/portal\/wp-json\/wp\/v2\/users\/1"}],"replies":[{"embeddable":true,"href":"https:\/\/www.kayiprihtim.org\/portal\/wp-json\/wp\/v2\/comments?post=25877"}],"version-history":[{"count":0,"href":"https:\/\/www.kayiprihtim.org\/portal\/wp-json\/wp\/v2\/pages\/25877\/revisions"}],"up":[{"embeddable":true,"href":"https:\/\/www.kayiprihtim.org\/portal\/wp-json\/wp\/v2\/pages\/12165"}],"wp:attachment":[{"href":"https:\/\/www.kayiprihtim.org\/portal\/wp-json\/wp\/v2\/media?parent=25877"}],"curies":[{"name":"wp","href":"https:\/\/api.w.org\/{rel}","templated":true}]}}