{"id":25949,"date":"2013-02-11T23:38:49","date_gmt":"2013-02-11T21:38:49","guid":{"rendered":"http:\/\/www.kayiprihtim.org\/portal\/?page_id=25949"},"modified":"2013-02-11T23:55:01","modified_gmt":"2013-02-11T21:55:01","slug":"ethem-onur-bilgic-ile-roportaj","status":"publish","type":"page","link":"https:\/\/www.kayiprihtim.org\/portal\/roportajlar\/ethem-onur-bilgic-ile-roportaj\/","title":{"rendered":"Ethem Onur Bilgi\u00e7 ile R\u00f6portaj"},"content":{"rendered":"<p style=\"text-align: center;\"><img fetchpriority=\"high\" decoding=\"async\" class=\"aligncenter size-full wp-image-25950\" alt=\"\" src=\"https:\/\/www.kayiprihtim.org\/portal\/gorsel\/ethemonur.jpg\" width=\"467\" height=\"214\" srcset=\"https:\/\/www.kayiprihtim.org\/portal\/gorsel\/ethemonur.jpg 467w, https:\/\/www.kayiprihtim.org\/portal\/gorsel\/ethemonur-300x137.jpg 300w\" sizes=\"(max-width: 467px) 100vw, 467px\" \/><\/p>\n<p style=\"text-align: center;\"><span style=\"color: #993300;\"><strong>Teklifimizi k\u0131rmay\u0131p r\u00f6portaj talebimizi kabul etti\u011finiz i\u00e7in \u00e7ok te\u015fekk\u00fcrler! Dilerseniz s\u00f6z\u00fc fazla uzatmadan sorulara ge\u00e7elim.<\/strong><\/span><\/p>\n<ul style=\"text-align: justify;\">\n<li><b>Tan\u0131mayanlar i\u00e7in, kimdir Ethem Onur Bilgi\u00e7? Bize biraz kendinizden bahseder misiniz?<\/b><\/li>\n<\/ul>\n<p style=\"text-indent: 0.4cm; text-align: justify;\">1986 y\u0131l\u0131n\u0131n Temmuz ay\u0131nda Kastamonu\u2019nun \u0130nebolu il\u00e7esinde do\u011fdum. \u00d6\u011fretmen bir baban\u0131n o\u011fluyum. \u0130nebolu\u2019da g\u00fczel bir \u00e7ocukluk ya\u015fad\u0131ktan sonra Konya\u2019n\u0131n Ere\u011fli il\u00e7esine ta\u015f\u0131nd\u0131k. Orta ve lise e\u011fitimimi Ere\u011fli Anadolu Lisesi\u2019nde ald\u0131m. Lise bitti\u011finde benden m\u00fchendis olmayaca\u011f\u0131n\u0131 anlamam uzun s\u00fcrmedi. G\u00fczel sanatlara y\u00f6nlendirildim ve bu fikir ger\u00e7ekten ho\u015fuma gitti. 2007 y\u0131l\u0131nda da Mimar Sinan G\u00fczel Sanatlar B\u00f6l\u00fcm\u00fc\u2019ne girdim. Bu g\u00fcnlere geldi\u011fimizde ill\u00fcstrat\u00f6r ve grafik tasar\u0131mc\u0131 olarak \u00e7e\u015fitli i\u015fler yap\u0131yorum. Bir\u00e7ok reklam ajans\u0131, dergi, gazete ve yay\u0131nevi i\u00e7in ill\u00fcstrasyon ve tasar\u0131m yap\u0131yorum.<\/p>\n<ul style=\"text-align: justify;\">\n<li><b>Resim \u00e7izmeye nas\u0131l ba\u015flad\u0131n\u0131z? Hayalinizdeki i\u015f b\u00f6yle bir \u015fey miydi, yoksa sonradan m\u0131 ke\u015ffettiniz bu yetene\u011finizi?<\/b><\/li>\n<\/ul>\n<p style=\"text-indent: 0.4cm; text-align: justify;\">\u00c7ocuklu\u011fumdan beri \u00e7izim yapmay\u0131 hep sevmi\u015fimdir ve elimde buna yatk\u0131nd\u0131. Ama lise hayat\u0131m boyunca san\u0131r\u0131m s\u0131k\u0131nt\u0131dan karalad\u0131\u011f\u0131m birka\u00e7 \u015fey d\u0131\u015f\u0131nda hi\u00e7bir \u015fey \u00e7izmedim. Lisenin bitmesine yak\u0131n hangi \u00fcniversiteye ve hangi b\u00f6l\u00fcme gidece\u011fimi sormaya ba\u015flad\u0131m. M\u00fchendis ya da \u00f6\u011fretmen olmak istemiyordum, ama a\u00e7\u0131k\u00e7as\u0131 ne yapaca\u011f\u0131m\u0131 da bilmiyordum. K\u00fc\u00e7\u00fck bir il\u00e7ede okuman\u0131n baz\u0131 dezavantajlar\u0131 oluyor. \u00c7evreniz ve okulunuz sizi belli mesleklere y\u00f6nlendiriyor ve g\u00fczel sanatlar b\u00f6l\u00fcmlerine dair pek fazla fikriniz olmuyor. Benim \u015fans\u0131m evimize misafirli\u011fe gelen bir ressam\u0131n \u00e7izimlerimi be\u011fenmesi ve \u2013\u00e7al\u0131\u015f\u0131rsa rahatl\u0131kla g\u00fczel sanatlara girebilir- demesiydi. Akl\u0131ma yatm\u0131\u015ft\u0131 bu fikir ve ger\u00e7ekten pe\u015finden ko\u015fabilece\u011fim bir hedefim olmu\u015ftu. Soruna gelirsek ben de\u011fil de, bir yabanc\u0131 ke\u015ffetti bu durumu. Sonras\u0131 bana ba\u011fl\u0131yd\u0131. B\u00fct\u00fcn h\u0131rs\u0131mla bu amaca yo\u011funla\u015ft\u0131m.<\/p>\n<p style=\"text-align: center;\">\u00a0<img decoding=\"async\" class=\"size-medium wp-image-25971 alignnone\" alt=\"ethemcizim-2\" src=\"https:\/\/www.kayiprihtim.org\/portal\/gorsel\/ethemcizim-2-212x300.jpg\" width=\"212\" height=\"300\" srcset=\"https:\/\/www.kayiprihtim.org\/portal\/gorsel\/ethemcizim-2-212x300.jpg 212w, https:\/\/www.kayiprihtim.org\/portal\/gorsel\/ethemcizim-2.jpg 500w\" sizes=\"(max-width: 212px) 100vw, 212px\" \/> <img decoding=\"async\" class=\"size-medium wp-image-25972 alignnone\" alt=\"ethemcizim-7\" src=\"https:\/\/www.kayiprihtim.org\/portal\/gorsel\/ethemcizim-7-214x300.jpg\" width=\"214\" height=\"300\" srcset=\"https:\/\/www.kayiprihtim.org\/portal\/gorsel\/ethemcizim-7-214x300.jpg 214w, https:\/\/www.kayiprihtim.org\/portal\/gorsel\/ethemcizim-7.jpg 600w\" sizes=\"(max-width: 214px) 100vw, 214px\" \/><\/p>\n<ul style=\"text-align: justify;\">\n<li><b>Son zamanlarda iyice yayg\u0131nla\u015fan, bilgisayarl\u0131 \u00e7izim de diyebilece\u011fimiz, dijital sanat hakk\u0131nda ne d\u00fc\u015f\u00fcn\u00fcyorsunuz? Siz elle \u00e7izmeyi mi yoksa bilgisayarda \u00e7izmeyi mi tercih ediyorsunuz?<\/b><\/li>\n<\/ul>\n<p style=\"text-indent: 0.4cm; text-align: justify;\">Benim i\u00e7in ortaya \u00e7\u0131kan \u00fcr\u00fcn \u00f6nemlidir. Geleneksel y\u00f6ntemlerle ya da dijital y\u00f6ntemlerle yap\u0131lmas\u0131n\u0131 pek umursam\u0131yorum. Sonu\u00e7ta dijital ya da de\u011fil, yap\u0131lan i\u015f yapan\u0131n becerisi ve zek\u00e2s\u0131n\u0131 ta\u015f\u0131yor. Bilgisayar ya da program bunu kendisi yapm\u0131yor. Belki dijital y\u00f6ntemler kolayl\u0131klar sa\u011fl\u0131yor, ama sonucu belirleyen \u015fey, onu yapan birey. Bu a\u00e7\u0131dan bakt\u0131\u011f\u0131m i\u00e7in sadece \u00fcr\u00fcn\u00fc umursuyorum. Beni soracak olursan\u0131z da, i\u015fe g\u00f6re de\u011fi\u015fen bir i\u015f \u00fcretme s\u00fcrecim oluyor. Kafamdaki g\u00f6rseli nas\u0131l elde edebilece\u011fimi ya da anlam b\u00fct\u00fcnl\u00fc\u011f\u00fc olarak hangi malzemelerin buna uyumlu olaca\u011f\u0131n\u0131 d\u00fc\u015f\u00fcn\u00fcyorum. Akrilik, suluboya, m\u00fcrekkep, karakalem, pastel, flomaster ve sprey boya gibi bir\u00e7ok malzeme kullan\u0131yorum. Asl\u0131nda elime ne ge\u00e7erse kullan\u0131yorum. Ama i\u015flerimi genellikle dijital ortamda bitiriyorum, \u00e7\u00fcnk\u00fc daha kontroll\u00fc olabiliyorsunuz. Geleneksel y\u00f6ntemlerle yap\u0131lan i\u015fin verdi\u011fi tat, beni her zaman daha \u00e7ok i\u015fin i\u00e7inde hissettiriyor ve ho\u015fuma gidiyor.<\/p>\n<ul style=\"text-align: justify;\">\n<li><b>Pek \u00e7ok g\u00fczel ve \u00e7e\u015fitli i\u015flerde imzan\u0131z var. Peki sizin favoriniz hangisi? En \u00e7ok hangi i\u015finizi seviyorsunuz?<\/b><\/li>\n<\/ul>\n<p style=\"text-indent: 0.4cm; text-align: justify;\">Deniz\u2019in (Tarsus) &#8220;Ozo Ozo \u00c7akta&#8221; isimli \u00f6yk\u00fc kitab\u0131na yapt\u0131\u011f\u0131m ill\u00fcstrasyonlar ger\u00e7ekten i\u00e7ime siniyorlar. \u00d6yk\u00fclerin yaz\u0131m a\u015famas\u0131ndan beri biliyor olmam ve Deniz\u2019i iyi tan\u0131yor oldu\u011fum i\u00e7in biraz stresli. Beni zor tatmin eden bir \u00fcretim s\u00fcreci atlatt\u0131m. Bu tarza gelene kadar iki farkl\u0131 konsept \u00e7izim daha denemi\u015ftik. Sonu\u00e7ta ne Deniz\u2019i ne de beni tatmin etmedi bu \u00e7al\u0131\u015fmalar. \u015eimdi sonuca \u00e7\u0131kan i\u015flere bak\u0131nca keyif al\u0131yorum.<\/p>\n<ul style=\"text-align: justify;\">\n<li><b>\u00c7izerlik d\u0131\u015f\u0131nda da ilgilendi\u011finiz hobileriniz var m\u0131? Bir sanat\u00e7\u0131 olarak ek i\u015f gereksinimi duymadan rahat bir ya\u015fam s\u00fcrebiliyor musunuz?<\/b><\/li>\n<\/ul>\n<p style=\"text-indent: 0.4cm; text-align: justify;\">Ben biraz \u015fansl\u0131y\u0131m galiba. \u0130ll\u00fcstrasyon ve grafik tasar\u0131mdan hayat\u0131m\u0131 devam ettirecek kazanc\u0131 sa\u011flayabiliyorum. Buradan kazand\u0131klar\u0131mla da, kendi kafamdaki i\u015fleri projeleri ger\u00e7ekle\u015ftirmeye \u00e7al\u0131\u015f\u0131yorum. \u00c7izgi roman okumak, foto\u011fraf ve video \u00e7ekmek ho\u015fuma giden \u015feyler i\u00e7inde. Bir de eskiden bilgisayar oyunu oynard\u0131m, ama art\u0131k pek zaman bulam\u0131yorum.<\/p>\n<ul style=\"text-align: justify;\">\n<li><b>Yapt\u0131\u011f\u0131n\u0131z farkl\u0131 i\u015flerde hep kendi tarz\u0131n\u0131z\u0131 yans\u0131tmay\u0131 ba\u015far\u0131yorsunuz ama baz\u0131lar\u0131 daha y\u00fczeysel g\u00f6r\u00fcn\u00fcrken baz\u0131lar\u0131 epey ayr\u0131nt\u0131l\u0131 olabiliyor. Peki inisiyatif elinizde oldu\u011funda ne \u015fekilde \u00e7izmeyi tercih ediyorsunuz? Daha y\u00fczeysel ve basit mi, yoksa ince ayr\u0131nt\u0131lar\u0131na girerek mi \u00e7izmekten ho\u015flan\u0131yorsunuz?<\/b><\/li>\n<\/ul>\n<p style=\"text-indent: 0.4cm; text-align: justify;\">Asl\u0131nda bu, biraz da ne yapmak istedi\u011fimle alakal\u0131. Bazen basit \u00e7izgilerin daha \u00e7ok \u015fey anlatt\u0131\u011f\u0131 durumlar olabiliyor. Bazen de tam tersine yapmak istedi\u011fim i\u015f i\u00e7in \u00e7ok fazla malzeme ve boyayla uzun saatler \u00e7al\u0131\u015fmak gerekiyor.<\/p>\n<ul style=\"text-align: justify;\">\n<li><b><a href=\"https:\/\/www.kayiprihtim.org\/portal\/gorsel\/ethemcizim-1.jpg\"><img loading=\"lazy\" decoding=\"async\" class=\"alignright\" alt=\"\" src=\"https:\/\/www.kayiprihtim.org\/portal\/gorsel\/ethemcizim-1-198x300.jpg\" width=\"198\" height=\"300\"><\/a>\u00c7al\u0131\u015fma ortam\u0131n\u0131z\u0131 biraz anlatabilir misiniz? \u00d6rne\u011fin baz\u0131 \u00e7izerler s\u00fcrekli m\u00fczik ve lo\u015f \u0131\u015f\u0131kta \u00e7al\u0131\u015f\u0131r, baz\u0131lar\u0131 ise ayd\u0131nl\u0131k ve tamamen sessiz yerlerde. Siz nas\u0131l bir ortam tercih ediyorsunuz?<\/b><\/li>\n<\/ul>\n<p style=\"text-indent: 0.4cm; text-align: justify;\">\u00c7al\u0131\u015f\u0131rken \u00e7ok pasakl\u0131 olabiliyorum ama genelde \u00e7al\u0131\u015fma masam d\u00fczenli ve temizdir. Sesten rahats\u0131z olmad\u0131\u011f\u0131m i\u00e7in genelde m\u00fczik dinleyerek \u00e7al\u0131\u015f\u0131r\u0131m. \u00c7al\u0131\u015fma ortam\u0131m\u0131 sahiplenmem san\u0131r\u0131m en \u00f6nemli \u015fey.<\/p>\n<ul style=\"text-align: justify;\">\n<li><b>Takip etti\u011finiz veya \u00e7al\u0131\u015fmalar\u0131n\u0131 be\u011fendi\u011finiz yerli\/yabanc\u0131 \u00e7izerler kimler?<\/b><\/li>\n<\/ul>\n<p style=\"text-indent: 0.4cm; text-align: justify;\">\u0130ll\u00fcstrasyonu bana tan\u0131tan ve yol \u00e7izmemde -kendisi pek bilmese de- \u00e7ok etkisi olan Sadi G\u00fcran\u2019\u0131 h\u00e2l\u00e2 hayranl\u0131kla izlerim. Kendi jenerasyonumda ise Sedat Girgin hem \u00e7ok sevdi\u011fim bir dostumdur hem de hayran\u0131 oldu\u011fum bir \u00e7izer. Yabanc\u0131 olarak; okulumda verdi\u011fi s\u00f6yle\u015fi ve sonras\u0131ndaki muhabbeti ile biraz olsun kendimi bulmam\u0131 sa\u011flayan ve yeniden \u00e7izmemde ilham veren b\u00fcy\u00fck usta Ralph Steadman, ilk \u0130ngilizce ald\u0131\u011f\u0131m \u00e7izgi roman\u0131m olan &#8220;Fountain&#8221; ile tan\u0131d\u0131\u011f\u0131m Kent Williams ve her yapt\u0131\u011f\u0131na hayran hayran bakt\u0131\u011f\u0131m Ashley Wood, Dave McKean, Bill Sienkiewicz, Jon Muth gibi bir s\u00fcr\u00fc isim var.<\/p>\n<ul style=\"text-align: justify;\">\n<li><b>\u00c7izer adaylar\u0131n\u0131n ya da bu i\u015fe yeni ad\u0131m atm\u0131\u015f olanlar\u0131n \u00f6zellikle sordu\u011fu soru kulland\u0131\u011f\u0131n\u0131z kalem tipi, program, f\u0131r\u00e7a seti oluyor. Peki sizce as\u0131l \u00f6nemli olan nedir? \u00d6rnek olarak kullan\u0131lan ekran kalitesinin \u00e7al\u0131\u015fmaya olan etkisi nas\u0131ld\u0131r?<\/b><\/li>\n<\/ul>\n<p style=\"text-indent: 0.4cm; text-align: justify;\">Bence tamamen \u00e7al\u0131\u015fmak ve ne yapt\u0131\u011f\u0131nda zevk ald\u0131\u011f\u0131n\u0131n fark\u0131na varmak. Neyi iyi yapabiliyorsan bu senin tarz\u0131n oluyor \u00e7\u00fcnk\u00fc. \u0130ll\u00fcstrasyondan ilk para kazand\u0131\u011f\u0131mda kulland\u0131\u011f\u0131m ekran 21 inc t\u00fcpl\u00fc bir monit\u00f6r ve ger\u00e7ekten alabilece\u011fim en ucuz tabletti. \u015eimdi daha pahal\u0131 ekipmanlar\u0131m var, ama bunlar sadece biraz daha rahat \u00e7al\u0131\u015fmak i\u00e7in. Yoksa elimize ge\u00e7en her \u015fey ile ill\u00fcstrasyon yap\u0131labilir. Hatta bazen elimizde olmayanlar sayesinde daha yarat\u0131c\u0131 i\u015fler \u00e7\u0131karabiliyoruz.<\/p>\n<ul style=\"text-align: justify;\">\n<li><b>Edebiyat\u0131n, fantastik edebiyat\u0131n ve bilimkurgunun \u00e7iziminizde ve kendinizi geli\u015ftirme a\u015famas\u0131nda ne gibi bir etkisini g\u00f6rd\u00fcn\u00fcz?<\/b><\/li>\n<\/ul>\n<p style=\"text-indent: 0.4cm; text-align: justify;\">\u00c7ok k\u00fc\u00e7\u00fck ya\u015flar\u0131mdan beri bilimkurguya \u00e7ok b\u00fcy\u00fck bir ilgim vard\u0131r. \u00c7ok ara\u015ft\u0131rma yapard\u0131m kendimce. Fantastik edebiyatla ise lisede tan\u0131\u015ft\u0131m. Hi\u00e7bir t\u00fcrde tam yetkin okuyucu olmad\u0131m, ama \u00fcretirken beslendi\u011fim edebiyat t\u00fcrleridir. Bilimkurgunun hayal g\u00fcc\u00fcn\u00fc \u00e7ok geli\u015ftirdi\u011fini ve insan do\u011fas\u0131n\u0131 anlamay\u0131 sa\u011flad\u0131\u011f\u0131n\u0131 d\u00fc\u015f\u00fcn\u00fcr\u00fcm ama.<\/p>\n<table style=\"width: 467px;\" border=\"0\" align=\"center\">\n<tbody>\n<tr>\n<td style=\"text-align: center;\"><a href=\"https:\/\/www.kayiprihtim.org\/portal\/kitap\/ozo-ozo-cakta\/\"><img loading=\"lazy\" decoding=\"async\" class=\"aligncenter  wp-image-24893\" alt=\"Ozo Ozo \u00c7akta\" src=\"https:\/\/www.kayiprihtim.org\/portal\/gorsel\/ozo-ozo-cakta-182x300.jpg\" width=\"110\" height=\"190\" \/><\/a><\/td>\n<td><a href=\"https:\/\/www.kayiprihtim.org\/portal\/kitap\/iceriden-olmek\/\"><img loading=\"lazy\" decoding=\"async\" class=\"aligncenter  wp-image-20470\" alt=\"\u0130\u00e7eriden \u00d6lmek\" src=\"https:\/\/www.kayiprihtim.org\/portal\/gorsel\/iceriden-olmek-192x300.jpg\" width=\"110\" height=\"190\" \/><\/a><\/td>\n<td><a href=\"https:\/\/www.kayiprihtim.org\/portal\/kitap\/yasli-adamin-savasi\/\"><img loading=\"lazy\" decoding=\"async\" class=\"aligncenter  wp-image-19913\" alt=\"Ya\u015fl\u0131 Adam\u0131n Sava\u015f\u0131\" src=\"https:\/\/www.kayiprihtim.org\/portal\/gorsel\/yasli-adamin-savasi-192x300.jpg\" width=\"110\" height=\"190\" \/><\/a><\/td>\n<td>\n<p style=\"text-align: center;\"><a href=\"https:\/\/www.kayiprihtim.org\/portal\/kitap\/ruzgarin-adi\/\"><img loading=\"lazy\" decoding=\"async\" class=\"size-medium wp-image-21930 aligncenter\" alt=\"\" src=\"https:\/\/www.kayiprihtim.org\/portal\/gorsel\/ruzgarin-adi-183x300.jpg\" width=\"110\" height=\"190\"><\/a><\/p>\n<\/td>\n<\/tr>\n<\/tbody>\n<\/table>\n<ul style=\"text-align: justify;\">\n<li><b>Yine bu t\u00fcre olan edebi ilginiz tam olarak nedir? \u00d6zellikle bu edebiyat dallar\u0131nda hangi isimleri okumay\u0131 tercih edersiniz? Var m\u0131d\u0131r s\u0131k\u0131 takip\u00e7isi oldu\u011funuz yazarlar?<\/b><\/li>\n<\/ul>\n<p style=\"text-indent: 0.4cm; text-align: justify;\">\u00c7ok iyi bir okur olmasam da; Ursula, Arthur C. Clarke, Tolkien ve George Orwell\u2019i \u00e7ok severim. \u00c7izgi roman olarak Katsuhiro Otomo ve Akira\u2019s\u0131 favori bilimkurgumdur.<\/p>\n<ul style=\"text-align: justify;\">\n<li><b>Benzeri olarak \u00e7izgi roman okumay\u0131 sever misiniz? Mesle\u011finizle de alakal\u0131 olarak takip etti\u011finiz \u00e7izgi roman serisi var m\u0131d\u0131r? Bir g\u00fcn sizin elinizden de k\u0131sa ya da uzun bir \u00e7izgi roman g\u00f6rebilecek miyiz?<\/b><\/li>\n<\/ul>\n<p style=\"text-indent: 0.4cm; text-align: justify;\">\u00c7izgi roman okumaya mecburen ge\u00e7 ba\u015flad\u0131m. Dedi\u011fim gibi k\u00fc\u00e7\u00fck bir il\u00e7eye pek \u00e7izgi roman yollam\u0131yorlar. Mizah dergisi bile yollanm\u0131yor asl\u0131na bakarsan\u0131z. Ama \u0130stanbul\u2019a geldikten sonra sa\u011flam bir \u00e7izgi roman takip\u00e7isi oldum. Klasik anlamda \u00e7izgi romanlardan \u00e7ok grafik romanlara ilgim daha fazlad\u0131r. &#8220;Watchmen&#8221;i ilk okudu\u011fumda deh\u015fete d\u00fc\u015fm\u00fc\u015ft\u00fcm. Ayn\u0131 \u015fekilde &#8220;V for Vendetta&#8221;da. K\u0131saca Alan Moore hayran\u0131y\u0131m. Bu aralar seri olarak &#8220;Y\u00fcr\u00fcyen \u00d6l\u00fcler&#8221;i takip ediyorum. Kesinlikle \u00e7izgi roman olarak \u00e7ok g\u00fc\u00e7l\u00fc. Bir grafik roman yapmak ger\u00e7ekten benim de hayalim. Hatta b\u00f6yle bir \u015fans da ge\u00e7ti elime. San\u0131r\u0131m 2-3 aya ba\u015flayaca\u011f\u0131m \u00e7izimlere, ama ne zaman biter bilemiyorum. Bir y\u0131l\u0131 bulmadan bitirebilirsem \u00e7ok mutlu bir adam olurum herhalde.<\/p>\n<p><a href=\"https:\/\/www.kayiprihtim.org\/portal\/gorsel\/ethemcizim-10.jpg\"><img loading=\"lazy\" decoding=\"async\" class=\"aligncenter size-full wp-image-25973\" alt=\"\" src=\"https:\/\/www.kayiprihtim.org\/portal\/gorsel\/ethemcizim-10.jpg\" width=\"464\" height=\"348\" srcset=\"https:\/\/www.kayiprihtim.org\/portal\/gorsel\/ethemcizim-10.jpg 600w, https:\/\/www.kayiprihtim.org\/portal\/gorsel\/ethemcizim-10-300x225.jpg 300w\" sizes=\"(max-width: 464px) 100vw, 464px\" \/><\/a><\/p>\n<ul style=\"text-align: justify;\">\n<li><b>\u00d6zellikle resimlemi\u015f olmay\u0131 isteyece\u011finiz bir eser var m\u0131d\u0131r? Varsa nedenini a\u00e7\u0131klayabilir misiniz?<\/b><\/li>\n<\/ul>\n<p style=\"text-indent: 0.4cm; text-align: justify;\">Asl\u0131na bakarsan\u0131z Naz\u0131m Hikmet\u2019in bir\u00e7ok eserine \u00e7izimler yapmay\u0131 deli gibi istiyorum. Bu aralar Naz\u0131m\u2019\u0131n \u201cSalk\u0131ms\u00f6\u011f\u00fct\u201d \u015fiirini animasyon yapmaya \u00e7al\u0131\u015f\u0131yorum. Biraz yorucu oluyor, ama yak\u0131n zamanda biter umar\u0131m. Bunun d\u0131\u015f\u0131nda gelecekte kesinlikle &#8220;\u015eeyh Bedrettin Destan\u0131&#8221;n\u0131 resimlemek isterim.<\/p>\n<ul style=\"text-align: justify;\">\n<li><b>Bir kitab\u0131n kapa\u011f\u0131n\u0131 \u00e7izerken ya da benzer bir konsept \u00e7izim yaparken o eserle nas\u0131l bir ba\u011flant\u0131 kuruyorsunuz?<\/b><\/li>\n<\/ul>\n<p style=\"text-indent: 0.4cm; text-align: justify;\">Kitap kapaklar\u0131n\u0131 tasarlamadan \u00f6nce edit\u00f6r ya da yazarla bir araya geliyorum genelde. Baz\u0131 kitaplar\u0131 okumaya f\u0131rsat bulam\u0131yorum ve bu y\u00fczden de onlar\u0131n anlat\u0131m\u0131 \u00e7ok \u00f6nemli oluyor.<\/p>\n<ul style=\"text-align: justify;\">\n<li><b>R\u0131ht\u0131m okuru \u00f6zellikle Robert Silverberg\u2019in eseri \u201c\u0130\u00e7eriden \u00d6lmek\u201d i\u00e7in \u00e7izdi\u011finiz kapa\u011fa bay\u0131ld\u0131. Bu nedenle \u00f6zellikle bunu ayr\u0131ca soral\u0131m istedik: Kapa\u011f\u0131 haz\u0131rlama s\u00fcreci nas\u0131l geli\u015fti? Fikir ve konsept tam olarak nas\u0131l ortaya \u00e7\u0131kt\u0131? Yay\u0131ma haz\u0131rlanma a\u015famas\u0131nda size kitapla ilgili belli ba\u015fl\u0131 bilgiler mi verilmi\u015fti yoksa okuma f\u0131rsat\u0131 bulmu\u015f muydunuz?<\/b><\/li>\n<\/ul>\n<p style=\"text-indent: 0.4cm; text-align: justify;\">O kapa\u011f\u0131 yaparken \u0130thaki\u2019de edit\u00f6rl\u00fck yapan Evrim \u00d6nc\u00fcl bana kitab\u0131 anlatt\u0131. Onun haz\u0131rlad\u0131\u011f\u0131 bir seri olan \u201cBa\u015fka Kitaplar\u201d serisinin son kitab\u0131yd\u0131. Evrim\u2019e ne yapmak istedi\u011fimi anlatt\u0131m ve ne olursa olsun bildi\u011fimi yapaca\u011f\u0131m\u0131 tahmin etti\u011fi i\u00e7in o da bana, \u201cYapma,\u201d dedi. Sonra ilk eskizleri yollad\u0131m. Haz\u0131rlad\u0131\u011f\u0131m g\u00f6rsel, Evrim\u2019de endi\u015fe yaratt\u0131 biraz, \u00e7\u00fcnk\u00fc g\u00f6rsele bak\u0131ld\u0131\u011f\u0131nda korku kitab\u0131 kapa\u011f\u0131 hissi yarat\u0131yordu. Ama kitap korku kitab\u0131 de\u011fildi. G\u00fczel bir g\u00f6rsel oldu\u011funu d\u00fc\u015f\u00fcn\u00fcyordum ve bu \u015fekilde devam\u0131n\u0131 getirip finalize ettik. Sonu\u00e7ta hem Evrim\u2019in, hem de benim i\u00e7imize sinen g\u00fczel bir kapak oldu. Evrim bana pek kapaklarda kar\u0131\u015fmazd\u0131. Kar\u015f\u0131l\u0131kl\u0131 bir g\u00fcven al\u0131\u015fveri\u015fimiz vard\u0131. Bu y\u00fczden de san\u0131r\u0131m en g\u00fczel \u00e7al\u0131\u015fma ortamlar\u0131ndan birini Evrim\u2019le yakalad\u0131m.<\/p>\n<p><a href=\"https:\/\/www.kayiprihtim.org\/portal\/gorsel\/mod-q.png\"><img loading=\"lazy\" decoding=\"async\" class=\"aligncenter size-full wp-image-25975\" alt=\"\" src=\"https:\/\/www.kayiprihtim.org\/portal\/gorsel\/mod-q.png\" width=\"467\" height=\"202\" srcset=\"https:\/\/www.kayiprihtim.org\/portal\/gorsel\/mod-q.png 600w, https:\/\/www.kayiprihtim.org\/portal\/gorsel\/mod-q-300x130.png 300w\" sizes=\"(max-width: 467px) 100vw, 467px\" \/><\/a><\/p>\n<ul style=\"text-align: justify;\">\n<li><b>Sizi yap\u0131m kadrosunda g\u00f6rd\u00fc\u011f\u00fcm\u00fcz k\u0131sa filmlerden de tan\u0131yoruz. \u00d6rne\u011fin son g\u00fcnlerde yay\u0131nlanmas\u0131n\u0131 merakla bekledi\u011fimiz \u201cMOD\u201d k\u0131sa filmi var. Bir \u00e7izer olarak bu filmin yap\u0131m\u0131nda ne gibi bir rol\u00fcn\u00fcz oldu? Sizi bu sekt\u00f6rde daha fazla g\u00f6recek miyiz?<\/b><\/li>\n<\/ul>\n<p style=\"text-indent: 0.4cm;\"><a href=\"https:\/\/www.kayiprihtim.org\/portal\/gorsel\/ethemcizim-8.jpg\"><img loading=\"lazy\" decoding=\"async\" class=\"size-medium wp-image-25974 alignleft\" alt=\"\" src=\"https:\/\/www.kayiprihtim.org\/portal\/gorsel\/ethemcizim-8-214x300.jpg\" width=\"142\" height=\"200\" srcset=\"https:\/\/www.kayiprihtim.org\/portal\/gorsel\/ethemcizim-8-214x300.jpg 214w, https:\/\/www.kayiprihtim.org\/portal\/gorsel\/ethemcizim-8.jpg 600w\" sizes=\"(max-width: 142px) 100vw, 142px\" \/><\/a>&#8220;Mod&#8221;un \u00f6yk\u00fc halini bana y\u0131llar \u00f6nce Deniz yollam\u0131\u015ft\u0131. Ben de, \u201c\u00c7ok g\u00fczel \u00e7izgi roman olur bundan,\u201d demi\u015ftim. \u0130\u00e7 bunal\u0131mlar\u0131 olan k\u0131sa bir \u00f6yk\u00fcyd\u00fc. \u0130ki y\u0131l sonra Deniz yeni bir k\u0131sa film i\u00e7in senaryo d\u00fc\u015f\u00fcn\u00fcyordu. Ben de ona &#8220;Mod&#8221;u hat\u0131rlatt\u0131m. Biraz g\u00f6rsel efektleri oldu\u011fu i\u00e7in g\u00f6z\u00fcm\u00fcz\u00fc korkutmu\u015ftu, ama alt\u0131ndan kalkabilece\u011fimizi d\u00fc\u015f\u00fcn\u00fcyordum. Sonu\u00e7ta Deniz\u2019le oturup konseptlere ve filmin atmosferine \u00e7al\u0131\u015ft\u0131k. Sonras\u0131nda da g\u00f6r\u00fcnt\u00fc y\u00f6netmenli\u011fini yapt\u0131m. \u0130lk deneyimim oldu\u011fu i\u00e7in ben de insanlar\u0131n yorumlar\u0131n\u0131 merakla bekliyorum. Ciddi anlamda b\u00fct\u00e7esiz bir bi\u00e7imde ekipman eksikliklerine ra\u011fmen i\u00e7imize sinen bir i\u015f \u00e7\u0131kt\u0131 ortaya. \u015eubat ay\u0131nda internetten izlenebilecek san\u0131yorum. Herkesin yorumunu merakla bekliyor olaca\u011f\u0131z.<\/p>\n<ul>\n<li>\u00a0<b>Ayr\u0131ca baz\u0131 dergilerde de d\u00fczenli olarak \u00e7izim yap\u0131yorsunuz. Dergicili\u011fin geldi\u011fi son durumu nas\u0131l de\u011ferlendiriyorsunuz? \u00d6zellikle internet \u00fczerindeki e-dergicilik? Dergiye \u00f6zel \u00f6zg\u00fcn \u00e7izimler konusunda \u015fu anda ne gibi bir yol kat edilmi\u015f durumda?<\/b><\/li>\n<\/ul>\n<p style=\"text-indent: 0.4cm; text-align: justify;\">T\u00fcrkiye\u2019de dergicilik ger\u00e7ekten \u00e7ok zor bir i\u015f. Hele ki b\u00fcy\u00fck bir g\u00fc\u00e7 yoksa arkan\u0131zda kendi imkanlar\u0131n\u0131z ve kaynaklar\u0131n\u0131zla ya\u015faman\u0131z ger\u00e7ekten \u00e7ok b\u00fcy\u00fck bir mesela. E-dergicilik bu durumu biraz olsun de\u011fi\u015ftirecek gibi d\u00fc\u015f\u00fcn\u00fcyorum. Tabletler ak\u0131ll\u0131 telefonlar art\u0131k hepimizin sahip oldu\u011fu ekipmanlar. Tabii ki k\u00e2\u011f\u0131d\u0131n dokusunun yerini hi\u00e7bir \u015fey tutmaz, ama en az\u0131ndan maliyeti d\u00fc\u015f\u00fcrd\u00fc\u011f\u00fc ve kolayl\u0131kla ula\u015f\u0131labilir oldu\u011fu i\u00e7in dergicili\u011fi geli\u015ftirece\u011fini d\u00fc\u015f\u00fcn\u00fcyorum e-dergicili\u011fin.<\/p>\n<p><a href=\"http:\/\/oyku.kayiprihtim.org\/wp-content\/uploads\/rihtim_ethem-onur-bilgic.jpg\" rel=\"nofollow noopener\" target=\"_blank\"><img loading=\"lazy\" decoding=\"async\" class=\"aligncenter\" alt=\"\" src=\"http:\/\/oyku.kayiprihtim.org\/wp-content\/uploads\/rihtim_ethem-onur-bilgic.jpg\" width=\"466\" height=\"230\"><\/a><\/p>\n<ul style=\"text-align: justify;\">\n<li><b>Ve son olarak gen\u00e7 \u00e7izerlere ve bu mesle\u011fe ad\u0131m atmaya haz\u0131rlanan arkada\u015flara \u00f6nerileriniz var m\u0131? Nelere \u00f6ncelik vermeli, neleri arka plana \u00e7ekmeliler?<\/b><\/li>\n<\/ul>\n<p style=\"text-indent: 0.4cm; text-align: justify;\">S\u00fcrekli \u00e7al\u0131\u015fmak en \u00f6nemli nokta. Bir\u00e7ok zorluk \u00e7\u0131k\u0131yor \u00f6n\u00fcm\u00fcze her g\u00fcn, ama sevdi\u011fin i\u015f \u00e7izmekse s\u00fcrekli ara\u015ft\u0131rmal\u0131, incelemeli ve \u00e7izmeliyiz.<\/p>\n<p style=\"text-indent: 0.4cm; text-align: justify;\"><span style=\"color: #993300;\"><strong>Verdi\u011finiz cevaplar i\u00e7in sonsuz te\u015fekk\u00fcrler! Umuyoruz bol maharetli ellerinizden \u00e7\u0131kan daha nice \u00e7izimlere g\u00f6z atma f\u0131rsat\u0131 buluruz.<\/strong><\/span><\/p>\n","protected":false},"excerpt":{"rendered":"<p>Teklifimizi k\u0131rmay\u0131p r\u00f6portaj talebimizi kabul etti\u011finiz i\u00e7in \u00e7ok te\u015fekk\u00fcrler! Dilerseniz s\u00f6z\u00fc fazla uzatmadan sorulara ge\u00e7elim. Tan\u0131mayanlar i\u00e7in, kimdir Ethem Onur Bilgi\u00e7? Bize biraz kendinizden bahseder misiniz? 1986 y\u0131l\u0131n\u0131n Temmuz ay\u0131nda Kastamonu\u2019nun \u0130nebolu il\u00e7esinde do\u011fdum. \u00d6\u011fretmen bir baban\u0131n o\u011fluyum. \u0130nebolu\u2019da g\u00fczel bir \u00e7ocukluk ya\u015fad\u0131ktan sonra Konya\u2019n\u0131n Ere\u011fli il\u00e7esine ta\u015f\u0131nd\u0131k. Orta ve lise e\u011fitimimi Ere\u011fli Anadolu Lisesi\u2019nde [&hellip;]<\/p>\n","protected":false},"author":1,"featured_media":0,"parent":1029,"menu_order":0,"comment_status":"open","ping_status":"closed","template":"single-inceleme.php","meta":{"_acf_changed":false,"footnotes":""},"class_list":["post-25949","page","type-page","status-publish"],"acf":[],"_links":{"self":[{"href":"https:\/\/www.kayiprihtim.org\/portal\/wp-json\/wp\/v2\/pages\/25949","targetHints":{"allow":["GET"]}}],"collection":[{"href":"https:\/\/www.kayiprihtim.org\/portal\/wp-json\/wp\/v2\/pages"}],"about":[{"href":"https:\/\/www.kayiprihtim.org\/portal\/wp-json\/wp\/v2\/types\/page"}],"author":[{"embeddable":true,"href":"https:\/\/www.kayiprihtim.org\/portal\/wp-json\/wp\/v2\/users\/1"}],"replies":[{"embeddable":true,"href":"https:\/\/www.kayiprihtim.org\/portal\/wp-json\/wp\/v2\/comments?post=25949"}],"version-history":[{"count":0,"href":"https:\/\/www.kayiprihtim.org\/portal\/wp-json\/wp\/v2\/pages\/25949\/revisions"}],"up":[{"embeddable":true,"href":"https:\/\/www.kayiprihtim.org\/portal\/wp-json\/wp\/v2\/pages\/1029"}],"wp:attachment":[{"href":"https:\/\/www.kayiprihtim.org\/portal\/wp-json\/wp\/v2\/media?parent=25949"}],"curies":[{"name":"wp","href":"https:\/\/api.w.org\/{rel}","templated":true}]}}