{"id":26150,"date":"2013-02-26T22:20:15","date_gmt":"2013-02-26T20:20:15","guid":{"rendered":"http:\/\/www.kayiprihtim.org\/portal\/?page_id=26150"},"modified":"2016-01-25T17:54:10","modified_gmt":"2016-01-25T15:54:10","slug":"the-witcher-daha-kucuk-kotuluk","status":"publish","type":"page","link":"https:\/\/www.kayiprihtim.org\/portal\/projeler\/the-witcher-daha-kucuk-kotuluk\/","title":{"rendered":"The Witcher | Daha K\u00fc\u00e7\u00fck K\u00f6t\u00fcl\u00fck"},"content":{"rendered":"<table style=\"text-align: center; height: 800px; width: 900px; background-image: url('https:\/\/www.kayiprihtim.org\/portal\/gorsel\/2013\/02\/bg2.jpg');\" border=\"0\" align=\"center\">\n<thead>\n<tr style=\"text-align: center; height: 800px; width: 900px; background-image: url('https:\/\/www.kayiprihtim.org\/portal\/gorsel\/2013\/02\/bg2.jpg');\" align=\"center\">\n<td style=\"font-size: 16px; text-align: center;\" align=\"center\" valign=\"middle\"><img fetchpriority=\"high\" decoding=\"async\" class=\"aligncenter size-full wp-image-26156\" src=\"https:\/\/www.kayiprihtim.org\/portal\/gorsel\/daha-kucuk-kotuluk.jpg\" alt=\"\" width=\"467\" height=\"165\" srcset=\"https:\/\/www.kayiprihtim.org\/portal\/gorsel\/daha-kucuk-kotuluk.jpg 467w, https:\/\/www.kayiprihtim.org\/portal\/gorsel\/daha-kucuk-kotuluk-300x105.jpg 300w\" sizes=\"(max-width: 467px) 100vw, 467px\" \/><\/p>\n<hr size=\"1\" width=\"200px\" \/>\n<p><strong><span style=\"font-family: georgia,palatino;\"><em>B\u00f6l\u00fcmler<\/em><\/span><\/strong><\/p>\n<p><span style=\"color: #000080;\"><strong><span style=\"font-family: georgia,palatino; font-size: large;\"><a title=\"Daha K\u00fc\u00e7\u00fck K\u00f6t\u00fcl\u00fck \u2013 B\u00f6l\u00fcm 1\" href=\"https:\/\/www.kayiprihtim.org\/portal\/projeler\/the-witcher-daha-kucuk-kotuluk\/daha-kucuk-kotuluk-bolum-1\/\"><span style=\"color: #000080;\">B\u00f6l\u00fcm I<\/span><\/a><\/span><\/strong><\/span><\/p>\n<p><span style=\"color: #000080;\"><strong><span style=\"font-family: georgia,palatino; font-size: large;\"><a title=\"Daha K\u00fc\u00e7\u00fck K\u00f6t\u00fcl\u00fck \u2013 B\u00f6l\u00fcm 2\" href=\"https:\/\/www.kayiprihtim.org\/portal\/projeler\/the-witcher-daha-kucuk-kotuluk\/daha-kucuk-kotuluk-bolum-2\/\"><span style=\"color: #000080;\">B\u00f6l\u00fcm II<\/span><\/a><\/span><\/strong><\/span><\/p>\n<p><span style=\"color: #000080;\"><strong><span style=\"font-family: georgia,palatino; font-size: large;\"><a title=\"Daha K\u00fc\u00e7\u00fck K\u00f6t\u00fcl\u00fck \u2013 B\u00f6l\u00fcm 3\" href=\"https:\/\/www.kayiprihtim.org\/portal\/projeler\/the-witcher-daha-kucuk-kotuluk\/daha-kucuk-kotuluk-bolum-3\/\"><span style=\"color: #000080;\">B\u00f6l\u00fcm III<\/span><\/a><\/span><\/strong><\/span><\/p>\n<p><span style=\"color: #000080;\"><strong><span style=\"font-family: georgia,palatino; font-size: large;\"><a title=\"Daha K\u00fc\u00e7\u00fck K\u00f6t\u00fcl\u00fck \u2013 B\u00f6l\u00fcm 4\" href=\"https:\/\/www.kayiprihtim.org\/portal\/projeler\/the-witcher-daha-kucuk-kotuluk\/daha-kucuk-kotuluk-bolum-4\/\"><span style=\"color: #000080;\">B\u00f6l\u00fcm IV<\/span><\/a><\/span><\/strong><\/span><\/p>\n<p><span style=\"color: #000080;\"><strong><span style=\"font-family: georgia,palatino; font-size: large;\"><a title=\"Daha K\u00fc\u00e7\u00fck K\u00f6t\u00fcl\u00fck \u2013 B\u00f6l\u00fcm 5\" href=\"https:\/\/www.kayiprihtim.org\/portal\/projeler\/the-witcher-daha-kucuk-kotuluk\/daha-kucuk-kotuluk-bolum-5\/\"><span style=\"color: #000080;\">B\u00f6l\u00fcm V<\/span><\/a><\/span><\/strong><\/span><\/p>\n<p><span style=\"color: #000080;\"><strong><span style=\"font-family: georgia,palatino; font-size: large;\"><a title=\"Daha K\u00fc\u00e7\u00fck K\u00f6t\u00fcl\u00fck \u2013 B\u00f6l\u00fcm 6\" href=\"https:\/\/www.kayiprihtim.org\/portal\/projeler\/the-witcher-daha-kucuk-kotuluk\/daha-kucuk-kotuluk-bolum-6\/\"><span style=\"color: #000080;\">B\u00f6l\u00fcm VI<\/span><\/a><\/span><\/strong><\/span><\/p>\n<hr size=\"1\" width=\"200px\" \/>\n<p style=\"text-align: center;\"><span style=\"font-family: georgia,palatino;\"><span style=\"font-size: small;\"><em><strong>\u00c7eviri<\/strong> <\/em>: Serhan Vural<\/span><br \/>\n<span style=\"font-size: small;\"><em><strong>Redaksiyon<\/strong> <\/em>: <span style=\"font-size: x-small;\"><span style=\"font-size: small;\">M. \u0130hsan Tatari<\/span><\/span><\/span><\/span><\/p>\n<p style=\"text-align: center;\"><span style=\"font-family: georgia,palatino;\"><strong><span style=\"font-size: x-small;\">Not<\/span><\/strong><span style=\"font-size: x-small;\">: \u00c7evirdi\u011fimiz bu \u00f6yk\u00fc, ilk kitap <em><strong>Last Wish<\/strong><\/em>\u00a0(Son Dilek)&#8217;de bulunan\u00a0<em><strong>Daha K\u00fc\u00e7\u00fck K\u00f6t\u00fcl\u00fck<\/strong><\/em> (Lesser Evil)&#8217;d\u00fcr.<\/span><br \/>\n<\/span><\/p>\n<p style=\"text-align: center;\"><img decoding=\"async\" class=\"aligncenter\" style=\"border: 0pt none; border-width: 0pt;\" src=\"https:\/\/www.kayiprihtim.org\/portal\/gorsel\/2013\/02\/witcher-logo.png\" alt=\"\" width=\"300\" height=\"245\"><\/p>\n<\/td>\n<\/tr>\n<\/thead>\n<\/table>\n<p>&nbsp;<\/p>\n","protected":false},"excerpt":{"rendered":"<p>B\u00f6l\u00fcmler B\u00f6l\u00fcm I B\u00f6l\u00fcm II B\u00f6l\u00fcm III B\u00f6l\u00fcm IV B\u00f6l\u00fcm V B\u00f6l\u00fcm VI \u00c7eviri : Serhan Vural Redaksiyon : M. \u0130hsan Tatari Not: \u00c7evirdi\u011fimiz bu \u00f6yk\u00fc, ilk kitap Last Wish\u00a0(Son Dilek)&#8217;de bulunan\u00a0Daha K\u00fc\u00e7\u00fck K\u00f6t\u00fcl\u00fck (Lesser Evil)&#8217;d\u00fcr. &nbsp;<\/p>\n","protected":false},"author":1,"featured_media":52421,"parent":12165,"menu_order":0,"comment_status":"open","ping_status":"closed","template":"fullwidth.php","meta":{"_acf_changed":false,"footnotes":""},"class_list":["post-26150","page","type-page","status-publish","has-post-thumbnail"],"acf":[],"_links":{"self":[{"href":"https:\/\/www.kayiprihtim.org\/portal\/wp-json\/wp\/v2\/pages\/26150","targetHints":{"allow":["GET"]}}],"collection":[{"href":"https:\/\/www.kayiprihtim.org\/portal\/wp-json\/wp\/v2\/pages"}],"about":[{"href":"https:\/\/www.kayiprihtim.org\/portal\/wp-json\/wp\/v2\/types\/page"}],"author":[{"embeddable":true,"href":"https:\/\/www.kayiprihtim.org\/portal\/wp-json\/wp\/v2\/users\/1"}],"replies":[{"embeddable":true,"href":"https:\/\/www.kayiprihtim.org\/portal\/wp-json\/wp\/v2\/comments?post=26150"}],"version-history":[{"count":0,"href":"https:\/\/www.kayiprihtim.org\/portal\/wp-json\/wp\/v2\/pages\/26150\/revisions"}],"up":[{"embeddable":true,"href":"https:\/\/www.kayiprihtim.org\/portal\/wp-json\/wp\/v2\/pages\/12165"}],"wp:featuredmedia":[{"embeddable":true,"href":"https:\/\/www.kayiprihtim.org\/portal\/wp-json\/wp\/v2\/media\/52421"}],"wp:attachment":[{"href":"https:\/\/www.kayiprihtim.org\/portal\/wp-json\/wp\/v2\/media?parent=26150"}],"curies":[{"name":"wp","href":"https:\/\/api.w.org\/{rel}","templated":true}]}}