{"id":26295,"date":"2013-03-03T20:30:57","date_gmt":"2013-03-03T18:30:57","guid":{"rendered":"http:\/\/www.kayiprihtim.org\/portal\/?page_id=26295"},"modified":"2013-03-04T17:00:38","modified_gmt":"2013-03-04T15:00:38","slug":"daha-kucuk-kotuluk-bolum-5","status":"publish","type":"page","link":"https:\/\/www.kayiprihtim.org\/portal\/projeler\/the-witcher-daha-kucuk-kotuluk\/daha-kucuk-kotuluk-bolum-5\/","title":{"rendered":"Daha K\u00fc\u00e7\u00fck K\u00f6t\u00fcl\u00fck \u2013 B\u00f6l\u00fcm 5"},"content":{"rendered":"<p style=\"text-align: center;\"><img fetchpriority=\"high\" decoding=\"async\" class=\"aligncenter\" alt=\"\" src=\"https:\/\/www.kayiprihtim.org\/portal\/gorsel\/daha-kucuk-kotuluk-bolum-5.jpg\" width=\"650\" height=\"100\"><\/p>\n<table style=\"width: 650px;\" border=\"0\" align=\"center\">\n<tbody>\n<tr>\n<td style=\"padding: 5px; width: 550px;\">\n<p style=\"text-indent: 0.4cm; text-align: justify;\"><span style=\"font-family: Segoe UI,helvetica,sans-serif; font-size: medium;\">\u201cBaba,\u201d diye z\u0131rlad\u0131 Marilka monoton bir \u015fekilde. \u201cPanay\u0131ra ne zaman gidece\u011fiz? Panay\u0131ra baba!\u201d<\/span><\/p>\n<p style=\"text-indent: 0.4cm; text-align: justify;\"><span style=\"font-family: Segoe UI,helvetica,sans-serif; font-size: medium;\">\u201cSessiz ol, Marilka,\u201d diye homurdand\u0131 Caldemeyn, taba\u011f\u0131n\u0131 ekme\u011fiyle silerken. \u201cNe diyordun Geralt? Gidiyorlar m\u0131?\u201d<\/span><\/p>\n<p style=\"text-indent: 0.4cm; text-align: justify;\"><span style=\"font-family: Segoe UI,helvetica,sans-serif; font-size: medium;\">\u201cEvet.\u201d<\/span><\/p>\n<p style=\"text-indent: 0.4cm; text-align: justify;\"><span style=\"font-family: Segoe UI,helvetica,sans-serif; font-size: medium;\">\u201cBu denli bar\u0131\u015f\u00e7\u0131l bir \u015fekilde hallolaca\u011f\u0131n\u0131 hi\u00e7 d\u00fc\u015f\u00fcnmemi\u015ftim. Audeon\u2019in mektubuyla beni g\u0131rtla\u011f\u0131mdan tutuyorlard\u0131. Cesur davranmaya \u00e7al\u0131\u015f\u0131yordum ama sana ger\u00e7e\u011fi s\u00f6ylemem gerekirse elim kolum ba\u011fl\u0131yd\u0131.\u201d<\/span><\/p>\n<p style=\"text-indent: 0.4cm; text-align: justify;\"><span style=\"font-family: Segoe UI,helvetica,sans-serif; font-size: medium;\">\u201cA\u00e7\u0131k\u00e7a yasay\u0131 \u00e7i\u011fneseler bile mi? D\u00f6v\u00fc\u015f \u00e7\u0131karsalar?\u201d<\/span><\/p>\n<p style=\"text-indent: 0.4cm; text-align: justify;\"><span style=\"font-family: Segoe UI,helvetica,sans-serif; font-size: medium;\">\u201cO zaman bile. Audoen kolayca sinirlenen bir krald\u0131r, \u00f6nemsiz bir nedenden bile insan\u0131 dara\u011fac\u0131na g\u00f6nderebilir. Ben evliyim, bir k\u0131z\u0131m var ve i\u015fimi seviyorum. Yar\u0131n ekme\u011fin eve nereden gelece\u011fi konusunda endi\u015felenmem gerekmiyor. Gitmeleri iyi bir haber. Ama nas\u0131l ve neden b\u00f6yle oldu?\u201d<\/span><\/p>\n<p style=\"text-indent: 0.4cm; text-align: justify;\"><span style=\"font-family: Segoe UI,helvetica,sans-serif; font-size: medium;\">\u201cBaba! Ben panay\u0131ra gitmek istiyorum!\u201d<\/span><\/p>\n<p style=\"text-indent: 0.4cm; text-align: justify;\"><span style=\"font-family: Segoe UI,helvetica,sans-serif; font-size: medium;\">\u201cLibushe! Al \u015fu Marilka\u2019y\u0131 ba\u015f\u0131mdan! Geralt, Alt\u0131n K\u00f6\u015fk\u2019\u00fcn sahibi hanc\u0131 Centurion\u2019u \u015fu Novidgradl\u0131lar ile ilgili sorgulad\u0131m. Olduk\u00e7a s\u0131k\u0131 bir \u00e7ete. Baz\u0131lar\u0131 tan\u0131n\u0131yor.\u201d<\/span><\/p>\n<p style=\"text-indent: 0.4cm; text-align: justify;\"><span style=\"font-family: Segoe UI,helvetica,sans-serif; font-size: medium;\">\u201cEvet?\u201d<\/span><\/p>\n<p style=\"text-indent: 0.4cm; text-align: justify;\"><span style=\"font-family: Segoe UI,helvetica,sans-serif; font-size: medium;\">\u201cY\u00fcz\u00fcnde yara olan\u0131n ad\u0131 Nohorn, Abergrad\u2019\u0131n eski yaveri, s\u00f6zde \u00d6zg\u00fcr Angren Birli\u011fi\u2019nden. Onlar\u0131 duymu\u015f olmal\u0131s\u0131n. O bo\u011faya benzeyen On Be\u015f dedikleri o \u0131zbandut da oradan ve bu takma ismin yapt\u0131\u011f\u0131 on be\u015f iyilikten geldi\u011fini hi\u00e7 sanm\u0131yorum. Yar\u0131-elfin ad\u0131 Civril, bir haydut ve profesyonel bir katil. G\u00f6r\u00fcn\u00fc\u015fe g\u00f6re Tridam katliam\u0131nda parma\u011f\u0131 varm\u0131\u015f.\u201d<\/span><\/p>\n<p style=\"text-indent: 0.4cm; text-align: justify;\"><span style=\"font-family: Segoe UI,helvetica,sans-serif; font-size: medium;\">\u201cNerede?\u201d<\/span><\/p>\n<p style=\"text-indent: 0.4cm; text-align: justify;\"><span style=\"font-family: Segoe UI,helvetica,sans-serif; font-size: medium;\">\u201cTridam\u2019da. \u0130\u015fitmedin mi? Herkes onu konu\u015fuyordu, yakla\u015f\u0131k \u00fc\u00e7&#8230; Evet, \u00fc\u00e7 sene \u00f6nce. Tridam Baronu birka\u00e7 e\u015fk\u0131yay\u0131 zindan\u0131na t\u0131km\u0131\u015ft\u0131. Yolda\u015flar\u0131 \u2013 aralar\u0131ndan birinin yar\u0131-elf Civril oldu\u011fu s\u00f6yleniyor \u2013 Nis Festivali\u2019nin yap\u0131ld\u0131\u011f\u0131 g\u00fcnlerde hac\u0131larla dolu bir nehir teknesini ele ge\u00e7irmi\u015fti. Barondan, dostlar\u0131n\u0131n \u00f6zg\u00fcr b\u0131rak\u0131lmas\u0131n\u0131 talep etmi\u015fler. Baron reddetmi\u015f ve ard\u0131ndan hac\u0131lar\u0131 teker teker \u00f6ld\u00fcrmeye ba\u015flam\u0131\u015flar. Baron, mahk\u00fbmlar\u0131 sal\u0131verinceye kadar bir d\u00fczine hac\u0131y\u0131 ak\u0131nt\u0131ya salm\u0131\u015flar. \u00d6l\u00fcmlerin ard\u0131ndan barona s\u00fcrg\u00fcn, hatta dara\u011fac\u0131 yolu g\u00f6r\u00fcnm\u00fc\u015ft\u00fc. Baz\u0131lar\u0131 onu pes etmek i\u00e7in \u00e7ok gecikmekle su\u00e7lad\u0131, baz\u0131lar\u0131 da adamlar\u0131 serbest b\u0131rakarak daha b\u00fcy\u00fck bir k\u00f6t\u00fcl\u00fck yapt\u0131\u011f\u0131n\u0131 iddia etti, k\u00f6t\u00fc bir ems&#8230; emsal olmu\u015ftu ya da onun gibi bir \u015fey. \u00c7etenin k\u0131y\u0131dan rehinelerle birlikte vurulmas\u0131 gerekiyordu ya da aniden kay\u0131klarla sald\u0131r\u0131ya ge\u00e7melilerdi; kesinlikle taviz vermemeliydi. Mahkemede Baron se\u00e7im \u015fans\u0131 olmad\u0131\u011f\u0131n\u0131, i\u00e7lerinde kad\u0131n ve \u00e7ocuklar\u0131n da bulundu\u011fu vapurdaki yirmi be\u015f ki\u015fiyi kurtarabilmek ad\u0131na daha k\u00fc\u00e7\u00fck k\u00f6t\u00fcl\u00fc\u011f\u00fc se\u00e7ti\u011fini s\u00f6ylemi\u015fti.\u201d<\/span><\/p>\n<p style=\"text-indent: 0.4cm; text-align: justify;\"><span style=\"font-family: Segoe UI,helvetica,sans-serif; font-size: medium;\">\u201cTridam \u00dcltimatomu,\u201d diye f\u0131s\u0131ldad\u0131 Ba\u011f\u0131c\u0131. \u201cRenfri&#8230;\u201d<\/span><\/p>\n<p style=\"text-indent: 0.4cm; text-align: justify;\"><span style=\"font-family: Segoe UI,helvetica,sans-serif; font-size: medium;\">\u201cNe?\u201d<\/span><\/p>\n<p style=\"text-indent: 0.4cm; text-align: justify;\"><span style=\"font-family: Segoe UI,helvetica,sans-serif; font-size: medium;\">\u201cCaldemeyn, panay\u0131r alan\u0131.\u201d<\/span><\/p>\n<p style=\"text-indent: 0.4cm; text-align: justify;\"><span style=\"font-family: Segoe UI,helvetica,sans-serif; font-size: medium;\">\u201cNe?\u201d<\/span><\/p>\n<p style=\"text-indent: 0.4cm; text-align: justify;\"><span style=\"font-family: Segoe UI,helvetica,sans-serif; font-size: medium;\">\u201cK\u0131z bizi kand\u0131rd\u0131. Hi\u00e7bir yere gitmiyorlar. Stregobor\u2019u kuleyi terk etmesi i\u00e7in zorlayacaklar, t\u0131pk\u0131 Tridam Baronu\u2019na yapt\u0131klar\u0131 gibi. Ya da beni zorl&#8230; Panay\u0131rdaki insanlar\u0131 \u00f6ld\u00fcrmeye ba\u015flayacaklar; bu ger\u00e7ek bir tuzak!\u201d<\/span><\/p>\n<p style=\"text-indent: 0.4cm; text-align: justify;\"><span style=\"font-family: Segoe UI,helvetica,sans-serif; font-size: medium;\">\u201cT\u00fcm tanr\u0131lar a\u015fk\u0131na \u2013 Nereye gidiyorsun? Otursana!\u201d<\/span><\/p>\n<p style=\"text-indent: 0.4cm; text-align: justify;\"><span style=\"font-family: Segoe UI,helvetica,sans-serif; font-size: medium;\">Marilka g\u00fcr\u00fclt\u00fcden \u00f6t\u00fcr\u00fc korkmu\u015f, mutfa\u011f\u0131n bir k\u00f6\u015fesinde saklanm\u0131\u015ft\u0131.<\/span><\/p>\n<p style=\"text-indent: 0.4cm; text-align: justify;\"><span style=\"font-family: Segoe UI,helvetica,sans-serif; font-size: medium;\">\u201cSana s\u00f6ylemi\u015ftim,\u201d diye ba\u011f\u0131rd\u0131 Libushe parma\u011f\u0131n\u0131 Ba\u011f\u0131c\u0131ya do\u011frultarak. \u201cSana s\u00f6yledim! O yaln\u0131zca bela getiriyor.\u201d<\/span><\/p>\n<p style=\"text-indent: 0.4cm; text-align: justify;\"><span style=\"font-family: Segoe UI,helvetica,sans-serif; font-size: medium;\">\u201cKapa \u00e7eneni kad\u0131n! Geralt! Otur!\u201d<\/span><\/p>\n<p style=\"text-indent: 0.4cm; text-align: justify;\"><span style=\"font-family: Segoe UI,helvetica,sans-serif; font-size: medium;\">T\u00fcm ba\u011f\u0131r\u0131\u015f \u00e7a\u011f\u0131r\u0131\u015flardan korkan Marilka mutfa\u011f\u0131n k\u00f6\u015fesinde bir yumak gibi toparland\u0131 ve a\u011flamaya ba\u015flad\u0131.<\/span><\/p>\n<p style=\"text-indent: 0.4cm; text-align: justify;\"><span style=\"font-family: Segoe UI,helvetica,sans-serif; font-size: medium;\">\u201cSana s\u00f6ylemi\u015ftim!\u201d diye ba\u011f\u0131rd\u0131 Libushe, ba\u011f\u0131c\u0131y\u0131 i\u015faret ederek. \u201cSana onun sadece bela getirdi\u011fini s\u00f6yledim!\u201d<\/span><\/p>\n<p style=\"text-indent: 0.4cm; text-align: justify;\"><span style=\"font-family: Segoe UI,helvetica,sans-serif; font-size: medium;\">\u201cSessiz ol kad\u0131n! Geralt? Otursana!\u201d<\/span><\/p>\n<p style=\"text-indent: 0.4cm; text-align: justify;\"><span style=\"font-family: Segoe UI,helvetica,sans-serif; font-size: medium;\">\u201cOnlar\u0131 durdurmam\u0131z gerekiyor. Hemen \u015fimdi, insanlar panay\u0131ra gitmeden \u00f6nce. Ve muhaf\u0131zlar\u0131 \u00e7a\u011f\u0131r. \u00c7ete handan \u00e7\u0131kar \u00e7\u0131kmaz onlar\u0131 yakalay\u0131p g\u00f6zalt\u0131na al\u0131n.\u201d<\/span><\/p>\n<p style=\"text-indent: 0.4cm; text-align: justify;\"><span style=\"font-family: Segoe UI,helvetica,sans-serif; font-size: medium;\">\u201cMant\u0131kl\u0131 ol. Bunu yapamay\u0131z. Yanl\u0131\u015f bir \u015fey yapmad\u0131klar\u0131 m\u00fcddet\u00e7e onlar\u0131n sa\u00e7\u0131n\u0131n teline bile dokunamay\u0131z. Kendilerini savunacaklard\u0131r ve kan d\u00f6k\u00fclecek. Onlar profesyonel, insanlar\u0131m\u0131 katlederler ve e\u011fer Audeon bunu \u00f6\u011frenecek olursa kellem gider. Adamlar\u0131m\u0131 toplayaca\u011f\u0131m, panay\u0131ra gidece\u011fim ve orada onlara g\u00f6z kulak olaca&#8230;\u201d<\/span><\/p>\n<p style=\"text-indent: 0.4cm; text-align: justify;\"><span style=\"font-family: Segoe UI,helvetica,sans-serif; font-size: medium;\">\u201cBunun hi\u00e7bir yarar\u0131 olmaz Caldemeyn. \u015eayet kalabal\u0131k panay\u0131r alan\u0131na gelirse, panik ve katliam\u0131 engelleyemezsin. Renfri \u015fimdi durdurulmal\u0131, panay\u0131r alan\u0131 hen\u00fcz bo\u015fken.\u201d<\/span><\/p>\n<p style=\"text-indent: 0.4cm; text-align: justify;\"><span style=\"font-family: Segoe UI,helvetica,sans-serif; font-size: medium;\">\u201cBu yasalara ayk\u0131r\u0131! Buna m\u00fcsaade edemem. Bu yar\u0131-elfin Tridam\u2019da oldu\u011fu yaln\u0131zca bir dedikodu. Hatal\u0131 \u00e7\u0131karsan Audoen canl\u0131 canl\u0131 derimi y\u00fczer.\u201d<\/span><\/p>\n<p style=\"text-indent: 0.4cm; text-align: justify;\"><span style=\"font-family: Segoe UI,helvetica,sans-serif; font-size: medium;\">\u201cDaha k\u00fc\u00e7\u00fck k\u00f6t\u00fcl\u00fc\u011f\u00fc se\u00e7mek zorunday\u0131z!\u201d<\/span><\/p>\n<p style=\"text-indent: 0.4cm; text-align: justify;\"><span style=\"font-family: Segoe UI,helvetica,sans-serif; font-size: medium;\">\u201cGeralt! Yasakl\u0131yorum! Meclis \u00dcyesi olarak yasakl\u0131yorum! K\u0131l\u0131c\u0131n\u0131 b\u0131rak! Dur!\u201d<\/span><\/p>\n<p style=\"text-indent: 0.4cm; text-align: justify;\"><span style=\"font-family: Segoe UI,helvetica,sans-serif; font-size: medium;\">Marilka k\u00fc\u00e7\u00fck elleriyle a\u011fz\u0131n\u0131 kapatm\u0131\u015f \u00e7\u0131\u011fl\u0131k at\u0131yordu.<\/span><\/p>\n<p style=\"text-align: center;\"><span style=\"font-family: times new roman,times; font-size: small;\">\u00ab <strong><a title=\"Daha K\u00fc\u00e7\u00fck K\u00f6t\u00fcl\u00fck \u2013 B\u00f6l\u00fcm 4\" href=\"https:\/\/www.kayiprihtim.org\/portal\/projeler\/the-witcher-daha-kucuk-kotuluk\/daha-kucuk-kotuluk-bolum-4\/\">B\u00f6l\u00fcm 4<\/a><\/strong> &#8211; <a title=\"Daha K\u00fc\u00e7\u00fck K\u00f6t\u00fcl\u00fck \u2013 B\u00f6l\u00fcm 6\" href=\"https:\/\/www.kayiprihtim.org\/portal\/projeler\/the-witcher-daha-kucuk-kotuluk\/daha-kucuk-kotuluk-bolum-6\/\"><strong>B\u00f6l\u00fcm 6<\/strong><\/a> \u00bb<\/span><\/p>\n<\/td>\n<td class=\"alignright\" style=\"border: 2px solid #a99567; padding: 5px;\" align=\"right\" valign=\"top\">\n<p style=\"text-indent: 0.4cm; text-align: right;\"><span style=\"font-family: Segoe UI,helvetica,sans-serif; font-size: medium;\"><strong>B\u00f6l\u00fcmler<\/strong><\/span><\/p>\n<p style=\"text-indent: 0.4cm; text-align: right;\"><a title=\"The Witcher | Daha K\u00fc\u00e7\u00fck K\u00f6t\u00fcl\u00fck\" href=\"https:\/\/www.kayiprihtim.org\/portal\/projeler\/the-witcher-daha-kucuk-kotuluk\/\"><strong>Giri\u015f<\/strong><\/a><\/p>\n<p style=\"text-indent: 0.4cm; text-align: right;\"><a title=\"Daha K\u00fc\u00e7\u00fck K\u00f6t\u00fcl\u00fck \u2013 B\u00f6l\u00fcm 1\" href=\"https:\/\/www.kayiprihtim.org\/portal\/projeler\/the-witcher-daha-kucuk-kotuluk\/daha-kucuk-kotuluk-bolum-1\/\"><strong>B\u00f6l\u00fcm I<\/strong><\/a><\/p>\n<p style=\"text-indent: 0.4cm; text-align: right;\"><a title=\"Daha K\u00fc\u00e7\u00fck K\u00f6t\u00fcl\u00fck \u2013 B\u00f6l\u00fcm 2\" href=\"https:\/\/www.kayiprihtim.org\/portal\/projeler\/the-witcher-daha-kucuk-kotuluk\/daha-kucuk-kotuluk-bolum-2\/\"><strong>B\u00f6l\u00fcm II<\/strong><\/a><\/p>\n<p style=\"text-indent: 0.4cm; text-align: right;\"><a title=\"Daha K\u00fc\u00e7\u00fck K\u00f6t\u00fcl\u00fck \u2013 B\u00f6l\u00fcm 3\" href=\"https:\/\/www.kayiprihtim.org\/portal\/projeler\/the-witcher-daha-kucuk-kotuluk\/daha-kucuk-kotuluk-bolum-3\/\"><strong>B\u00f6l\u00fcm III<\/strong><\/a><\/p>\n<p style=\"text-indent: 0.4cm; text-align: right;\"><a title=\"Daha K\u00fc\u00e7\u00fck K\u00f6t\u00fcl\u00fck \u2013 B\u00f6l\u00fcm 4\" href=\"https:\/\/www.kayiprihtim.org\/portal\/projeler\/the-witcher-daha-kucuk-kotuluk\/daha-kucuk-kotuluk-bolum-4\/\"><strong>B\u00f6l\u00fcm IV<\/strong><\/a><\/p>\n<p style=\"text-indent: 0.4cm; text-align: right;\"><span style=\"color: #993300;\"><strong>B\u00f6l\u00fcm V<\/strong><\/span><\/p>\n<p style=\"text-indent: 0.4cm; text-align: right;\"><a title=\"Daha K\u00fc\u00e7\u00fck K\u00f6t\u00fcl\u00fck \u2013 B\u00f6l\u00fcm 6\" href=\"https:\/\/www.kayiprihtim.org\/portal\/projeler\/the-witcher-daha-kucuk-kotuluk\/daha-kucuk-kotuluk-bolum-6\/\"><strong>B\u00f6l\u00fcm VI<\/strong><\/a><\/p>\n<\/td>\n<\/tr>\n<\/tbody>\n<\/table>\n","protected":false},"excerpt":{"rendered":"<p>\u201cBaba,\u201d diye z\u0131rlad\u0131 Marilka monoton bir \u015fekilde. \u201cPanay\u0131ra ne zaman gidece\u011fiz? Panay\u0131ra baba!\u201d \u201cSessiz ol, Marilka,\u201d diye homurdand\u0131 Caldemeyn, taba\u011f\u0131n\u0131 ekme\u011fiyle silerken. \u201cNe diyordun Geralt? Gidiyorlar m\u0131?\u201d \u201cEvet.\u201d \u201cBu denli bar\u0131\u015f\u00e7\u0131l bir \u015fekilde hallolaca\u011f\u0131n\u0131 hi\u00e7 d\u00fc\u015f\u00fcnmemi\u015ftim. Audeon\u2019in mektubuyla beni g\u0131rtla\u011f\u0131mdan tutuyorlard\u0131. Cesur davranmaya \u00e7al\u0131\u015f\u0131yordum ama sana ger\u00e7e\u011fi s\u00f6ylemem gerekirse elim kolum ba\u011fl\u0131yd\u0131.\u201d \u201cA\u00e7\u0131k\u00e7a yasay\u0131 \u00e7i\u011fneseler [&hellip;]<\/p>\n","protected":false},"author":1,"featured_media":0,"parent":26150,"menu_order":0,"comment_status":"open","ping_status":"closed","template":"fullwidth.php","meta":{"_acf_changed":false,"footnotes":""},"class_list":["post-26295","page","type-page","status-publish"],"acf":[],"_links":{"self":[{"href":"https:\/\/www.kayiprihtim.org\/portal\/wp-json\/wp\/v2\/pages\/26295","targetHints":{"allow":["GET"]}}],"collection":[{"href":"https:\/\/www.kayiprihtim.org\/portal\/wp-json\/wp\/v2\/pages"}],"about":[{"href":"https:\/\/www.kayiprihtim.org\/portal\/wp-json\/wp\/v2\/types\/page"}],"author":[{"embeddable":true,"href":"https:\/\/www.kayiprihtim.org\/portal\/wp-json\/wp\/v2\/users\/1"}],"replies":[{"embeddable":true,"href":"https:\/\/www.kayiprihtim.org\/portal\/wp-json\/wp\/v2\/comments?post=26295"}],"version-history":[{"count":0,"href":"https:\/\/www.kayiprihtim.org\/portal\/wp-json\/wp\/v2\/pages\/26295\/revisions"}],"up":[{"embeddable":true,"href":"https:\/\/www.kayiprihtim.org\/portal\/wp-json\/wp\/v2\/pages\/26150"}],"wp:attachment":[{"href":"https:\/\/www.kayiprihtim.org\/portal\/wp-json\/wp\/v2\/media?parent=26295"}],"curies":[{"name":"wp","href":"https:\/\/api.w.org\/{rel}","templated":true}]}}