{"id":2652,"date":"2009-09-15T16:20:59","date_gmt":"2009-09-15T13:20:59","guid":{"rendered":"http:\/\/www.kayiprihtim.org\/portal\/?page_id=2652"},"modified":"2016-05-26T05:55:32","modified_gmt":"2016-05-26T02:55:32","slug":"vampir-gunceleri","status":"publish","type":"page","link":"https:\/\/www.kayiprihtim.org\/portal\/kitaplar\/vampir-gunceleri\/","title":{"rendered":"Vampir G\u00fcnceleri"},"content":{"rendered":"<p style=\"text-align: center;\">Vampirle G\u00f6r\u00fc\u015fme | 1. Kitap<\/p>\n<p style=\"text-align: center;\">Vampir Lestat | 2. Kitap<\/p>\n<p style=\"text-align: center;\">Lanetliler Krali\u00e7esi | 3. Kitap<\/p>\n<p style=\"text-align: center;\">Sonsuz Karanl\u0131k: Merrick | 7. Kitap<\/p>\n<p style=\"text-align: center;\">Kan ve Alt\u0131n | 8. Kitap<\/p>\n<p style=\"text-align: center;\">Vampir Vittorio | 11. Kitap<\/p>\n<p style=\"text-align: center;\">Pandora | 12. Kitap<\/p>\n<p style=\"text-align: left;\">* Bu kitaplar haricinde dilimize \u00e7evrilmemi\u015f olan 4. kitap <em><strong>The Tale Of The Body Thief<\/strong><\/em>, 5. kitap <em><strong>Memnoch The Devil<\/strong><\/em>, 6. kitap <em><strong>The Vampire Armand<\/strong><\/em>, 9. kitap <em><strong>Blackwood Farm<\/strong><\/em>, ve son olarak 10. kitap <em><strong>Blood Canticle<\/strong><\/em> ad\u0131na yedi kitap bulunmaktad\u0131r.<\/p>\n","protected":false},"excerpt":{"rendered":"<p>Vampirle G\u00f6r\u00fc\u015fme | 1. Kitap Vampir Lestat | 2. Kitap Lanetliler Krali\u00e7esi | 3. Kitap Sonsuz Karanl\u0131k: Merrick | 7. Kitap Kan ve Alt\u0131n | 8. Kitap Vampir Vittorio | 11. Kitap Pandora | 12. Kitap * Bu kitaplar haricinde dilimize \u00e7evrilmemi\u015f olan 4. kitap The Tale Of The Body Thief, 5. kitap Memnoch The [&hellip;]<\/p>\n","protected":false},"author":1,"featured_media":0,"parent":57,"menu_order":0,"comment_status":"open","ping_status":"closed","template":"","meta":{"_acf_changed":false,"footnotes":""},"class_list":["post-2652","page","type-page","status-publish"],"acf":[],"_links":{"self":[{"href":"https:\/\/www.kayiprihtim.org\/portal\/wp-json\/wp\/v2\/pages\/2652","targetHints":{"allow":["GET"]}}],"collection":[{"href":"https:\/\/www.kayiprihtim.org\/portal\/wp-json\/wp\/v2\/pages"}],"about":[{"href":"https:\/\/www.kayiprihtim.org\/portal\/wp-json\/wp\/v2\/types\/page"}],"author":[{"embeddable":true,"href":"https:\/\/www.kayiprihtim.org\/portal\/wp-json\/wp\/v2\/users\/1"}],"replies":[{"embeddable":true,"href":"https:\/\/www.kayiprihtim.org\/portal\/wp-json\/wp\/v2\/comments?post=2652"}],"version-history":[{"count":0,"href":"https:\/\/www.kayiprihtim.org\/portal\/wp-json\/wp\/v2\/pages\/2652\/revisions"}],"up":[{"embeddable":true,"href":"https:\/\/www.kayiprihtim.org\/portal\/wp-json\/wp\/v2\/pages\/57"}],"wp:attachment":[{"href":"https:\/\/www.kayiprihtim.org\/portal\/wp-json\/wp\/v2\/media?parent=2652"}],"curies":[{"name":"wp","href":"https:\/\/api.w.org\/{rel}","templated":true}]}}