{"id":2989,"date":"2009-11-12T17:21:57","date_gmt":"2009-11-12T14:21:57","guid":{"rendered":"http:\/\/www.kayiprihtim.org\/portal\/?page_id=2989"},"modified":"2016-04-12T12:14:39","modified_gmt":"2016-04-12T09:14:39","slug":"toplu-okuma-rehberleri","status":"publish","type":"page","link":"https:\/\/www.kayiprihtim.org\/portal\/okuma-rehberleri\/toplu-okuma-rehberleri\/","title":{"rendered":"Okuma Rehberleri"},"content":{"rendered":"<h2><strong><a name=\"artemis-fowl\"><\/a>Anita Blake Serisi<\/strong><\/h2>\n<ul>\n<li>Su\u00e7lu Zevkler<\/li>\n<\/ul>\n<ul>\n<li>G\u00fclen Ceset<\/li>\n<\/ul>\n<ul>\n<li>Lanetliler Sirki<\/li>\n<\/ul>\n<ul>\n<li>Ka\u00e7\u0131k Kafe<\/li>\n<\/ul>\n<ul>\n<li>\u00d6l\u00fcm Dans\u0131<\/li>\n<\/ul>\n<ul>\n<li>Yanm\u0131\u015f Kurban<\/li>\n<\/ul>\n<ul>\n<li>Mavi Ay<\/li>\n<\/ul>\n<ul>\n<li>Karacamdan Kelebek<\/li>\n<\/ul>\n<ul>\n<li>Zincirlenmi\u015f Narkissos<\/li>\n<\/ul>\n<ul>\n<li>G\u00f6kmavisi G\u00fcnahlar<\/li>\n<\/ul>\n<ul>\n<li>\u015eeytani D\u00fc\u015fler<\/li>\n<\/ul>\n<ul>\n<li>Leoparadam Micah<\/li>\n<\/ul>\n<ul>\n<li>\u00d6l\u00fcmc\u00fcl Dans<\/li>\n<\/ul>\n<ul>\n<li>Harlequin \u00d6l\u00fcm Cezas\u0131<\/li>\n<\/ul>\n<ul>\n<li>Karakan<\/li>\n<\/ul>\n<ul>\n<li>G\u00fcnah Pazar\u0131<\/li>\n<\/ul>\n<ul>\n<li>Fl\u00f6rt<\/li>\n<\/ul>\n<p style=\"text-align: right;\"><a href=\"https:\/\/www.kayiprihtim.org\/portal\/okuma-rehberleri\/\">Okuma Rehberine D\u00f6n!<\/a><\/p>\n<h2><strong><a name=\"artemis-fowl\"><\/a>Artemis Fowl Serisi<br \/>\n<\/strong><\/h2>\n<ul>\n<li>Artemis Fowl<\/li>\n<\/ul>\n<ul>\n<li>Kuzey Kutbu Maceras\u0131<\/li>\n<\/ul>\n<ul>\n<li>Sonsuzluk \u015eifresi<\/li>\n<\/ul>\n<ul>\n<li>Opal&#8217;in Oyunu<\/li>\n<\/ul>\n<p style=\"text-align: right;\"><a href=\"https:\/\/www.kayiprihtim.org\/portal\/okuma-rehberleri\/\">Okuma Rehberine D\u00f6n!<\/a><\/p>\n<div class=\"seperator\">#<\/div>\n<h2><strong><a name=\"ates-ruzgari\"><\/a>Ate\u015f R\u00fczgar\u0131 Serisi <\/strong><\/h2>\n<ul>\n<li>R\u00fczgar \u00c7alg\u0131s\u0131<\/li>\n<\/ul>\n<ul>\n<li>\u0130mparatorlu\u011fun K\u00f6leleri<\/li>\n<\/ul>\n<ul>\n<li>Ate\u015f \u015eark\u0131s\u0131<\/li>\n<\/ul>\n<p style=\"text-align: right;\"><a href=\"https:\/\/www.kayiprihtim.org\/portal\/okuma-rehberleri\/\">Okuma Rehberine D\u00f6n!<\/a><\/p>\n<div class=\"seperator\">#<\/div>\n<h2><strong><a name=\"avalonun-sisleri\"><\/a>Avalon&#8217;un Sisleri <\/strong><\/h2>\n<ul>\n<li>Avalon&#8217;un Sisleri 1 (B\u00fcy\u00fc Ustas\u0131)<\/li>\n<\/ul>\n<ul>\n<li>Avalon&#8217;un Sisleri 2 (Y\u00fcce Krali\u00e7e)<\/li>\n<\/ul>\n<ul>\n<li>Avalon&#8217;un Sisleri 3 (Geyik Kral)<\/li>\n<\/ul>\n<ul>\n<li>Avalon&#8217;un Sisleri 4 (Me\u015fe A\u011fac\u0131ndaki Tutsak)<\/li>\n<\/ul>\n<p style=\"text-align: right;\"><a href=\"https:\/\/www.kayiprihtim.org\/portal\/okuma-rehberleri\/\">Okuma Rehberine D\u00f6n!<\/a><\/p>\n<div class=\"seperator\">#<\/div>\n<h2><strong><a name=\"bartimaeus\"><\/a>Bartimaeus \u00dc\u00e7lemesi <\/strong><\/h2>\n<ul>\n<li>Semerkant T\u0131ls\u0131m\u0131<\/li>\n<\/ul>\n<ul>\n<li>Golem G\u00f6z\u00fc<\/li>\n<\/ul>\n<ul>\n<li>Batlamyus&#8217;un Kap\u0131s\u0131<\/li>\n<\/ul>\n<p style=\"text-align: right;\"><a href=\"https:\/\/www.kayiprihtim.org\/portal\/okuma-rehberleri\/\">Okuma Rehberine D\u00f6n!<\/a><\/p>\n<div class=\"seperator\">#<\/div>\n<h2><strong><a name=\"belgariad\"><\/a>Belgariad Serisi <\/strong><\/h2>\n<ul>\n<li>Kehanetin Oyunca\u011f\u0131<\/li>\n<\/ul>\n<ul>\n<li>B\u00fcy\u00fcc\u00fcler Krali\u00e7esi<\/li>\n<\/ul>\n<ul>\n<li>Sihirbaz\u0131n Tuza\u011f\u0131<\/li>\n<\/ul>\n<ul>\n<li>B\u00fcy\u00fcl\u00fc \u015eato<\/li>\n<\/ul>\n<ul>\n<li>Efsuncunun Son Oyunu<\/li>\n<\/ul>\n<p style=\"text-align: right;\"><a href=\"https:\/\/www.kayiprihtim.org\/portal\/okuma-rehberleri\/\">Okuma Rehberine D\u00f6n!<\/a><\/p>\n<div class=\"seperator\">#<\/div>\n<h2 style=\"text-align: left;\"><strong><a name=\"osmanli-efendisi\"><\/a>Bir Osmanl\u0131 Efendisinin Fantastik Hayalleri<\/strong><\/h2>\n<ul>\n<li>M\u0131s\u0131r \u015eehzadesi<\/li>\n<\/ul>\n<ul>\n<li>Simyac\u0131&#8217;n\u0131n S\u0131rr\u0131<\/li>\n<\/ul>\n<ul>\n<li>M\u00fch\u00fcr<\/li>\n<\/ul>\n<p style=\"text-align: right;\"><a href=\"https:\/\/www.kayiprihtim.org\/portal\/okuma-rehberleri\/\">Okuma Rehberine D\u00f6n!<\/a><\/p>\n<div class=\"seperator\">#<\/div>\n<h2><strong><a name=\"cthulhu mitosu\"><\/a>Cthulhu Mitosu<br \/>\n<\/strong><\/h2>\n<ul>\n<li>Cthulhu&#8217;nun \u00c7a\u011fr\u0131s\u0131<\/li>\n<\/ul>\n<ul>\n<li>Delili\u011fin Da\u011flar\u0131nda<\/li>\n<\/ul>\n<ul>\n<li>Cthulhu Mitosu \u00d6yk\u00fcleri 3<\/li>\n<\/ul>\n<ul>\n<li>Cthulhu Mitosu \u00d6yk\u00fcleri 4<\/li>\n<\/ul>\n<p style=\"text-align: right;\"><a href=\"https:\/\/www.kayiprihtim.org\/portal\/okuma-rehberleri\/\">Okuma Rehberine D\u00f6n!<\/a><\/p>\n<div class=\"seperator\">#<\/div>\n<h2><strong><a name=\"diablo\"><\/a>Diablo Serisi <\/strong><\/h2>\n<ul>\n<li>Bartuc&#8217;un Miras\u0131<\/li>\n<\/ul>\n<ul>\n<li>Siyah Yol<\/li>\n<\/ul>\n<ul>\n<li>G\u00f6lge Krall\u0131\u011f\u0131<\/li>\n<\/ul>\n<p style=\"text-align: right;\"><a href=\"https:\/\/www.kayiprihtim.org\/portal\/okuma-rehberleri\/\">Okuma Rehberine D\u00f6n!<\/a><\/p>\n<div class=\"seperator\">#<\/div>\n<h2><strong><a name=\"dort-seruvenci\"><\/a>D\u00f6rt Ser\u00fcvenci Serisi <\/strong><\/h2>\n<ul>\n<li>Krals\u0131z Diyar<\/li>\n<\/ul>\n<ul>\n<li>Sahipsiz Taht<\/li>\n<\/ul>\n<ul>\n<li>Ejderhan\u0131n Y\u00fckseli\u015fi<\/li>\n<\/ul>\n<ul>\n<li>Ejderhan\u0131n Sonu<\/li>\n<\/ul>\n<p style=\"text-align: right;\"><a href=\"https:\/\/www.kayiprihtim.org\/portal\/okuma-rehberleri\/\">Okuma Rehberine D\u00f6n!<\/a><\/p>\n<div class=\"seperator\">#<\/div>\n<h2><strong><a name=\"dragonvarld\"><\/a>Dragonvarld \u00dc\u00e7lemesi <\/strong><\/h2>\n<ul>\n<li>Ejderhalar\u0131n Sahibesi<\/li>\n<\/ul>\n<ul>\n<li>Ejderhan\u0131n O\u011flu<\/li>\n<\/ul>\n<ul>\n<li>Ejderhalar\u0131n Efendisi<\/li>\n<\/ul>\n<div class=\"seperator\">#<\/div>\n<h2><strong><a name=\"dune\"><\/a>Dune Serisi <\/strong><\/h2>\n<ul>\n<li>\u00c7\u00f6l Gezegeni Dune<\/li>\n<\/ul>\n<ul>\n<li>Dune Mesihi<\/li>\n<\/ul>\n<ul>\n<li>Dune&#8217;un \u00c7ocuklar\u0131<\/li>\n<\/ul>\n<ul>\n<li>Dune&#8217;un \u0130mparator Tanr\u0131s\u0131<\/li>\n<\/ul>\n<ul>\n<li>Dune&#8217;un Kafirleri<\/li>\n<\/ul>\n<ul>\n<li>Dune Rahibeler Meclisi<\/li>\n<\/ul>\n<p style=\"text-align: right;\"><a href=\"https:\/\/www.kayiprihtim.org\/portal\/okuma-rehberleri\/\">Okuma Rehberine D\u00f6n!<\/a><\/p>\n<div class=\"seperator\">#<\/div>\n<h2><strong><a name=\"dunyanin-yedi-harikasi\"><\/a>D\u00fcnyan\u0131n Yedi Harikas\u0131 <\/strong><\/h2>\n<ul>\n<li>B\u00fcy\u00fck Piramit Soygunu<\/li>\n<\/ul>\n<ul>\n<li>Babil Oyunu<\/li>\n<\/ul>\n<ul>\n<li>Amazon Tap\u0131na\u011f\u0131 Maceras\u0131<\/li>\n<\/ul>\n<p style=\"text-align: right;\"><a href=\"https:\/\/www.kayiprihtim.org\/portal\/okuma-rehberleri\/\">Okuma Rehberine D\u00f6n!<\/a><\/p>\n<div class=\"seperator\">#<\/div>\n<h2><strong><a name=\"einarinn\"><\/a>Einarinn Serisi <\/strong><\/h2>\n<ul>\n<li>H\u0131rs\u0131z\u0131n Kumar\u0131<\/li>\n<\/ul>\n<ul>\n<li>K\u0131l\u0131\u00e7 Ustas\u0131n\u0131n Yemini<\/li>\n<\/ul>\n<ul>\n<li>Kumarbaz\u0131n \u015eans\u0131<\/li>\n<\/ul>\n<ul>\n<li>Sava\u015f\u00e7\u0131n\u0131n Sadakati<\/li>\n<\/ul>\n<p style=\"text-align: right;\"><a href=\"https:\/\/www.kayiprihtim.org\/portal\/okuma-rehberleri\/\">Okuma Rehberine D\u00f6n!<\/a><\/p>\n<div class=\"seperator\">#<\/div>\n<h2><strong><a name=\"ejderha-prens\"><\/a>Ejderha Prens Serisi <\/strong><\/h2>\n<ul>\n<li>Ejderha Prens<\/li>\n<\/ul>\n<ul>\n<li>Y\u0131ld\u0131z Par\u015f\u00f6meni<\/li>\n<\/ul>\n<ul>\n<li>G\u00fcne\u015fefendisi Ate\u015fi<\/li>\n<\/ul>\n<div class=\"seperator\">#<\/div>\n<h2><strong><a name=\"elenium\"><\/a>Elenium Serisi <\/strong><\/h2>\n<ul>\n<li>Elmas Taht<\/li>\n<\/ul>\n<ul>\n<li>Yakut \u015e\u00f6valye<\/li>\n<\/ul>\n<ul>\n<li>Safir G\u00fcl<\/li>\n<\/ul>\n<p style=\"text-align: right;\"><a href=\"https:\/\/www.kayiprihtim.org\/portal\/okuma-rehberleri\/\">Okuma Rehberine D\u00f6n!<\/a><\/p>\n<div class=\"seperator\">#<\/div>\n<h2><strong><a name=\"elric-destani\"><\/a>Elric Destan\u0131 <\/strong><\/h2>\n<ul>\n<li>Melnibone&#8217;lu Elric<\/li>\n<\/ul>\n<ul>\n<li>Kader Denizlerindeki Denizci<\/li>\n<\/ul>\n<ul>\n<li>Beyaz Kurt&#8217;un Kaderi<\/li>\n<\/ul>\n<ul>\n<li>Kaybolan Kule<\/li>\n<\/ul>\n<ul>\n<li>Kara K\u0131l\u0131\u00e7&#8217;\u0131n Laneti<\/li>\n<\/ul>\n<ul>\n<li>F\u0131rt\u0131na Yaratan<\/li>\n<\/ul>\n<p style=\"text-align: right;\"><a href=\"https:\/\/www.kayiprihtim.org\/portal\/okuma-rehberleri\/\">Okuma Rehberine D\u00f6n!<\/a><\/p>\n<div class=\"seperator\">#<\/div>\n<h2><strong><a name=\"ender\"><\/a>Ender Serisi <\/strong><\/h2>\n<ul>\n<li>Ender&#8217;in Oyunu<\/li>\n<\/ul>\n<ul>\n<li>\u00d6l\u00fclerin S\u00f6zc\u00fcs\u00fc<\/li>\n<\/ul>\n<ul>\n<li>Soyk\u0131r\u0131m<\/li>\n<\/ul>\n<ul>\n<li>Akl\u0131n \u00c7ocuklar\u0131<\/li>\n<\/ul>\n<p style=\"text-align: right;\"><a href=\"https:\/\/www.kayiprihtim.org\/portal\/okuma-rehberleri\/\">Okuma Rehberine D\u00f6n!<\/a><\/p>\n<div class=\"seperator\">#<\/div>\n<h2><strong><a name=\"guc-kalitlari\"><\/a>G\u00fc\u00e7 Kal\u0131tlar\u0131 Serisi <\/strong><\/h2>\n<ul>\n<li>Aurian<\/li>\n<\/ul>\n<ul>\n<li>R\u00fczgarlar\u0131n Harp\u0131<\/li>\n<\/ul>\n<ul>\n<li>Alevlerin K\u0131l\u0131c\u0131<\/li>\n<\/ul>\n<ul>\n<li>Dhiammara<\/li>\n<\/ul>\n<p style=\"text-align: right;\"><a href=\"https:\/\/www.kayiprihtim.org\/portal\/okuma-rehberleri\/\">Okuma Rehberine D\u00f6n!<\/a><\/p>\n<div class=\"seperator\">#<\/div>\n<h2><strong><a name=\"harry-potter\"><\/a>Harry Potter Serisi <\/strong><\/h2>\n<ul>\n<li>Felsefe Ta\u015f\u0131<\/li>\n<\/ul>\n<ul>\n<li>S\u0131rlar Odas\u0131<\/li>\n<\/ul>\n<ul>\n<li>Azkaban Tutsa\u011f\u0131<\/li>\n<\/ul>\n<ul>\n<li>Ate\u015f Kadehi<\/li>\n<\/ul>\n<ul>\n<li>Z\u00fcmr\u00fcd\u00fcanka Yolda\u015fl\u0131\u011f\u0131<\/li>\n<\/ul>\n<ul>\n<li>Melez Prens<\/li>\n<\/ul>\n<ul>\n<li>\u00d6l\u00fcm Yadigarlar\u0131<\/li>\n<\/ul>\n<p style=\"text-align: right;\"><a href=\"https:\/\/www.kayiprihtim.org\/portal\/okuma-rehberleri\/\">Okuma Rehberine D\u00f6n!<\/a><\/p>\n<div class=\"seperator\">#<\/div>\n<h2><strong><a name=\"hawkmoon-destani\"><\/a>Hawkmoon Destan\u0131<\/strong><\/h2>\n<ul>\n<li>Kafatas\u0131ndaki M\u00fccevher<\/li>\n<\/ul>\n<ul>\n<li>\u00c7\u0131lg\u0131n Tanr\u0131&#8217;n\u0131n T\u0131ls\u0131m\u0131<\/li>\n<\/ul>\n<ul>\n<li>\u015eafak K\u0131l\u0131c\u0131<\/li>\n<\/ul>\n<ul>\n<li>R\u00fcnl\u00fc Asa<\/li>\n<\/ul>\n<p style=\"text-align: right;\"><a href=\"https:\/\/www.kayiprihtim.org\/portal\/okuma-rehberleri\/\">Okuma Rehberine D\u00f6n!<\/a><\/p>\n<div class=\"seperator\">#<\/div>\n<h2><strong><a name=\"hukumran-tas\"><\/a>H\u00fck\u00fcmran Ta\u015f Serisi <\/strong><\/h2>\n<ul>\n<li>Karanl\u0131k Kuyu<\/li>\n<\/ul>\n<ul>\n<li>Kay\u0131p Ta\u015f\u0131n Muhaf\u0131zlar\u0131<\/li>\n<\/ul>\n<ul>\n<li>Bo\u015fluk&#8217;a Yolculuk<\/li>\n<\/ul>\n<p style=\"text-align: right;\"><a href=\"https:\/\/www.kayiprihtim.org\/portal\/okuma-rehberleri\/\">Okuma Rehberine D\u00f6n!<\/a><\/p>\n<div class=\"seperator\">#<\/div>\n<h2><strong><a name=\"iblis-savaslari\"><\/a>\u0130blis Sava\u015flar\u0131 Serisi <\/strong><\/h2>\n<ul>\n<li>\u0130blisin Uyan\u0131\u015f\u0131<\/li>\n<\/ul>\n<ul>\n<li>\u0130blis Ruhu<\/li>\n<\/ul>\n<ul>\n<li>\u0130blisin Havarisi<\/li>\n<\/ul>\n<p style=\"text-align: right;\"><a href=\"https:\/\/www.kayiprihtim.org\/portal\/okuma-rehberleri\/\">Okuma Rehberine D\u00f6n!<\/a><\/p>\n<div class=\"seperator\">#<\/div>\n<h2><strong><a name=\"kahinin-gulu\"><\/a>Kahinin G\u00fcl\u00fc Serisi <\/strong><\/h2>\n<ul>\n<li>Gezginin Buyru\u011fu<\/li>\n<\/ul>\n<ul>\n<li>Gecenin Paladini<\/li>\n<\/ul>\n<ul>\n<li>Akhran&#8217;\u0131n Kahini<\/li>\n<\/ul>\n<p>&nbsp;<\/p>\n<p style=\"text-align: right;\"><a href=\"https:\/\/www.kayiprihtim.org\/portal\/okuma-rehberleri\/\">Okuma Rehberine D\u00f6n!<\/a><\/p>\n<div class=\"seperator\">#<\/div>\n<h2><strong><a name=\"kara-buyucu\"><\/a>Kara B\u00fcy\u00fcc\u00fc Serisi<\/strong><\/h2>\n<ul>\n<li>B\u00fcyc\u00fcler Loncas\u0131 &#8211; Ar\u0131nma<\/li>\n<\/ul>\n<ul>\n<li>B\u00fcy\u00fcc\u00fcler Loncas\u0131 &#8211; Tan\u0131\u015fma<\/li>\n<\/ul>\n<ul>\n<li>\u00c7\u0131rak &#8211; \u0130lk Y\u0131l<\/li>\n<\/ul>\n<ul>\n<li>\u00c7\u0131rak &#8211; Meydan Okuma<\/li>\n<\/ul>\n<ul>\n<li>Y\u00fcce Lord &#8211; Karab\u00fcy\u00fcn\u00fcn S\u0131rr\u0131<\/li>\n<\/ul>\n<ul>\n<li>Y\u00fcce Lord &#8211; Kara B\u00fcy\u00fcc\u00fcler<\/li>\n<\/ul>\n<p style=\"text-align: right;\"><a href=\"https:\/\/www.kayiprihtim.org\/portal\/okuma-rehberleri\/\">Okuma Rehberine D\u00f6n!<\/a><\/p>\n<div class=\"seperator\">#<\/div>\n<h2><strong><a name=\"karakilic\"><\/a>Karak\u0131l\u0131\u00e7 Serisi <\/strong><\/h2>\n<ul>\n<li>Karak\u0131l\u0131c\u0131n D\u00f6v\u00fcl\u00fc\u015f\u00fc<\/li>\n<\/ul>\n<ul>\n<li>Karak\u0131l\u0131c\u0131n Yazg\u0131s\u0131<\/li>\n<\/ul>\n<ul>\n<li>Karak\u0131l\u0131c\u0131n Zaferi<\/li>\n<\/ul>\n<ul>\n<li>Karak\u0131l\u0131c\u0131n Miras\u0131<\/li>\n<\/ul>\n<p style=\"text-align: right;\"><a href=\"https:\/\/www.kayiprihtim.org\/portal\/okuma-rehberleri\/\">Okuma Rehberine D\u00f6n!<\/a><\/p>\n<div class=\"seperator\">#<\/div>\n<h2><strong><a name=\"kara-kule\"><\/a>Kara Kule Serisi<\/strong><\/h2>\n<ul>\n<li>Silah\u015f\u00f6r<\/li>\n<\/ul>\n<ul>\n<li>\u00dc\u00e7&#8217;\u00fcn \u00c7ekili\u015fi<\/li>\n<\/ul>\n<ul>\n<li>\u00c7orak Topraklar<\/li>\n<\/ul>\n<ul>\n<li>B\u00fcy\u00fcc\u00fc ve Cam K\u00fcre<\/li>\n<\/ul>\n<ul>\n<li>Calla&#8217;n\u0131n Kurtlar\u0131<\/li>\n<\/ul>\n<ul>\n<li>Susannah&#8217;\u0131n \u015eark\u0131s\u0131<\/li>\n<\/ul>\n<ul>\n<li>Kule<\/li>\n<\/ul>\n<p style=\"text-align: right;\"><a href=\"https:\/\/www.kayiprihtim.org\/portal\/okuma-rehberleri\/\">Okuma Rehberine D\u00f6n!<\/a><\/p>\n<div class=\"seperator\">#<\/div>\n<h2><strong><a name=\"karanlik-cevher\"><\/a>Karanl\u0131k Cevher Serisi <\/strong><\/h2>\n<ul>\n<li>Alt\u0131n Pusula<\/li>\n<\/ul>\n<ul>\n<li>Keskin B\u0131\u00e7ak<\/li>\n<\/ul>\n<ul>\n<li>Kehribar D\u00fcrb\u00fcn<\/li>\n<\/ul>\n<p style=\"text-align: right;\"><a href=\"https:\/\/www.kayiprihtim.org\/portal\/okuma-rehberleri\/\">Okuma Rehberine D\u00f6n!<\/a><\/p>\n<div class=\"seperator\">#<\/div>\n<h2><strong><a name=\"kayip-kiliclar\"><\/a>Kay\u0131p K\u0131l\u0131\u00e7lar Serisi <\/strong><\/h2>\n<ul>\n<li>Merhamet K\u0131l\u0131c\u0131<\/li>\n<\/ul>\n<ul>\n<li>Gizem K\u0131l\u0131c\u0131<\/li>\n<\/ul>\n<ul>\n<li>Ku\u015fatma K\u0131l\u0131c\u0131<\/li>\n<\/ul>\n<p style=\"text-align: right;\"><a href=\"https:\/\/www.kayiprihtim.org\/portal\/okuma-rehberleri\/\">Okuma Rehberine D\u00f6n!<\/a><\/p>\n<div class=\"seperator\">#<\/div>\n<h2><strong><a name=\"malloryon\"><\/a>Malloryon Serisi <\/strong><\/h2>\n<ul>\n<li>Bat\u0131n\u0131n Muhaf\u0131zlar\u0131<\/li>\n<\/ul>\n<ul>\n<li>Murgolar\u0131n Kral\u0131<\/li>\n<\/ul>\n<ul>\n<li>Karanda&#8217;n\u0131n \u0130frit Beyi<\/li>\n<\/ul>\n<ul>\n<li>Darshiva B\u00fcy\u00fcc\u00fcs\u00fc<\/li>\n<\/ul>\n<ul>\n<li>Kell Kahinesi<\/li>\n<\/ul>\n<p style=\"text-align: right;\"><a href=\"https:\/\/www.kayiprihtim.org\/portal\/okuma-rehberleri\/\">Okuma Rehberine D\u00f6n!<\/a><\/p>\n<div class=\"seperator\">#<\/div>\n<h2><strong><a name=\"miras-dongusu\"><\/a>Miras D\u00f6ng\u00fcs\u00fc <\/strong><\/h2>\n<ul>\n<li>Eragon<\/li>\n<\/ul>\n<ul>\n<li>Eldest<\/li>\n<\/ul>\n<ul>\n<li>Brisingr<\/li>\n<li>Inheritance<\/li>\n<\/ul>\n<p style=\"text-align: right;\"><a href=\"https:\/\/www.kayiprihtim.org\/portal\/okuma-rehberleri\/\">Okuma Rehberine D\u00f6n!<\/a><\/p>\n<div class=\"seperator\">#<\/div>\n<h2><strong><a name=\"moira\"><\/a>Moira Serisi <\/strong><\/h2>\n<ul>\n<li>Di\u015fi Kurt ile \u00c7ocuk<\/li>\n<\/ul>\n<ul>\n<li>Kurtlar\u0131n Sava\u015f\u0131<\/li>\n<\/ul>\n<ul>\n<li>Di\u015fi Kurdun Gecesi<\/li>\n<\/ul>\n<p style=\"text-align: right;\"><a href=\"https:\/\/www.kayiprihtim.org\/portal\/okuma-rehberleri\/\">Okuma Rehberine D\u00f6n!<\/a><\/p>\n<div class=\"seperator\">#<\/div>\n<h2><strong><a name=\"narnia-gunlukleri\"><\/a>Narnia G\u00fcnl\u00fckleri Serisi <\/strong><\/h2>\n<ul>\n<li>B\u00fcy\u00fcc\u00fcn\u00fcn Ye\u011feni<\/li>\n<\/ul>\n<ul>\n<li>Aslan, Cad\u0131 ve Dolap<\/li>\n<\/ul>\n<ul>\n<li>At ve \u00c7ocuk<\/li>\n<\/ul>\n<ul>\n<li>Prens Caspian<\/li>\n<\/ul>\n<ul>\n<li>\u015eafak Y\u0131ld\u0131z\u0131&#8217;n\u0131n Yolculu\u011fu<\/li>\n<\/ul>\n<ul>\n<li>G\u00fcm\u00fc\u015f Sandalye<\/li>\n<\/ul>\n<ul>\n<li>Son Sava\u015f<\/li>\n<\/ul>\n<p style=\"text-align: right;\"><a href=\"https:\/\/www.kayiprihtim.org\/portal\/okuma-rehberleri\/\">Okuma Rehberine D\u00f6n!<\/a><\/p>\n<div class=\"seperator\">#<\/div>\n<h2><strong><a name=\"otherland\"><\/a>Otherland Serisi <\/strong><\/h2>\n<ul>\n<li>Kom\u015fu Evren<\/li>\n<\/ul>\n<ul>\n<li>K\u0131z\u0131l Kral\u0131n D\u00fc\u015f\u00fc<\/li>\n<\/ul>\n<ul>\n<li>Bir Ba\u015fka \u00dclke<\/li>\n<\/ul>\n<p style=\"text-align: right;\"><a href=\"https:\/\/www.kayiprihtim.org\/portal\/okuma-rehberleri\/\">Okuma Rehberine D\u00f6n!<\/a><\/p>\n<div class=\"seperator\">#<\/div>\n<h2><strong><a name=\"olum-kapisi\"><\/a>\u00d6l\u00fcm Kap\u0131s\u0131 Serisi <\/strong><\/h2>\n<ul>\n<li>Ejder Kanad\u0131<\/li>\n<\/ul>\n<ul>\n<li>Elf Y\u0131ld\u0131z\u0131<\/li>\n<\/ul>\n<ul>\n<li>Ate\u015f Denizi<\/li>\n<\/ul>\n<ul>\n<li>Y\u0131lan B\u00fcy\u00fcc\u00fcs\u00fc<\/li>\n<\/ul>\n<ul>\n<li>Kaosun Eli<\/li>\n<\/ul>\n<ul>\n<li>Labirentte<\/li>\n<\/ul>\n<ul>\n<li>Yedinci Kap\u0131<\/li>\n<\/ul>\n<p style=\"text-align: right;\"><a href=\"https:\/\/www.kayiprihtim.org\/portal\/okuma-rehberleri\/\">Okuma Rehberine D\u00f6n!<\/a><\/p>\n<div class=\"seperator\">#<\/div>\n<h2><strong><a name=\"peggy-sue\"><\/a>Peggy Sue ve Hayaletler<\/strong><\/h2>\n<ul>\n<li>Mavi K\u00f6pe\u011fin G\u00fcn\u00fc<\/li>\n<\/ul>\n<ul>\n<li>Beyaz Ta\u015f\u0131n Labirenti<\/li>\n<\/ul>\n<ul>\n<li>U\u00e7urumdaki Kelebek<\/li>\n<\/ul>\n<ul>\n<li>B\u00fcy\u00fcl\u00fc Hayvanat Bah\u00e7esi<\/li>\n<\/ul>\n<ul>\n<li>Kara \u015eato<\/li>\n<\/ul>\n<ul>\n<li>Yeralt\u0131 Canavar\u0131<\/li>\n<\/ul>\n<ul>\n<li>Ejderhalar\u0131n \u0130syan\u0131<\/li>\n<\/ul>\n<p style=\"text-align: right;\"><a href=\"https:\/\/www.kayiprihtim.org\/portal\/okuma-rehberleri\/\">Okuma Rehberine D\u00f6n!<\/a><\/p>\n<div class=\"seperator\">#<\/div>\n<h2><strong><a name=\"pery-jackson\"><\/a>Percy Jackson ve Olimposlular<\/strong><\/h2>\n<ul>\n<li>\u015eim\u015fek H\u0131rs\u0131z\u0131<\/li>\n<\/ul>\n<ul>\n<li>Canavarlar Denizi<\/li>\n<\/ul>\n<ul>\n<li>Titan&#8217;\u0131n Laneti<\/li>\n<\/ul>\n<ul>\n<li>Labirent Sava\u015f\u0131<\/li>\n<\/ul>\n<ul>\n<li>Son Olimposlu<\/li>\n<\/ul>\n<p style=\"text-align: right;\"><a href=\"https:\/\/www.kayiprihtim.org\/portal\/okuma-rehberleri\/\">Okuma Rehberine D\u00f6n!<\/a><\/p>\n<div class=\"seperator\">#<\/div>\n<h2><strong><a name=\"perg-efsaneleri\"><\/a>Perg Efsaneleri<\/strong><\/h2>\n<ul>\n<li>Korkak ve Canavar<\/li>\n<\/ul>\n<ul>\n<li>Merderan&#8217;\u0131n S\u0131rr\u0131<\/li>\n<\/ul>\n<ul>\n<li>Batakl\u0131k \u00dclke<\/li>\n<\/ul>\n<ul>\n<li>Tanr\u0131lar\u0131n Alfabesi<\/li>\n<\/ul>\n<div class=\"seperator\">#<\/div>\n<h2><strong><a name=\"peri-savaslari\"><\/a>Peri Sava\u015flar\u0131 <\/strong><\/h2>\n<ul>\n<li>Peri Sava\u015flar\u0131<\/li>\n<\/ul>\n<ul>\n<li>Mor \u0130mparator<\/li>\n<\/ul>\n<p style=\"text-align: right;\"><a href=\"https:\/\/www.kayiprihtim.org\/portal\/okuma-rehberleri\/\">Okuma Rehberine D\u00f6n!<\/a><\/p>\n<div class=\"seperator\">#<\/div>\n<h2><strong><a name=\"pern\"><\/a>Pern Serisi <\/strong><\/h2>\n<ul>\n<li>Ejder U\u00e7u\u015fu<\/li>\n<\/ul>\n<ul>\n<li>Ejder Aray\u0131\u015f\u0131<\/li>\n<\/ul>\n<ul>\n<li>Ejder \u015eark\u0131s\u0131<\/li>\n<\/ul>\n<ul>\n<li>Beyaz Ejder<\/li>\n<\/ul>\n<p style=\"text-align: right;\"><a href=\"https:\/\/www.kayiprihtim.org\/portal\/okuma-rehberleri\/\">Okuma Rehberine D\u00f6n!<\/a><\/p>\n<div class=\"seperator\">#<\/div>\n<h2><strong><a name=\"savas-lordu-yilliklari\"><\/a>Sava\u015f Lordu Y\u0131ll\u0131klar\u0131 <\/strong><\/h2>\n<ul>\n<li>K\u0131\u015f Kral\u0131<\/li>\n<\/ul>\n<ul>\n<li>Tanr\u0131&#8217;n\u0131n D\u00fc\u015fman\u0131<\/li>\n<\/ul>\n<ul>\n<li>Excalibur<\/li>\n<\/ul>\n<p style=\"text-align: right;\"><a href=\"https:\/\/www.kayiprihtim.org\/portal\/okuma-rehberleri\/\">Okuma Rehberine D\u00f6n!<\/a><\/p>\n<div class=\"seperator\">#<\/div>\n<h2><strong><a name=\"son-hanedan-buyucusu\"><\/a>Son Hanedan B\u00fcy\u00fcc\u00fcs\u00fc <\/strong><\/h2>\n<ul>\n<li>B\u00fcy\u00fcn\u00fcn Kuklas\u0131<\/li>\n<\/ul>\n<ul>\n<li>B\u00fcy\u00fcn\u00fcn Beklentisi<\/li>\n<\/ul>\n<ul>\n<li>B\u00fcy\u00fcn\u00fcn Bedeli<\/li>\n<\/ul>\n<p style=\"text-align: right;\"><a href=\"https:\/\/www.kayiprihtim.org\/portal\/okuma-rehberleri\/\">Okuma Rehberine D\u00f6n!<\/a><\/p>\n<div class=\"seperator\">#<\/div>\n<h2><strong><a name=\"tamuli\"><\/a>Tamuli Serisi<\/strong><\/h2>\n<ul>\n<li>Ate\u015ften Kubbeler<\/li>\n<\/ul>\n<ul>\n<li>Par\u0131ldayan \u0130nsanlar<\/li>\n<\/ul>\n<ul>\n<li>Sakl\u0131 \u015eehir<\/li>\n<\/ul>\n<p style=\"text-align: right;\"><a href=\"https:\/\/www.kayiprihtim.org\/portal\/okuma-rehberleri\/\">Okuma Rehberine D\u00f6n!<\/a><\/p>\n<div class=\"seperator\">#<\/div>\n<h2><strong><a name=\"ultima\"><\/a>Ultima Serisi <\/strong><\/h2>\n<ul>\n<li>Entrika -Teknokrat Sava\u015f\u0131 1<\/li>\n<\/ul>\n<ul>\n<li>Maskeli Balo &#8211; Teknokrat Sava\u015f\u0131 2<\/li>\n<\/ul>\n<ul>\n<li>Karga\u015fa &#8211; Teknokrat Sava\u015f\u0131 3<\/li>\n<\/ul>\n<p style=\"text-align: right;\"><a href=\"https:\/\/www.kayiprihtim.org\/portal\/okuma-rehberleri\/\">Okuma Rehberine D\u00f6n!<\/a><\/p>\n<div class=\"seperator\">#<\/div>\n<h2><strong><a name=\"warcraft\"><\/a>Warcraft Serisi <\/strong><\/h2>\n<ul>\n<li>Ejderhan\u0131n G\u00fcn\u00fc<\/li>\n<\/ul>\n<ul>\n<li>B\u00fcy\u00fck \u015eef<\/li>\n<\/ul>\n<ul>\n<li>Son Bek\u00e7i<\/li>\n<\/ul>\n<p style=\"text-align: right;\"><a href=\"https:\/\/www.kayiprihtim.org\/portal\/okuma-rehberleri\/\">Okuma Rehberine D\u00f6n!<\/a><\/p>\n<div class=\"seperator\">#<\/div>\n<h2><strong><a name=\"yerdeniz\"><\/a>Yerdeniz Serisi <\/strong><\/h2>\n<ul>\n<li>Yerdeniz B\u00fcy\u00fcc\u00fcs\u00fc<\/li>\n<\/ul>\n<ul>\n<li>Atuan Mezarlar\u0131<\/li>\n<\/ul>\n<ul>\n<li>En Uzak Sahil<\/li>\n<\/ul>\n<ul>\n<li>Tehanu<\/li>\n<li>Yerdeniz \u00d6yk\u00fcleri<\/li>\n<\/ul>\n<ul>\n<li>\u00d6teki R\u00fczgar<\/li>\n<\/ul>\n<p style=\"text-align: right;\"><a href=\"https:\/\/www.kayiprihtim.org\/portal\/okuma-rehberleri\/\">Okuma Rehberine D\u00f6n!<\/a><\/p>\n<div class=\"seperator\">#<\/div>\n<h2><strong><a name=\"yeryuzu-cocuklari\"><\/a>Yery\u00fcz\u00fc \u00c7ocuklar\u0131 Serisi <\/strong><\/h2>\n<ul>\n<li>Ma\u011fara Ay\u0131s\u0131 Klan\u0131<\/li>\n<\/ul>\n<ul>\n<li>Atlar Vadisi<\/li>\n<\/ul>\n<ul>\n<li>Mamut Avc\u0131lar\u0131<\/li>\n<\/ul>\n<ul>\n<li>D\u00f6n\u00fc\u015f Yolu<\/li>\n<\/ul>\n<ul>\n<li>Ta\u015f Bar\u0131naklar<\/li>\n<\/ul>\n<p style=\"text-align: right;\"><a href=\"https:\/\/www.kayiprihtim.org\/portal\/okuma-rehberleri\/\">Okuma Rehberine D\u00f6n!<\/a><\/p>\n<div class=\"seperator\">#<\/div>\n<h2><strong><a name=\"yeryuzu-cocuklari\"><\/a>Y\u00fcz\u00fcklerin Efendisi \u00dc\u00e7lemesi <\/strong><\/h2>\n<ul>\n<li>Y\u00fcz\u00fck Karde\u015fli\u011fi<\/li>\n<\/ul>\n<ul>\n<li>\u0130ki Kule<\/li>\n<\/ul>\n<ul>\n<li>Kral\u0131n D\u00f6n\u00fc\u015f\u00fc<\/li>\n<\/ul>\n<p style=\"text-align: right;\"><a href=\"https:\/\/www.kayiprihtim.org\/portal\/okuma-rehberleri\/\">Okuma Rehberine D\u00f6n!<\/a><\/p>\n","protected":false},"excerpt":{"rendered":"<p>Anita Blake Serisi Su\u00e7lu Zevkler G\u00fclen Ceset Lanetliler Sirki Ka\u00e7\u0131k Kafe \u00d6l\u00fcm Dans\u0131 Yanm\u0131\u015f Kurban Mavi Ay Karacamdan Kelebek Zincirlenmi\u015f Narkissos G\u00f6kmavisi G\u00fcnahlar \u015eeytani D\u00fc\u015fler Leoparadam Micah \u00d6l\u00fcmc\u00fcl Dans Harlequin \u00d6l\u00fcm Cezas\u0131 Karakan G\u00fcnah Pazar\u0131 Fl\u00f6rt Okuma Rehberine D\u00f6n! Artemis Fowl Serisi Artemis Fowl Kuzey Kutbu Maceras\u0131 Sonsuzluk \u015eifresi Opal&#8217;in Oyunu Okuma Rehberine D\u00f6n! # [&hellip;]<\/p>\n","protected":false},"author":1,"featured_media":0,"parent":726,"menu_order":0,"comment_status":"open","ping_status":"closed","template":"","meta":{"_acf_changed":false,"footnotes":""},"class_list":["post-2989","page","type-page","status-publish"],"acf":[],"_links":{"self":[{"href":"https:\/\/www.kayiprihtim.org\/portal\/wp-json\/wp\/v2\/pages\/2989","targetHints":{"allow":["GET"]}}],"collection":[{"href":"https:\/\/www.kayiprihtim.org\/portal\/wp-json\/wp\/v2\/pages"}],"about":[{"href":"https:\/\/www.kayiprihtim.org\/portal\/wp-json\/wp\/v2\/types\/page"}],"author":[{"embeddable":true,"href":"https:\/\/www.kayiprihtim.org\/portal\/wp-json\/wp\/v2\/users\/1"}],"replies":[{"embeddable":true,"href":"https:\/\/www.kayiprihtim.org\/portal\/wp-json\/wp\/v2\/comments?post=2989"}],"version-history":[{"count":0,"href":"https:\/\/www.kayiprihtim.org\/portal\/wp-json\/wp\/v2\/pages\/2989\/revisions"}],"up":[{"embeddable":true,"href":"https:\/\/www.kayiprihtim.org\/portal\/wp-json\/wp\/v2\/pages\/726"}],"wp:attachment":[{"href":"https:\/\/www.kayiprihtim.org\/portal\/wp-json\/wp\/v2\/media?parent=2989"}],"curies":[{"name":"wp","href":"https:\/\/api.w.org\/{rel}","templated":true}]}}