{"id":3083,"date":"2009-11-17T15:41:37","date_gmt":"2009-11-17T12:41:37","guid":{"rendered":"http:\/\/www.kayiprihtim.org\/portal\/?page_id=3083"},"modified":"2011-08-23T00:09:39","modified_gmt":"2011-08-22T21:09:39","slug":"yesil-ayrik-uclemesi","status":"publish","type":"page","link":"https:\/\/www.kayiprihtim.org\/portal\/kitaplar\/yesil-ayrik-uclemesi\/","title":{"rendered":"Ye\u015fil Ayr\u0131k &#8211; \u0130fritle Anla\u015fma"},"content":{"rendered":"<table style=\"border: thin outset; border-collapse: collapse; height: 30px; width: 470px;\" border=\"0\" cellpadding=\"2\">\n<tbody>\n<tr>\n<td width=\"30%\" bgcolor=\"#330000\"><span style=\"font-family: Verdana; color: #ffffff;\"><strong>\u0130FR\u0130TLE ANLA\u015eMA<br \/>\n<\/strong><\/span><\/td>\n<\/tr>\n<\/tbody>\n<\/table>\n<table style=\"border-collapse: collapse; width: 462px; height: 250px;\" border=\"0\" cellspacing=\"0\" cellpadding=\"0\" bordercolor=\"#111111\">\n<tbody>\n<tr>\n<td width=\"58%\" align=\"center\" valign=\"top\">\n<table style=\"border-collapse: collapse; width: 315px; height: 248px;\" border=\"0\" cellspacing=\"2\">\n<tbody>\n<tr>\n<td width=\"100%\" align=\"right\">\n<table style=\"width: 310px; height: 88px;\" border=\"0\" cellspacing=\"0\">\n<tbody>\n<tr bgcolor=\"#D1C4A5\">\n<td width=\"39%\"><strong>Yazar<\/strong><\/td>\n<td width=\"3%\">:<\/td>\n<td width=\"51%\"><span style=\"color: #993300;\"><strong>Alican Azbay<\/strong><\/span><\/td>\n<\/tr>\n<tr bgcolor=\"#E4DDCB\">\n<td><strong>Edit\u00f6r<\/strong><\/td>\n<td width=\"3%\">:<\/td>\n<td width=\"51%\">Selcen Y\u0131lmaz<span style=\"color: #181512;\"> <\/span><\/td>\n<\/tr>\n<tr bgcolor=\"#D1C4A5\">\n<td width=\"39%\"><strong>Kapak Tasar\u0131m\u0131<br \/>\n<\/strong><\/td>\n<td width=\"3%\">:<\/td>\n<td width=\"51%\">&#8211;<\/td>\n<\/tr>\n<tr bgcolor=\"#E4DDCB\">\n<td width=\"39%\"><strong>Seri<\/strong><\/td>\n<td width=\"3%\">:<\/td>\n<td width=\"51%\">Ye\u015fil Ayr\u0131k \u00dc\u00e7lemesi<\/td>\n<\/tr>\n<\/tbody>\n<\/table>\n<\/td>\n<\/tr>\n<tr>\n<td style=\"border-style: solid ridge ridge; border-width: 1px; padding-left: 4px; padding-right: 4px;\" width=\"100%\" bgcolor=\"#C0B18D\"><strong><span style=\"font-size: 9pt; font-family: Tahoma;\">Ad\u0131mlar Yay\u0131nevi<br \/>\n<\/span><\/strong><\/td>\n<\/tr>\n<tr>\n<td width=\"100%\" align=\"right\">\n<table style=\"width: 310px; height: 88px;\" border=\"0\" cellspacing=\"0\">\n<tbody>\n<tr bgcolor=\"#E4DDCB\">\n<td width=\"39%\"><strong>\u00c7\u0131k\u0131\u015f Tarihi<\/strong><\/td>\n<td width=\"3%\">:<\/td>\n<td width=\"51%\">Kas\u0131m, 2009<\/td>\n<\/tr>\n<tr bgcolor=\"#D1C4A5\">\n<td><strong>Sayfa Say\u0131s\u0131<\/strong><\/td>\n<td width=\"3%\">:<\/td>\n<td width=\"51%\">288<\/td>\n<\/tr>\n<tr bgcolor=\"#E4DDCB\">\n<td width=\"39%\"><strong>Fiyat\u0131<\/strong><\/td>\n<td width=\"3%\">:<\/td>\n<td width=\"51%\">12,00 TL<\/td>\n<\/tr>\n<tr bgcolor=\"#D1C4A5\">\n<td width=\"39%\"><strong>ISBN No<\/strong><\/td>\n<td width=\"3%\">:<\/td>\n<td width=\"51%\">978-605-5861-08-7<\/td>\n<\/tr>\n<\/tbody>\n<\/table>\n<\/td>\n<\/tr>\n<\/tbody>\n<\/table>\n<\/td>\n<td width=\"39%\" align=\"left\" valign=\"top\">\n<p style=\"text-align: center;\">\n<p style=\"text-align: center;\"><a href=\"https:\/\/www.kayiprihtim.org\/portal\/gorsel\/yesil-ayrik-ifritle-anlasma.jpg\" target=\"_blank\"><img decoding=\"async\" class=\"aligncenter\" src=\"https:\/\/www.kayiprihtim.org\/portal\/gorsel\/yesil-ayrik-ifritle-anlasma.jpg\" border=\"0\" alt=\"\" hspace=\"1\" width=\"140\" height=\"219\"><\/a><\/p>\n<\/td>\n<\/tr>\n<\/tbody>\n<\/table>\n<table style=\"border-collapse: collapse; width: 47%;\" border=\"0\" cellpadding=\"0\">\n<tbody>\n<tr>\n<td width=\"54%\">\n<table style=\"border-collapse: collapse; height: 147px; width: 470px;\" border=\"0\" cellspacing=\"0\" cellpadding=\"2\">\n<tbody>\n<tr>\n<td style=\"border-style: solid ridge ridge; border-width: 1px; padding-left: 4px; padding-right: 4px;\" width=\"98%\" bgcolor=\"#C0B18D\"><strong><span style=\"font-size: 9pt; font-family: Tahoma;\">Tan\u0131t\u0131m Yaz\u0131s\u0131<br \/>\n<\/span><\/strong><\/td>\n<\/tr>\n<tr>\n<td width=\"99%\" align=\"left\">\n<table style=\"width: 465px;\" border=\"0\">\n<tbody>\n<tr>\n<td style=\"border-style: outset; border-width: 1px;\" width=\"96%\" bgcolor=\"#D1C4A5\">\n<table style=\"border-collapse: collapse; width: 452px; height: 199px;\" border=\"0\" cellspacing=\"0\" cellpadding=\"5\" bgcolor=\"#D1C4A5\" bordercolor=\"#D1C4A5\">\n<tbody>\n<tr>\n<td width=\"96%\" bgcolor=\"#D1C4A5\">\u0130frit: &#8220;Tanr\u0131 insana \u00f6l\u00fcms\u00fczl\u00fc\u011f\u00fc yak\u0131\u015ft\u0131rmad\u0131. Onu size ben mi verece\u011fim? Ne istedi\u011finizin fark\u0131nda m\u0131s\u0131n\u0131z?&#8221; dedi sinirle. Bu s\u00f6z \u00fczerine Firavun: &#8220;O zaman bize devaml\u0131 ba\u015flay\u0131p biten bir zaman dilimi ver ve herkes bu zaman dilimi i\u00e7erisinde normal hayat\u0131n\u0131 ya\u015fas\u0131n, onlar tekrar d\u00fcnyaya geldiklerinde biln\u00e7lerini yitirmesinler. M\u0131s\u0131r da b\u00f6ylece sonsuz olun.&#8221; diye cevap verdi. Devaml\u0131 ba\u015flay\u0131p biten bir zaman dilimi istemesinin nedeni, aral\u0131kl\u0131 zamanlarda yeniden do\u011fup, tekrar tekrar ya\u015famakt\u0131. B\u00f6ylece bir nevi \u00f6l\u00fcms\u00fcz olacaklard\u0131. \u0130frit bu konu\u015fman\u0131n ard\u0131ndan ortaan birka\u00e7 zaman kayboldu ve tekrar Firavunun yan\u0131na d\u00f6nd\u00fc. Elinde tuttu\u011fu kocaman, kemikten yap\u0131lm\u0131\u015f tokma\u011f\u0131 yere vurarak antla\u015fma par\u015f\u00f6menini a\u00e7t\u0131. Havadaki par\u015f\u00f6men, ifritin s\u00f6ylediklerini yaz\u0131yordu. Anla\u015fmaya g\u00f6re ifritler devaml\u0131 ba\u015flay\u0131p biten bir zaman dilimini kabul etmi\u015flerdi. Firavun&#8217;un istedi\u011fi \u00fczerine hi\u00e7bir zaman, o zaman dilimi i\u00e7erisindeki geli\u015fmelere kar\u0131\u015fmayacaklard\u0131 ve art\u0131k antla\u015fma imzalanmak \u00fczereydi. Antla\u015fmad ismi olan herkes sonsuzlu\u011fu elde edecekti.<\/td>\n<\/tr>\n<\/tbody>\n<\/table>\n<\/td>\n<\/tr>\n<\/tbody>\n<\/table>\n<\/td>\n<\/tr>\n<\/tbody>\n<\/table>\n<\/td>\n<\/tr>\n<\/tbody>\n<\/table>\n","protected":false},"excerpt":{"rendered":"<p>\u0130FR\u0130TLE ANLA\u015eMA Yazar : Alican Azbay Edit\u00f6r : Selcen Y\u0131lmaz Kapak Tasar\u0131m\u0131 : &#8211; Seri : Ye\u015fil Ayr\u0131k \u00dc\u00e7lemesi Ad\u0131mlar Yay\u0131nevi \u00c7\u0131k\u0131\u015f Tarihi : Kas\u0131m, 2009 Sayfa Say\u0131s\u0131 : 288 Fiyat\u0131 : 12,00 TL ISBN No : 978-605-5861-08-7 Tan\u0131t\u0131m Yaz\u0131s\u0131 \u0130frit: &#8220;Tanr\u0131 insana \u00f6l\u00fcms\u00fczl\u00fc\u011f\u00fc yak\u0131\u015ft\u0131rmad\u0131. Onu size ben mi verece\u011fim? Ne istedi\u011finizin fark\u0131nda m\u0131s\u0131n\u0131z?&#8221; dedi [&hellip;]<\/p>\n","protected":false},"author":10,"featured_media":0,"parent":57,"menu_order":0,"comment_status":"open","ping_status":"closed","template":"","meta":{"_acf_changed":false,"footnotes":""},"class_list":["post-3083","page","type-page","status-publish"],"acf":[],"_links":{"self":[{"href":"https:\/\/www.kayiprihtim.org\/portal\/wp-json\/wp\/v2\/pages\/3083","targetHints":{"allow":["GET"]}}],"collection":[{"href":"https:\/\/www.kayiprihtim.org\/portal\/wp-json\/wp\/v2\/pages"}],"about":[{"href":"https:\/\/www.kayiprihtim.org\/portal\/wp-json\/wp\/v2\/types\/page"}],"author":[{"embeddable":true,"href":"https:\/\/www.kayiprihtim.org\/portal\/wp-json\/wp\/v2\/users\/10"}],"replies":[{"embeddable":true,"href":"https:\/\/www.kayiprihtim.org\/portal\/wp-json\/wp\/v2\/comments?post=3083"}],"version-history":[{"count":0,"href":"https:\/\/www.kayiprihtim.org\/portal\/wp-json\/wp\/v2\/pages\/3083\/revisions"}],"up":[{"embeddable":true,"href":"https:\/\/www.kayiprihtim.org\/portal\/wp-json\/wp\/v2\/pages\/57"}],"wp:attachment":[{"href":"https:\/\/www.kayiprihtim.org\/portal\/wp-json\/wp\/v2\/media?parent=3083"}],"curies":[{"name":"wp","href":"https:\/\/api.w.org\/{rel}","templated":true}]}}