{"id":31209,"date":"2013-12-28T11:52:32","date_gmt":"2013-12-28T09:52:32","guid":{"rendered":"http:\/\/www.kayiprihtim.org\/portal\/?page_id=31209"},"modified":"2022-07-31T23:22:14","modified_gmt":"2022-07-31T20:22:14","slug":"2013-kayip-rihtim-okur-anketi","status":"publish","type":"page","link":"https:\/\/www.kayiprihtim.org\/portal\/projeler\/2013-kayip-rihtim-okur-anketi\/","title":{"rendered":"2013 Kay\u0131p R\u0131ht\u0131m Okur Anketi"},"content":{"rendered":"<p style=\"text-align: center;\"><img fetchpriority=\"high\" decoding=\"async\" class=\"aligncenter size-full wp-image-31690\" src=\"https:\/\/www.kayiprihtim.org\/portal\/gorsel\/2014\/01\/rihtim-okur-anketi-2013.jpg\" alt=\"\" width=\"750\" height=\"300\" srcset=\"https:\/\/www.kayiprihtim.org\/portal\/gorsel\/2014\/01\/rihtim-okur-anketi-2013.jpg 750w, https:\/\/www.kayiprihtim.org\/portal\/gorsel\/2014\/01\/rihtim-okur-anketi-2013-300x120.jpg 300w\" sizes=\"(max-width: 750px) 100vw, 750px\" \/><\/p>\n<p>Ve merakla beklenen an nihayet geldi \u00e7att\u0131! <strong>Kay\u0131p R\u0131ht\u0131m<\/strong>\u2019\u0131n<span style=\"font-size: medium;\"><strong> 6. Y\u0131l \u015eenlikleri<\/strong><\/span> kapsam\u0131nda d\u00fczenledi\u011fimiz <span style=\"font-size: medium; color: #993300; font-family: georgia,palatino;\"><strong>Okur Anketi<\/strong><\/span>\u2019nin sonu\u00e7lar\u0131 ge\u00e7ti\u011fimiz g\u00fcn itibariyle belli oldu ve b\u00f6ylelikle 2013\u2019\u00fcn (kendi t\u00fcrlerimizdeki) en iyi kitaplar\u0131n\u0131 sizin de\u011ferli oylar\u0131n\u0131zla belirlemi\u015f olduk!<\/p>\n<p><em><strong>Yabanc\u0131 Fantastik, Yerli Fantastik, Yabanc\u0131 Gen\u00e7lik Fantastik, Yerli Gen\u00e7lik Fantastik, Yabanc\u0131 Bilimkurgu, Yerli Bilimkurgu, Yabanc\u0131 Korku\/Gerilim<\/strong><\/em> ve <em><strong>Yerli Korku\/Gerilim<\/strong><\/em> olmak \u00fczere sekiz gruba ay\u0131rd\u0131\u011f\u0131m\u0131z anketimize 1900&#8217;den fazla ki\u015fi kat\u0131ld\u0131 ve toplamda 2679 adet oy kullan\u0131ld\u0131.<\/p>\n<p>Hep birlikte sonu\u00e7lara ge\u00e7meden \u00f6nce bu g\u00fczel eserlere imza atan yazarlar\u0131m\u0131za, bizi bu kitaplarla bulu\u015fturan yay\u0131nevlerimize, emektar \u00e7evirmen ve edit\u00f6rlerimize ve de pek tabi ki oylar\u0131n\u0131 esirgemeyen siz k\u0131ymetli kitapseverlere bir te\u015fekk\u00fcr\u00fc bor\u00e7 biliriz.<\/p>\n<p>\u0130\u015fte sonu\u00e7lar!<\/p>\n<p style=\"text-align: center;\">* * *<\/p>\n<p style=\"text-align: center;\"><a href=\"https:\/\/www.kayiprihtim.org\/portal\/projeler\/2013-kayip-rihtim-okur-anketi\/2\/\"><span style=\"font-size: medium; font-family: georgia,palatino;\"><strong>Yabanc\u0131 Fantastik<\/strong><\/span><\/a><\/p>\n<p style=\"text-align: center;\"><a href=\"https:\/\/www.kayiprihtim.org\/portal\/projeler\/2013-kayip-rihtim-okur-anketi\/3\/\"><span style=\"font-size: medium; font-family: georgia,palatino;\"><strong>Yerli Fantastik<\/strong><\/span><\/a><\/p>\n<p style=\"text-align: center;\"><a href=\"https:\/\/www.kayiprihtim.org\/portal\/projeler\/2013-kayip-rihtim-okur-anketi\/4\/\"><span style=\"font-size: medium; font-family: georgia,palatino;\"><strong>Yabanc\u0131 Gen\u00e7lik Fantastik<\/strong><\/span><\/a><\/p>\n<p style=\"text-align: center;\"><a href=\"https:\/\/www.kayiprihtim.org\/portal\/projeler\/2013-kayip-rihtim-okur-anketi\/5\/\"><span style=\"font-size: medium; font-family: georgia,palatino;\"><strong>Yerli Gen\u00e7lik Fantastik<\/strong><\/span><\/a><\/p>\n<p style=\"text-align: center;\"><a href=\"https:\/\/www.kayiprihtim.org\/portal\/projeler\/2013-kayip-rihtim-okur-anketi\/6\/\"><span style=\"font-size: medium; font-family: georgia,palatino;\"><strong>Yabanc\u0131 Bilimkurgu<\/strong><\/span><\/a><\/p>\n<p style=\"text-align: center;\"><a href=\"https:\/\/www.kayiprihtim.org\/portal\/projeler\/2013-kayip-rihtim-okur-anketi\/7\/\"><span style=\"font-size: medium; font-family: georgia,palatino;\"><strong>Yerli Bilimkurgu<\/strong><\/span><\/a><\/p>\n<p style=\"text-align: center;\"><a href=\"https:\/\/www.kayiprihtim.org\/portal\/projeler\/2013-kayip-rihtim-okur-anketi\/8\/\"><span style=\"font-size: medium; font-family: georgia,palatino;\"><strong>Yabanc\u0131 Korku\/Gerilim<\/strong><\/span><\/a><\/p>\n<p style=\"text-align: center;\"><a href=\"https:\/\/www.kayiprihtim.org\/portal\/projeler\/2013-kayip-rihtim-okur-anketi\/9\/\"><span style=\"font-size: medium; font-family: georgia,palatino;\"><strong>Yerli Korku\/Gerilim<\/strong><\/span><\/a><\/p>\n<p><!--nextpage--><\/p>\n<h2 style=\"text-align: center;\"><span style=\"font-family: georgia,palatino;\">Yabanc\u0131 Fantastik<\/span><\/h2>\n<table style=\"width: 560px;\" border=\"0\" align=\"center\">\n<tbody>\n<tr>\n<td style=\"text-align: center;\" rowspan=\"2\" valign=\"bottom\"><strong><span style=\"font-family: book antiqua,palatino; font-size: xx-large;\">2<\/span><\/strong><\/p>\n<p><figure style=\"width: 150px\" class=\"wp-caption aligncenter\"><a href=\"https:\/\/www.kayiprihtim.org\/portal\/kitap\/anansi-cocuklari\/\"><img decoding=\"async\" src=\"https:\/\/www.kayiprihtim.org\/portal\/gorsel\/anansi-cocuklari.jpg\" alt=\"\" width=\"150\" height=\"260\"><\/a><figcaption class=\"wp-caption-text\">Anansi \u00c7ocuklar\u0131<\/figcaption><\/figure><\/td>\n<td style=\"text-align: center;\" rowspan=\"2\"><span style=\"font-size: xx-large;\"><strong><span style=\"font-family: book antiqua,palatino;\">1<\/span><\/strong><\/span><\/p>\n<p><figure style=\"width: 180px\" class=\"wp-caption aligncenter\"><img decoding=\"async\" src=\"https:\/\/www.kayiprihtim.org\/portal\/gorsel\/ejderhalarin-dansi-1.jpg\" alt=\"\" width=\"180\" height=\"290\"><figcaption class=\"wp-caption-text\">Ejderhalar\u0131n Dans\u0131<\/figcaption><\/figure><\/td>\n<td style=\"text-align: center;\" rowspan=\"2\" valign=\"bottom\"><strong><span style=\"font-size: xx-large; font-family: book antiqua,palatino;\">3<\/span><\/strong><\/p>\n<p><figure style=\"width: 150px\" class=\"wp-caption aligncenter\"><a href=\"https:\/\/www.kayiprihtim.org\/portal\/kitap\/isigin-anisi\/\"><img loading=\"lazy\" decoding=\"async\" src=\"https:\/\/www.kayiprihtim.org\/portal\/gorsel\/isigin-anisi.jpg\" alt=\"\" width=\"150\" height=\"260\"><\/a><figcaption class=\"wp-caption-text\">I\u015f\u0131\u011f\u0131n An\u0131s\u0131<\/figcaption><\/figure><\/td>\n<\/tr>\n<\/tbody>\n<\/table>\n<p style=\"text-align: center;\"><img loading=\"lazy\" decoding=\"async\" class=\"aligncenter size-full wp-image-36257\" style=\"border-width: 0px;\" src=\"https:\/\/www.kayiprihtim.org\/portal\/gorsel\/2013\/12\/2013-yabanci-fantastik.jpg\" alt=\"2013 yabanci fantastik\" width=\"467\" height=\"1094\" srcset=\"https:\/\/www.kayiprihtim.org\/portal\/gorsel\/2013\/12\/2013-yabanci-fantastik.jpg 467w, https:\/\/www.kayiprihtim.org\/portal\/gorsel\/2013\/12\/2013-yabanci-fantastik-128x300.jpg 128w, https:\/\/www.kayiprihtim.org\/portal\/gorsel\/2013\/12\/2013-yabanci-fantastik-437x1024.jpg 437w\" sizes=\"(max-width: 467px) 100vw, 467px\" \/><\/p>\n<p>Geriye kalan toplam <span style=\"font-size: medium;\">35 oy<\/span> anketimizde bulunmayan di\u011fer kitaplara gitmi\u015f.<br \/>\n<!--nextpage--><\/p>\n<h2 style=\"text-align: center;\"><span style=\"font-family: georgia,palatino;\">Yerli Fantastik<\/span><\/h2>\n<table style=\"width: 560px;\" border=\"0\" align=\"center\">\n<tbody>\n<tr>\n<td style=\"text-align: center;\" rowspan=\"2\" valign=\"bottom\"><strong><span style=\"font-family: book antiqua,palatino; font-size: xx-large;\">2<\/span><\/strong><\/p>\n<p><figure style=\"width: 150px\" class=\"wp-caption aligncenter\"><a href=\"https:\/\/www.kayiprihtim.org\/portal\/kitap\/sin-sari-istila\/\"><img loading=\"lazy\" decoding=\"async\" class=\" \" src=\"https:\/\/www.kayiprihtim.org\/portal\/gorsel\/sin-orkun-ucar.jpg\" alt=\"\" width=\"150\" height=\"260\"><\/a><figcaption class=\"wp-caption-text\">Sin (Sar\u0131 \u0130stil\u00e2)<\/figcaption><\/figure><\/td>\n<td style=\"text-align: center;\" rowspan=\"2\"><span style=\"font-size: xx-large;\"><strong><span style=\"font-family: book antiqua,palatino;\">1<\/span><\/strong><\/span><\/p>\n<p><figure style=\"width: 180px\" class=\"wp-caption aligncenter\"><img loading=\"lazy\" decoding=\"async\" src=\"https:\/\/www.kayiprihtim.org\/portal\/gorsel\/paradokya-dusler-ulkesi.jpg\" alt=\"\" width=\"180\" height=\"290\"><figcaption class=\"wp-caption-text\">D\u00fc\u015fler \u00dclkesi<\/figcaption><\/figure><\/td>\n<td style=\"text-align: center;\" rowspan=\"2\" valign=\"bottom\"><strong><span style=\"font-size: xx-large; font-family: book antiqua,palatino;\">3<\/span><\/strong><\/p>\n<p><figure style=\"width: 150px\" class=\"wp-caption aligncenter\"><img loading=\"lazy\" decoding=\"async\" class=\" \" src=\"https:\/\/www.kayiprihtim.org\/portal\/gorsel\/kesifler-zamani.jpg\" alt=\"\" width=\"150\" height=\"260\"><figcaption class=\"wp-caption-text\">Ke\u015fifler Zaman\u0131<\/figcaption><\/figure><\/td>\n<\/tr>\n<\/tbody>\n<\/table>\n<p style=\"text-align: center;\"><img loading=\"lazy\" decoding=\"async\" class=\"aligncenter size-full wp-image-36261\" style=\"border-width: 0px;\" src=\"https:\/\/www.kayiprihtim.org\/portal\/gorsel\/2013\/12\/2013-yerli-fantastik.jpg\" alt=\"2013 yerli fantastik\" width=\"467\" height=\"895\" srcset=\"https:\/\/www.kayiprihtim.org\/portal\/gorsel\/2013\/12\/2013-yerli-fantastik.jpg 467w, https:\/\/www.kayiprihtim.org\/portal\/gorsel\/2013\/12\/2013-yerli-fantastik-156x300.jpg 156w\" sizes=\"(max-width: 467px) 100vw, 467px\" \/><\/p>\n<p>Geriye kalan toplam <span style=\"font-size: medium;\">8 oy<\/span> anketimizde bulunmayan di\u011fer kitaplara gitmi\u015f.<br \/>\n<!--nextpage--><\/p>\n<h2 style=\"text-align: center;\"><span style=\"font-family: georgia,palatino;\">Yabanc\u0131 Gen\u00e7lik Fantastik<br \/>\n<\/span><\/h2>\n<table style=\"width: 560px;\" border=\"0\" align=\"center\">\n<tbody>\n<tr>\n<td style=\"text-align: center;\" rowspan=\"2\" valign=\"bottom\"><strong><span style=\"font-family: book antiqua,palatino; font-size: xx-large;\">2<\/span><\/strong><\/p>\n<p><figure style=\"width: 150px\" class=\"wp-caption aligncenter\"><a href=\"https:\/\/www.kayiprihtim.org\/portal\/kitap\/odd-ve-ayaz-devleri\/\"><img loading=\"lazy\" decoding=\"async\" class=\" \" src=\"https:\/\/www.kayiprihtim.org\/portal\/gorsel\/odd-ve-ayaz-devleri.jpg\" alt=\"\" width=\"150\" height=\"260\"><\/a><figcaption class=\"wp-caption-text\">Odd ve Ayaz Devleri<\/figcaption><\/figure><\/td>\n<td style=\"text-align: center;\" rowspan=\"2\"><span style=\"font-size: xx-large;\"><strong><span style=\"font-family: book antiqua,palatino;\">1<\/span><\/strong><\/span><\/p>\n<p><figure style=\"width: 180px\" class=\"wp-caption aligncenter\"><a href=\"https:\/\/www.kayiprihtim.org\/portal\/kitap\/eve-donus\/\"><img loading=\"lazy\" decoding=\"async\" class=\" \" src=\"https:\/\/www.kayiprihtim.org\/portal\/gorsel\/eve-donus.jpg\" alt=\"\" width=\"180\" height=\"290\"><\/a><figcaption class=\"wp-caption-text\">Eve D\u00f6n\u00fc\u015f<\/figcaption><\/figure><\/td>\n<td style=\"text-align: center;\" rowspan=\"2\" valign=\"bottom\"><strong><span style=\"font-size: xx-large; font-family: book antiqua,palatino;\">3<\/span><\/strong><\/p>\n<p><figure style=\"width: 150px\" class=\"wp-caption aligncenter\"><a href=\"https:\/\/www.kayiprihtim.org\/portal\/kitap\/hadesin-evi\/\"><img loading=\"lazy\" decoding=\"async\" class=\" \" src=\"https:\/\/www.kayiprihtim.org\/portal\/gorsel\/hadesin-evi.jpg\" alt=\"\" width=\"150\" height=\"260\"><\/a><figcaption class=\"wp-caption-text\">Hades\u2019in Evi<\/figcaption><\/figure><\/td>\n<\/tr>\n<\/tbody>\n<\/table>\n<p style=\"text-align: center;\"><img loading=\"lazy\" decoding=\"async\" class=\"aligncenter size-full wp-image-36258\" style=\"border-width: 0px;\" src=\"https:\/\/www.kayiprihtim.org\/portal\/gorsel\/2013\/12\/2013-yabanci-genclik.jpg\" alt=\"2013 yabanci genclik\" width=\"467\" height=\"915\" srcset=\"https:\/\/www.kayiprihtim.org\/portal\/gorsel\/2013\/12\/2013-yabanci-genclik.jpg 467w, https:\/\/www.kayiprihtim.org\/portal\/gorsel\/2013\/12\/2013-yabanci-genclik-153x300.jpg 153w\" sizes=\"(max-width: 467px) 100vw, 467px\" \/><\/p>\n<p>Anketimizde bulunan cevaplar harici farkl\u0131 bir se\u00e7enek i\u015faretlenmemi\u015ftir.<br \/>\n<!--nextpage--><\/p>\n<h2 style=\"text-align: center;\"><span style=\"font-family: georgia,palatino;\">Yerli Gen\u00e7lik Fantastik<\/span><\/h2>\n<table style=\"width: 560px;\" border=\"0\" align=\"center\">\n<tbody>\n<tr>\n<td style=\"text-align: center;\" rowspan=\"2\" valign=\"bottom\"><strong><span style=\"font-family: book antiqua,palatino; font-size: xx-large;\">2<\/span><\/strong><\/p>\n<p><figure style=\"width: 150px\" class=\"wp-caption aligncenter\"><a href=\"https:\/\/www.kayiprihtim.org\/portal\/kitap\/dogunun-yedi-muhafizi\/\"><img loading=\"lazy\" decoding=\"async\" class=\" \" src=\"https:\/\/www.kayiprihtim.org\/portal\/gorsel\/dogunun-yedi-muhafizi.jpg\" alt=\"\" width=\"150\" height=\"260\"><\/a><figcaption class=\"wp-caption-text\">Do\u011funun Yedi Muhaf\u0131z\u0131<\/figcaption><\/figure><\/td>\n<td style=\"text-align: center;\" rowspan=\"2\"><span style=\"font-size: xx-large;\"><strong><span style=\"font-family: book antiqua,palatino;\">1<\/span><\/strong><\/span><\/p>\n<p><figure style=\"width: 180px\" class=\"wp-caption aligncenter\"><a href=\"https:\/\/www.kayiprihtim.org\/portal\/kitap\/medusanin-pusulasi\/\"><img loading=\"lazy\" decoding=\"async\" class=\" \" src=\"https:\/\/www.kayiprihtim.org\/portal\/gorsel\/medusanin-pusulasi.jpg\" alt=\"\" width=\"180\" height=\"290\"><\/a><figcaption class=\"wp-caption-text\">Medusa\u2019n\u0131n Pusulas\u0131<\/figcaption><\/figure><\/td>\n<td style=\"text-align: center;\" rowspan=\"2\" valign=\"bottom\"><strong><span style=\"font-size: xx-large; font-family: book antiqua,palatino;\">3<\/span><\/strong><\/p>\n<p><figure style=\"width: 150px\" class=\"wp-caption aligncenter\"><a href=\"https:\/\/www.kayiprihtim.org\/portal\/kitap\/gokyuzune-dusen-kiz\/\"><img loading=\"lazy\" decoding=\"async\" class=\" \" src=\"https:\/\/www.kayiprihtim.org\/portal\/gorsel\/gokyuzune-dusen-kiz.jpg\" alt=\"\" width=\"150\" height=\"260\"><\/a><figcaption class=\"wp-caption-text\">G\u00f6ky\u00fcz\u00fcne D\u00fc\u015fen K\u0131z<\/figcaption><\/figure><\/td>\n<\/tr>\n<\/tbody>\n<\/table>\n<p style=\"text-align: center;\"><img loading=\"lazy\" decoding=\"async\" class=\"aligncenter size-full wp-image-36262\" style=\"border-width: 0px;\" src=\"https:\/\/www.kayiprihtim.org\/portal\/gorsel\/2013\/12\/2013-yerli-genclik.jpg\" alt=\"2013 yerli genclik\" width=\"467\" height=\"474\" srcset=\"https:\/\/www.kayiprihtim.org\/portal\/gorsel\/2013\/12\/2013-yerli-genclik.jpg 467w, https:\/\/www.kayiprihtim.org\/portal\/gorsel\/2013\/12\/2013-yerli-genclik-295x300.jpg 295w\" sizes=\"(max-width: 467px) 100vw, 467px\" \/><\/p>\n<p>Geriye kalan toplam <span style=\"font-size: medium;\">4 oy<\/span> anketimizde bulunmayan di\u011fer kitaplara gitmi\u015f.<br \/>\n<!--nextpage--><\/p>\n<h2 style=\"text-align: center;\"><span style=\"font-family: georgia,palatino;\">Yabanc\u0131 Bilimkurgu<\/span><\/h2>\n<table style=\"width: 560px;\" border=\"0\" align=\"center\">\n<tbody>\n<tr>\n<td style=\"text-align: center;\" rowspan=\"2\" valign=\"bottom\"><strong><span style=\"font-family: book antiqua,palatino; font-size: xx-large;\">2<\/span><\/strong><\/p>\n<p><figure style=\"width: 150px\" class=\"wp-caption aligncenter\"><a href=\"https:\/\/www.kayiprihtim.org\/portal\/kitap\/leviathan-uyaniyor\/\"><img loading=\"lazy\" decoding=\"async\" class=\" \" src=\"https:\/\/www.kayiprihtim.org\/portal\/gorsel\/leviathan-uyaniyor-y.jpg\" alt=\"\" width=\"150\" height=\"260\"><\/a><figcaption class=\"wp-caption-text\">Leviathan Uyan\u0131yor<\/figcaption><\/figure><\/td>\n<td style=\"text-align: center;\" rowspan=\"2\"><span style=\"font-size: xx-large;\"><strong><span style=\"font-family: book antiqua,palatino;\">1<\/span><\/strong><\/span><\/p>\n<p><figure style=\"width: 180px\" class=\"wp-caption aligncenter\"><a href=\"https:\/\/www.kayiprihtim.org\/portal\/kitap\/zoenin-oykusu\/\"><img loading=\"lazy\" decoding=\"async\" class=\" \" src=\"https:\/\/www.kayiprihtim.org\/portal\/gorsel\/zoenin-oykusu.jpg\" alt=\"\" width=\"180\" height=\"290\"><\/a><figcaption class=\"wp-caption-text\">Zoe\u2019nin \u00d6yk\u00fcs\u00fc<\/figcaption><\/figure><\/td>\n<td style=\"text-align: center;\" rowspan=\"2\" valign=\"bottom\"><strong><span style=\"font-size: xx-large; font-family: book antiqua,palatino;\">3<\/span><\/strong><\/p>\n<p><figure style=\"width: 150px\" class=\"wp-caption aligncenter\"><a href=\"https:\/\/www.kayiprihtim.org\/portal\/kitap\/kiyamet-kitabi\/\"><img loading=\"lazy\" decoding=\"async\" class=\" \" src=\"https:\/\/www.kayiprihtim.org\/portal\/gorsel\/kiyamet-kitabi.jpg\" alt=\"\" width=\"150\" height=\"260\"><\/a><figcaption class=\"wp-caption-text\">K\u0131yamet Kitab\u0131<\/figcaption><\/figure><\/td>\n<\/tr>\n<\/tbody>\n<\/table>\n<p style=\"text-align: center;\"><img loading=\"lazy\" decoding=\"async\" class=\"aligncenter size-full wp-image-36256\" style=\"border-width: 0px;\" src=\"https:\/\/www.kayiprihtim.org\/portal\/gorsel\/2013\/12\/2013-yabanci-bilimkurgu.jpg\" alt=\"2013 yabanci bilimkurgu\" width=\"467\" height=\"1398\" srcset=\"https:\/\/www.kayiprihtim.org\/portal\/gorsel\/2013\/12\/2013-yabanci-bilimkurgu.jpg 467w, https:\/\/www.kayiprihtim.org\/portal\/gorsel\/2013\/12\/2013-yabanci-bilimkurgu-100x300.jpg 100w, https:\/\/www.kayiprihtim.org\/portal\/gorsel\/2013\/12\/2013-yabanci-bilimkurgu-342x1024.jpg 342w\" sizes=\"(max-width: 467px) 100vw, 467px\" \/><\/p>\n<p>Anketimizde bulunan cevaplar harici farkl\u0131 bir se\u00e7enek i\u015faretlenmemi\u015ftir.<br \/>\n<!--nextpage--><\/p>\n<h2 style=\"text-align: center;\"><span style=\"font-family: georgia,palatino;\">Yerli Bilimkurgu<br \/>\n<\/span><\/h2>\n<table style=\"width: 560px;\" border=\"0\" align=\"center\">\n<tbody>\n<tr>\n<td style=\"text-align: center;\" rowspan=\"2\" valign=\"bottom\"><strong><span style=\"font-family: book antiqua,palatino; font-size: xx-large;\">2<\/span><\/strong><\/p>\n<p><figure style=\"width: 150px\" class=\"wp-caption aligncenter\"><a href=\"https:\/\/www.kayiprihtim.org\/portal\/kitap\/isayi-beklemek\/\"><img loading=\"lazy\" decoding=\"async\" class=\" \" src=\"https:\/\/www.kayiprihtim.org\/portal\/gorsel\/isayi-beklemek.jpg\" alt=\"\" width=\"150\" height=\"260\"><\/a><figcaption class=\"wp-caption-text\">\u0130sa&#8217;y\u0131 Beklemek<\/figcaption><\/figure><\/td>\n<td style=\"text-align: center;\" rowspan=\"2\"><span style=\"font-size: xx-large;\"><strong><span style=\"font-family: book antiqua,palatino;\">1<\/span><\/strong><\/span><\/p>\n<p><figure style=\"width: 180px\" class=\"wp-caption aligncenter\"><a href=\"https:\/\/www.kayiprihtim.org\/portal\/kitap\/ifrit-18-19\/\"><img loading=\"lazy\" decoding=\"async\" class=\" \" src=\"https:\/\/www.kayiprihtim.org\/portal\/gorsel\/ifrit-18-19.jpg\" alt=\"\" width=\"180\" height=\"290\"><\/a><figcaption class=\"wp-caption-text\">\u0130frit 18.19<\/figcaption><\/figure><\/td>\n<td style=\"text-align: center;\" rowspan=\"2\" valign=\"bottom\"><strong><span style=\"font-size: xx-large; font-family: book antiqua,palatino;\">3<\/span><\/strong><\/p>\n<p><figure style=\"width: 150px\" class=\"wp-caption aligncenter\"><a href=\"https:\/\/www.kayiprihtim.org\/portal\/kitap\/ikibinseksendort\/\"><img loading=\"lazy\" decoding=\"async\" class=\" \" src=\"https:\/\/www.kayiprihtim.org\/portal\/gorsel\/ikibinseksendort.jpg\" alt=\"\" width=\"150\" height=\"260\"><\/a><figcaption class=\"wp-caption-text\">\u0130kibinseksend\u00f6rt<\/figcaption><\/figure><\/td>\n<\/tr>\n<\/tbody>\n<\/table>\n<p style=\"text-align: center;\"><img loading=\"lazy\" decoding=\"async\" class=\"aligncenter size-full wp-image-36260\" style=\"border-width: 0px;\" src=\"https:\/\/www.kayiprihtim.org\/portal\/gorsel\/2013\/12\/2013-yerli-bilimkurgu.jpg\" alt=\"2013 yerli bilimkurgu\" width=\"467\" height=\"309\" srcset=\"https:\/\/www.kayiprihtim.org\/portal\/gorsel\/2013\/12\/2013-yerli-bilimkurgu.jpg 467w, https:\/\/www.kayiprihtim.org\/portal\/gorsel\/2013\/12\/2013-yerli-bilimkurgu-300x198.jpg 300w\" sizes=\"(max-width: 467px) 100vw, 467px\" \/><\/p>\n<p>Geriye kalan toplam <span style=\"font-size: medium;\">1 oy<\/span> anketimizde bulunmayan di\u011fer kitaplara gitmi\u015f.<br \/>\n<!--nextpage--><\/p>\n<h2 style=\"text-align: center;\"><span style=\"font-family: georgia,palatino;\">Yabanc\u0131 Korku\/Gerilim<\/span><\/h2>\n<table style=\"width: 560px;\" border=\"0\" align=\"center\">\n<tbody>\n<tr>\n<td style=\"text-align: center;\" rowspan=\"2\" valign=\"bottom\"><strong><span style=\"font-family: book antiqua,palatino; font-size: xx-large;\">2<\/span><\/strong><\/p>\n<p><figure style=\"width: 150px\" class=\"wp-caption aligncenter\"><a href=\"https:\/\/www.kayiprihtim.org\/portal\/kitap\/eglence-parki\/\"><img loading=\"lazy\" decoding=\"async\" class=\" \" src=\"https:\/\/www.kayiprihtim.org\/portal\/gorsel\/eglence-parki.jpg\" alt=\"\" width=\"150\" height=\"260\"><\/a><figcaption class=\"wp-caption-text\">E\u011flence Park\u0131<\/figcaption><\/figure><\/td>\n<td style=\"text-align: center;\" rowspan=\"2\"><span style=\"font-size: xx-large;\"><strong><span style=\"font-family: book antiqua,palatino;\">1<\/span><\/strong><\/span><\/p>\n<p><figure style=\"width: 180px\" class=\"wp-caption aligncenter\"><a href=\"https:\/\/www.kayiprihtim.org\/portal\/kitap\/doktor-uyku\/\"><img loading=\"lazy\" decoding=\"async\" class=\" \" src=\"https:\/\/www.kayiprihtim.org\/portal\/gorsel\/doktor-uyku.jpeg\" alt=\"\" width=\"180\" height=\"290\"><\/a><figcaption class=\"wp-caption-text\">Doktor Uyku<\/figcaption><\/figure><\/td>\n<td style=\"text-align: center;\" rowspan=\"2\" valign=\"bottom\"><strong><span style=\"font-size: xx-large; font-family: book antiqua,palatino;\">3<\/span><\/strong><\/p>\n<p><figure style=\"width: 150px\" class=\"wp-caption aligncenter\"><img loading=\"lazy\" decoding=\"async\" class=\" \" src=\"https:\/\/www.kayiprihtim.org\/portal\/gorsel\/2014\/01\/yuruyen-oluler-isyan.jpg\" alt=\"\" width=\"150\" height=\"260\"><figcaption class=\"wp-caption-text\">Y\u00fcr\u00fcyen \u00d6l\u00fcler: \u0130syan<\/figcaption><\/figure><\/td>\n<\/tr>\n<\/tbody>\n<\/table>\n<p style=\"text-align: center;\"><img loading=\"lazy\" decoding=\"async\" class=\"aligncenter size-full wp-image-36259\" style=\"border-width: 0px;\" src=\"https:\/\/www.kayiprihtim.org\/portal\/gorsel\/2013\/12\/2013-yabanci-korku.jpg\" alt=\"2013 yabanci korku\" width=\"467\" height=\"457\" srcset=\"https:\/\/www.kayiprihtim.org\/portal\/gorsel\/2013\/12\/2013-yabanci-korku.jpg 467w, https:\/\/www.kayiprihtim.org\/portal\/gorsel\/2013\/12\/2013-yabanci-korku-300x293.jpg 300w\" sizes=\"(max-width: 467px) 100vw, 467px\" \/><\/p>\n<p>Geriye kalan toplam <span style=\"font-size: medium;\">4 oy<\/span> anketimizde bulunmayan di\u011fer kitaplara gitmi\u015f.<br \/>\n<!--nextpage--><\/p>\n<h2 style=\"text-align: center;\"><span style=\"font-family: georgia,palatino;\">Yerli Korku\/Gerilim<br \/>\n<\/span><\/h2>\n<table style=\"width: 560px;\" border=\"0\" align=\"center\">\n<tbody>\n<tr>\n<td style=\"text-align: center;\" rowspan=\"2\" valign=\"bottom\"><strong><span style=\"font-family: book antiqua,palatino; font-size: xx-large;\">2<\/span><\/strong><\/p>\n<p><figure style=\"width: 150px\" class=\"wp-caption aligncenter\"><a href=\"https:\/\/www.kayiprihtim.org\/portal\/kitap\/illet\/\"><img loading=\"lazy\" decoding=\"async\" class=\" \" src=\"https:\/\/www.kayiprihtim.org\/portal\/gorsel\/illet.jpg\" alt=\"\" width=\"150\" height=\"260\"><\/a><figcaption class=\"wp-caption-text\">\u0130llet<\/figcaption><\/figure><\/td>\n<td style=\"text-align: center;\" rowspan=\"2\"><span style=\"font-size: xx-large;\"><strong><span style=\"font-family: book antiqua,palatino;\">1<\/span><\/strong><\/span><\/p>\n<p><figure style=\"width: 180px\" class=\"wp-caption aligncenter\"><a href=\"https:\/\/www.kayiprihtim.org\/portal\/kitap\/anadolu-korku-oykuleri-2\/\"><img loading=\"lazy\" decoding=\"async\" class=\" \" src=\"https:\/\/www.kayiprihtim.org\/portal\/gorsel\/anadolu-korku-oykuleri-2.jpg\" alt=\"\" width=\"180\" height=\"290\"><\/a><figcaption class=\"wp-caption-text\">Anadolu Korku \u00d6yk\u00fcleri \u2013 2<\/figcaption><\/figure><\/td>\n<td style=\"text-align: center;\" rowspan=\"2\" valign=\"bottom\"><strong><span style=\"font-size: xx-large; font-family: book antiqua,palatino;\">3<\/span><\/strong><\/p>\n<p><figure style=\"width: 150px\" class=\"wp-caption aligncenter\"><img loading=\"lazy\" decoding=\"async\" class=\" \" src=\"https:\/\/www.kayiprihtim.org\/portal\/gorsel\/2014\/01\/korku-kampi.jpg\" alt=\"\" width=\"150\" height=\"260\"><figcaption class=\"wp-caption-text\">Korku Kamp\u0131<\/figcaption><\/figure><\/td>\n<\/tr>\n<\/tbody>\n<\/table>\n<p style=\"text-align: center;\"><img loading=\"lazy\" decoding=\"async\" class=\"aligncenter size-full wp-image-36263\" style=\"border-width: 0px;\" src=\"https:\/\/www.kayiprihtim.org\/portal\/gorsel\/2013\/12\/2013-yerli-korku.jpg\" alt=\"2013 yerli korku\" width=\"467\" height=\"309\" srcset=\"https:\/\/www.kayiprihtim.org\/portal\/gorsel\/2013\/12\/2013-yerli-korku.jpg 467w, https:\/\/www.kayiprihtim.org\/portal\/gorsel\/2013\/12\/2013-yerli-korku-300x198.jpg 300w\" sizes=\"(max-width: 467px) 100vw, 467px\" \/><\/p>\n<p>Geriye kalan toplam <span style=\"font-size: medium;\">2 oy<\/span> anketimizde bulunmayan di\u011fer kitaplara gitmi\u015f.<\/p>\n","protected":false},"excerpt":{"rendered":"<p>Ve merakla beklenen an nihayet geldi \u00e7att\u0131! Kay\u0131p R\u0131ht\u0131m\u2019\u0131n 6. Y\u0131l \u015eenlikleri kapsam\u0131nda d\u00fczenledi\u011fimiz Okur Anketi\u2019nin sonu\u00e7lar\u0131 ge\u00e7ti\u011fimiz g\u00fcn itibariyle belli oldu ve b\u00f6ylelikle 2013\u2019\u00fcn (kendi t\u00fcrlerimizdeki) en iyi kitaplar\u0131n\u0131 sizin de\u011ferli oylar\u0131n\u0131zla belirlemi\u015f olduk! Yabanc\u0131 Fantastik, Yerli Fantastik, Yabanc\u0131 Gen\u00e7lik Fantastik, Yerli Gen\u00e7lik Fantastik, Yabanc\u0131 Bilimkurgu, Yerli Bilimkurgu, Yabanc\u0131 Korku\/Gerilim ve Yerli Korku\/Gerilim olmak [&hellip;]<\/p>\n","protected":false},"author":1,"featured_media":36263,"parent":12165,"menu_order":0,"comment_status":"open","ping_status":"closed","template":"page3.php","meta":{"_acf_changed":false,"footnotes":""},"class_list":["post-31209","page","type-page","status-publish","has-post-thumbnail"],"acf":[],"_links":{"self":[{"href":"https:\/\/www.kayiprihtim.org\/portal\/wp-json\/wp\/v2\/pages\/31209","targetHints":{"allow":["GET"]}}],"collection":[{"href":"https:\/\/www.kayiprihtim.org\/portal\/wp-json\/wp\/v2\/pages"}],"about":[{"href":"https:\/\/www.kayiprihtim.org\/portal\/wp-json\/wp\/v2\/types\/page"}],"author":[{"embeddable":true,"href":"https:\/\/www.kayiprihtim.org\/portal\/wp-json\/wp\/v2\/users\/1"}],"replies":[{"embeddable":true,"href":"https:\/\/www.kayiprihtim.org\/portal\/wp-json\/wp\/v2\/comments?post=31209"}],"version-history":[{"count":0,"href":"https:\/\/www.kayiprihtim.org\/portal\/wp-json\/wp\/v2\/pages\/31209\/revisions"}],"up":[{"embeddable":true,"href":"https:\/\/www.kayiprihtim.org\/portal\/wp-json\/wp\/v2\/pages\/12165"}],"wp:featuredmedia":[{"embeddable":true,"href":"https:\/\/www.kayiprihtim.org\/portal\/wp-json\/wp\/v2\/media\/36263"}],"wp:attachment":[{"href":"https:\/\/www.kayiprihtim.org\/portal\/wp-json\/wp\/v2\/media?parent=31209"}],"curies":[{"name":"wp","href":"https:\/\/api.w.org\/{rel}","templated":true}]}}