{"id":3133,"date":"2009-11-23T18:01:42","date_gmt":"2009-11-23T15:01:42","guid":{"rendered":"http:\/\/www.kayiprihtim.org\/portal\/?page_id=3133"},"modified":"2011-08-22T23:26:49","modified_gmt":"2011-08-22T20:26:49","slug":"karanlikta-33-yazar-korku-oykuleri-antolojisi","status":"publish","type":"page","link":"https:\/\/www.kayiprihtim.org\/portal\/kitaplar\/karanlikta-33-yazar-korku-oykuleri-antolojisi\/","title":{"rendered":"Karanl\u0131kta 33 Yazar &#8211; Korku \u00d6yk\u00fcleri Antolojisi"},"content":{"rendered":"<table style=\"border: thin outset; border-collapse: collapse; height: 30px; width: 470px;\" border=\"0\" cellpadding=\"2\">\n<tbody>\n<tr>\n<td width=\"30%\" bgcolor=\"#330000\"><span style=\"font-family: Verdana; color: #ffffff;\"><strong>KARANLIKTA 33 YAZAR &#8211; KORKU \u00d6YK\u00dcLER\u0130 ANTOLOJ\u0130S\u0130 1<br \/>\n<\/strong><\/span><\/td>\n<\/tr>\n<\/tbody>\n<\/table>\n<table style=\"border-collapse: collapse; width: 462px; height: 250px;\" border=\"0\" cellspacing=\"0\" cellpadding=\"0\" bordercolor=\"#111111\">\n<tbody>\n<tr>\n<td width=\"58%\" align=\"center\" valign=\"top\">\n<table style=\"border-collapse: collapse; width: 315px; height: 248px;\" border=\"0\" cellspacing=\"2\">\n<tbody>\n<tr>\n<td width=\"100%\" align=\"right\">\n<table style=\"width: 310px; height: 88px;\" border=\"0\" cellspacing=\"0\">\n<tbody>\n<tr bgcolor=\"#D1C4A5\">\n<td width=\"39%\"><strong>Haz\u0131rlayan<\/strong><\/td>\n<td width=\"3%\">:<\/td>\n<td width=\"51%\">S\u00f6nmez G\u00fcven<\/td>\n<\/tr>\n<tr bgcolor=\"#E4DDCB\">\n<td><strong>\u00d6ns\u00f6z<\/strong><\/td>\n<td width=\"3%\">:<\/td>\n<td width=\"51%\">S\u00f6nmez G\u00fcven<span style=\"color: #181512;\"> <\/span><\/td>\n<\/tr>\n<tr bgcolor=\"#D1C4A5\">\n<td width=\"39%\"><strong>\u00c7eviriler<\/strong><strong><br \/>\n<\/strong><\/td>\n<td width=\"3%\">:<\/td>\n<td width=\"51%\">Bar\u0131\u015f Emre Alk\u0131m, Ay\u015fe Gorbon, S\u00f6nmez G\u00fcven<\/td>\n<\/tr>\n<tr bgcolor=\"#E4DDCB\">\n<td width=\"39%\"><strong><br \/>\n<\/strong><\/td>\n<td width=\"3%\"><\/td>\n<td width=\"51%\"><\/td>\n<\/tr>\n<\/tbody>\n<\/table>\n<\/td>\n<\/tr>\n<tr>\n<td style=\"border-style: solid ridge ridge; border-width: 1px; padding-left: 4px; padding-right: 4px;\" width=\"100%\" bgcolor=\"#C0B18D\"><strong><span style=\"font-size: 9pt; font-family: Tahoma;\">\u0130thaki Yay\u0131nlar\u0131<br \/>\n<\/span><\/strong><\/td>\n<\/tr>\n<tr>\n<td width=\"100%\" align=\"right\">\n<table style=\"width: 310px; height: 88px;\" border=\"0\" cellspacing=\"0\">\n<tbody>\n<tr bgcolor=\"#D1C4A5\">\n<td width=\"39%\"><strong>\u00c7\u0131k\u0131\u015f Tarihi<\/strong><\/td>\n<td width=\"3%\">:<\/td>\n<td width=\"51%\">Ekim 2000<\/td>\n<\/tr>\n<tr bgcolor=\"#E4DDCB\">\n<td><strong>Sayfa Say\u0131s\u0131<\/strong><\/td>\n<td width=\"3%\">:<\/td>\n<td width=\"51%\">328<\/td>\n<\/tr>\n<tr bgcolor=\"#D1C4A5\">\n<td width=\"39%\"><strong>Fiyat\u0131<\/strong><\/td>\n<td width=\"3%\">:<\/td>\n<td width=\"51%\">20,00 TL<\/td>\n<\/tr>\n<tr bgcolor=\"#E4DDCB\">\n<td width=\"39%\"><strong>ISBN No<\/strong><\/td>\n<td width=\"3%\">:<\/td>\n<td width=\"51%\">9789756902769<\/td>\n<\/tr>\n<\/tbody>\n<\/table>\n<\/td>\n<\/tr>\n<\/tbody>\n<\/table>\n<\/td>\n<td width=\"39%\" align=\"left\" valign=\"top\">\n<p style=\"text-align: center;\">\n<p><a href=\"https:\/\/www.kayiprihtim.org\/portal\/gorsel\/karanlikta-33-yazar-1.jpg\" target=\"_blank\"><img decoding=\"async\" class=\"aligncenter\" src=\"https:\/\/www.kayiprihtim.org\/portal\/gorsel\/karanlikta-33-yazar-1.jpg\" border=\"0\" alt=\"\" hspace=\"1\" width=\"140\" height=\"219\"><\/a><\/td>\n<\/tr>\n<\/tbody>\n<\/table>\n<table style=\"border-collapse: collapse; width: 47%;\" border=\"0\" cellpadding=\"0\">\n<tbody>\n<tr>\n<td width=\"54%\">\n<table style=\"border-collapse: collapse; height: 147px; width: 470px;\" border=\"0\" cellspacing=\"0\" cellpadding=\"2\">\n<tbody>\n<tr>\n<td style=\"border-style: solid ridge ridge; border-width: 1px; padding-left: 4px; padding-right: 4px;\" width=\"98%\" bgcolor=\"#C0B18D\"><strong><span style=\"font-size: 9pt; font-family: Tahoma;\">Tan\u0131t\u0131m Yaz\u0131s\u0131<br \/>\n<\/span><\/strong><\/td>\n<\/tr>\n<tr>\n<td width=\"99%\" align=\"left\">\n<table style=\"width: 465px;\" border=\"0\">\n<tbody>\n<tr>\n<td style=\"border-style: outset; border-width: 1px;\" width=\"96%\" bgcolor=\"#D1C4A5\">\n<table style=\"border-collapse: collapse; width: 452px; height: 199px;\" border=\"0\" cellspacing=\"0\" cellpadding=\"5\" bgcolor=\"#D1C4A5\" bordercolor=\"#D1C4A5\">\n<tbody>\n<tr>\n<td width=\"96%\" bgcolor=\"#D1C4A5\">Bu derlemede son iki y\u00fczy\u0131l\u0131n en \u00f6nemli yazarlar\u0131ndan ve en g\u00fczel \u00f6yk\u00fclerinden \u00f6rnekler bulacaks\u0131n\u0131z. Yine de t\u00fcr\u00fcn muazzaml\u0131\u011f\u0131 kar\u015f\u0131s\u0131nda yetersiz kalaca\u011f\u0131z, \u00e7\u00fcnk\u00fc t\u00fcm \u00fclkelere ve t\u00fcm yazarlara ula\u015fabilmek \u00e7ok g\u00fc\u00e7, neredeyse olanaks\u0131z. \u00c7a\u011f\u0131n de\u011fi\u015fmesiyle birlikte insano\u011flunun korkular\u0131n\u0131n da nas\u0131l de\u011fi\u015fti\u011fini, \u00f6yk\u00fclerin \u00f6r\u00fcmcek a\u011f\u0131yla \u00f6r\u00fclm\u00fc\u015f dehlizlerle gaz \u0131\u015f\u0131\u011f\u0131yla ayd\u0131nlat\u0131lm\u0131\u015f dar sokaklardan, al\u0131\u015f\u0131k oldu\u011fumuz \u00e7a\u011fda\u015f ortama ve ya\u015fant\u0131ya do\u011fru nas\u0131l kayd\u0131\u011f\u0131n\u0131 g\u00f6receksiniz. Ama t\u00fcm \u00f6yk\u00fclerde ortak bir nokta mutlaka olacak: Charles Beaumont&#8217;un deyimiyle &#8220;i\u00e7imizdeki iblise&#8221; seslenecekler.<\/p>\n<p><strong>\u00d6yk\u00fc :<\/strong> Guy de Maupassant, David Herbert Lawrence, Ambrose Bierce, Saki, Bram Stoker, Joseph Sheridan Le Fanu, Carl Jacobi, Amelia Ann Blanford Edwards, William Wymark Jacobs, Montague Rhodes James, Algernood Blackwood<\/td>\n<\/tr>\n<\/tbody>\n<\/table>\n<\/td>\n<\/tr>\n<\/tbody>\n<\/table>\n<\/td>\n<\/tr>\n<\/tbody>\n<\/table>\n<\/td>\n<\/tr>\n<\/tbody>\n<\/table>\n<p><span style=\"color: #e4ddcb;\">&#8211;<\/span><\/p>\n<table style=\"border: thin outset; border-collapse: collapse; height: 30px; width: 470px;\" border=\"0\" cellpadding=\"2\">\n<tbody>\n<tr>\n<td width=\"30%\" bgcolor=\"#330000\"><span style=\"font-family: Verdana; color: #ffffff;\"><strong>KARANLIKTA 33 YAZAR &#8211; KORKU \u00d6YK\u00dcLER\u0130 ANTOLOJ\u0130S\u0130 2<\/strong><\/span><\/td>\n<\/tr>\n<\/tbody>\n<\/table>\n<table style=\"border-collapse: collapse; width: 462px; height: 250px;\" border=\"0\" cellspacing=\"0\" cellpadding=\"0\" bordercolor=\"#111111\">\n<tbody>\n<tr>\n<td width=\"58%\" align=\"center\" valign=\"top\">\n<table style=\"border-collapse: collapse; width: 315px; height: 248px;\" border=\"0\" cellspacing=\"2\">\n<tbody>\n<tr>\n<td width=\"100%\" align=\"right\">\n<table style=\"width: 310px; height: 88px;\" border=\"0\" cellspacing=\"0\">\n<tbody>\n<tr bgcolor=\"#D1C4A5\">\n<td width=\"39%\"><strong>Haz\u0131rlayan<\/strong><\/td>\n<td width=\"3%\">:<\/td>\n<td width=\"51%\">S\u00f6nmez G\u00fcven<\/td>\n<\/tr>\n<tr bgcolor=\"#E4DDCB\">\n<td><strong>\u00c7eviriler<\/strong><\/td>\n<td width=\"3%\">:<\/td>\n<td width=\"51%\">Bar\u0131\u015f Emre Alk\u0131m, Ay\u015fe Gorbon, S\u00f6nmez G\u00fcven<span style=\"color: #181512;\"> <\/span><\/td>\n<\/tr>\n<tr bgcolor=\"#D1C4A5\">\n<td width=\"39%\"><strong> <\/strong><\/td>\n<td width=\"3%\"><\/td>\n<td width=\"51%\"><\/td>\n<\/tr>\n<tr bgcolor=\"#E4DDCB\">\n<td width=\"39%\"><strong><br \/>\n<\/strong><\/td>\n<td width=\"3%\"><\/td>\n<td width=\"51%\"><\/td>\n<\/tr>\n<\/tbody>\n<\/table>\n<\/td>\n<\/tr>\n<tr>\n<td style=\"border-style: solid ridge ridge; border-width: 1px; padding-left: 4px; padding-right: 4px;\" width=\"100%\" bgcolor=\"#C0B18D\"><strong><span style=\"font-size: 9pt; font-family: Tahoma;\">\u0130thaki Yay\u0131nlar\u0131<\/span><\/strong><\/td>\n<\/tr>\n<tr>\n<td width=\"100%\" align=\"right\">\n<table style=\"width: 310px; height: 88px;\" border=\"0\" cellspacing=\"0\">\n<tbody>\n<tr bgcolor=\"#D1C4A5\">\n<td width=\"39%\"><strong>\u00c7\u0131k\u0131\u015f Tarihi<\/strong><\/td>\n<td width=\"3%\">:<\/td>\n<td width=\"51%\">Ocak, 2001<\/td>\n<\/tr>\n<tr bgcolor=\"#E4DDCB\">\n<td><strong>Sayfa Say\u0131s\u0131<\/strong><\/td>\n<td width=\"3%\">:<\/td>\n<td width=\"51%\">328<\/td>\n<\/tr>\n<tr bgcolor=\"#D1C4A5\">\n<td width=\"39%\"><strong>Fiyat\u0131<\/strong><\/td>\n<td width=\"3%\">:<\/td>\n<td width=\"51%\">20,00 TL<\/td>\n<\/tr>\n<tr bgcolor=\"#E4DDCB\">\n<td width=\"39%\"><strong>ISBN No<\/strong><\/td>\n<td width=\"3%\">:<\/td>\n<td width=\"51%\">9789756902813<\/td>\n<\/tr>\n<\/tbody>\n<\/table>\n<\/td>\n<\/tr>\n<\/tbody>\n<\/table>\n<\/td>\n<td width=\"39%\" align=\"left\" valign=\"top\">\n<p style=\"text-align: center;\">\n<p><a href=\"https:\/\/www.kayiprihtim.org\/portal\/gorsel\/karanlikta-33-yazar-2.jpg\" target=\"_blank\"><img decoding=\"async\" class=\"aligncenter\" src=\"https:\/\/www.kayiprihtim.org\/portal\/gorsel\/karanlikta-33-yazar-2.jpg\" border=\"0\" alt=\"\" hspace=\"1\" width=\"140\" height=\"219\"><\/a><\/td>\n<\/tr>\n<\/tbody>\n<\/table>\n<table style=\"border-collapse: collapse; width: 47%;\" border=\"0\" cellpadding=\"0\">\n<tbody>\n<tr>\n<td width=\"54%\">\n<table style=\"border-collapse: collapse; height: 147px; width: 470px;\" border=\"0\" cellspacing=\"0\" cellpadding=\"2\">\n<tbody>\n<tr>\n<td style=\"border-style: solid ridge ridge; border-width: 1px; padding-left: 4px; padding-right: 4px;\" width=\"98%\" bgcolor=\"#C0B18D\"><strong><span style=\"font-size: 9pt; font-family: Tahoma;\">Tan\u0131t\u0131m Yaz\u0131s\u0131<br \/>\n<\/span><\/strong><\/td>\n<\/tr>\n<tr>\n<td width=\"99%\" align=\"left\">\n<table style=\"width: 465px;\" border=\"0\">\n<tbody>\n<tr>\n<td style=\"border-style: outset; border-width: 1px;\" width=\"96%\" bgcolor=\"#D1C4A5\">\n<table style=\"border-collapse: collapse; width: 452px; height: 199px;\" border=\"0\" cellspacing=\"0\" cellpadding=\"5\" bgcolor=\"#D1C4A5\" bordercolor=\"#D1C4A5\">\n<tbody>\n<tr>\n<td width=\"96%\" bgcolor=\"#D1C4A5\">Ernst Theodor Amadeus Hoffmann \/ Falun Madenleri<br \/>\nEdgar Allan Poe \/ Bir Kayal\u0131k Da\u011f \u00d6yk\u00fcs\u00fc<br \/>\nArthur Machen \/ Beyaz Tozun \u00d6yk\u00fcs\u00fc<br \/>\nThomas Burke \/ Kara Avlu<br \/>\nSeabury Quinn \/ Warburg Tantavul&#8217;un \u015eakas\u0131<br \/>\nHoward Phillips Lovecraft \/ Ads\u0131z Kent ve Ulthar&#8217;\u0131n Kedileri<br \/>\nClark Ashton Smith \/ \u00d6teden Gelen Avc\u0131lar<br \/>\nManly Wade Wellmann \/ \u0130nan\u00e7 Hep S\u00fcrer<br \/>\nRobert Ervin Howard \/ Cehennem G\u00fcvercinleri<br \/>\nAugust Derleth \/ Panjurlu Ev<br \/>\nRobert Bloch \/ Yolu A\u00e7an ve Kemanc\u0131n\u0131n \u00dccreti<br \/>\n<em><strong>(Kitab\u0131n \u0130\u00e7inden)<\/strong><\/em><\/p>\n<p>Bu ciltteki 11 yazar Weird Tales dergisinin a\u011f\u0131r toplar\u0131 Lovecraft, Quinn ve Howard&#8217;\u0131n yan\u0131 s\u0131ra Poe, Machen, Bloch, Hoffmann, Burke, Smith, Wellmann ve Derleth. &#8220;Korku&#8221;nun &#8220;do\u011fa\u00fcst\u00fc&#8221;ve &#8220;tuhaf&#8221; olgularla harmanland\u0131\u011f\u0131, okurun hayal g\u00fcc\u00fcn\u00fc zorlayan bu \u00f6yk\u00fcler, antolojide yer verilen her bir yazar\u0131n sanc\u0131s\u0131n\u0131, kayg\u0131s\u0131n\u0131, nefretini, tutkusunu anlayabilmek i\u00e7in de iyi birer g\u00f6sterge.<\/p>\n<p>Karanl\u0131kta ya\u015famay\u0131 g\u00fcn \u0131\u015f\u0131\u011f\u0131na ye\u011f tutan bu b\u00fcy\u00fck ustalar\u0131n da bir kez daha ortaya koydu\u011fu gibi, teknoloji ne kadar geli\u015firse geli\u015fsin, insano\u011flu mezarl\u0131klardan ya da metruk bir evin yan\u0131ndan ge\u00e7erken \u0131sl\u0131k \u00e7almay\u0131 hep s\u00fcrd\u00fcrecek.<\/td>\n<\/tr>\n<\/tbody>\n<\/table>\n<\/td>\n<\/tr>\n<\/tbody>\n<\/table>\n<\/td>\n<\/tr>\n<\/tbody>\n<\/table>\n<\/td>\n<\/tr>\n<\/tbody>\n<\/table>\n<p><span style=\"color: #e4ddcb;\">&#8211;<\/span><\/p>\n<table style=\"border: thin outset; border-collapse: collapse; height: 30px; width: 470px;\" border=\"0\" cellpadding=\"2\">\n<tbody>\n<tr>\n<td width=\"30%\" bgcolor=\"#330000\"><span style=\"font-family: Verdana; color: #ffffff;\"><strong>KARANLIKTA 33 YAZAR &#8211; KORKU \u00d6YK\u00dcLER\u0130 ANTOLOJ\u0130S\u0130 3<\/strong><\/span><\/td>\n<\/tr>\n<\/tbody>\n<\/table>\n<table style=\"border-collapse: collapse; width: 462px; height: 250px;\" border=\"0\" cellspacing=\"0\" cellpadding=\"0\" bordercolor=\"#111111\">\n<tbody>\n<tr>\n<td width=\"58%\" align=\"center\" valign=\"top\">\n<table style=\"border-collapse: collapse; width: 315px; height: 248px;\" border=\"0\" cellspacing=\"2\">\n<tbody>\n<tr>\n<td width=\"100%\" align=\"right\">\n<table style=\"width: 310px; height: 88px;\" border=\"0\" cellspacing=\"0\">\n<tbody>\n<tr bgcolor=\"#D1C4A5\">\n<td width=\"39%\"><strong>Haz\u0131rlayan<\/strong><\/td>\n<td width=\"3%\">:<\/td>\n<td width=\"51%\">S\u00f6nmez G\u00fcven<\/td>\n<\/tr>\n<tr bgcolor=\"#E4DDCB\">\n<td><strong>\u00c7eviriler<\/strong><\/td>\n<td width=\"3%\">:<\/td>\n<td width=\"51%\"><span style=\"color: #181512;\">Bar\u0131\u015f Emre Alk\u0131m, Ay\u015fe Gorbon, S\u00f6nmez G\u00fcven<\/span><span style=\"color: #181512;\"><br \/>\n<\/span><\/td>\n<\/tr>\n<tr bgcolor=\"#D1C4A5\">\n<td width=\"39%\"><\/td>\n<td width=\"3%\"><\/td>\n<td width=\"51%\"><\/td>\n<\/tr>\n<tr bgcolor=\"#E4DDCB\">\n<td width=\"39%\"><\/td>\n<td width=\"3%\"><\/td>\n<td width=\"51%\"><\/td>\n<\/tr>\n<\/tbody>\n<\/table>\n<\/td>\n<\/tr>\n<tr>\n<td style=\"border-style: solid ridge ridge; border-width: 1px; padding-left: 4px; padding-right: 4px;\" width=\"100%\" bgcolor=\"#C0B18D\"><strong><span style=\"font-size: 9pt; font-family: Tahoma;\">\u0130thaki Yay\u0131nlar\u0131<\/span><\/strong><\/td>\n<\/tr>\n<tr>\n<td width=\"100%\" align=\"right\">\n<table style=\"width: 310px; height: 88px;\" border=\"0\" cellspacing=\"0\">\n<tbody>\n<tr bgcolor=\"#D1C4A5\">\n<td width=\"39%\"><strong>\u00c7\u0131k\u0131\u015f Tarihi<\/strong><\/td>\n<td width=\"3%\">:<\/td>\n<td width=\"51%\">Ocak, 2001<\/td>\n<\/tr>\n<tr bgcolor=\"#E4DDCB\">\n<td><strong>Sayfa Say\u0131s\u0131<\/strong><\/td>\n<td width=\"3%\">:<\/td>\n<td width=\"51%\">303<\/td>\n<\/tr>\n<tr bgcolor=\"#D1C4A5\">\n<td width=\"39%\"><strong>Fiyat\u0131<\/strong><\/td>\n<td width=\"3%\">:<\/td>\n<td width=\"51%\">20,00 TL<\/td>\n<\/tr>\n<tr bgcolor=\"#E4DDCB\">\n<td width=\"39%\"><strong>ISBN No<\/strong><\/td>\n<td width=\"3%\">:<\/td>\n<td width=\"51%\">9789756902790<\/td>\n<\/tr>\n<\/tbody>\n<\/table>\n<\/td>\n<\/tr>\n<\/tbody>\n<\/table>\n<\/td>\n<td width=\"39%\" align=\"left\" valign=\"top\">\n<p style=\"text-align: center;\">\n<p><a href=\"https:\/\/www.kayiprihtim.org\/portal\/gorsel\/karanlikta-33-yazar-3.jpg\" target=\"_blank\"><img decoding=\"async\" class=\"aligncenter\" src=\"https:\/\/www.kayiprihtim.org\/portal\/gorsel\/karanlikta-33-yazar-3.jpg\" border=\"0\" alt=\"\" hspace=\"1\" width=\"140\" height=\"219\"><\/a><\/td>\n<\/tr>\n<\/tbody>\n<\/table>\n<table style=\"border-collapse: collapse; width: 47%;\" border=\"0\" cellpadding=\"0\">\n<tbody>\n<tr>\n<td width=\"54%\">\n<table style=\"border-collapse: collapse; height: 147px; width: 470px;\" border=\"0\" cellspacing=\"0\" cellpadding=\"2\">\n<tbody>\n<tr>\n<td style=\"border-style: solid ridge ridge; border-width: 1px; padding-left: 4px; padding-right: 4px;\" width=\"98%\" bgcolor=\"#C0B18D\"><strong><span style=\"font-size: 9pt; font-family: Tahoma;\">Tan\u0131t\u0131m Yaz\u0131s\u0131<br \/>\n<\/span><\/strong><\/td>\n<\/tr>\n<tr>\n<td width=\"99%\" align=\"left\">\n<table style=\"width: 465px;\" border=\"0\">\n<tbody>\n<tr>\n<td style=\"border-style: outset; border-width: 1px;\" width=\"96%\" bgcolor=\"#D1C4A5\">\n<table style=\"border-collapse: collapse; width: 452px; height: 199px;\" border=\"0\" cellspacing=\"0\" cellpadding=\"5\" bgcolor=\"#d1c4a5\" bordercolor=\"#d1c4a5\">\n<tbody>\n<tr>\n<td width=\"96%\" bgcolor=\"#D1C4A5\">&#8211; Frank Belknap Long \/ Denizdeki \u0130kinci Gece<br \/>\n&#8211; Raymond Douglas Bradbury \/ C\u00fcce<br \/>\n&#8211; Robert Aickman \/ \u0130\u00e7erdeki Oda<br \/>\n&#8211; Richard Burton Matheson \/ B\u00fcy\u00fck S\u00fcrpriz \/ Birinci Y\u0131ld\u00f6n\u00fcm\u00fc \/ Kan O\u011flu<br \/>\n&#8211; Charles Beaumont \/ Bayan Gentilbelle \/ Toplanma Yeri<br \/>\n&#8211; Harlan Ellison \/ O K\u00fc\u00e7\u00fck Bir K\u0131z ve Annesinden Ayr\u0131lamaz \/ \u015eahmaran<br \/>\n&#8211; Ramsey Campbell \/ Gece Seans\u0131<br \/>\n&#8211; Dan Simmons \/ Stryx Irma\u011f\u0131 Ters Akar<br \/>\n&#8211; Clive Barker \/ Korku<br \/>\n&#8211; Stephen King \/ Ya\u011fmur Mevsimi<br \/>\n&#8211; David Niall Wilson \/ G\u00fcne\u015fte Bir Kum<br \/>\n<em><strong>(Kitab\u0131n \u0130\u00e7inden)<\/strong><\/em><\/td>\n<\/tr>\n<\/tbody>\n<\/table>\n<\/td>\n<\/tr>\n<\/tbody>\n<\/table>\n<\/td>\n<\/tr>\n<\/tbody>\n<\/table>\n<\/td>\n<\/tr>\n<\/tbody>\n<\/table>\n","protected":false},"excerpt":{"rendered":"<p>KARANLIKTA 33 YAZAR &#8211; KORKU \u00d6YK\u00dcLER\u0130 ANTOLOJ\u0130S\u0130 1 Haz\u0131rlayan : S\u00f6nmez G\u00fcven \u00d6ns\u00f6z : S\u00f6nmez G\u00fcven \u00c7eviriler : Bar\u0131\u015f Emre Alk\u0131m, Ay\u015fe Gorbon, S\u00f6nmez G\u00fcven \u0130thaki Yay\u0131nlar\u0131 \u00c7\u0131k\u0131\u015f Tarihi : Ekim 2000 Sayfa Say\u0131s\u0131 : 328 Fiyat\u0131 : 20,00 TL ISBN No : 9789756902769 Tan\u0131t\u0131m Yaz\u0131s\u0131 Bu derlemede son iki y\u00fczy\u0131l\u0131n en \u00f6nemli yazarlar\u0131ndan ve [&hellip;]<\/p>\n","protected":false},"author":1,"featured_media":0,"parent":57,"menu_order":0,"comment_status":"open","ping_status":"closed","template":"","meta":{"_acf_changed":false,"footnotes":""},"class_list":["post-3133","page","type-page","status-publish"],"acf":[],"_links":{"self":[{"href":"https:\/\/www.kayiprihtim.org\/portal\/wp-json\/wp\/v2\/pages\/3133","targetHints":{"allow":["GET"]}}],"collection":[{"href":"https:\/\/www.kayiprihtim.org\/portal\/wp-json\/wp\/v2\/pages"}],"about":[{"href":"https:\/\/www.kayiprihtim.org\/portal\/wp-json\/wp\/v2\/types\/page"}],"author":[{"embeddable":true,"href":"https:\/\/www.kayiprihtim.org\/portal\/wp-json\/wp\/v2\/users\/1"}],"replies":[{"embeddable":true,"href":"https:\/\/www.kayiprihtim.org\/portal\/wp-json\/wp\/v2\/comments?post=3133"}],"version-history":[{"count":0,"href":"https:\/\/www.kayiprihtim.org\/portal\/wp-json\/wp\/v2\/pages\/3133\/revisions"}],"up":[{"embeddable":true,"href":"https:\/\/www.kayiprihtim.org\/portal\/wp-json\/wp\/v2\/pages\/57"}],"wp:attachment":[{"href":"https:\/\/www.kayiprihtim.org\/portal\/wp-json\/wp\/v2\/media?parent=3133"}],"curies":[{"name":"wp","href":"https:\/\/api.w.org\/{rel}","templated":true}]}}