{"id":3173,"date":"2009-12-10T12:59:53","date_gmt":"2009-12-10T10:59:53","guid":{"rendered":"http:\/\/www.kayiprihtim.org\/portal\/?page_id=3173"},"modified":"2012-01-31T10:33:43","modified_gmt":"2012-01-31T08:33:43","slug":"gercek-kayip-sembol","status":"publish","type":"page","link":"https:\/\/www.kayiprihtim.org\/portal\/kitaplar\/gercek-kayip-sembol\/","title":{"rendered":"Ger\u00e7ek Kay\u0131p Sembol"},"content":{"rendered":"<table style=\"border: thin outset; border-collapse: collapse; height: 30px; width: 470px;\" border=\"0\" cellpadding=\"2\">\n<tbody>\n<tr>\n<td width=\"30%\" bgcolor=\"#330000\"><span style=\"font-family: Verdana; color: #ffffff;\"><strong>GER\u00c7EK KAYIP SEMBOL<br \/>\n<\/strong><\/span><\/td>\n<\/tr>\n<\/tbody>\n<\/table>\n<table style=\"border-collapse: collapse; width: 462px; height: 250px;\" border=\"0\" cellspacing=\"0\" cellpadding=\"0\" bordercolor=\"#111111\">\n<tbody>\n<tr>\n<td width=\"58%\" align=\"center\" valign=\"top\">\n<table style=\"border-collapse: collapse; width: 315px; height: 248px;\" border=\"0\" cellspacing=\"2\">\n<tbody>\n<tr>\n<td width=\"100%\" align=\"right\">\n<table style=\"width: 310px; height: 88px;\" border=\"0\" cellspacing=\"0\">\n<tbody>\n<tr bgcolor=\"#D1C4A5\">\n<td width=\"39%\"><strong>Yazar<\/strong><\/td>\n<td width=\"3%\">:<\/td>\n<td width=\"51%\"><span style=\"color: #181512;\">Mustafa Karnas<\/span><span style=\"color: #181512;\"><br \/>\n<\/span><\/td>\n<\/tr>\n<tr bgcolor=\"#E4DDCB\">\n<td><strong>Kapak Tasar\u0131m\u0131<\/strong><\/td>\n<td width=\"3%\">:<\/td>\n<td width=\"51%\">Mehmet Emre \u00c7elik<\/td>\n<\/tr>\n<tr bgcolor=\"#D1C4A5\">\n<td width=\"39%\"><strong>Edit\u00f6r<\/strong><strong><br \/>\n<\/strong><\/td>\n<td width=\"3%\">:<\/td>\n<td width=\"51%\">H\u00fcseyin Movit<\/td>\n<\/tr>\n<tr bgcolor=\"#E4DDCB\">\n<td width=\"39%\"><strong>Seri<\/strong><\/td>\n<td width=\"3%\">:<\/td>\n<td width=\"51%\">Hz. S\u00fcleyman&#8217;\u0131n Anahtar\u0131<\/td>\n<\/tr>\n<\/tbody>\n<\/table>\n<\/td>\n<\/tr>\n<tr>\n<td style=\"border-style: solid ridge ridge; border-width: 1px; padding-left: 4px; padding-right: 4px;\" width=\"100%\" bgcolor=\"#C0B18D\"><strong><span style=\"font-size: 9pt; font-family: Tahoma;\">Truva Yay\u0131nlar\u0131<br \/>\n<\/span><\/strong><\/td>\n<\/tr>\n<tr>\n<td width=\"100%\" align=\"right\">\n<table style=\"width: 310px; height: 88px;\" border=\"0\" cellspacing=\"0\">\n<tbody>\n<tr bgcolor=\"#D1C4A5\">\n<td width=\"39%\"><strong>\u00c7\u0131k\u0131\u015f Tarihi<\/strong><strong><br \/>\n<\/strong><\/td>\n<td width=\"3%\">:<\/td>\n<td width=\"51%\"><span style=\"color: #181512;\">Aral\u0131k, 2009<\/span><span style=\"color: #181512;\"><br \/>\n<\/span><\/td>\n<\/tr>\n<tr bgcolor=\"#E4DDCB\">\n<td><strong>Sayfa Say\u0131s\u0131<\/strong><\/td>\n<td width=\"3%\">:<\/td>\n<td width=\"51%\">240<\/td>\n<\/tr>\n<tr bgcolor=\"#D1C4A5\">\n<td width=\"39%\"><strong>Fiyat\u0131<\/strong><\/td>\n<td width=\"3%\">:<\/td>\n<td width=\"51%\">13,50 TL<\/td>\n<\/tr>\n<tr bgcolor=\"#E4DDCB\">\n<td width=\"39%\"><strong>ISBN No<\/strong><\/td>\n<td width=\"3%\">:<\/td>\n<td width=\"51%\">9789944975247<\/td>\n<\/tr>\n<\/tbody>\n<\/table>\n<\/td>\n<\/tr>\n<\/tbody>\n<\/table>\n<\/td>\n<td width=\"39%\" align=\"left\" valign=\"top\">\n<p style=\"text-align: center;\">\n<p><a href=\"https:\/\/www.kayiprihtim.org\/portal\/gorsel\/kayip-sembol.jpg\" target=\"_blank\"><img decoding=\"async\" src=\"https:\/\/www.kayiprihtim.org\/portal\/gorsel\/kayip-sembol.jpg\" border=\"0\" alt=\"\" hspace=\"1\" width=\"140\" height=\"219\" class=\"aligncenter\"><\/a><\/td>\n<\/tr>\n<\/tbody>\n<\/table>\n<table style=\"border-collapse: collapse; width: 47%;\" border=\"0\" cellpadding=\"0\">\n<tbody>\n<tr>\n<td width=\"54%\">\n<table style=\"border-collapse: collapse; height: 147px; width: 470px;\" border=\"0\" cellspacing=\"0\" cellpadding=\"2\">\n<tbody>\n<tr>\n<td style=\"border-style: solid ridge ridge; border-width: 1px; padding-left: 4px; padding-right: 4px;\" width=\"98%\" bgcolor=\"#C0B18D\"><strong><span style=\"font-size: 9pt; font-family: Tahoma;\">Tan\u0131t\u0131m Yaz\u0131s\u0131<br \/>\n<\/span><\/strong><\/td>\n<\/tr>\n<tr>\n<td width=\"99%\" align=\"left\">\n<table style=\"width: 465px;\" border=\"0\">\n<tbody>\n<tr>\n<td style=\"border-style: outset; border-width: 1px;\" width=\"96%\" bgcolor=\"#D1C4A5\">\n<table style=\"border-collapse: collapse; width: 452px; height: 199px;\" border=\"0\" cellspacing=\"0\" cellpadding=\"5\" bgcolor=\"#D1C4A5\" bordercolor=\"#D1C4A5\">\n<tbody>\n<tr>\n<td width=\"96%\" bgcolor=\"#D1C4A5\">Bir kehanet var, k\u0131yamet g\u00fcn\u00fc yak\u0131n&#8230; Sahte tanr\u0131 kaybetti\u011fi g\u00fcc\u00fcn\u00fc tekrar kazanmak i\u00e7in b\u00fcy\u00fck bir ayin t\u00f6reni planl\u0131yor&#8230; Yer Sultanahmet Meydan\u0131, Dikilita\u015f&#8230;<\/p>\n<p>\u00c7arm\u0131hta gerilen ger\u00e7ekte kim? \u0130sa Peygamber mi? Yoksa \u015feytan\u0131n b\u00fcy\u00fcc\u00fcs\u00fc Tyanal\u0131 Apollonius mu?<\/p>\n<p>Gizli ve karanl\u0131k g\u00fc\u00e7ler onu yeniden diriltmek i\u00e7in \u00c7emberlita\u015f&#8217;\u0131n alt\u0131ndaki gizli bir odada saklanan \u00e7arm\u0131h \u00e7ivilerini \u00e7al\u0131yor. &#8220;Hz. S\u00fcleyman&#8217;\u0131n Anahtar\u0131&#8221; kitab\u0131ndaki t\u0131ls\u0131mlar\u0131n ve b\u00fcy\u00fclerin s\u0131rr\u0131n\u0131 \u00e7\u00f6zen karanl\u0131k g\u00fc\u00e7ler tarihin en b\u00fcy\u00fck operasyonunu ger\u00e7ekle\u015ftirmek i\u00e7in Sultanahmet Meydan\u0131&#8217;na geliyor.<\/p>\n<p>Onlar\u0131 durdurma g\u00fcc\u00fcne sahip tek bir adam var, Maestro&#8230; \u0130stanbul&#8217;un gizemli Bizans yeralt\u0131 dehlizlerinde ge\u00e7en t\u00fcyler \u00fcrpertici bir gerilim ba\u015fl\u0131yor. Bin y\u0131l \u00f6nceki kehaneti ger\u00e7ekle\u015ftirmek isteyenleri durdurmak isteyen Maestro g\u00f6rev ba\u015f\u0131nda.<\/p>\n<p>Ger\u00e7ek \u0130sa Peygamber kim? Maestro kim?<\/td>\n<\/tr>\n<\/tbody>\n<\/table>\n<\/td>\n<\/tr>\n<\/tbody>\n<\/table>\n<\/td>\n<\/tr>\n<\/tbody>\n<\/table>\n<\/td>\n<\/tr>\n<\/tbody>\n<\/table>\n","protected":false},"excerpt":{"rendered":"<p>GER\u00c7EK KAYIP SEMBOL Yazar : Mustafa Karnas Kapak Tasar\u0131m\u0131 : Mehmet Emre \u00c7elik Edit\u00f6r : H\u00fcseyin Movit Seri : Hz. S\u00fcleyman&#8217;\u0131n Anahtar\u0131 Truva Yay\u0131nlar\u0131 \u00c7\u0131k\u0131\u015f Tarihi : Aral\u0131k, 2009 Sayfa Say\u0131s\u0131 : 240 Fiyat\u0131 : 13,50 TL ISBN No : 9789944975247 Tan\u0131t\u0131m Yaz\u0131s\u0131 Bir kehanet var, k\u0131yamet g\u00fcn\u00fc yak\u0131n&#8230; Sahte tanr\u0131 kaybetti\u011fi g\u00fcc\u00fcn\u00fc tekrar kazanmak [&hellip;]<\/p>\n","protected":false},"author":1,"featured_media":0,"parent":57,"menu_order":0,"comment_status":"open","ping_status":"closed","template":"","meta":{"_acf_changed":false,"footnotes":""},"class_list":["post-3173","page","type-page","status-publish"],"acf":[],"_links":{"self":[{"href":"https:\/\/www.kayiprihtim.org\/portal\/wp-json\/wp\/v2\/pages\/3173","targetHints":{"allow":["GET"]}}],"collection":[{"href":"https:\/\/www.kayiprihtim.org\/portal\/wp-json\/wp\/v2\/pages"}],"about":[{"href":"https:\/\/www.kayiprihtim.org\/portal\/wp-json\/wp\/v2\/types\/page"}],"author":[{"embeddable":true,"href":"https:\/\/www.kayiprihtim.org\/portal\/wp-json\/wp\/v2\/users\/1"}],"replies":[{"embeddable":true,"href":"https:\/\/www.kayiprihtim.org\/portal\/wp-json\/wp\/v2\/comments?post=3173"}],"version-history":[{"count":0,"href":"https:\/\/www.kayiprihtim.org\/portal\/wp-json\/wp\/v2\/pages\/3173\/revisions"}],"up":[{"embeddable":true,"href":"https:\/\/www.kayiprihtim.org\/portal\/wp-json\/wp\/v2\/pages\/57"}],"wp:attachment":[{"href":"https:\/\/www.kayiprihtim.org\/portal\/wp-json\/wp\/v2\/media?parent=3173"}],"curies":[{"name":"wp","href":"https:\/\/api.w.org\/{rel}","templated":true}]}}