{"id":3179,"date":"2009-12-11T11:27:11","date_gmt":"2009-12-11T09:27:11","guid":{"rendered":"http:\/\/www.kayiprihtim.org\/portal\/?page_id=3179"},"modified":"2012-01-31T10:34:04","modified_gmt":"2012-01-31T08:34:04","slug":"vahsi-geceler","status":"publish","type":"page","link":"https:\/\/www.kayiprihtim.org\/portal\/kitaplar\/vahsi-geceler\/","title":{"rendered":"Vah\u015fi Geceler"},"content":{"rendered":"<table style=\"border: thin outset; border-collapse: collapse; height: 30px; width: 470px;\" border=\"0\" cellpadding=\"2\">\n<tbody>\n<tr>\n<td width=\"30%\" bgcolor=\"#330000\"><span style=\"font-family: Verdana; color: #ffffff;\"><strong>VAH\u015e\u0130 GECELER<br \/>\n<\/strong><\/span><\/td>\n<\/tr>\n<\/tbody>\n<\/table>\n<table style=\"border-collapse: collapse; width: 462px; height: 250px;\" border=\"0\" cellspacing=\"0\" cellpadding=\"0\" bordercolor=\"#111111\">\n<tbody>\n<tr>\n<td width=\"58%\" align=\"center\" valign=\"top\">\n<table style=\"border-collapse: collapse; width: 315px; height: 248px;\" border=\"0\" cellspacing=\"2\">\n<tbody>\n<tr>\n<td width=\"100%\" align=\"right\">\n<table style=\"width: 310px; height: 88px;\" border=\"0\" cellspacing=\"0\">\n<tbody>\n<tr bgcolor=\"#D1C4A5\">\n<td width=\"39%\"><strong>Yazar<\/strong><\/td>\n<td width=\"3%\">:<\/td>\n<td width=\"51%\"><span style=\"color: #181512;\">Joyce Carol Oates<\/span><span style=\"color: #181512;\"><br \/>\n<\/span><\/td>\n<\/tr>\n<tr bgcolor=\"#E4DDCB\">\n<td><strong>\u00d6zg\u00fcn Ad\u0131<\/strong><\/td>\n<td width=\"3%\">:<\/td>\n<td width=\"51%\">Wild Nights!<\/td>\n<\/tr>\n<tr bgcolor=\"#D1C4A5\">\n<td width=\"39%\"><strong>Kapak<\/strong><strong><br \/>\n<\/strong><\/td>\n<td width=\"3%\">:<\/td>\n<td width=\"51%\">Utku Lomlu<\/td>\n<\/tr>\n<tr bgcolor=\"#E4DDCB\">\n<td width=\"39%\"><strong>Yay\u0131n Y\u00f6netmeni<\/strong><\/td>\n<td width=\"3%\">:<\/td>\n<td width=\"51%\">S\u0131rma K\u00f6ksal<\/td>\n<\/tr>\n<\/tbody>\n<\/table>\n<\/td>\n<\/tr>\n<tr>\n<td style=\"border-style: solid ridge ridge; border-width: 1px; padding-left: 4px; padding-right: 4px;\" width=\"100%\" bgcolor=\"#C0B18D\"><strong><span style=\"font-size: 9pt; font-family: Tahoma;\">Everest Yay\u0131nlar\u0131<br \/>\n<\/span><\/strong><\/td>\n<\/tr>\n<tr>\n<td width=\"100%\" align=\"right\">\n<table style=\"width: 310px; height: 88px;\" border=\"0\" cellspacing=\"0\">\n<tbody>\n<tr bgcolor=\"#D1C4A5\">\n<td width=\"39%\"><strong>\u00c7\u0131k\u0131\u015f Tarihi<\/strong><strong><br \/>\n<\/strong><\/td>\n<td width=\"3%\">:<\/td>\n<td width=\"51%\"><span style=\"color: #181512;\">Aral\u0131k, 2009<\/span><span style=\"color: #181512;\"><br \/>\n<\/span><\/td>\n<\/tr>\n<tr bgcolor=\"#E4DDCB\">\n<td><strong>Sayfa Say\u0131s\u0131<\/strong><\/td>\n<td width=\"3%\">:<\/td>\n<td width=\"51%\">220<\/td>\n<\/tr>\n<tr bgcolor=\"#D1C4A5\">\n<td width=\"39%\"><strong>Fiyat\u0131<\/strong><\/td>\n<td width=\"3%\">:<\/td>\n<td width=\"51%\">14,00 TL<\/td>\n<\/tr>\n<tr bgcolor=\"#E4DDCB\">\n<td width=\"39%\"><strong>ISBN No<\/strong><\/td>\n<td width=\"3%\">:<\/td>\n<td width=\"51%\">9789752896581<\/td>\n<\/tr>\n<\/tbody>\n<\/table>\n<\/td>\n<\/tr>\n<\/tbody>\n<\/table>\n<\/td>\n<td width=\"39%\" align=\"left\" valign=\"top\">\n<p style=\"text-align: center;\">\n<p><a href=\"https:\/\/www.kayiprihtim.org\/portal\/gorsel\/vahsi-geceler.jpg\" target=\"_blank\"><img decoding=\"async\" src=\"https:\/\/www.kayiprihtim.org\/portal\/gorsel\/vahsi-geceler.jpg\" border=\"0\" alt=\"\" hspace=\"1\" width=\"140\" height=\"219\" class=\"aligncenter\"><\/a><\/td>\n<\/tr>\n<\/tbody>\n<\/table>\n<table style=\"border-collapse: collapse; width: 47%;\" border=\"0\" cellpadding=\"0\">\n<tbody>\n<tr>\n<td width=\"54%\">\n<table style=\"border-collapse: collapse; height: 147px; width: 470px;\" border=\"0\" cellspacing=\"0\" cellpadding=\"2\">\n<tbody>\n<tr>\n<td style=\"border-style: solid ridge ridge; border-width: 1px; padding-left: 4px; padding-right: 4px;\" width=\"98%\" bgcolor=\"#C0B18D\"><strong><span style=\"font-size: 9pt; font-family: Tahoma;\">Tan\u0131t\u0131m Yaz\u0131s\u0131<br \/>\n<\/span><\/strong><\/td>\n<\/tr>\n<tr>\n<td width=\"99%\" align=\"left\">\n<table style=\"width: 465px;\" border=\"0\">\n<tbody>\n<tr>\n<td style=\"border-style: outset; border-width: 1px;\" width=\"96%\" bgcolor=\"#D1C4A5\">\n<table style=\"border-collapse: collapse; width: 452px; height: 199px;\" border=\"0\" cellspacing=\"0\" cellpadding=\"5\" bgcolor=\"#D1C4A5\" bordercolor=\"#D1C4A5\">\n<tbody>\n<tr>\n<td width=\"96%\" bgcolor=\"#D1C4A5\">E\u011flenceli ancak bir o kadar da trajik olan bu kitapta Joyce Carol Oates efsanevi Amerikan yazarlar\u0131n\u0131n son g\u00fcnlerini hayal ediyor.<\/p>\n<p>\u00d6yle ki Edgar Allan Poe, \u00e7al\u0131\u015ft\u0131\u011f\u0131 deniz fenerinde ortaya \u00e7\u0131kan tuhaf yarat\u0131klar\u0131n kar\u015f\u0131s\u0131nda deliriyor. Emily Dickinson, New York&#8217;lu bir \u00e7ift taraf\u0131ndan sat\u0131n al\u0131nan bir robota d\u00f6n\u00fc\u015f\u00fcyor. Mark Twain, kendisine \u00f6len k\u0131z\u0131n\u0131 hat\u0131rlatan &#8220;maymunbal\u0131klar\u0131&#8221; haricinde kimseden ho\u015flanmayan huysuz bir ihtiyar oluyor. Henry James, g\u00f6nl\u00fcn\u00fc kapt\u0131rd\u0131\u011f\u0131 yaral\u0131 askerlerin bulundu\u011fu bir hastanede g\u00f6n\u00fcll\u00fc olarak \u00e7al\u0131\u015f\u0131yor. Ernest Hemingway ise depresif ve paranoyak bir hava i\u00e7erisinde intihar giri\u015fimlerini s\u00fcrd\u00fcr\u00fcyor.<\/p>\n<p>Oates bu komik hik\u00e2yelerde yaratma arzusu ve ya\u015fl\u0131l\u0131k aras\u0131ndaki karma\u015f\u0131k, gergin ili\u015fkiyi be\u015f b\u00fcy\u00fck yazar\u0131n a\u011fz\u0131ndan anlatmay\u0131 ba\u015far\u0131yor. Vah\u015fi Geceler, yazarlar\u0131n d\u00fcnyas\u0131na bir ba\u015fka yazar\u0131n e\u015fli\u011finde ho\u015f bir yolculuk.<\/td>\n<\/tr>\n<\/tbody>\n<\/table>\n<\/td>\n<\/tr>\n<\/tbody>\n<\/table>\n<\/td>\n<\/tr>\n<\/tbody>\n<\/table>\n<\/td>\n<\/tr>\n<\/tbody>\n<\/table>\n","protected":false},"excerpt":{"rendered":"<p>VAH\u015e\u0130 GECELER Yazar : Joyce Carol Oates \u00d6zg\u00fcn Ad\u0131 : Wild Nights! Kapak : Utku Lomlu Yay\u0131n Y\u00f6netmeni : S\u0131rma K\u00f6ksal Everest Yay\u0131nlar\u0131 \u00c7\u0131k\u0131\u015f Tarihi : Aral\u0131k, 2009 Sayfa Say\u0131s\u0131 : 220 Fiyat\u0131 : 14,00 TL ISBN No : 9789752896581 Tan\u0131t\u0131m Yaz\u0131s\u0131 E\u011flenceli ancak bir o kadar da trajik olan bu kitapta Joyce Carol Oates [&hellip;]<\/p>\n","protected":false},"author":1,"featured_media":0,"parent":57,"menu_order":0,"comment_status":"open","ping_status":"closed","template":"","meta":{"_acf_changed":false,"footnotes":""},"class_list":["post-3179","page","type-page","status-publish"],"acf":[],"_links":{"self":[{"href":"https:\/\/www.kayiprihtim.org\/portal\/wp-json\/wp\/v2\/pages\/3179","targetHints":{"allow":["GET"]}}],"collection":[{"href":"https:\/\/www.kayiprihtim.org\/portal\/wp-json\/wp\/v2\/pages"}],"about":[{"href":"https:\/\/www.kayiprihtim.org\/portal\/wp-json\/wp\/v2\/types\/page"}],"author":[{"embeddable":true,"href":"https:\/\/www.kayiprihtim.org\/portal\/wp-json\/wp\/v2\/users\/1"}],"replies":[{"embeddable":true,"href":"https:\/\/www.kayiprihtim.org\/portal\/wp-json\/wp\/v2\/comments?post=3179"}],"version-history":[{"count":0,"href":"https:\/\/www.kayiprihtim.org\/portal\/wp-json\/wp\/v2\/pages\/3179\/revisions"}],"up":[{"embeddable":true,"href":"https:\/\/www.kayiprihtim.org\/portal\/wp-json\/wp\/v2\/pages\/57"}],"wp:attachment":[{"href":"https:\/\/www.kayiprihtim.org\/portal\/wp-json\/wp\/v2\/media?parent=3179"}],"curies":[{"name":"wp","href":"https:\/\/api.w.org\/{rel}","templated":true}]}}