{"id":3196,"date":"2009-12-15T10:33:45","date_gmt":"2009-12-15T07:33:45","guid":{"rendered":"http:\/\/www.kayiprihtim.org\/portal\/?page_id=3196"},"modified":"2016-05-26T05:57:07","modified_gmt":"2016-05-26T02:57:07","slug":"dogruluk-kilici-dizisi","status":"publish","type":"page","link":"https:\/\/www.kayiprihtim.org\/portal\/kitaplar\/dogruluk-kilici-dizisi\/","title":{"rendered":"Do\u011fruluk K\u0131l\u0131c\u0131 Dizisi"},"content":{"rendered":"<h3>Seride Bulunan Kitaplar<\/h3>\n<ol>\n<li>B\u00fcy\u00fcc\u00fcn\u00fcn \u0130lk Kural\u0131<\/li>\n<\/ol>\n","protected":false},"excerpt":{"rendered":"<p>Seride Bulunan Kitaplar B\u00fcy\u00fcc\u00fcn\u00fcn \u0130lk Kural\u0131<\/p>\n","protected":false},"author":1,"featured_media":0,"parent":57,"menu_order":0,"comment_status":"open","ping_status":"closed","template":"","meta":{"_acf_changed":false,"footnotes":""},"class_list":["post-3196","page","type-page","status-publish"],"acf":[],"_links":{"self":[{"href":"https:\/\/www.kayiprihtim.org\/portal\/wp-json\/wp\/v2\/pages\/3196","targetHints":{"allow":["GET"]}}],"collection":[{"href":"https:\/\/www.kayiprihtim.org\/portal\/wp-json\/wp\/v2\/pages"}],"about":[{"href":"https:\/\/www.kayiprihtim.org\/portal\/wp-json\/wp\/v2\/types\/page"}],"author":[{"embeddable":true,"href":"https:\/\/www.kayiprihtim.org\/portal\/wp-json\/wp\/v2\/users\/1"}],"replies":[{"embeddable":true,"href":"https:\/\/www.kayiprihtim.org\/portal\/wp-json\/wp\/v2\/comments?post=3196"}],"version-history":[{"count":0,"href":"https:\/\/www.kayiprihtim.org\/portal\/wp-json\/wp\/v2\/pages\/3196\/revisions"}],"up":[{"embeddable":true,"href":"https:\/\/www.kayiprihtim.org\/portal\/wp-json\/wp\/v2\/pages\/57"}],"wp:attachment":[{"href":"https:\/\/www.kayiprihtim.org\/portal\/wp-json\/wp\/v2\/media?parent=3196"}],"curies":[{"name":"wp","href":"https:\/\/api.w.org\/{rel}","templated":true}]}}