{"id":3231,"date":"2009-12-23T09:59:02","date_gmt":"2009-12-23T06:59:02","guid":{"rendered":"http:\/\/www.kayiprihtim.org\/portal\/?page_id=3231"},"modified":"2016-05-26T06:03:47","modified_gmt":"2016-05-26T03:03:47","slug":"gunebakan-uclemesi","status":"publish","type":"page","link":"https:\/\/www.kayiprihtim.org\/portal\/kitaplar\/gunebakan-uclemesi\/","title":{"rendered":"G\u00fcnebakan \u00dc\u00e7lemesi"},"content":{"rendered":"<p>G\u00fcl\u015fah Elikbank&#8217;\u0131n kaleme ald\u0131\u011f\u0131 toplamda \u00fc\u00e7 kitaptan olu\u015fan fantastik seri.<\/p>\n<h3>Seride Bulunan Kitaplar<\/h3>\n<ol>\n<li>Siyah Nefes<\/li>\n<li>Mavi Da\u011f<\/li>\n<li>K\u0131z\u0131l \u00d6l\u00fcm<\/li>\n<\/ol>\n","protected":false},"excerpt":{"rendered":"<p>G\u00fcl\u015fah Elikbank&#8217;\u0131n kaleme ald\u0131\u011f\u0131 toplamda \u00fc\u00e7 kitaptan olu\u015fan fantastik seri. Seride Bulunan Kitaplar Siyah Nefes Mavi Da\u011f K\u0131z\u0131l \u00d6l\u00fcm<\/p>\n","protected":false},"author":1,"featured_media":0,"parent":57,"menu_order":0,"comment_status":"open","ping_status":"closed","template":"","meta":{"_acf_changed":false,"footnotes":""},"class_list":["post-3231","page","type-page","status-publish"],"acf":[],"_links":{"self":[{"href":"https:\/\/www.kayiprihtim.org\/portal\/wp-json\/wp\/v2\/pages\/3231","targetHints":{"allow":["GET"]}}],"collection":[{"href":"https:\/\/www.kayiprihtim.org\/portal\/wp-json\/wp\/v2\/pages"}],"about":[{"href":"https:\/\/www.kayiprihtim.org\/portal\/wp-json\/wp\/v2\/types\/page"}],"author":[{"embeddable":true,"href":"https:\/\/www.kayiprihtim.org\/portal\/wp-json\/wp\/v2\/users\/1"}],"replies":[{"embeddable":true,"href":"https:\/\/www.kayiprihtim.org\/portal\/wp-json\/wp\/v2\/comments?post=3231"}],"version-history":[{"count":0,"href":"https:\/\/www.kayiprihtim.org\/portal\/wp-json\/wp\/v2\/pages\/3231\/revisions"}],"up":[{"embeddable":true,"href":"https:\/\/www.kayiprihtim.org\/portal\/wp-json\/wp\/v2\/pages\/57"}],"wp:attachment":[{"href":"https:\/\/www.kayiprihtim.org\/portal\/wp-json\/wp\/v2\/media?parent=3231"}],"curies":[{"name":"wp","href":"https:\/\/api.w.org\/{rel}","templated":true}]}}