{"id":3284,"date":"2010-01-06T22:20:31","date_gmt":"2010-01-06T20:20:31","guid":{"rendered":"http:\/\/www.kayiprihtim.org\/portal\/?page_id=3284"},"modified":"2012-01-31T10:34:41","modified_gmt":"2012-01-31T08:34:41","slug":"sinemada-bilim-kurgu","status":"publish","type":"page","link":"https:\/\/www.kayiprihtim.org\/portal\/sinemada-bilim-kurgu\/","title":{"rendered":"Sinemada Bilim-Kurgu 2009"},"content":{"rendered":"<p style=\"text-align: center;\"><img decoding=\"async\" class=\"aligncenter\" src=\"https:\/\/www.kayiprihtim.org\/portal\/gorsel\/FFRFR.jpg\" alt=\"\"><\/p>\n<p><em>Uzay kovboylar\u0131na selamlar,<\/em><\/p>\n<p style=\"text-indent: 0.4cm; text-align: justify;\">2009 y\u0131l\u0131 son d\u00f6nem bilimkurgu sinemas\u0131 i\u00e7in \u00e7ok \u00f6nemli bir sene oldu. Bunun sebebi de bol aksiyon, bol para, bol efekt, bo\u015f hikaye, bo\u015f oyuncular temal\u0131 filmlerden kurtulup ger\u00e7ek bir bilimkurgu senesi ya\u015fam\u0131\u015f olmam\u0131z. Belki de en b\u00fcy\u00fck sebep, District 9 ve Moon gibi iki \u015faheserin g\u00f6z\u00fcm\u00fcz\u00fcn \u00f6n\u00fcnde olmas\u0131. Bu iki film bilimkurgunun temellerini yeniden g\u00f6zler \u00f6n\u00fcne seriyor. Ger\u00e7ekten \u00e7ok sa\u011flam hikaye ve \u00e7ekimlerle. \u00c7ok iyi ve sade oyunculuklarla izleyicileri b\u00fcy\u00fcl\u00fcyor.<\/p>\n<p style=\"text-indent: 0.4cm; text-align: justify;\">Sene bize Watchmen gibi muhte\u015fem bir hikayenin sinema uyarlamas\u0131n\u0131 getirdi. Pandorum gibi Alien tarz\u0131 hikayelerin yeni bir \u00fcr\u00fcn\u00fcn\u00fc g\u00f6sterdi. Suretler ile sorgulama d\u00fcnyam\u0131za tekrar giri\u015f yapt\u0131. Star Trek\u2019i bizlere sunarak eskicileri pek bir sevindirdi. 9 animasyonuyla uzun s\u00fcredir yoksun kald\u0131\u011f\u0131m\u0131z \u00f6zg\u00fcn atmosferi bizlere tatt\u0131rd\u0131. Yine de g\u00f6rmek istemedi\u011fimiz \u015feyler de yok de\u011fildi. 2012 mesela benim kesinlikle g\u00f6rmek istemedi\u011fim bir \u015feydi. Yeter art\u0131k Roland l\u00fctfen b\u0131rak pe\u015fimizi, sen k\u0131yametten ko\u015farak ka\u00e7\u0131yorsun biz senden ka\u00e7am\u0131yoruz yahu! S. Darko da \u00f6yle. Donnie Darko\u2019ya devam filmi yapmak da ne demek! Hay akl\u0131n\u0131za\u2026<\/p>\n<p style=\"text-indent: 0.4cm; text-align: justify;\">Push, Knowing, G.I. Joe Rise of Cobra, Transformers 2 gibi aksiyon y\u00fck\u00fc filmler de vard\u0131. Terminator: Salvation, X-Men Origins: Wolverine gibileri de. Bunlar merakl\u0131 filmleri oldu\u011fu i\u00e7in incelemeye gitmedim. Transformers\u2019\u0131 be\u011fenmem. Terminator ve X-Men de hayran oldu\u011fum seriler de\u011fildir. Daha \u00e7ok, yenilik\u00e7i ve \u00f6zg\u00fcn filmleri incelemeye ald\u0131m. A\u00e7\u0131k\u00e7as\u0131 izleyemedi\u011fim i\u00e7in pi\u015fman oldu\u011fum bir \u00e7ok film de kald\u0131. \u00d6rne\u011fin Richard Kelly\u2019nin The Box bunlardan birisi. Yeti\u015ftirebilirsem ekleyece\u011fim.<\/p>\n<p style=\"text-indent: 0.4cm; text-align: justify;\">Bilim kurgu, kurgunun asl\u0131d\u0131r. Sineman\u0131n y\u00fckseli\u015fidir. Ve i\u015fte sizler i\u00e7in haz\u0131rlad\u0131\u011f\u0131m\u0131z 2009 bilimkurgu filmlerinin ayr\u0131nt\u0131l\u0131 incelemeleri ve puanlamas\u0131:<\/p>\n<p><strong>\u0130ncelemeler<\/strong><\/p>\n<ul>\n<li><a title=\"District 9\" href=\"https:\/\/www.kayiprihtim.org\/portal\/district-9\/\">District 9 &#8211; Yasak B\u00f6lge 9<\/a><\/li>\n<\/ul>\n<ul>\n<li> <a href=\"https:\/\/www.kayiprihtim.org\/portal\/moon\/\">Moon &#8211; Ay<\/a><\/li>\n<\/ul>\n<ul>\n<li> <a href=\"https:\/\/www.kayiprihtim.org\/portal\/surrogates-suretler\/\">Surogates &#8211; Suretler<\/a><\/li>\n<\/ul>\n<ul>\n<li> <a href=\"https:\/\/www.kayiprihtim.org\/portal\/pandorum\/\">Pandorum<\/a><\/li>\n<\/ul>\n<ul>\n<li> <a href=\"https:\/\/www.kayiprihtim.org\/portal\/9\/\">9<\/a><\/li>\n<\/ul>\n<ul>\n<li> <a href=\"https:\/\/www.kayiprihtim.org\/portal\/ink\/\">Ink &#8211; M\u00fcrekkep<\/a><\/li>\n<\/ul>\n<ul>\n<li> <a href=\"https:\/\/www.kayiprihtim.org\/portal\/zaman-yolculugu-hakkinda-sss\/\">FAQ About Time Travel &#8211; Zaman Yolculu\u011fu Hakk\u0131nda SSS<\/a><\/li>\n<\/ul>\n<ul>\n<li> <a href=\"https:\/\/www.kayiprihtim.org\/portal\/s-darko\/\">S. Darko<\/a><\/li>\n<\/ul>\n<p>&#8212;<\/p>\n<p>\u00d6nemli Not: Puanlamak istemedi\u011fim filmlere IMDB puanlar\u0131n\u0131 yazd\u0131m. Kenarlar\u0131nda belirtilmi\u015ftir.<\/p>\n<table style=\"font-family: inherit; font-style: inherit; font-variant: inherit; font-weight: inherit; font-size: inherit; line-height: inherit; font-size-adjust: inherit; font-stretch: inherit; color: inherit;\" border=\"0\">\n<tbody>\n<tr>\n<td style=\"font-family: inherit; font-style: inherit; font-variant: inherit; font-weight: inherit; font-size: inherit; line-height: inherit; font-size-adjust: inherit; font-stretch: inherit; color: inherit;\" valign=\"top\"><\/td>\n<td style=\"font-family: inherit; font-style: inherit; font-variant: inherit; font-weight: inherit; font-size: inherit; line-height: inherit; font-size-adjust: inherit; font-stretch: inherit; color: inherit;\" valign=\"top\"><strong>Film<\/strong><\/td>\n<td style=\"font-family: inherit; font-style: inherit; font-variant: inherit; font-weight: inherit; font-size: inherit; line-height: inherit; font-size-adjust: inherit; font-stretch: inherit; color: inherit;\" valign=\"top\"><strong>Puan<\/strong><\/td>\n<td style=\"font-family: inherit; font-style: inherit; font-variant: inherit; font-weight: inherit; font-size: inherit; line-height: inherit; font-size-adjust: inherit; font-stretch: inherit; color: inherit;\" valign=\"top\"><span style=\"text-decoration: underline;\"><br \/>\n<\/span><\/td>\n<\/tr>\n<tr>\n<td style=\"font-family: inherit; font-style: inherit; font-variant: inherit; font-weight: inherit; font-size: inherit; line-height: inherit; font-size-adjust: inherit; font-stretch: inherit; color: inherit;\" valign=\"top\">1-<\/td>\n<td style=\"font-family: inherit; font-style: inherit; font-variant: inherit; font-weight: inherit; font-size: inherit; line-height: inherit; font-size-adjust: inherit; font-stretch: inherit; color: inherit;\" valign=\"top\">District 9<\/td>\n<td style=\"font-family: inherit; font-style: inherit; font-variant: inherit; font-weight: inherit; font-size: inherit; line-height: inherit; font-size-adjust: inherit; font-stretch: inherit; color: inherit;\" valign=\"top\">9,2<\/td>\n<td style=\"font-family: inherit; font-style: inherit; font-variant: inherit; font-weight: inherit; font-size: inherit; line-height: inherit; font-size-adjust: inherit; font-stretch: inherit; color: inherit;\" valign=\"top\"><\/td>\n<\/tr>\n<tr>\n<td style=\"font-family: inherit; font-style: inherit; font-variant: inherit; font-weight: inherit; font-size: inherit; line-height: inherit; font-size-adjust: inherit; font-stretch: inherit; color: inherit;\" valign=\"top\">2-<\/td>\n<td style=\"font-family: inherit; font-style: inherit; font-variant: inherit; font-weight: inherit; font-size: inherit; line-height: inherit; font-size-adjust: inherit; font-stretch: inherit; color: inherit;\" valign=\"top\">Moon<\/td>\n<td style=\"font-family: inherit; font-style: inherit; font-variant: inherit; font-weight: inherit; font-size: inherit; line-height: inherit; font-size-adjust: inherit; font-stretch: inherit; color: inherit;\" valign=\"top\">8,5<\/td>\n<td style=\"font-family: inherit; font-style: inherit; font-variant: inherit; font-weight: inherit; font-size: inherit; line-height: inherit; font-size-adjust: inherit; font-stretch: inherit; color: inherit;\" valign=\"top\"><\/td>\n<\/tr>\n<tr>\n<td style=\"font-family: inherit; font-style: inherit; font-variant: inherit; font-weight: inherit; font-size: inherit; line-height: inherit; font-size-adjust: inherit; font-stretch: inherit; color: inherit;\" valign=\"top\">3-<\/td>\n<td style=\"font-family: inherit; font-style: inherit; font-variant: inherit; font-weight: inherit; font-size: inherit; line-height: inherit; font-size-adjust: inherit; font-stretch: inherit; color: inherit;\" valign=\"top\">Watchmen<\/td>\n<td style=\"font-family: inherit; font-style: inherit; font-variant: inherit; font-weight: inherit; font-size: inherit; line-height: inherit; font-size-adjust: inherit; font-stretch: inherit; color: inherit;\" valign=\"top\">8,3<\/td>\n<td style=\"font-family: inherit; font-style: inherit; font-variant: inherit; font-weight: inherit; font-size: inherit; line-height: inherit; font-size-adjust: inherit; font-stretch: inherit; color: inherit;\" valign=\"top\"><\/td>\n<\/tr>\n<tr>\n<td style=\"font-family: inherit; font-style: inherit; font-variant: inherit; font-weight: inherit; font-size: inherit; line-height: inherit; font-size-adjust: inherit; font-stretch: inherit; color: inherit;\" valign=\"top\">4-<\/td>\n<td style=\"font-family: inherit; font-style: inherit; font-variant: inherit; font-weight: inherit; font-size: inherit; line-height: inherit; font-size-adjust: inherit; font-stretch: inherit; color: inherit;\" valign=\"top\">Star Trek<\/td>\n<td style=\"font-family: inherit; font-style: inherit; font-variant: inherit; font-weight: inherit; font-size: inherit; line-height: inherit; font-size-adjust: inherit; font-stretch: inherit; color: inherit;\" valign=\"top\">8,2 (IMDB)<\/td>\n<td style=\"font-family: inherit; font-style: inherit; font-variant: inherit; font-weight: inherit; font-size: inherit; line-height: inherit; font-size-adjust: inherit; font-stretch: inherit; color: inherit;\" valign=\"top\"><\/td>\n<\/tr>\n<tr>\n<td style=\"font-family: inherit; font-style: inherit; font-variant: inherit; font-weight: inherit; font-size: inherit; line-height: inherit; font-size-adjust: inherit; font-stretch: inherit; color: inherit;\" valign=\"top\">5-<\/td>\n<td style=\"font-family: inherit; font-style: inherit; font-variant: inherit; font-weight: inherit; font-size: inherit; line-height: inherit; font-size-adjust: inherit; font-stretch: inherit; color: inherit;\" valign=\"top\">Pandorum<\/td>\n<td style=\"font-family: inherit; font-style: inherit; font-variant: inherit; font-weight: inherit; font-size: inherit; line-height: inherit; font-size-adjust: inherit; font-stretch: inherit; color: inherit;\" valign=\"top\">7,8<\/td>\n<td style=\"font-family: inherit; font-style: inherit; font-variant: inherit; font-weight: inherit; font-size: inherit; line-height: inherit; font-size-adjust: inherit; font-stretch: inherit; color: inherit;\" valign=\"top\"><\/td>\n<\/tr>\n<tr>\n<td style=\"font-family: inherit; font-style: inherit; font-variant: inherit; font-weight: inherit; font-size: inherit; line-height: inherit; font-size-adjust: inherit; font-stretch: inherit; color: inherit;\" valign=\"top\">6-<\/td>\n<td style=\"font-family: inherit; font-style: inherit; font-variant: inherit; font-weight: inherit; font-size: inherit; line-height: inherit; font-size-adjust: inherit; font-stretch: inherit; color: inherit;\" valign=\"top\">Surrogates<\/td>\n<td style=\"font-family: inherit; font-style: inherit; font-variant: inherit; font-weight: inherit; font-size: inherit; line-height: inherit; font-size-adjust: inherit; font-stretch: inherit; color: inherit;\" valign=\"top\">7,7<\/td>\n<td style=\"font-family: inherit; font-style: inherit; font-variant: inherit; font-weight: inherit; font-size: inherit; line-height: inherit; font-size-adjust: inherit; font-stretch: inherit; color: inherit;\" valign=\"top\"><\/td>\n<\/tr>\n<tr>\n<td style=\"font-family: inherit; font-style: inherit; font-variant: inherit; font-weight: inherit; font-size: inherit; line-height: inherit; font-size-adjust: inherit; font-stretch: inherit; color: inherit;\" valign=\"top\">7-<\/td>\n<td style=\"font-family: inherit; font-style: inherit; font-variant: inherit; font-weight: inherit; font-size: inherit; line-height: inherit; font-size-adjust: inherit; font-stretch: inherit; color: inherit;\" valign=\"top\">Ink<\/td>\n<td style=\"font-family: inherit; font-style: inherit; font-variant: inherit; font-weight: inherit; font-size: inherit; line-height: inherit; font-size-adjust: inherit; font-stretch: inherit; color: inherit;\" valign=\"top\">7,6<\/td>\n<td style=\"font-family: inherit; font-style: inherit; font-variant: inherit; font-weight: inherit; font-size: inherit; line-height: inherit; font-size-adjust: inherit; font-stretch: inherit; color: inherit;\" valign=\"top\"><\/td>\n<\/tr>\n<tr>\n<td style=\"font-family: inherit; font-style: inherit; font-variant: inherit; font-weight: inherit; font-size: inherit; line-height: inherit; font-size-adjust: inherit; font-stretch: inherit; color: inherit;\" valign=\"top\">8-<\/td>\n<td style=\"font-family: inherit; font-style: inherit; font-variant: inherit; font-weight: inherit; font-size: inherit; line-height: inherit; font-size-adjust: inherit; font-stretch: inherit; color: inherit;\" valign=\"top\">9<\/td>\n<td style=\"font-family: inherit; font-style: inherit; font-variant: inherit; font-weight: inherit; font-size: inherit; line-height: inherit; font-size-adjust: inherit; font-stretch: inherit; color: inherit;\" valign=\"top\">7,6<\/td>\n<td style=\"font-family: inherit; font-style: inherit; font-variant: inherit; font-weight: inherit; font-size: inherit; line-height: inherit; font-size-adjust: inherit; font-stretch: inherit; color: inherit;\" valign=\"top\"><\/td>\n<\/tr>\n<tr>\n<td style=\"font-family: inherit; font-style: inherit; font-variant: inherit; font-weight: inherit; font-size: inherit; line-height: inherit; font-size-adjust: inherit; font-stretch: inherit; color: inherit;\" valign=\"top\">9-<\/td>\n<td style=\"font-family: inherit; font-style: inherit; font-variant: inherit; font-weight: inherit; font-size: inherit; line-height: inherit; font-size-adjust: inherit; font-stretch: inherit; color: inherit;\" valign=\"top\">FAQ Time Travel<\/td>\n<td style=\"font-family: inherit; font-style: inherit; font-variant: inherit; font-weight: inherit; font-size: inherit; line-height: inherit; font-size-adjust: inherit; font-stretch: inherit; color: inherit;\" valign=\"top\">7,0<\/td>\n<td style=\"font-family: inherit; font-style: inherit; font-variant: inherit; font-weight: inherit; font-size: inherit; line-height: inherit; font-size-adjust: inherit; font-stretch: inherit; color: inherit;\" valign=\"top\"><\/td>\n<\/tr>\n<tr>\n<td style=\"font-family: inherit; font-style: inherit; font-variant: inherit; font-weight: inherit; font-size: inherit; line-height: inherit; font-size-adjust: inherit; font-stretch: inherit; color: inherit;\" valign=\"top\">10-<\/td>\n<td style=\"font-family: inherit; font-style: inherit; font-variant: inherit; font-weight: inherit; font-size: inherit; line-height: inherit; font-size-adjust: inherit; font-stretch: inherit; color: inherit;\" valign=\"top\">Terminator: Salvation<\/td>\n<td style=\"font-family: inherit; font-style: inherit; font-variant: inherit; font-weight: inherit; font-size: inherit; line-height: inherit; font-size-adjust: inherit; font-stretch: inherit; color: inherit;\" valign=\"top\">6,9 (IMDB)<\/td>\n<td style=\"font-family: inherit; font-style: inherit; font-variant: inherit; font-weight: inherit; font-size: inherit; line-height: inherit; font-size-adjust: inherit; font-stretch: inherit; color: inherit;\" valign=\"top\"><\/td>\n<\/tr>\n<tr>\n<td style=\"font-family: inherit; font-style: inherit; font-variant: inherit; font-weight: inherit; font-size: inherit; line-height: inherit; font-size-adjust: inherit; font-stretch: inherit; color: inherit;\" valign=\"top\">11-<\/td>\n<td style=\"font-family: inherit; font-style: inherit; font-variant: inherit; font-weight: inherit; font-size: inherit; line-height: inherit; font-size-adjust: inherit; font-stretch: inherit; color: inherit;\" valign=\"top\">X-Men Origins<\/td>\n<td style=\"font-family: inherit; font-style: inherit; font-variant: inherit; font-weight: inherit; font-size: inherit; line-height: inherit; font-size-adjust: inherit; font-stretch: inherit; color: inherit;\" valign=\"top\">6,7 (IMDB)<\/td>\n<td style=\"font-family: inherit; font-style: inherit; font-variant: inherit; font-weight: inherit; font-size: inherit; line-height: inherit; font-size-adjust: inherit; font-stretch: inherit; color: inherit;\" valign=\"top\"><\/td>\n<\/tr>\n<tr>\n<td style=\"font-family: inherit; font-style: inherit; font-variant: inherit; font-weight: inherit; font-size: inherit; line-height: inherit; font-size-adjust: inherit; font-stretch: inherit; color: inherit;\" valign=\"top\">12-<\/td>\n<td style=\"font-family: inherit; font-style: inherit; font-variant: inherit; font-weight: inherit; font-size: inherit; line-height: inherit; font-size-adjust: inherit; font-stretch: inherit; color: inherit;\" valign=\"top\">Knowing<\/td>\n<td style=\"font-family: inherit; font-style: inherit; font-variant: inherit; font-weight: inherit; font-size: inherit; line-height: inherit; font-size-adjust: inherit; font-stretch: inherit; color: inherit;\" valign=\"top\">6,5 (IMDB)<\/td>\n<td style=\"font-family: inherit; font-style: inherit; font-variant: inherit; font-weight: inherit; font-size: inherit; line-height: inherit; font-size-adjust: inherit; font-stretch: inherit; color: inherit;\" valign=\"top\"><\/td>\n<\/tr>\n<tr>\n<td style=\"font-family: inherit; font-style: inherit; font-variant: inherit; font-weight: inherit; font-size: inherit; line-height: inherit; font-size-adjust: inherit; font-stretch: inherit; color: inherit;\" valign=\"top\">13-<\/td>\n<td style=\"font-family: inherit; font-style: inherit; font-variant: inherit; font-weight: inherit; font-size: inherit; line-height: inherit; font-size-adjust: inherit; font-stretch: inherit; color: inherit;\" valign=\"top\">Push<\/td>\n<td style=\"font-family: inherit; font-style: inherit; font-variant: inherit; font-weight: inherit; font-size: inherit; line-height: inherit; font-size-adjust: inherit; font-stretch: inherit; color: inherit;\" valign=\"top\">6,4<\/td>\n<td style=\"font-family: inherit; font-style: inherit; font-variant: inherit; font-weight: inherit; font-size: inherit; line-height: inherit; font-size-adjust: inherit; font-stretch: inherit; color: inherit;\" valign=\"top\"><\/td>\n<\/tr>\n<tr>\n<td style=\"font-family: inherit; font-style: inherit; font-variant: inherit; font-weight: inherit; font-size: inherit; line-height: inherit; font-size-adjust: inherit; font-stretch: inherit; color: inherit;\" valign=\"top\">14-<\/td>\n<td style=\"font-family: inherit; font-style: inherit; font-variant: inherit; font-weight: inherit; font-size: inherit; line-height: inherit; font-size-adjust: inherit; font-stretch: inherit; color: inherit;\" valign=\"top\">Transformers 2<\/td>\n<td style=\"font-family: inherit; font-style: inherit; font-variant: inherit; font-weight: inherit; font-size: inherit; line-height: inherit; font-size-adjust: inherit; font-stretch: inherit; color: inherit;\" valign=\"top\">6,1 (IMDB)<\/td>\n<td style=\"font-family: inherit; font-style: inherit; font-variant: inherit; font-weight: inherit; font-size: inherit; line-height: inherit; font-size-adjust: inherit; font-stretch: inherit; color: inherit;\" valign=\"top\"><\/td>\n<\/tr>\n<tr>\n<td style=\"font-family: inherit; font-style: inherit; font-variant: inherit; font-weight: inherit; font-size: inherit; line-height: inherit; font-size-adjust: inherit; font-stretch: inherit; color: inherit;\" valign=\"top\">15-<\/td>\n<td style=\"font-family: inherit; font-style: inherit; font-variant: inherit; font-weight: inherit; font-size: inherit; line-height: inherit; font-size-adjust: inherit; font-stretch: inherit; color: inherit;\" valign=\"top\">G.I. Joe<\/td>\n<td style=\"font-family: inherit; font-style: inherit; font-variant: inherit; font-weight: inherit; font-size: inherit; line-height: inherit; font-size-adjust: inherit; font-stretch: inherit; color: inherit;\" valign=\"top\">5,8 (IMDB)<\/td>\n<td style=\"font-family: inherit; font-style: inherit; font-variant: inherit; font-weight: inherit; font-size: inherit; line-height: inherit; font-size-adjust: inherit; font-stretch: inherit; color: inherit;\" valign=\"top\"><\/td>\n<\/tr>\n<tr>\n<td style=\"font-family: inherit; font-style: inherit; font-variant: inherit; font-weight: inherit; font-size: inherit; line-height: inherit; font-size-adjust: inherit; font-stretch: inherit; color: inherit;\" valign=\"top\">16-<\/td>\n<td style=\"font-family: inherit; font-style: inherit; font-variant: inherit; font-weight: inherit; font-size: inherit; line-height: inherit; font-size-adjust: inherit; font-stretch: inherit; color: inherit;\" valign=\"top\">S. Darko<\/td>\n<td style=\"font-family: inherit; font-style: inherit; font-variant: inherit; font-weight: inherit; font-size: inherit; line-height: inherit; font-size-adjust: inherit; font-stretch: inherit; color: inherit;\" valign=\"top\">4,3<\/td>\n<td style=\"font-family: inherit; font-style: inherit; font-variant: inherit; font-weight: inherit; font-size: inherit; line-height: inherit; font-size-adjust: inherit; font-stretch: inherit; color: inherit;\" valign=\"top\"><\/td>\n<\/tr>\n<tr>\n<td style=\"font-family: inherit; font-style: inherit; font-variant: inherit; font-weight: inherit; font-size: inherit; line-height: inherit; font-size-adjust: inherit; font-stretch: inherit; color: inherit;\" valign=\"top\">17-<\/td>\n<td style=\"font-family: inherit; font-style: inherit; font-variant: inherit; font-weight: inherit; font-size: inherit; line-height: inherit; font-size-adjust: inherit; font-stretch: inherit; color: inherit;\" valign=\"top\">2012<\/td>\n<td style=\"font-family: inherit; font-style: inherit; font-variant: inherit; font-weight: inherit; font-size: inherit; line-height: inherit; font-size-adjust: inherit; font-stretch: inherit; color: inherit;\" valign=\"top\">4,2<\/td>\n<td style=\"font-family: inherit; font-style: inherit; font-variant: inherit; font-weight: inherit; font-size: inherit; line-height: inherit; font-size-adjust: inherit; font-stretch: inherit; color: inherit;\" valign=\"top\"><\/td>\n<\/tr>\n<\/tbody>\n<\/table>\n<hr \/>\n<table id=\"table20\" style=\"border-collapse: collapse; height: 21px;\" border=\"0\" cellspacing=\"0\" cellpadding=\"2\" width=\"470\">\n<tbody>\n<tr>\n<td style=\"border-style: solid ridge ridge; border-width: 1px; padding-left: 4px; padding-right: 4px;\" width=\"98%\" bgcolor=\"#C0B18D\"><strong><span style=\"font-size: 9pt; font-family: Tahoma;\">\u00d6zg\u00fcrcan Uzunya\u015fa | Amras Ringeril<\/span><br \/>\n<\/strong><\/td>\n<\/tr>\n<\/tbody>\n<\/table>\n","protected":false},"excerpt":{"rendered":"<p>Uzay kovboylar\u0131na selamlar, 2009 y\u0131l\u0131 son d\u00f6nem bilimkurgu sinemas\u0131 i\u00e7in \u00e7ok \u00f6nemli bir sene oldu. Bunun sebebi de bol aksiyon, bol para, bol efekt, bo\u015f hikaye, bo\u015f oyuncular temal\u0131 filmlerden kurtulup ger\u00e7ek bir bilimkurgu senesi ya\u015fam\u0131\u015f olmam\u0131z. Belki de en b\u00fcy\u00fck sebep, District 9 ve Moon gibi iki \u015faheserin g\u00f6z\u00fcm\u00fcz\u00fcn \u00f6n\u00fcnde olmas\u0131. Bu iki film [&hellip;]<\/p>\n","protected":false},"author":3,"featured_media":0,"parent":0,"menu_order":0,"comment_status":"open","ping_status":"closed","template":"","meta":{"_acf_changed":false,"footnotes":""},"class_list":["post-3284","page","type-page","status-publish"],"acf":[],"_links":{"self":[{"href":"https:\/\/www.kayiprihtim.org\/portal\/wp-json\/wp\/v2\/pages\/3284","targetHints":{"allow":["GET"]}}],"collection":[{"href":"https:\/\/www.kayiprihtim.org\/portal\/wp-json\/wp\/v2\/pages"}],"about":[{"href":"https:\/\/www.kayiprihtim.org\/portal\/wp-json\/wp\/v2\/types\/page"}],"author":[{"embeddable":true,"href":"https:\/\/www.kayiprihtim.org\/portal\/wp-json\/wp\/v2\/users\/3"}],"replies":[{"embeddable":true,"href":"https:\/\/www.kayiprihtim.org\/portal\/wp-json\/wp\/v2\/comments?post=3284"}],"version-history":[{"count":0,"href":"https:\/\/www.kayiprihtim.org\/portal\/wp-json\/wp\/v2\/pages\/3284\/revisions"}],"wp:attachment":[{"href":"https:\/\/www.kayiprihtim.org\/portal\/wp-json\/wp\/v2\/media?parent=3284"}],"curies":[{"name":"wp","href":"https:\/\/api.w.org\/{rel}","templated":true}]}}