{"id":3299,"date":"2010-01-06T22:49:40","date_gmt":"2010-01-06T20:49:40","guid":{"rendered":"http:\/\/www.kayiprihtim.org\/portal\/?page_id=3299"},"modified":"2012-01-31T10:36:24","modified_gmt":"2012-01-31T08:36:24","slug":"surrogates-suretler","status":"publish","type":"page","link":"https:\/\/www.kayiprihtim.org\/portal\/sinemada-bilim-kurgu\/surrogates-suretler\/","title":{"rendered":"Surrogates &#8211; Suretler"},"content":{"rendered":"<p><img fetchpriority=\"high\" decoding=\"async\" class=\"alignnone\" src=\"https:\/\/www.kayiprihtim.org\/portal\/gorsel\/surrogates-top.jpg\" alt=\"\" width=\"492\" height=\"135\"><\/p>\n<p style=\"text-indent: 0.4cm; text-align: justify;\"><strong>Y\u00f6netmen: <\/strong>Jonathan Mostow<br \/>\n<strong>Senaryo: <\/strong>Michael Ferris, John Brancato, Robert Venditti (\u00c7izgi Roman), Brett Weldele (\u00c7izgi Roman)<br \/>\n<strong>Oyuncular: <\/strong>Bruce Willis, Radha Mitchell, Rosamund Pike, Boris Kodjoe, James Cromwell<\/p>\n<p style=\"text-indent: 0.4cm; text-align: justify;\">Suretler, 2009\u2019un ba\u015far\u0131l\u0131 \u00e7izgi roman uyarlamalar\u0131ndan biri. Ancak daha \u00f6nce Hollywood\u2019da dahi g\u00f6rd\u00fc\u011f\u00fcm\u00fcz bir \u00e7ok unsuru bar\u0131nd\u0131r\u0131yor. Yine de farkl\u0131 ve sade kurgusuyla g\u00fczel bir film sunuyor.<\/p>\n<p style=\"text-indent: 0.4cm; text-align: justify;\">\u0130nsanlar b\u00fct\u00fcn hayatlar\u0131 boyunca olduklar\u0131 \u015fekilde ya\u015f\u0131yorlar. Ya\u015famak zorundalar. Tehlikelerle g\u00f6zg\u00f6ze gelmek, hayatlar\u0131n\u0131 riske atmak zorundalar. \u00c7irkin erkekler g\u00fczel k\u0131zlardan yoksun olmak zorundalar. Engelliler etraflar\u0131ndakilerden yararlanamamak zorundalar. D\u0131\u015f g\u00f6r\u00fcn\u00fc\u015f hayat\u0131n bir par\u00e7as\u0131. Peki bunu de\u011fi\u015ftirmek m\u00fcmk\u00fcn m\u00fc? Olmad\u0131\u011f\u0131m\u0131z biri gibi g\u00f6r\u00fcnmek m\u00fcmk\u00fcn m\u00fc? M\u00fcmk\u00fcnse bunun ahlaki sorgulamas\u0131 nedir?<\/p>\n<p style=\"text-indent: 0.4cm; text-align: justify;\">Suretler bu sorunun cevab\u0131n\u0131 ar\u0131yor. \u00c7izgi roman\u0131 okumad\u0131\u011f\u0131m i\u00e7in olay\u0131n felsefi boyutta nas\u0131l cevapland\u0131\u011f\u0131n\u0131 tam olarak bilemiyorum. Film \u00fczerinden konu\u015fmak gerekirse, Suretler olaya iki y\u00f6nden yakla\u015fm\u0131\u015f. Birincisi, suretin hayat\u0131n her alan\u0131nda faydal\u0131 olabilece\u011fi ve insan\u0131 ondan ay\u0131rman\u0131n yanl\u0131\u015f olabilece\u011fi y\u00f6n\u00fcnde, ikincisi ise, insan\u0131n insan oldu\u011fu, ba\u015fka bir surete b\u00fcr\u00fcnmesinin yanl\u0131\u015f oldu\u011fu y\u00f6n\u00fcnde. Film ikinci g\u00f6r\u00fc\u015f\u00fc temel al\u0131yor asl\u0131nda.<\/p>\n<p style=\"text-indent: 0.4cm; text-align: justify;\">Film bize tan\u0131t\u0131m yaparak ba\u015fl\u0131yor. Bu zamana gelene kadar ya\u015fananlar\u0131 anlat\u0131yor. Peygamber denen adamdan ve VSIdan bahsediyor. VSI \u015firketi insanlar\u0131n daha huzurlu ya\u015famalar\u0131 i\u00e7in t\u00fcm insani \u00f6zellikleri g\u00f6sterebilen, d\u0131\u015f g\u00f6r\u00fcn\u00fc\u015f olarak daha g\u00fczel bir insandan pek fark\u0131 olmayan robotlar\u0131 \u00fcretmi\u015f. Do\u011fal olarak \u00f6ncelikle y\u00fcksek mecralarda kullan\u0131lm\u0131\u015f. Ancak daha sonra ticari sebepler de i\u015fin i\u00e7ine girerek halk\u0131n kullanabilece\u011fi fiyatlara d\u00fc\u015fm\u00fc\u015f. Bununla birlikte her yerde Suretlere \u00f6zel hizmet \u00fcniteleri kurulmu\u015f. Butikler, uyu\u015fturucular, gece kul\u00fcpleri, g\u00fczellik salonlar\u0131.. Ancak suretleri kullanmayan insanlar da var. Bunlar\u0131n ba\u015f\u0131nda da daha sonra ilgin\u00e7 bir ger\u00e7e\u011fi \u00f6\u011frenece\u011fimiz Peygamber isimli karakter geliyor.Y\u0131llarca robotla\u015fmaya kar\u015f\u0131 \u00e7\u0131km\u0131\u015flar ve art\u0131k \u0130nsan B\u00f6lgeleri ad\u0131 verilen yerlerde ya\u015famaya ba\u015flam\u0131\u015flar.<\/p>\n<p style=\"text-indent: 0.4cm; text-align: justify;\">G\u00f6r\u00fcld\u00fc\u011f\u00fc \u00fczere film altyap\u0131 ve hikaye olarak muhte\u015fem bir ortam sunuyor. Buradan sonras\u0131 y\u00f6netmenin i\u015fi diyor ve atmosfer yaratmay\u0131 y\u00f6netmene b\u0131rak\u0131yor. Y\u00f6netmen de gerek oyuncular\u0131 kullan\u0131\u015f\u0131, gerek mekan ve dekor tasar\u0131mlar\u0131yla yapayl\u0131\u011f\u0131 \u00e7ok g\u00fczel yans\u0131t\u0131yor. Ancak hikaye i\u015fleyi\u015fine gelince araya \u00e7oma\u011f\u0131 sokuyor! Film bu g\u00fczel ortamda ilerlerken anla\u015f\u0131lan yap\u0131mc\u0131lar\u0131n da bask\u0131s\u0131yla aksiyon olsun diye baz\u0131 a\u00e7mazlara ve anlams\u0131zl\u0131klara sokuluyor. Uzun aksiyon sahneleri koyuluyor ve \u00f6zellikle en sonundaki kahraman g\u00fcn\u00fc kurtar\u0131r kli\u015fesini bozmamak ad\u0131na yap\u0131lan sa\u00e7mal\u0131kla ortadan y\u0131rt\u0131l\u0131veriyor.<\/p>\n<p style=\"text-indent: 0.4cm; text-align: justify;\">Yine de \u00e7ok iyi atmosfer, \u00e7ok iyi oyunculuklar, karakter derinlikleri ve muhte\u015fem \u00f6yk\u00fcs\u00fc ad\u0131na film bu senenin izlenmesi gereken filmleri aras\u0131nda.<\/p>\n<p style=\"text-indent: 0.4cm; text-align: justify;\"><span style=\"color: #ff0000;\"><span style=\"font-size: 14pt; line-height: 1.3em;\"><strong>\u2014\u2014\u2014\u2014\u2014\u2014\u2014<br \/>\nPUAN :<\/strong> <strong><span style=\"color: #800000;\">7,4 \/ 10<br \/>\n\u2014\u2014\u2014\u2014\u2014-<\/span><\/strong><\/span><\/span><\/p>\n<hr \/>\n<table id=\"table20\" style=\"border-collapse: collapse; height: 21px;\" border=\"0\" cellspacing=\"0\" cellpadding=\"2\" width=\"470\">\n<tbody>\n<tr>\n<td style=\"border-style: solid ridge ridge; border-width: 1px; padding-left: 4px; padding-right: 4px;\" width=\"98%\" bgcolor=\"#C0B18D\"><strong><span style=\"font-size: 9pt; font-family: Tahoma;\">\u00d6zg\u00fcrcan Uzunya\u015fa | Amras Ringeril<\/span><br \/>\n<\/strong><\/td>\n<\/tr>\n<\/tbody>\n<\/table>\n","protected":false},"excerpt":{"rendered":"<p>Y\u00f6netmen: Jonathan Mostow Senaryo: Michael Ferris, John Brancato, Robert Venditti (\u00c7izgi Roman), Brett Weldele (\u00c7izgi Roman) Oyuncular: Bruce Willis, Radha Mitchell, Rosamund Pike, Boris Kodjoe, James Cromwell Suretler, 2009\u2019un ba\u015far\u0131l\u0131 \u00e7izgi roman uyarlamalar\u0131ndan biri. Ancak daha \u00f6nce Hollywood\u2019da dahi g\u00f6rd\u00fc\u011f\u00fcm\u00fcz bir \u00e7ok unsuru bar\u0131nd\u0131r\u0131yor. Yine de farkl\u0131 ve sade kurgusuyla g\u00fczel bir film sunuyor. \u0130nsanlar [&hellip;]<\/p>\n","protected":false},"author":3,"featured_media":0,"parent":3284,"menu_order":0,"comment_status":"open","ping_status":"closed","template":"","meta":{"_acf_changed":false,"footnotes":""},"class_list":["post-3299","page","type-page","status-publish"],"acf":[],"_links":{"self":[{"href":"https:\/\/www.kayiprihtim.org\/portal\/wp-json\/wp\/v2\/pages\/3299","targetHints":{"allow":["GET"]}}],"collection":[{"href":"https:\/\/www.kayiprihtim.org\/portal\/wp-json\/wp\/v2\/pages"}],"about":[{"href":"https:\/\/www.kayiprihtim.org\/portal\/wp-json\/wp\/v2\/types\/page"}],"author":[{"embeddable":true,"href":"https:\/\/www.kayiprihtim.org\/portal\/wp-json\/wp\/v2\/users\/3"}],"replies":[{"embeddable":true,"href":"https:\/\/www.kayiprihtim.org\/portal\/wp-json\/wp\/v2\/comments?post=3299"}],"version-history":[{"count":0,"href":"https:\/\/www.kayiprihtim.org\/portal\/wp-json\/wp\/v2\/pages\/3299\/revisions"}],"up":[{"embeddable":true,"href":"https:\/\/www.kayiprihtim.org\/portal\/wp-json\/wp\/v2\/pages\/3284"}],"wp:attachment":[{"href":"https:\/\/www.kayiprihtim.org\/portal\/wp-json\/wp\/v2\/media?parent=3299"}],"curies":[{"name":"wp","href":"https:\/\/api.w.org\/{rel}","templated":true}]}}