{"id":3302,"date":"2010-01-06T22:59:06","date_gmt":"2010-01-06T20:59:06","guid":{"rendered":"http:\/\/www.kayiprihtim.org\/portal\/?page_id=3302"},"modified":"2012-01-31T10:36:55","modified_gmt":"2012-01-31T08:36:55","slug":"pandorum","status":"publish","type":"page","link":"https:\/\/www.kayiprihtim.org\/portal\/sinemada-bilim-kurgu\/pandorum\/","title":{"rendered":"Pandorum"},"content":{"rendered":"<p><img fetchpriority=\"high\" decoding=\"async\" class=\"aligncenter\" src=\"https:\/\/www.kayiprihtim.org\/portal\/gorsel\/pandorum-top.jpg\" alt=\"\" width=\"467\" height=\"164\"><br \/>\n<strong><\/strong> <strong>Y\u00f6netmen:<\/strong> Christian Alvart<br \/>\n<strong>Senaryo:<\/strong> Travis Milloy, Christian Alvart<br \/>\n<strong>Oyuncular:<\/strong> Dennis Quaid, Ben Foster, Cam Gigandet, Antje Traue, Cung Le, Eddie Rouse<\/p>\n<p style=\"text-indent: 0.4cm; text-align: justify;\">Pandorum, insana en b\u00fcy\u00fck zarar\u0131 neyin verdi\u011fi \u00fczerine bir film. Ger\u00e7ekten 2009\u2019un \u00f6nemli yap\u0131tlar\u0131 aras\u0131nda. 90lar sonras\u0131 bilimkurgular\u0131n\u0131n bir \u00e7ok \u00f6zelli\u011fini bar\u0131nd\u0131r\u0131yor. Yani diyorum ki Alien\u2019e benziyor.<\/p>\n<p style=\"text-indent: 0.4cm; text-align: justify;\">Filmin en b\u00fcy\u00fck \u00f6zelli\u011fi ve en b\u00fcy\u00fck hatas\u0131 bu gibi g\u00f6r\u00fcnd\u00fc bana. Uzay\u0131m\u0131zda g\u00f6rmek istemedi\u011fimiz yarat\u0131klar (evet bunu ek\u015fiden \u00e7ald\u0131m) ve insanlar aras\u0131nda bir sava\u015fa tutu\u015fturuyor karakterleri ve aksiyon y\u00fckl\u00fc sahneler g\u00f6nderiyor seyirciye. Aksiyon da denemez asl\u0131nda. Bo\u011fu\u015fma sahneleri o kadar fazla de\u011fil. Daha \u00e7ok ka\u00e7ma ve kovalama sahneleri var. Bizimkiler misyonlar\u0131na ko\u015fuyor. Ki bu da bir reakt\u00f6r\u00fc resetlemek arkalar\u0131ndan uzayl\u0131lar koval\u0131yor.<\/p>\n<p style=\"text-indent: 0.4cm; text-align: justify;\">Film, 1969 y\u0131l\u0131nda aya ayak bas\u0131lmas\u0131ndan ba\u015fl\u0131yor. -Neden Sputnik\u2019ten ba\u015flamad\u0131\u011f\u0131n\u0131 merak etmiyorum a\u00e7\u0131k\u00e7as\u0131-. 2009\u2019a geliyor ve daha sonra 2153, 2170 diye gidiyor. Olaylar\u0131 anlatmaya gerek yok bilindik \u015feyler. Kaynaklar yok oluyor, sava\u015f \u00e7\u0131k\u0131yor falan. Daha sonra uzay\u0131 g\u00f6r\u00fcyoruz, Elysium gemisini ve sonra da bir kaps\u00fcl\u00fcn i\u00e7inde uyanan Bower isimli karakteri. \u00d6nce hi\u00e7bir \u015fey hat\u0131rlayam\u0131yor. Ka\u00e7 y\u0131l ge\u00e7ti\u011fini g\u00f6revlerini. Sonra yava\u015f yava\u015f e\u011fitimler ve g\u00f6revler akl\u0131na geliyor. Bu arada da uzay gemisindeki sonsuz \u00f6l\u00fcm sessizli\u011fini g\u00f6r\u00fcyoruz. O s\u0131rada g\u00f6rev arkada\u015f\u0131 Payton\u2019\u0131 da uyand\u0131r\u0131yor ve reakt\u00f6r\u00fcn bozuk oldu\u011funu geminin ba\u015f\u0131bo\u015f sal\u0131nd\u0131\u011f\u0131n\u0131 fark ediyorlar. Daha sonra da olaylar yava\u015f yava\u015f yerine oturuyor.<\/p>\n<p style=\"text-indent: 0.4cm; text-align: justify;\">D\u00fcnyan\u0131n sonu geldi\u011fi i\u00e7in bir nuhun gemisi tasarlanm\u0131\u015f ve Tanis ad\u0131nda d\u00fcnyaya \u00e7ok benzeyen bir gezegene yollanm\u0131\u015f. Elysium bu geminin ad\u0131. Gemide bir \u00e7ok m\u00fchendis, yolcu ve m\u00fcrettebat var ancak neredeyse hepsi uyutuluyor. (Not: Filmin ba\u015f\u0131nda T\u00fcrk\u00e7e bir anons duyacaks\u0131n\u0131z). B\u00f6ylece uzun y\u0131llar s\u00fcren yolculuktan hasar g\u00f6rmeden kurtulacaklar. Ancak bir hata oluyor. Bir olay sonucu m\u00fcrettebattan birisi Pandorum\u2019a tutuluyor ve bam. Her \u015fey b\u00f6yle ortaya \u00e7\u0131k\u0131yor.<\/p>\n<p><img decoding=\"async\" class=\"aligncenter\" src=\"https:\/\/www.kayiprihtim.org\/portal\/gorsel\/pandorum-middle.jpg\" alt=\"\" width=\"467\" height=\"197\"><\/p>\n<p style=\"text-indent: 0.4cm; text-align: justify;\">Pandorum bir hastal\u0131\u011f\u0131n ad\u0131. Paranoyayla ka\u015f\u0131nmayla, hal\u00fcsinasyonlar g\u00f6rmeyle ve burun kanamas\u0131yla beliriyor. Sonu\u00e7 olarak delirmeye ve \u00e7ok b\u00fcy\u00fck hatalar yapmaya \u00e7al\u0131\u015f\u0131yor. \u00d6nceki sefer benzer bir vakada Pandorum\u2019a kap\u0131lan m\u00fcrettebat 5000\u2019e yak\u0131n yolcuyu uzay bo\u015flu\u011funa sal\u0131vermi\u015f. Bizim m\u00fcrettebat\u0131m\u0131z\u0131n da en b\u00fcy\u00fck sorunu Pandorum.<\/p>\n<p style=\"text-indent: 0.4cm; text-align: justify;\">Asl\u0131nda film burada iyi bir noktaya geliyor. Ben hikayenin uzayl\u0131lar taraf\u0131ndan istila edilmesi yerine ki\u015filerin kendi i\u00e7 sava\u015flar\u0131yla dolu olmas\u0131n\u0131 tercih ederdim. \u00d6zellikle en sonunda g\u00f6rd\u00fc\u011f\u00fcm\u00fcz s\u00fcrpriz tad\u0131nda olay ger\u00e7ekten hayranl\u0131k uyand\u0131r\u0131c\u0131yd\u0131. Anlamak \u00e7ok zor de\u011fildi tabi ama ger\u00e7ekten g\u00fczeldi. Uzayl\u0131larla aksiyon tad\u0131 vermek yerine, i\u00e7 \u00e7at\u0131\u015fmalar ve korkunun getirdi\u011fi yaln\u0131zl\u0131k hissiyle \u00e7ok iyi bir gerilim ya da Moon tarz\u0131 bir olay \u00e7\u0131kart\u0131labilirdi. Hem b\u00f6ylece aksiyonun getirdi\u011fi anlams\u0131z ufak tefek hatalardan kurtulmu\u015f olunurdu. Zaten yarat\u0131klar\u0131n film boyunca pek katk\u0131lar\u0131 olmuyor. Sadece kovalay\u0131p duruyorlar ve \u00f6l\u00fcyorlar.<\/p>\n<p style=\"text-indent: 0.4cm; text-align: justify;\">Bir sahnede yanl\u0131\u015fl\u0131kla a\u00e7\u0131lm\u0131\u015f bir kaps\u00fclden \u00e7\u0131kan adam ilk olarak kar\u015f\u0131s\u0131nda bu yarat\u0131klardan onlarcas\u0131n\u0131 g\u00f6r\u00fcyor ve ilk ya\u015fad\u0131\u011f\u0131 \u015fey onlar taraf\u0131ndan yenilmek. T\u00fcylerim diken diken oldu. \u00c7\u00fcnk\u00fc daha \u00f6nceden bildi\u011fimiz gibi, ilk \u00e7\u0131kt\u0131klar\u0131 anda insanlar hi\u00e7bir \u015fey hat\u0131rlam\u0131yorlar. Bu da demek oluyor ki adam hayat\u0131n\u0131n tek an\u0131nda yarat\u0131klar\u0131n midesini doyuruyor. \u0130nan\u0131lmaz korkun\u00e7 bir tecr\u00fcbe olsa gerek.<\/p>\n<p style=\"text-indent: 0.4cm; text-align: justify;\">Pandorum 2009\u2019un bilimkurgu a\u00e7\u0131s\u0131ndan \u00f6nemini tekrar ortaya koyan bir film. \u0130zlenmesi gereken eski tarz bilimkurgular\u0131n yeniden do\u011fu\u015funun bir \u00fcr\u00fcn\u00fc.<\/p>\n<p style=\"margin-bottom: 0cm; text-align: justify;\"><span style=\"color: #ff0000;\"><span style=\"font-size: 14pt; line-height: 1.3em;\"><strong>\u2014\u2014\u2014\u2014\u2014\u2014\u2014<br \/>\nPUAN :<\/strong> <strong><span style=\"color: #800000;\">7,8 \/ 10<br \/>\n\u2014\u2014\u2014\u2014\u2014-<\/span><\/strong><\/span><\/span><\/p>\n<hr \/>\n<table id=\"table20\" style=\"border-collapse: collapse; height: 21px; width: 470px;\" border=\"0\" cellspacing=\"0\" cellpadding=\"2\">\n<tbody>\n<tr>\n<td style=\"border-style: solid ridge ridge; border-width: 1px; padding-left: 4px; padding-right: 4px;\" bgcolor=\"#C0B18D\" width=\"98%\"><strong><span style=\"font-size: 9pt; font-family: Tahoma;\">\u00d6zg\u00fcrcan Uzunya\u015fa | Amras Ringeril<\/span><br \/>\n<\/strong><\/td>\n<\/tr>\n<\/tbody>\n<\/table>\n","protected":false},"excerpt":{"rendered":"<p>Y\u00f6netmen: Christian Alvart Senaryo: Travis Milloy, Christian Alvart Oyuncular: Dennis Quaid, Ben Foster, Cam Gigandet, Antje Traue, Cung Le, Eddie Rouse Pandorum, insana en b\u00fcy\u00fck zarar\u0131 neyin verdi\u011fi \u00fczerine bir film. Ger\u00e7ekten 2009\u2019un \u00f6nemli yap\u0131tlar\u0131 aras\u0131nda. 90lar sonras\u0131 bilimkurgular\u0131n\u0131n bir \u00e7ok \u00f6zelli\u011fini bar\u0131nd\u0131r\u0131yor. Yani diyorum ki Alien\u2019e benziyor. Filmin en b\u00fcy\u00fck \u00f6zelli\u011fi ve en b\u00fcy\u00fck [&hellip;]<\/p>\n","protected":false},"author":3,"featured_media":0,"parent":3284,"menu_order":0,"comment_status":"open","ping_status":"closed","template":"","meta":{"_acf_changed":false,"footnotes":""},"class_list":["post-3302","page","type-page","status-publish"],"acf":[],"_links":{"self":[{"href":"https:\/\/www.kayiprihtim.org\/portal\/wp-json\/wp\/v2\/pages\/3302","targetHints":{"allow":["GET"]}}],"collection":[{"href":"https:\/\/www.kayiprihtim.org\/portal\/wp-json\/wp\/v2\/pages"}],"about":[{"href":"https:\/\/www.kayiprihtim.org\/portal\/wp-json\/wp\/v2\/types\/page"}],"author":[{"embeddable":true,"href":"https:\/\/www.kayiprihtim.org\/portal\/wp-json\/wp\/v2\/users\/3"}],"replies":[{"embeddable":true,"href":"https:\/\/www.kayiprihtim.org\/portal\/wp-json\/wp\/v2\/comments?post=3302"}],"version-history":[{"count":0,"href":"https:\/\/www.kayiprihtim.org\/portal\/wp-json\/wp\/v2\/pages\/3302\/revisions"}],"up":[{"embeddable":true,"href":"https:\/\/www.kayiprihtim.org\/portal\/wp-json\/wp\/v2\/pages\/3284"}],"wp:attachment":[{"href":"https:\/\/www.kayiprihtim.org\/portal\/wp-json\/wp\/v2\/media?parent=3302"}],"curies":[{"name":"wp","href":"https:\/\/api.w.org\/{rel}","templated":true}]}}