{"id":3306,"date":"2010-01-06T23:11:55","date_gmt":"2010-01-06T21:11:55","guid":{"rendered":"http:\/\/www.kayiprihtim.org\/portal\/?page_id=3306"},"modified":"2012-01-31T10:38:14","modified_gmt":"2012-01-31T08:38:14","slug":"ink","status":"publish","type":"page","link":"https:\/\/www.kayiprihtim.org\/portal\/sinemada-bilim-kurgu\/ink\/","title":{"rendered":"Ink"},"content":{"rendered":"<p><img fetchpriority=\"high\" decoding=\"async\" class=\"alignnone\" src=\"https:\/\/www.kayiprihtim.org\/portal\/gorsel\/ink-top.jpg\" alt=\"\" width=\"490\" height=\"227\"><\/p>\n<p style=\"text-indent: 0.4cm; text-align: justify;\"><strong>Y\u00f6netmen: <\/strong>Jamin Winans<br \/>\n<strong>Senaryo:<\/strong> Jamin Winans<br \/>\n<strong>Oyuncular:<\/strong> Soren Kelly, Queen Hunchar, Jessica Duffy, Jennifer Batter, Jeremy Make<\/p>\n<p style=\"text-indent: 0.4cm; text-align: justify;\">Ink, r\u00fcyalardan f\u0131rlam\u0131\u015f bir m\u00fcrekkep lekesi. Ink bir d\u00f6n\u00fc\u015f\u00fcm ve mutluluk hikayesi. 2009\u2019un en alternatif bilimkurgu filmi gibi g\u00f6r\u00fcn\u00fcyor.<\/p>\n<p style=\"text-indent: 0.4cm; text-align: justify;\">Film John\u2019un i\u015fyerinden k\u00fcf\u00fcrler sa\u00e7arak \u00e7\u0131kmas\u0131yla ve arabas\u0131na binmesiyle ba\u015fl\u0131yor. Bunu takip eden yakla\u015f\u0131k 25-30 dakika boyunca hi\u00e7bir \u015fey anlam\u0131yoruz. John\u2019un k\u0131z\u0131 Emma g\u00f6steriliyor. Johnla olan an\u0131lar\u0131 g\u00f6steriliyor. Anl\u0131yoruz iyi bir baba de\u011fildi John, e\u015fi \u00f6l\u00fcnce de k\u0131z b\u00fcy\u00fckannesi ve b\u00fcy\u00fckbabas\u0131yla ya\u015famaya ba\u015flam\u0131\u015f. Ve insanlar\u0131n s\u00fcrekli etraf\u0131nda dolanan r\u00fcya perileri de onu koruyorlar. Ama bir de \u00e7ok acayip tasar\u0131mlara sahip Karabasanlar var. Onlar da Emma\u2019n\u0131n pe\u015findeler. Bunun i\u00e7inde Ink adl\u0131 bir anahtarc\u0131y\u0131 tutuyorlar.<\/p>\n<p style=\"text-indent: 0.4cm; text-align: justify;\">Harika bir d\u00fcnya yaratm\u0131\u015f kendine Jamin Winans. O kafas\u0131n\u0131n i\u00e7indekileri merak ediyorum a\u00e7\u0131k\u00e7as\u0131. \u0130nan\u0131lmaz g\u00fczel tasar\u0131mlar, inan\u0131lmaz ara evrenler, inan\u0131lmaz i\u00e7 d\u00fcnyalar var filmde. Hikaye derinli\u011fine hayran kalmamak elde de\u011fil. Karakterlerin her birinin ayr\u0131 bir ge\u00e7mi\u015fi var gibi ve hi\u00e7birinin anlat\u0131lmamas\u0131 hikayeyi daha iyi k\u0131l\u0131yor. Sanki bir roman\u0131n par\u00e7as\u0131 filme \u00e7ekilmi\u015f gibi. Tek sorun hafiften s\u0131k\u0131c\u0131 ve zay\u0131f olmas\u0131.<\/p>\n<p style=\"text-indent: 0.4cm; text-align: justify;\">Jamin Winans\u2019\u0131n Spin diye bir i\u015fi var. Bir \u00e7o\u011funu izlemi\u015fsinizdir. Zaman\u0131 kontrol edebilen Dj meselesi. Orada kendine g\u00fcven a\u00e7\u0131k\u00e7a g\u00f6r\u00fcn\u00fcyorken burada bir zay\u0131fl\u0131k var. \u00c7ekimlerde \u0131\u015f\u0131kland\u0131rmalarda \u00e7ok ilgin\u00e7 teknikler kullan\u0131lm\u0131\u015f ve filmi de\u011fi\u015fik k\u0131lm\u0131\u015f. Ama yine de bir k\u0131sa filmden fazlas\u0131 i\u00e7in uygun olaca\u011f\u0131n\u0131 d\u00fc\u015f\u00fcnm\u00fcyorum bu par\u0131lt\u0131lar\u0131n. Elindeki d\u00fc\u015f\u00fck b\u00fct\u00e7eyle yenilik\u00e7i bir i\u015f \u00e7\u0131karmaya \u00e7al\u0131\u015fm\u0131\u015f ve milyonlarca dolarl\u0131k filmlerden daha iyi oldu\u011fu kesin.<\/p>\n<p style=\"text-indent: 0.4cm; text-align: justify;\">Hikaye temelinde karabasanlar\u0131n ve R\u00fcya koruyucular\u0131n\u0131n sava\u015f\u0131 var. Di\u011fer alemde ka\u00e7\u0131r\u0131lan k\u0131z, ger\u00e7ek alemde fel\u00e7 oluyor. Ve r\u00fcya kahramanlar\u0131 onu geri getirmeye \u00e7al\u0131\u015f\u0131yorlar bunun i\u00e7in de bir K\u0131lavuza dan\u0131\u015f\u0131yorlar ve s\u0131k\u0131 durun, r\u00fcya aleminin en iyi karakteri kar\u015f\u0131n\u0131zda. K\u0131lavuz inan\u0131lmaz bir karakter. Bizi  Spin\u2019e geri g\u00f6t\u00fcr\u00fcyor. Hayat\u0131n ritmini seziyor ve ak\u0131\u015f\u0131 de\u011fi\u015ftiriyor. \u201cOne, two, three, four\u2026One, two, three, don\u2019t die.\u201d<\/p>\n<p style=\"text-indent: 0.4cm; text-align: justify;\">Ink 2009\u2019un en cesur bilimkurgular\u0131ndan birisi. D\u00fc\u015f\u00fck b\u00fct\u00e7esi, \u00f6zg\u00fcn tasar\u0131mlar\u0131, \u00e7ok derin hikayesi ve \u00e7ok \u00f6zg\u00fcn sinema kurgusuyla izlenmeyi hak eden bir film. Ama dikkat: seyirci se\u00e7en bir film. \u0130lk 30 dakikay\u0131 ge\u00e7ene \u00f6d\u00fcl: \u00c7ok g\u00fczel bir film.<\/p>\n<p style=\"text-indent: 0.4cm; text-align: justify;\"><span style=\"color: #ff0000;\"><span style=\"font-size: 14pt; line-height: 1.3em;\"><strong>\u2014\u2014\u2014\u2014\u2014\u2014\u2014<br \/>\nPUAN :<\/strong> <strong><span style=\"color: #800000;\">7,6 \/ 10<br \/>\n\u2014\u2014\u2014\u2014\u2014-<\/span><\/strong><\/span><\/span><\/p>\n<hr \/>\n<table id=\"table20\" style=\"border-collapse: collapse; height: 21px;\" border=\"0\" cellspacing=\"0\" cellpadding=\"2\" width=\"470\">\n<tbody>\n<tr>\n<td style=\"border-style: solid ridge ridge; border-width: 1px; padding-left: 4px; padding-right: 4px;\" width=\"98%\" bgcolor=\"#C0B18D\"><strong><span style=\"font-size: 9pt; font-family: Tahoma;\">\u00d6zg\u00fcrcan Uzunya\u015fa | Amras Ringeril<\/span><br \/>\n<\/strong><\/td>\n<\/tr>\n<\/tbody>\n<\/table>\n","protected":false},"excerpt":{"rendered":"<p>Y\u00f6netmen: Jamin Winans Senaryo: Jamin Winans Oyuncular: Soren Kelly, Queen Hunchar, Jessica Duffy, Jennifer Batter, Jeremy Make Ink, r\u00fcyalardan f\u0131rlam\u0131\u015f bir m\u00fcrekkep lekesi. Ink bir d\u00f6n\u00fc\u015f\u00fcm ve mutluluk hikayesi. 2009\u2019un en alternatif bilimkurgu filmi gibi g\u00f6r\u00fcn\u00fcyor. Film John\u2019un i\u015fyerinden k\u00fcf\u00fcrler sa\u00e7arak \u00e7\u0131kmas\u0131yla ve arabas\u0131na binmesiyle ba\u015fl\u0131yor. Bunu takip eden yakla\u015f\u0131k 25-30 dakika boyunca hi\u00e7bir \u015fey [&hellip;]<\/p>\n","protected":false},"author":3,"featured_media":0,"parent":3284,"menu_order":0,"comment_status":"open","ping_status":"closed","template":"","meta":{"_acf_changed":false,"footnotes":""},"class_list":["post-3306","page","type-page","status-publish"],"acf":[],"_links":{"self":[{"href":"https:\/\/www.kayiprihtim.org\/portal\/wp-json\/wp\/v2\/pages\/3306","targetHints":{"allow":["GET"]}}],"collection":[{"href":"https:\/\/www.kayiprihtim.org\/portal\/wp-json\/wp\/v2\/pages"}],"about":[{"href":"https:\/\/www.kayiprihtim.org\/portal\/wp-json\/wp\/v2\/types\/page"}],"author":[{"embeddable":true,"href":"https:\/\/www.kayiprihtim.org\/portal\/wp-json\/wp\/v2\/users\/3"}],"replies":[{"embeddable":true,"href":"https:\/\/www.kayiprihtim.org\/portal\/wp-json\/wp\/v2\/comments?post=3306"}],"version-history":[{"count":0,"href":"https:\/\/www.kayiprihtim.org\/portal\/wp-json\/wp\/v2\/pages\/3306\/revisions"}],"up":[{"embeddable":true,"href":"https:\/\/www.kayiprihtim.org\/portal\/wp-json\/wp\/v2\/pages\/3284"}],"wp:attachment":[{"href":"https:\/\/www.kayiprihtim.org\/portal\/wp-json\/wp\/v2\/media?parent=3306"}],"curies":[{"name":"wp","href":"https:\/\/api.w.org\/{rel}","templated":true}]}}