{"id":3333,"date":"2010-01-07T00:09:41","date_gmt":"2010-01-06T22:09:41","guid":{"rendered":"http:\/\/www.kayiprihtim.org\/portal\/?page_id=3333"},"modified":"2012-01-31T10:36:17","modified_gmt":"2012-01-31T08:36:17","slug":"s-darko","status":"publish","type":"page","link":"https:\/\/www.kayiprihtim.org\/portal\/sinemada-bilim-kurgu\/s-darko\/","title":{"rendered":"S. Darko"},"content":{"rendered":"<p style=\"text-align: center;\"><img fetchpriority=\"high\" decoding=\"async\" class=\"aligncenter\" style=\"margin-bottom: 15px;\" src=\"https:\/\/www.kayiprihtim.org\/portal\/gorsel\/s-darko-top.jpg\" alt=\"\" width=\"490\" height=\"195\"><\/p>\n<p style=\"text-indent: 0.4cm; text-align: justify;\"><strong> <\/strong> [stextbox id=&#8221;info&#8221; caption=&#8221;K\u00fcnye&#8221;]<strong>Y\u00f6netmen:<\/strong> Chris Fisher<br \/>\n<strong>Senaryo:<\/strong> Nathan Atkins<br \/>\n<strong>Oyuncular:<\/strong> Daveigh Casey, Briana Evigan, James Lafferty, Ed Westwick<\/p>\n<p style=\"text-indent: 0.4cm; text-align: justify;\">Bir film ba\u015fka bir filmle tamamen ayn\u0131 \u015fekilde \u00e7ekilip nas\u0131l ondan \u00e7ok \u00e7ok daha k\u00f6t\u00fc olabilir? Merak m\u0131 ediyorsunuz? Donnie Darko\u2019yu izleyin. Sonra gelin S. Darko\u2019yu izleyin. Ya da vazge\u00e7tim izlemeyin.<\/p>\n<p style=\"text-indent: 0.4cm; text-align: justify;\">Filmimiz Samantha\u2019n\u0131n yani \u00f6nceden bildi\u011fimiz Donnie\u2019nin karde\u015finin hayat\u0131 bo\u015fvermi\u015f, \u00fczg\u00fcn, depresif, arabayla Amerika turu yapan bir k\u0131z haline geldi\u011fini anlatarak ba\u015fl\u0131yor. Asl\u0131nda anlatm\u0131yor da biz \u00e7\u0131kar\u0131yoruz. Filmin her yerini \u00e7\u0131karmak zorunda oldu\u011fumuz gibi. Arkada\u015f\u0131 Corey ile seyahatleri s\u0131ras\u0131nda bir kasaba yak\u0131n\u0131nda arabalar\u0131 bozuluyor. U\u00e7uk bir tip olan Randy onlar\u0131 kasabada bir motele g\u00f6t\u00fcr\u00fcyor. Ve olanlar oluyor. Sam uyurgezerli\u011fi s\u0131ras\u0131nda Iraq Jack ad\u0131ndaki karaktere g\u00f6r\u00fcn\u00fcyor ve ona emirler veriyor, bir meteoritten kurtar\u0131yor. Evet, kasabaya bir meteor d\u00fc\u015f\u00fcyor. Donnie Darko\u2019da u\u00e7ak motoru d\u00fc\u015ft\u00fc\u011f\u00fc gibi. Ve ortada \u00e7ok acayip bir geek tip var. Ne oldu\u011funu \u00e7\u00f6zebilmi\u015f de\u011filim.<\/p>\n<p style=\"text-indent: 0.4cm; text-align: justify;\">Filmin i\u015fleni\u015fi neredeyse Donnie Darko\u2019nun ayn\u0131s\u0131. Ama bu kez sava\u015f kar\u015f\u0131t\u0131 ve din propagandas\u0131 yapan ufak taraflar\u0131n\u0131 da g\u00f6r\u00fcyoruz. Ger\u00e7i sonunu tam izleyemedim, o kadar s\u0131k\u0131c\u0131yd\u0131 ki \u00fc\u00e7\u00fcnc\u00fc defa izlemeye \u00e7al\u0131\u015ft\u0131\u011f\u0131m 2001\u2019den bu yana bir filmi bu kadar \u00e7ok ileri sarmam\u0131\u015ft\u0131m.<\/p>\n<p style=\"text-indent: 0.4cm; text-align: justify;\">Filmin kesinlikle bir devam filmi olmad\u0131\u011f\u0131n\u0131 ve olmamas\u0131 gerekti\u011fin d\u00fc\u015f\u00fcn\u00fcyorum. Zaten ilk filmin y\u00f6netmeni Richard Kelly de filmi izlemedi\u011fini, hi\u00e7bir alakas\u0131n\u0131n olmad\u0131\u011f\u0131n\u0131 ve asla da izlemeyece\u011fini dile getirmi\u015f.<\/p>\n<p style=\"text-indent: 0.4cm; text-align: justify;\">Normal. \u00c7\u00fcnk\u00fc Donnie Darko temelleri \u00fczerine durup, ondan sadece zaman yolculu\u011fu kavram\u0131n\u0131 ve \u00fcrk\u00fct\u00fcc\u00fc \u015fizoid davran\u0131\u015flar\u0131 alabilmi\u015f. Onu da s\u00fcrekli birilerinin ba\u015f\u0131na k\u00f6t\u00fc bir \u015fey geldi\u011finde d\u00fczeltmek i\u00e7in kullanm\u0131\u015f. S\u00fcrekli bir zaman yolculu\u011fu oluyor. Neden oluyor nas\u0131l oluyor a\u00e7\u0131klamak g\u00fc\u00e7.<\/p>\n<p style=\"text-indent: 0.4cm; text-align: justify;\">S. Darko bu senenin en b\u00fcy\u00fck \u00fcz\u00fcnt\u00fclerinden oldu benim i\u00e7in. Umar\u0131m \u00e7abuk silinir piyasadan. Donnie Darko\u2019ya leke s\u00fcrmeden kaybolur. Tek iyi yan\u0131 \u00e7ok g\u00fczel k\u0131zlard\u0131 herhalde.<\/p>\n<p style=\"text-indent: 0.4cm; text-align: justify;\"><span style=\"color: #ff0000;\"><span style=\"font-size: 14pt; line-height: 1.3em;\"><strong>\u2014\u2014\u2014\u2014\u2014\u2014\u2014<br \/>\nPUAN :<\/strong> <strong><span style=\"color: #800000;\">4,5 \/ 10<br \/>\n\u2014\u2014\u2014\u2014\u2014-<\/span><\/strong><\/span><\/span><\/p>\n<hr \/>\n<table id=\"table20\" style=\"border-collapse: collapse; height: 21px;\" border=\"0\" cellspacing=\"0\" cellpadding=\"2\" width=\"470\">\n<tbody>\n<tr>\n<td style=\"border-style: solid ridge ridge; border-width: 1px; padding-left: 4px; padding-right: 4px;\" width=\"98%\" bgcolor=\"#C0B18D\"><strong><span style=\"font-size: 9pt; font-family: Tahoma;\">\u00d6zg\u00fcrcan Uzunya\u015fa | <span style=\"color: #800000;\">Amras Ringeril<\/span><\/span><br \/>\n<\/strong><\/td>\n<\/tr>\n<\/tbody>\n<\/table>\n","protected":false},"excerpt":{"rendered":"<p>[stextbox id=&#8221;info&#8221; caption=&#8221;K\u00fcnye&#8221;]Y\u00f6netmen: Chris Fisher Senaryo: Nathan Atkins Oyuncular: Daveigh Casey, Briana Evigan, James Lafferty, Ed Westwick Bir film ba\u015fka bir filmle tamamen ayn\u0131 \u015fekilde \u00e7ekilip nas\u0131l ondan \u00e7ok \u00e7ok daha k\u00f6t\u00fc olabilir? Merak m\u0131 ediyorsunuz? Donnie Darko\u2019yu izleyin. Sonra gelin S. Darko\u2019yu izleyin. Ya da vazge\u00e7tim izlemeyin. Filmimiz Samantha\u2019n\u0131n yani \u00f6nceden bildi\u011fimiz Donnie\u2019nin karde\u015finin [&hellip;]<\/p>\n","protected":false},"author":3,"featured_media":0,"parent":3284,"menu_order":0,"comment_status":"open","ping_status":"closed","template":"","meta":{"_acf_changed":false,"footnotes":""},"class_list":["post-3333","page","type-page","status-publish"],"acf":[],"_links":{"self":[{"href":"https:\/\/www.kayiprihtim.org\/portal\/wp-json\/wp\/v2\/pages\/3333","targetHints":{"allow":["GET"]}}],"collection":[{"href":"https:\/\/www.kayiprihtim.org\/portal\/wp-json\/wp\/v2\/pages"}],"about":[{"href":"https:\/\/www.kayiprihtim.org\/portal\/wp-json\/wp\/v2\/types\/page"}],"author":[{"embeddable":true,"href":"https:\/\/www.kayiprihtim.org\/portal\/wp-json\/wp\/v2\/users\/3"}],"replies":[{"embeddable":true,"href":"https:\/\/www.kayiprihtim.org\/portal\/wp-json\/wp\/v2\/comments?post=3333"}],"version-history":[{"count":0,"href":"https:\/\/www.kayiprihtim.org\/portal\/wp-json\/wp\/v2\/pages\/3333\/revisions"}],"up":[{"embeddable":true,"href":"https:\/\/www.kayiprihtim.org\/portal\/wp-json\/wp\/v2\/pages\/3284"}],"wp:attachment":[{"href":"https:\/\/www.kayiprihtim.org\/portal\/wp-json\/wp\/v2\/media?parent=3333"}],"curies":[{"name":"wp","href":"https:\/\/api.w.org\/{rel}","templated":true}]}}