{"id":3337,"date":"2010-01-07T00:17:45","date_gmt":"2010-01-06T22:17:45","guid":{"rendered":"http:\/\/www.kayiprihtim.org\/portal\/?page_id=3337"},"modified":"2021-06-06T01:59:47","modified_gmt":"2021-06-05T22:59:47","slug":"9-2","status":"publish","type":"page","link":"https:\/\/www.kayiprihtim.org\/portal\/sinemada-bilim-kurgu\/9-2\/","title":{"rendered":"9"},"content":{"rendered":"<p style=\"text-align: center;\"><img fetchpriority=\"high\" decoding=\"async\" class=\"aligncenter\" src=\"https:\/\/www.kayiprihtim.org\/portal\/gorsel\/9posterfinal.jpg\" alt=\"\" width=\"465\" height=\"152\"><\/p>\n<p><strong> <\/strong> <strong>Y\u00f6netmen:<\/strong> Shane Acker<br \/>\n<strong>Senaryo:<\/strong> Shane Acker<\/p>\n<p style=\"text-indent: 0.4cm; text-align: justify;\">9, 2009\u2019un en \u00f6nemli animasyonlar\u0131ndan biri. K\u0131yamet sonras\u0131 bir senaryo ile Tim Burton tarz\u0131 animasyonlar\u0131n g\u00fczel bir harman\u0131.<\/p>\n<p style=\"text-indent: 0.4cm; text-align: justify;\">Tim Burton, Timur Bekmambetov gibi isimlerin de yap\u0131mc\u0131l\u0131k koltu\u011funda oturdu film, asl\u0131nda Shane Acker\u2019in uzun s\u00fcreli bir projesi. 2006 y\u0131l\u0131nda ayn\u0131 isimli ve hikayeli k\u0131sa filmin uzun metraja uyarlanm\u0131\u015f hali.<\/p>\n<p style=\"text-indent: 0.4cm; text-align: justify;\">Hikaye d\u00fcnyan\u0131n Sovyetlerin \u00fcretti\u011fi insanl\u0131k d\u0131\u015f\u0131 bir canavar robotun insanl\u0131\u011f\u0131 yok etmesiyle ba\u015fl\u0131yor. Ayn\u0131 robotu \u00fcreten bilim adam\u0131ysa benzer bir teknolojiyle 9 tane ufak kuklay\u0131 ortaya \u00e7\u0131kar\u0131yor. Bu kuklalar\u0131n her biri ayr\u0131 bir simge ve ayr\u0131 \u00f6zelliklere sahip. Hepsinin g\u00f6revi farkl\u0131 ve bir araya geldiklerinde, d\u00fcnyay\u0131 kurtaracaklar.<\/p>\n<p style=\"text-indent: 0.4cm; text-align: justify;\">Asl\u0131nda film burada \u00e7ok ilgin\u00e7 bir halde duruyor. D\u00fcnyada kurtar\u0131lmaya de\u011fer hi\u00e7bir \u015fey yok. Bilim adam\u0131n\u0131n par\u00e7a par\u00e7a ruhlar\u0131 d\u0131\u015f\u0131nda hi\u00e7bir \u015fey kalmam\u0131\u015f. Ya da biz \u00f6yle san\u0131yoruz. Asl\u0131nda kuklalar kendilerini kurtarmak temelinde hareket ederek d\u00fcnyay\u0131 kurtar\u0131yorlar. Bir birey b\u00fct\u00fcn bireyler demektir felsefesinden yola \u00e7\u0131k\u0131yorlar.<\/p>\n<div style=\"text-align: center;\">  <\/div>\n<p style=\"text-indent: 0.4cm; text-align: justify;\">Animasyon teknik, hikaye, seslendirme (Elijah Wood falan var =) ) a\u00e7\u0131s\u0131ndan m\u00fckemmel. Asl\u0131nda bir \u00e7ok a\u00e7\u0131dan m\u00fckemmel. Hatta bana tek kusuru son on be\u015f dakikasi gibi geldi. Tam olaylar bitti derken bir kli\u015feyle geri d\u00f6n\u00fclmesi beni biraz hayal k\u0131r\u0131kl\u0131\u011f\u0131na u\u011fratt\u0131. Ger\u00e7i daha a\u00e7\u0131klanmam\u0131\u015f \u00e7ok \u015fey vard\u0131. B\u00f6ylece onlar da a\u00e7\u0131klanm\u0131\u015f oldu.<\/p>\n<p style=\"text-indent: 0.4cm; text-align: justify;\">Yukar\u0131da Sovyetler dedim. Ancak hikayede bahsi ge\u00e7en \u00fclke Sovyetler de\u011fildi (asl\u0131nda \u015fimdi fark ettim hatam\u0131 :P). Yine de A\u00e7\u0131k\u00e7a Sovyetlere g\u00f6nderme yap\u0131l\u0131yordu. Giyim ku\u015fam, hareketler, konu\u015fmalar (comrade!). Bu filmin a\u00e7\u0131k yanlar\u0131ndan biri gibi g\u00f6r\u00fcnd\u00fc g\u00f6z\u00fcme. Bir y\u00f6netim bi\u00e7iminden bahsetmeden bu kadar a\u00e7\u0131k manip\u00fclasyonla bir siyasi g\u00f6r\u00fc\u015f\u00fcn ele\u015ftirilmesi k\u00f6t\u00fc g\u00f6r\u00fcnd\u00fc. Hele bu tarz bir animasyonda.<\/p>\n<p style=\"text-indent: 0.4cm; text-align: justify;\">Filmin i\u00e7eri\u011findeyse Tim Burton\u2019\u0131n havas\u0131 seziliyor. Forumda Nihbrin s\u00f6ylemi\u015fti, her yerde b\u0131\u00e7aklar makaslar var. Bunlar\u0131 kullanan sevimli ama her birinin ayr\u0131 a\u00e7\u0131k yanlar\u0131 bulunan kuklalar var. \u00c7ok g\u00fczel m\u00fczikler ve s\u00fcr\u00fckleyici hikaye var. Harika bir bir saat on dokuz dakika var.<\/p>\n<p style=\"text-indent: 0.4cm; text-align: justify;\"><span style=\"color: #ff0000;\"><span style=\"font-size: 14pt; line-height: 1.3em;\"><strong>\u2014\u2014\u2014\u2014\u2014\u2014\u2014<br \/>\nPUAN :<\/strong> <strong><span style=\"color: #800000;\">7,8 \/ 10<br \/>\n\u2014\u2014\u2014\u2014\u2014<\/span><\/strong><\/span><\/span><\/p>\n<hr \/>\n<table id=\"table20\" style=\"border-collapse: collapse; height: 21px; width: 470px;\" border=\"0\" cellspacing=\"0\" cellpadding=\"2\">\n<tbody>\n<tr>\n<td style=\"border-style: solid ridge ridge; border-width: 1px; padding-left: 4px; padding-right: 4px;\" width=\"98%\" bgcolor=\"#c0b18d\"><strong><span style=\"font-size: 9pt; font-family: Tahoma;\">\u00d6zg\u00fcrcan Uzunya\u015fa | Amras Ringeril<\/span><br \/>\n<\/strong><\/td>\n<\/tr>\n<\/tbody>\n<\/table>\n","protected":false},"excerpt":{"rendered":"<p>Y\u00f6netmen: Shane Acker Senaryo: Shane Acker 9, 2009\u2019un en \u00f6nemli animasyonlar\u0131ndan biri. K\u0131yamet sonras\u0131 bir senaryo ile Tim Burton tarz\u0131 animasyonlar\u0131n g\u00fczel bir harman\u0131. Tim Burton, Timur Bekmambetov gibi isimlerin de yap\u0131mc\u0131l\u0131k koltu\u011funda oturdu film, asl\u0131nda Shane Acker\u2019in uzun s\u00fcreli bir projesi. 2006 y\u0131l\u0131nda ayn\u0131 isimli ve hikayeli k\u0131sa filmin uzun metraja uyarlanm\u0131\u015f hali. Hikaye [&hellip;]<\/p>\n","protected":false},"author":3,"featured_media":0,"parent":3284,"menu_order":0,"comment_status":"open","ping_status":"closed","template":"","meta":{"_acf_changed":false,"footnotes":""},"class_list":["post-3337","page","type-page","status-publish"],"acf":[],"_links":{"self":[{"href":"https:\/\/www.kayiprihtim.org\/portal\/wp-json\/wp\/v2\/pages\/3337","targetHints":{"allow":["GET"]}}],"collection":[{"href":"https:\/\/www.kayiprihtim.org\/portal\/wp-json\/wp\/v2\/pages"}],"about":[{"href":"https:\/\/www.kayiprihtim.org\/portal\/wp-json\/wp\/v2\/types\/page"}],"author":[{"embeddable":true,"href":"https:\/\/www.kayiprihtim.org\/portal\/wp-json\/wp\/v2\/users\/3"}],"replies":[{"embeddable":true,"href":"https:\/\/www.kayiprihtim.org\/portal\/wp-json\/wp\/v2\/comments?post=3337"}],"version-history":[{"count":6,"href":"https:\/\/www.kayiprihtim.org\/portal\/wp-json\/wp\/v2\/pages\/3337\/revisions"}],"predecessor-version":[{"id":59366,"href":"https:\/\/www.kayiprihtim.org\/portal\/wp-json\/wp\/v2\/pages\/3337\/revisions\/59366"}],"up":[{"embeddable":true,"href":"https:\/\/www.kayiprihtim.org\/portal\/wp-json\/wp\/v2\/pages\/3284"}],"wp:attachment":[{"href":"https:\/\/www.kayiprihtim.org\/portal\/wp-json\/wp\/v2\/media?parent=3337"}],"curies":[{"name":"wp","href":"https:\/\/api.w.org\/{rel}","templated":true}]}}