{"id":33924,"date":"2014-07-10T04:26:49","date_gmt":"2014-07-10T01:26:49","guid":{"rendered":"http:\/\/www.kayiprihtim.org\/portal\/?page_id=33924"},"modified":"2014-08-04T16:07:47","modified_gmt":"2014-08-04T13:07:47","slug":"dumbledoreun-ordusu-quidditch-dunya-kupasi-finallerinde-tekrar-toplaniyor","status":"publish","type":"page","link":"https:\/\/www.kayiprihtim.org\/portal\/projeler\/dumbledoreun-ordusu-quidditch-dunya-kupasi-finallerinde-tekrar-toplaniyor\/","title":{"rendered":"Dumbledore&#8217;un Ordusu Quidditch D\u00fcnya Kupas\u0131 Finalleri&#8217;nde Tekrar Toplan\u0131yor"},"content":{"rendered":"<p style=\"text-align: center;\"><a href=\"https:\/\/www.kayiprihtim.org\/portal\/gorsel\/2014\/07\/Quidditch-World-Cup.jpg\"><img fetchpriority=\"high\" decoding=\"async\" class=\"aligncenter wp-image-33932 size-full\" src=\"https:\/\/www.kayiprihtim.org\/portal\/gorsel\/2014\/07\/Quidditch-World-Cup.jpg\" alt=\"Quidditch World Cup\" width=\"616\" height=\"303\" srcset=\"https:\/\/www.kayiprihtim.org\/portal\/gorsel\/2014\/07\/Quidditch-World-Cup.jpg 650w, https:\/\/www.kayiprihtim.org\/portal\/gorsel\/2014\/07\/Quidditch-World-Cup-300x147.jpg 300w\" sizes=\"(max-width: 616px) 100vw, 616px\" \/><\/a><\/p>\n<p style=\"text-align: center;\"><span style=\"font-size: 12pt; font-family: georgia,palatino; color: #993300;\"><b>Dumbledore&#8217;un Ordusu Quidditch D\u00fcnya Kupas\u0131 Finalleri&#8217;nde Tekrar Toplan\u0131yor<\/b><\/span><br \/>\n<span style=\"font-family: georgia,palatino;\"><em> Gelecek Postas\u0131&#8217;n\u0131n Dedikodu Yazar\u0131 Rita Skeeter&#8217;\u0131n Kaleminden<\/em><\/span><\/p>\n<p style=\"text-indent: 0.4cm; text-align: justify;\"><span style=\"font-size: 12pt; font-family: Segoe UI,helvetica,sans-serif;\">\u00dcnl\u00fcler vard\u0131r, bir de \u00fcnl\u00fcler vard\u0131r. B\u00fcy\u00fcc\u00fcl\u00fck d\u00fcnyas\u0131n\u0131n pek \u00e7ok \u00fcnl\u00fc y\u00fcz\u00fcn\u00fcn Patagonya \u00c7\u00f6l\u00fc&#8217;ne kurulmu\u015f bu trib\u00fcnlere te\u015frif etti\u011fini g\u00f6rd\u00fck. Bakanlar ve devlet ba\u015fkanlar\u0131, Celestina Warbeck, Amerikan\u0131n m\u00fcnaka\u015fac\u0131 b\u00fcy\u00fcc\u00fc m\u00fczik grubu K\u0131r\u0131k Kanatl\u0131 Snitchler&#8230; hepsi de kalabal\u0131klar\u0131n heyecanla dalgalanmas\u0131na, birer imza alabilmek i\u00e7in \u00e7alkalanmas\u0131na, hatta \u015feref trib\u00fcn\u00fcne eri\u015febilmek i\u00e7in insanlar\u0131n ba\u015flar\u0131n\u0131n \u00fczerinden K\u00f6pr\u00fc B\u00fcy\u00fcleri yapmalar\u0131na neden oldu.<\/span><\/p>\n<p style=\"text-indent: 0.4cm; text-align: justify;\"><span style=\"font-size: 12pt; font-family: Segoe UI,helvetica,sans-serif;\">Ama k\u00f6t\u00fc \u015f\u00f6hretli b\u00fcy\u00fcc\u00fclerden olu\u015fan malum bir \u00e7etenin (art\u0131k en parlak d\u00f6nemlerindeki din\u00e7 y\u00fczl\u00fc gen\u00e7ler olmamalar\u0131na ra\u011fmen h\u00e2l\u00e2 tan\u0131nabilir durumdalar) finalleri izlemek i\u00e7in buraya geldi\u011fi duyuldu\u011funda kamp sahas\u0131nda ve stadyumda olu\u015fan heyecan daha \u00f6nce g\u00f6r\u00fclen hi\u00e7bir \u015feye benzemiyordu. Kalabal\u0131k \u00e7\u0131lg\u0131nca ko\u015fturmaya ba\u015flarken \u00e7ad\u0131rlar u\u00e7u\u015ftu ve k\u00fc\u00e7\u00fck \u00e7ocuklar ezildi. Hayranlar\u0131, Dumbledore&#8217;un Ordusu&#8217;nun g\u00f6r\u00fcld\u00fc\u011f\u00fc s\u00f6ylenen b\u00f6lgeye d\u00fcnyan\u0131n d\u00f6rt bir yan\u0131ndan ak\u0131n etti. En \u00e7ok da h\u00e2l\u00e2 Se\u00e7ilmi\u015f Ki\u015fi olarak adland\u0131rd\u0131klar\u0131 adam\u0131 \u015f\u00f6yle bir g\u00f6rebilmek i\u00e7in&#8230;<\/span><\/p>\n<p style=\"text-indent: 0.4cm; text-align: justify;\"><span style=\"font-size: 12pt; font-family: Segoe UI,helvetica,sans-serif;\">Potter ailesi ile Dumbledore&#8217;un Ordusu&#8217;nun di\u011fer \u00fcyeleri kamp alan\u0131n\u0131n VIP alan\u0131nda, yani kuvvetli t\u0131ls\u0131mlar ve G\u00fcvenlik B\u00fcy\u00fcc\u00fcleri taraf\u0131ndan korunan b\u00f6lgede a\u011f\u0131rland\u0131. Varl\u0131klar\u0131, g\u00fcvenlik kordonuna al\u0131nm\u0131\u015f alan\u0131n etraf\u0131nda hepsi de kahramanlar\u0131n\u0131 g\u00f6z ucuyla da olsa g\u00f6rmek isteyen ki\u015filerden olu\u015fan b\u00fcy\u00fck kalabal\u0131klar\u0131n toplanmas\u0131na neden oldu. Bug\u00fcn saat 15&#8217;te, Potter iki k\u00fc\u00e7\u00fck o\u011flunu g\u00fcr\u00fclt\u00fcl\u00fc \u00e7\u0131\u011fl\u0131klar e\u015fli\u011finde oyuncular\u0131n yerle\u015fkesine g\u00f6t\u00fcr\u00fcp Bulgar Aray\u0131c\u0131 Viktor Krum&#8217;la tan\u0131\u015ft\u0131rd\u0131\u011f\u0131nda dileklerine kavu\u015ftular.<\/span><\/p>\n<p style=\"text-indent: 0.4cm; text-align: justify;\"><span style=\"font-size: 12pt; font-family: Segoe UI,helvetica,sans-serif;\">34&#8217;\u00fcne girmek \u00fczere olan \u00fcnl\u00fc Seherbaz&#8217;\u0131n siyah sa\u00e7lar\u0131na birka\u00e7 gri tel d\u00fc\u015fm\u00fc\u015f olmas\u0131na ra\u011fmen, kimilerine g\u00f6re on iki ya\u015f\u0131ndaki tarzdan yoksun bir \u00e7ocu\u011fa daha \u00e7ok yak\u0131\u015facak o karakteristik yuvarlak \u00e7er\u00e7eveli g\u00f6zl\u00fcklerini takmaya devam ediyor. \u015eim\u015fek bi\u00e7imli \u00fcnl\u00fc yara izinin bir arkada\u015f\u0131 var; Potter sa\u011f elmac\u0131k kemi\u011finin \u00fczerinde \u00e7irkin bir kesik ta\u015f\u0131yor. Bu yaran\u0131n nas\u0131l olu\u015ftu\u011funa dair bilgi talep etti\u011fimizde, Sihir Bakanl\u0131\u011f\u0131&#8217;n\u0131n her zamanki yan\u0131t\u0131yla kar\u015f\u0131la\u015ft\u0131k: &#8220;Size daha evvel 541 kez s\u00f6yledi\u011fimiz gibi, Seherbaz B\u00fcrosu&#8217;nun \u00e7ok gizli i\u015fleri hakk\u0131nda yorum yapm\u0131yoruz Bayan Skeeter.&#8221; Peki ne sakl\u0131yorlar? Se\u00e7ilmi\u015f Ki\u015fi bir g\u00fcn hepimize patlayacak, bizi yeni bir ter\u00f6r ve karga\u015fa \u00e7a\u011f\u0131na s\u00fcr\u00fckleyecek yeni gizemlere mi bula\u015ft\u0131?<\/span><\/p>\n<p style=\"text-indent: 0.4cm; text-align: justify;\"><span style=\"font-size: 12pt; font-family: Segoe UI,helvetica,sans-serif;\">Yoksa bu yara Potter&#8217;\u0131n \u00e7aresizlikle saklamaya \u00e7al\u0131\u015ft\u0131\u011f\u0131, \u00e7ok daha m\u00fctevaz\u0131 bir k\u00f6kene mi sahip? Kar\u0131s\u0131 onu lanetlemi\u015f olabilir mi? Potterlar\u0131n mutlu bir birliktelik olarak yans\u0131tmaya \u00e7al\u0131\u015ft\u0131klar\u0131 \u015feyde \u00e7atlaklar g\u00f6r\u00fcnmeye ba\u015flam\u0131\u015f olabilir mi? E\u015fi Ginevra&#8217;n\u0131n bu turnuvada muhabirlik\u00a0yapmak i\u00e7in kocas\u0131n\u0131 ve \u00e7ocuklar\u0131n\u0131 Londra&#8217;da b\u0131rakmaktan son derece mutlu oldu\u011fu ger\u00e7e\u011fi hakk\u0131nda bir \u015feyler okumal\u0131 m\u0131y\u0131z? J\u00fcri, Ginevra&#8217;n\u0131n Quidditch D\u00fcnya Kupas\u0131&#8217;na g\u00f6nderilecek yetene\u011fe ya da tecr\u00fcbeye sahip olup olmad\u0131\u011f\u0131na h\u00e2l\u00e2 karar vermi\u015f de\u011fil (j\u00fcri karar\u0131n\u0131 verdi; hay\u0131r!!!), ama gelin \u015fu ger\u00e7ekle y\u00fczle\u015felim: e\u011fer soyad\u0131n\u0131z Potter ise t\u00fcm kap\u0131lar a\u00e7\u0131l\u0131r, milli sporcular size yaltaklan\u0131r ve Gelecek Postas\u0131 edit\u00f6rlerinden en g\u00fczel g\u00f6revleri kapars\u0131n\u0131z. <\/span><\/p>\n<p style=\"text-indent: 0.4cm; text-align: justify;\"><span style=\"font-size: 12pt; font-family: Segoe UI,helvetica,sans-serif;\">Sad\u0131k hayranlar\u0131n\u0131n ve takip\u00e7ilerinin hat\u0131rlayaca\u011f\u0131 gibi, Potter ve Krum tart\u0131\u015fmal\u0131 \u00dc\u00e7 B\u00fcy\u00fcc\u00fc Turnuvas\u0131&#8217;nda birbirlerine kar\u015f\u0131 yar\u0131\u015fm\u0131\u015flard\u0131; ama bulu\u015ftuklar\u0131nda birbirlerine sar\u0131lmalar\u0131na bak\u0131l\u0131rsa aralar\u0131nda bir husumet yok. (O labirentte ger\u00e7ekte ne oldu? S\u0131cak selamla\u015fmalar\u0131n\u0131n spek\u00fclasyonlar\u0131n \u00f6n\u00fcn\u00fc kesme ihtimali pek fazla de\u011fil.) Yar\u0131m saatlik bir muhabbetin ard\u0131ndan Potter ve o\u011fullar\u0131 kamp alan\u0131na geri d\u00f6nd\u00fc ve gece yar\u0131s\u0131ndan sonraki ge\u00e7 saatlere kadar Dumbledore&#8217;un Ordusu&#8217;nun di\u011fer \u00fcyeleriyle sohbet ettiler.<\/span><\/p>\n<p style=\"text-indent: 0.4cm; text-align: justify;\"><span style=\"font-size: 12pt; font-family: Segoe UI,helvetica,sans-serif;\">Hemen yanlar\u0131ndaki \u00e7ad\u0131rda Potter&#8217;\u0131n en yak\u0131n iki dostu kal\u0131yor. Onun hakk\u0131nda her \u015feyi bilen ama yine de bas\u0131nla konu\u015fmay\u0131 her zaman reddeden ikili. Ondan m\u0131 korkuyorlar, yoksa kendi s\u0131rlar\u0131n\u0131n a\u00e7\u0131\u011fa \u00e7\u0131karak Kim Oldu\u011funu Bilirsin Sen&#8217;in efsanevi yenilgisini lekelemesinden mi? Art\u0131k evli olan Ronald Weasley ve Hermione Granger neredeyse yolun en ba\u015f\u0131ndan beri Potter ile birliktelerdi. Dumbledore&#8217;un Ordusu&#8217;nun geri kalan\u0131 gibi, onlar da Hogwarts Sava\u015f\u0131&#8217;nda \u00e7arp\u0131\u015fm\u0131\u015flard\u0131 ve g\u00f6sterdikleri cesaret nedeniyle kendilerine\u00a0minnettar kalan b\u00fcy\u00fcc\u00fcl\u00fck d\u00fcnyas\u0131n\u0131n \u00fczerlerine boca etti\u011fi takdir ve \u00f6d\u00fclleri hak ettiklerine hi\u00e7 \u015f\u00fcphe yok.<\/span><\/p>\n<p style=\"text-indent: 0.4cm; text-align: justify;\"><span style=\"font-size: 12pt; font-family: Segoe UI,helvetica,sans-serif;\">O \u00fcnl\u00fc k\u0131z\u0131l sa\u00e7lar\u0131 hafiften d\u00f6k\u00fclmeye ba\u015flayan Weasley, sava\u015ftan hemen sonra Potter ile birlikte Sihir Bakanl\u0131\u011f\u0131&#8217;nda \u00e7al\u0131\u015fmaya ba\u015flam\u0131\u015f, ama sadece iki y\u0131l sonra g\u00f6revinden ayr\u0131l\u0131p \u00e7ok ba\u015far\u0131l\u0131 bir b\u00fcy\u00fcc\u00fc \u015fakas\u0131 ma\u011fazas\u0131 olan Weasley B\u00fcy\u00fcc\u00fc \u015eakalar\u0131&#8217;na ortak olmu\u015ftu. O zaman belirtti\u011fi, &#8220;Hep sevmi\u015f oldu\u011fum bir i\u015fte a\u011fabeyim George&#8217;a yard\u0131m etmekten memnunum,&#8221; s\u00f6z\u00fc ger\u00e7ekten de do\u011fru mu? Yoksa Potter&#8217;\u0131n g\u00f6lgesi olmaktan m\u0131 b\u0131km\u0131\u015ft\u0131? Seherbaz B\u00fcrosu&#8217;ndaki i\u015fler, Kim Oldu\u011funu Bilirsin Sen&#8217;in hortkuluklar\u0131n\u0131 yok etmenin kendisine b\u00fcy\u00fck zarar verdi\u011fini itiraf eden bir adama \u00e7ok mu fazla geldi? Uzaktan bak\u0131ld\u0131\u011f\u0131nda zihinsel bir rahats\u0131zl\u0131\u011f\u0131 varm\u0131\u015f gibi g\u00f6r\u00fcnm\u00fcyor, ama insanlar\u0131n d\u00fczg\u00fcn bir de\u011ferlendirme yapacak kadar yak\u0131n\u0131na yakla\u015fmas\u0131na da izin verilmiyor. Bundan ku\u015fkulanmal\u0131 m\u0131y\u0131z?<\/span><\/p>\n<p style=\"text-indent: 0.4cm; text-align: justify;\"><span style=\"font-size: 12pt; font-family: Segoe UI,helvetica,sans-serif;\">Hermione Granger her zaman i\u00e7in grubun ba\u015ftan \u00e7\u0131kar\u0131c\u0131 kad\u0131n\u0131 olmu\u015ftu elbette. O zamanki haber b\u00fcltenleri, gen\u00e7 bir k\u0131zken Viktor Krum&#8217;\u0131n adaleleri taraf\u0131ndan ayart\u0131lmadan \u00f6nce gen\u00e7 Potter&#8217;\u0131n duygular\u0131yla oynad\u0131\u011f\u0131n\u0131, en sonunda da Potter&#8217;\u0131n sad\u0131k yard\u0131mc\u0131s\u0131na raz\u0131 olmak zorunda kald\u0131\u011f\u0131n\u0131 ortaya \u00e7\u0131karm\u0131\u015ft\u0131. Adeta bir g\u00f6kta\u015f\u0131 misali B\u00fcy\u00fc Yasalar\u0131 Uygulama Dairesi&#8217;nin m\u00fcd\u00fcr yard\u0131mc\u0131l\u0131\u011f\u0131na y\u00fckseli\u015finin ard\u0131ndan \u015fimdi de Bakanl\u0131k&#8217;\u0131n i\u00e7inde daha da y\u00fckselebilece\u011fi s\u00f6yleniyor. Kendisi ayn\u0131 zamanda iki \u00e7ocuk annesi; o\u011flu Hugo ve k\u0131z\u0131 Rose. Hermione Granger sahiden de bir cad\u0131n\u0131n istedi\u011fi her \u015feye sahip olabilece\u011finin bir kan\u0131t\u0131 olabilir mi? (Hay\u0131r&#8230; sa\u00e7\u0131na bir bak\u0131n.)<\/span><\/p>\n<p style=\"text-indent: 0.4cm; text-align: justify;\"><span style=\"font-size: 12pt; font-family: Segoe UI,helvetica,sans-serif;\">Tabii bir de Potter, Weasley ve Granger kadar \u015f\u00f6hret olmayan di\u011fer Dumbledore&#8217;un Ordusu \u00fcyeleri var. (Bu duruma i\u00e7erliyorlar m\u0131? Neredeyse kesinlikle.) Art\u0131k Hogwarts Cad\u0131l\u0131k ve B\u00fcy\u00fcc\u00fcl\u00fck Okulu&#8217;nun sevilen bir bitki bilimi \u00f6\u011fretmeni olan Neville Longbottom, kar\u0131s\u0131 Hannah ile burada, Patagonya&#8217;da. \u0130kili yak\u0131n zamana dek Londra&#8217;daki \u00c7atlak Kazan&#8217;\u0131n \u00fcst kat\u0131nda ya\u015f\u0131yordu ama s\u00f6ylentilere bak\u0131l\u0131rsa Hannah sadece bir \u015eifac\u0131 olarak e\u011fitim almakla kalmam\u0131\u015f, ayn\u0131 zamanda ba\u015fhem\u015firelik i\u00e7in Hogwarts&#8217;a ba\u015fvurmu\u015f. Ba\u015f\u0131bo\u015f dedikodular, ikilinin Ogden&#8217;in Eski Ate\u015f Viskisi&#8217;nin tad\u0131n\u0131 \u00e7ocuklar\u0131m\u0131zdan sorumlu kimselerden bekleyece\u011fimizden biraz daha fazla \u00e7\u0131kartt\u0131\u011f\u0131n\u0131 iddia ediyor ama hepimizin i\u015f ba\u015fvurusu i\u00e7in ona iyi \u015fanslar diledi\u011fine \u015f\u00fcphe yok.<\/span><\/p>\n<p style=\"text-indent: 0.4cm; text-align: justify;\"><span style=\"font-size: 12pt; font-family: Segoe UI,helvetica,sans-serif;\">Dumbledore&#8217;un Ordusu&#8217;nun eleba\u015flar\u0131n\u0131n sonuncusu Luna Lovegood elbette. (Kendisi \u00fcnl\u00fc B\u00fcy\u00fczoolog Newt&#8217;in esmer torunu Rolf Scamander ile evli.) H\u00e2l\u00e2 keyif verici derecede eksantrik biri olan Luna, VIP b\u00f6lgesinde kupaya kat\u0131lmaya hak kazanan on alt\u0131 \u00fclkenin bayraklar\u0131ndan olu\u015fan bir elbiseyle dola\u015f\u0131yor. \u0130kiz o\u011fullar\u0131 &#8216;b\u00fcy\u00fckbabalar\u0131yla birlikte evde.&#8217; Acaba bu &#8216;halk aras\u0131nda g\u00f6r\u00fclemeyecek derecede rahats\u0131zl\u0131k verici&#8217; demenin \u00fcst\u00fc kapal\u0131 yolu mu? B\u00f6yle bir \u015feyi sadece en kaba ki\u015filerin ima edebilece\u011fine \u015f\u00fcphe yok.<\/span><\/p>\n<p style=\"text-indent: 0.4cm; text-align: justify;\"><span style=\"font-size: 12pt; font-family: Segoe UI,helvetica,sans-serif;\">Ordu&#8217;nun di\u011fer \u00fcyelerinden birka\u00e7\u0131 da burada, ama en yo\u011fun ilgi bu alt\u0131 ki\u015finin \u00fczerinde. Nerede k\u0131z\u0131l sa\u00e7l\u0131 bir kafa g\u00f6r\u00fclse e\u011fitimli biri bunun bir Weasley&#8217;e ait oldu\u011funu tahmin edebilir, fakat\u00a0o ki\u015finin George mu (Weasley B\u00fcy\u00fcc\u00fc \u015eakalar\u0131&#8217;n\u0131n varl\u0131kl\u0131 ortaklar\u0131ndan biri), Charlie mi (ejderha kovboyu, h\u00e2l\u00e2 bekar&#8230; neden?) yoksa Percy mi (B\u00fcy\u00fcl\u00fc Ta\u015f\u0131mac\u0131l\u0131k Dairesi Ba\u015fkan\u0131 &#8211; U\u00e7 U\u00e7 \u015eebekesi&#8217;nin bu kadar dolu olmas\u0131 onun su\u00e7u!) oldu\u011funu kestirmek g\u00fc\u00e7. Aralar\u0131nda en kolay tan\u0131nan ki\u015fi, bir kurtadamla ya\u015fad\u0131\u011f\u0131 kar\u015f\u0131la\u015fma sonucunda a\u011f\u0131r bir \u015fekilde yaralanan Bill, zavall\u0131 adam. Ama buna ra\u011fmen ink\u00e2r edilemeyecek bir g\u00fczelli\u011fi olan (fakat bo\u015f kafal\u0131n\u0131n teki oldu\u011funa \u015f\u00fcphe yok) Fleur Delacour ile evli. (Nas\u0131l? B\u00fcy\u00fc m\u00fc? A\u015fk iksiri mi? \u015eantaj m\u0131? Yoksa adam ka\u00e7\u0131rma m\u0131?)<\/span><\/p>\n<p style=\"text-indent: 0.4cm; text-align: justify;\"><span style=\"font-size: 12pt; font-family: Segoe UI,helvetica,sans-serif;\">S\u00f6ylenenlere bak\u0131l\u0131rsa hem bu isimlerin hem de Dumbledore&#8217;un Ordusu&#8217;nun di\u011fer \u00fcyelerinin \u015feref trib\u00fcn\u00fcnde oturdu\u011funu ve final ma\u00e7\u0131na bir gala etkinli\u011finin \u015fatafat\u0131n\u0131 ve g\u00f6steri\u015fini katt\u0131\u011f\u0131n\u0131 g\u00f6rebilece\u011fiz. Umal\u0131m da aralar\u0131ndaki en gen\u00e7 iki bele\u015f\u00e7inin davran\u0131\u015flar\u0131 onlar\u0131 k\u00fc\u00e7\u00fck d\u00fc\u015f\u00fcrmesin ve daha evvelden b\u00fcy\u00fcc\u00fc s\u0131fat\u0131n\u0131 onurland\u0131ran ki\u015fileri utand\u0131rmas\u0131n. <\/span><\/p>\n<p style=\"text-indent: 0.4cm; text-align: justify;\"><span style=\"font-size: 12pt; font-family: Segoe UI,helvetica,sans-serif;\">Gen\u00e7 birinin \u00f6zel ya\u015fant\u0131s\u0131n\u0131 ihlal etmek bir insan\u0131 daima teredd\u00fcde d\u00fc\u015f\u00fcrebilir, fakat ger\u00e7ek \u015fu ki Harry Potter&#8217;a yak\u0131ndan ba\u011fl\u0131 olan biri bunun sundu\u011fu avantajlardan faydalan\u0131r ve halk\u0131n ilgisinin cezas\u0131n\u0131 \u00e7ekmek zorundad\u0131r. Hi\u00e7 \u015f\u00fcphe yok ki on alt\u0131 ya\u015f\u0131ndaki vaftiz\u00a0o\u011flu Teddy Lupin&#8217;in (s\u0131r\u0131k gibi bir boyu ve parlak mavi sa\u00e7lar\u0131 olan bir yar\u0131-kurtadam) VIP kamp alan\u0131na vard\u0131\u011f\u0131ndan beri soylu b\u00fcy\u00fcc\u00fclere yak\u0131\u015fmayacak \u015fekilde davrand\u0131\u011f\u0131n\u0131 \u00f6\u011frenmek Potter&#8217;\u0131 rahats\u0131z edecektir. Her daim me\u015fgul biri olan Potter&#8217;dan bu vah\u015fi \u00e7ocu\u011fun dizginlerini daha s\u0131k\u0131 tutmas\u0131n\u0131 istemek fazla olabilir, ama acilen m\u00fcdahale edilmedi\u011fi takdirde Efendi Lupin&#8217;in neye d\u00f6n\u00fc\u015fece\u011fini d\u00fc\u015f\u00fcnmek insan\u0131n \u00fcrpermesine neden oluyor. Bu arada Bill Weasley ile e\u015fi Fleur de, g\u00fczel ve sar\u0131\u015f\u0131n k\u0131zlar\u0131 Victoire&#8217;nin Efendi Lupin&#8217;in gezindi\u011fi karanl\u0131k k\u00f6\u015feleri \u00e7ekici buldu\u011funu bilmek isteyebilir. \u0130yi haber her ikisinin de kulaklar\u0131ndan nefes almalar\u0131n\u0131 sa\u011flayacak bir y\u00f6ntem geli\u015ftirmi\u015f olmas\u0131. Benim gen\u00e7li\u011fimde &#8216;\u00f6p\u00fc\u015f\u00fcp kokla\u015fma&#8217; dedikleri \u015feyi bu kadar uzun bir s\u00fcre yaparken hayatta kalmalar\u0131n\u0131n ba\u015fka bir yolunu d\u00fc\u015f\u00fcnemiyorum.<\/span><\/p>\n<p style=\"text-indent: 0.4cm; text-align: justify;\"><span style=\"font-size: 12pt; font-family: Segoe UI,helvetica,sans-serif;\">Ama sert olmayal\u0131m. Harry Potter ve yardak\u00e7\u0131lar\u0131 kusursuz olduklar\u0131n\u0131 hi\u00e7bir zaman iddia etmediler! Ve onlar\u0131n tam olarak ne kadar kusurlu oldu\u011funu bilmek istiyorsan\u0131z yeni biyografi kitab\u0131m &#8220;Dumbledore&#8217;un Ordusu: Seferberli\u011fin Karanl\u0131k Taraf\u0131&#8221; 31 Temmuz&#8217;da* Flourish ve Blotts&#8217;ta olacak.<\/span><\/p>\n<p><em>*:<span style=\"font-size: 8pt;\"> 31 Temmuz ayn\u0131 zamanda Harry Potter&#8217;\u0131n do\u011fum g\u00fcn\u00fcd\u00fcr.<\/span><\/em><\/p>\n<p style=\"text-align: left;\"><em>Hikayenin orijinal metni i\u00e7in <a href=\"http:\/\/www.pottermore.com\/en\/daily-prophet\/qwc2014\/2014-07-08\/dumbledores-army-reunites\" target=\"_blank\" rel=\"nofollow noopener\"><strong>buraya<\/strong><\/a> t\u0131klayabilirsiniz. Okuyabilmek i\u00e7in \u00fcye giri\u015fi yapman\u0131z gerekmektedir.<\/em><\/p>\n<hr align=\"left\" size=\"1\" width=\"300px\" \/>\n<p><span style=\"font-size: 12pt; font-family: courier new,courier; color: #000080;\">\u00c7eviri, <a title=\"M. \u0130hsan Tatari | mit\" href=\"https:\/\/www.kayiprihtim.org\/portal\/kose-yazari\/m-ihsan-tatari-arsivi\/\"><span style=\"color: #000080;\"><strong>M. \u0130HSAN TATAR\u0130<\/strong><\/span><\/a><\/span><\/p>\n","protected":false},"excerpt":{"rendered":"<p>Dumbledore&#8217;un Ordusu Quidditch D\u00fcnya Kupas\u0131 Finalleri&#8217;nde Tekrar Toplan\u0131yor Gelecek Postas\u0131&#8217;n\u0131n Dedikodu Yazar\u0131 Rita Skeeter&#8217;\u0131n Kaleminden \u00dcnl\u00fcler vard\u0131r, bir de \u00fcnl\u00fcler vard\u0131r. B\u00fcy\u00fcc\u00fcl\u00fck d\u00fcnyas\u0131n\u0131n pek \u00e7ok \u00fcnl\u00fc y\u00fcz\u00fcn\u00fcn Patagonya \u00c7\u00f6l\u00fc&#8217;ne kurulmu\u015f bu trib\u00fcnlere te\u015frif etti\u011fini g\u00f6rd\u00fck. Bakanlar ve devlet ba\u015fkanlar\u0131, Celestina Warbeck, Amerikan\u0131n m\u00fcnaka\u015fac\u0131 b\u00fcy\u00fcc\u00fc m\u00fczik grubu K\u0131r\u0131k Kanatl\u0131 Snitchler&#8230; hepsi de kalabal\u0131klar\u0131n heyecanla dalgalanmas\u0131na, birer [&hellip;]<\/p>\n","protected":false},"author":1,"featured_media":33932,"parent":12165,"menu_order":0,"comment_status":"open","ping_status":"closed","template":"page3.php","meta":{"_acf_changed":false,"footnotes":""},"class_list":{"0":"post-33924","1":"page","2":"type-page","3":"status-publish","4":"has-post-thumbnail","6":"kose_yazari-m-ihsan-tatari-arsivi"},"acf":[],"_links":{"self":[{"href":"https:\/\/www.kayiprihtim.org\/portal\/wp-json\/wp\/v2\/pages\/33924","targetHints":{"allow":["GET"]}}],"collection":[{"href":"https:\/\/www.kayiprihtim.org\/portal\/wp-json\/wp\/v2\/pages"}],"about":[{"href":"https:\/\/www.kayiprihtim.org\/portal\/wp-json\/wp\/v2\/types\/page"}],"author":[{"embeddable":true,"href":"https:\/\/www.kayiprihtim.org\/portal\/wp-json\/wp\/v2\/users\/1"}],"replies":[{"embeddable":true,"href":"https:\/\/www.kayiprihtim.org\/portal\/wp-json\/wp\/v2\/comments?post=33924"}],"version-history":[{"count":0,"href":"https:\/\/www.kayiprihtim.org\/portal\/wp-json\/wp\/v2\/pages\/33924\/revisions"}],"up":[{"embeddable":true,"href":"https:\/\/www.kayiprihtim.org\/portal\/wp-json\/wp\/v2\/pages\/12165"}],"wp:featuredmedia":[{"embeddable":true,"href":"https:\/\/www.kayiprihtim.org\/portal\/wp-json\/wp\/v2\/media\/33932"}],"wp:attachment":[{"href":"https:\/\/www.kayiprihtim.org\/portal\/wp-json\/wp\/v2\/media?parent=33924"}],"curies":[{"name":"wp","href":"https:\/\/api.w.org\/{rel}","templated":true}]}}