{"id":34072,"date":"2014-07-19T22:37:37","date_gmt":"2014-07-19T19:37:37","guid":{"rendered":"http:\/\/www.kayiprihtim.org\/portal\/?page_id=34072"},"modified":"2014-07-20T17:56:24","modified_gmt":"2014-07-20T14:56:24","slug":"jane-rogers-ile-roportaj","status":"publish","type":"page","link":"https:\/\/www.kayiprihtim.org\/portal\/roportajlar\/jane-rogers-ile-roportaj\/","title":{"rendered":"Jane Rogers ile R\u00f6portaj"},"content":{"rendered":"<p><object width=\"960\" height=\"540\"><param name=\"movie\" value=\"\/\/www.youtube.com\/v\/7QcunxkN_EU?hl=tr_TR&amp;version=3\"><\/param><param name=\"allowFullScreen\" value=\"true\"><\/param><param name=\"allowscriptaccess\" value=\"always\"><\/param><embed src=\"\/\/www.youtube.com\/v\/7QcunxkN_EU?hl=tr_TR&amp;version=3\" flashvars=\"cc_load_policy=1&#038;hl=tr\" type=\"application\/x-shockwave-flash\" width=\"960\" height=\"540\" allowscriptaccess=\"always\" allowfullscreen=\"true\"><\/embed><\/object><\/p>\n<p><span style=\"font-size: 12pt;\"><strong><a title=\"Jessie Lamb\u2019\u0131n Vasiyeti\" href=\"https:\/\/www.kayiprihtim.org\/portal\/kitap\/jessie-lambin-vasiyeti\/\"><em>Jessie Lamb\u2019in Vasiyeti<\/em><\/a> kitab\u0131yla <em>2012 Arthur C. Clarke<\/em> \u00f6d\u00fcl\u00fcn\u00fc kazanm\u0131\u015f yazar <a title=\"Jane Rogers\" href=\"https:\/\/www.kayiprihtim.org\/portal\/yazar\/jane-rogers\/\"><span style=\"color: #993300;\">Jane Rogers<\/span><\/a> ile <em>\u00d6zgen Berkol Do\u011fan Bilimkurgu K\u00fct\u00fcphanesi<\/em>\u2019nde yapt\u0131\u011f\u0131m\u0131z video r\u00f6portaj. Haber metni i\u00e7in <a title=\"Jane Rogers Video R\u00f6portaj\u0131 Yay\u0131nda!\" href=\"https:\/\/www.kayiprihtim.org\/portal\/2014\/07\/19\/jane-rogers-video-roportaji-yayinda\/\" target=\"_blank\">t\u0131klay\u0131n\u0131z<\/a>.<br \/>\n<\/strong><\/span><\/p>\n","protected":false},"excerpt":{"rendered":"<p>Jessie Lamb\u2019in Vasiyeti kitab\u0131yla 2012 Arthur C. Clarke \u00f6d\u00fcl\u00fcn\u00fc kazanm\u0131\u015f yazar Jane Rogers ile \u00d6zgen Berkol Do\u011fan Bilimkurgu K\u00fct\u00fcphanesi\u2019nde yapt\u0131\u011f\u0131m\u0131z video r\u00f6portaj. Haber metni i\u00e7in t\u0131klay\u0131n\u0131z.<\/p>\n","protected":false},"author":1,"featured_media":0,"parent":1029,"menu_order":0,"comment_status":"open","ping_status":"closed","template":"fullwidth.php","meta":{"_acf_changed":false,"footnotes":""},"class_list":["post-34072","page","type-page","status-publish"],"acf":[],"_links":{"self":[{"href":"https:\/\/www.kayiprihtim.org\/portal\/wp-json\/wp\/v2\/pages\/34072","targetHints":{"allow":["GET"]}}],"collection":[{"href":"https:\/\/www.kayiprihtim.org\/portal\/wp-json\/wp\/v2\/pages"}],"about":[{"href":"https:\/\/www.kayiprihtim.org\/portal\/wp-json\/wp\/v2\/types\/page"}],"author":[{"embeddable":true,"href":"https:\/\/www.kayiprihtim.org\/portal\/wp-json\/wp\/v2\/users\/1"}],"replies":[{"embeddable":true,"href":"https:\/\/www.kayiprihtim.org\/portal\/wp-json\/wp\/v2\/comments?post=34072"}],"version-history":[{"count":0,"href":"https:\/\/www.kayiprihtim.org\/portal\/wp-json\/wp\/v2\/pages\/34072\/revisions"}],"up":[{"embeddable":true,"href":"https:\/\/www.kayiprihtim.org\/portal\/wp-json\/wp\/v2\/pages\/1029"}],"wp:attachment":[{"href":"https:\/\/www.kayiprihtim.org\/portal\/wp-json\/wp\/v2\/media?parent=34072"}],"curies":[{"name":"wp","href":"https:\/\/api.w.org\/{rel}","templated":true}]}}