{"id":3477,"date":"2010-02-01T11:03:24","date_gmt":"2010-02-01T08:03:24","guid":{"rendered":"http:\/\/www.kayiprihtim.org\/portal\/?page_id=3477"},"modified":"2011-08-22T22:39:42","modified_gmt":"2011-08-22T19:39:42","slug":"cennetimden-bakarken","status":"publish","type":"page","link":"https:\/\/www.kayiprihtim.org\/portal\/kitaplar\/cennetimden-bakarken\/","title":{"rendered":"Cennetimden Bakarken"},"content":{"rendered":"<table style=\"border: thin outset; border-collapse: collapse; height: 30px; width: 470px;\" border=\"0\" cellpadding=\"2\">\n<tbody>\n<tr>\n<td width=\"30%\" bgcolor=\"#330000\"><span style=\"font-family: Verdana; color: #ffffff;\"><strong>CENNET\u0130MDEN BAKARKEN<br \/>\n<\/strong><\/span><\/td>\n<\/tr>\n<\/tbody>\n<\/table>\n<table style=\"border-collapse: collapse; width: 462px; height: 250px;\" border=\"0\" cellspacing=\"0\" cellpadding=\"0\" bordercolor=\"#111111\">\n<tbody>\n<tr>\n<td width=\"58%\" align=\"center\" valign=\"top\">\n<table style=\"border-collapse: collapse; width: 315px; height: 248px;\" border=\"0\" cellspacing=\"2\">\n<tbody>\n<tr>\n<td width=\"100%\" align=\"right\">\n<table style=\"width: 310px; height: 88px;\" border=\"0\" cellspacing=\"0\">\n<tbody>\n<tr bgcolor=\"#D1C4A5\">\n<td width=\"39%\"><strong>Yazar<\/strong><\/td>\n<td width=\"3%\">:<\/td>\n<td width=\"51%\"><span style=\"color: #993300;\"><strong>Alice Sebold<\/strong><\/span><span style=\"color: #181512;\"><br \/>\n<\/span><\/td>\n<\/tr>\n<tr bgcolor=\"#E4DDCB\">\n<td><strong>\u00c7eviren<\/strong><\/td>\n<td width=\"3%\">:<\/td>\n<td width=\"51%\">Baysan Bayar<\/td>\n<\/tr>\n<tr bgcolor=\"#D1C4A5\">\n<td width=\"39%\"><strong>Ebat\u0131<\/strong><strong><br \/>\n<\/strong><\/td>\n<td width=\"3%\">:<\/td>\n<td width=\"51%\">13,5 x 19,5<\/td>\n<\/tr>\n<tr bgcolor=\"#E4DDCB\">\n<td width=\"39%\"><strong>\u00d6zg\u00fcn Ad\u0131<\/strong><\/td>\n<td width=\"3%\">:<\/td>\n<td width=\"51%\">The Lovely Bones<\/td>\n<\/tr>\n<\/tbody>\n<\/table>\n<\/td>\n<\/tr>\n<tr>\n<td style=\"border-style: solid ridge ridge; border-width: 1px; padding-left: 4px; padding-right: 4px;\" width=\"100%\" bgcolor=\"#C0B18D\"><strong><span style=\"font-size: 9pt; font-family: Tahoma;\">Efil Yay\u0131nlar\u0131<br \/>\n<\/span><\/strong><\/td>\n<\/tr>\n<tr>\n<td width=\"100%\" align=\"right\">\n<table style=\"width: 310px; height: 88px;\" border=\"0\" cellspacing=\"0\">\n<tbody>\n<tr bgcolor=\"#D1C4A5\">\n<td width=\"39%\"><strong>\u00c7\u0131k\u0131\u015f Tarihi<\/strong><strong><br \/>\n<\/strong><\/td>\n<td width=\"3%\">:<\/td>\n<td width=\"51%\"><span style=\"color: #181512;\">Ocak, 2010<\/span><span style=\"color: #181512;\"><br \/>\n<\/span><\/td>\n<\/tr>\n<tr bgcolor=\"#E4DDCB\">\n<td><strong>Sayfa Say\u0131s\u0131<\/strong><\/td>\n<td width=\"3%\">:<\/td>\n<td width=\"51%\">368<\/td>\n<\/tr>\n<tr bgcolor=\"#D1C4A5\">\n<td width=\"39%\"><strong>Fiyat\u0131<\/strong><\/td>\n<td width=\"3%\">:<\/td>\n<td width=\"51%\">22,00TL<\/td>\n<\/tr>\n<tr bgcolor=\"#E4DDCB\">\n<td width=\"39%\"><strong>ISBN No<\/strong><\/td>\n<td width=\"3%\">:<\/td>\n<td width=\"51%\">9786054160419<\/td>\n<\/tr>\n<\/tbody>\n<\/table>\n<\/td>\n<\/tr>\n<\/tbody>\n<\/table>\n<\/td>\n<td width=\"39%\" align=\"left\" valign=\"top\">\n<p style=\"text-align: center;\">\n<p><a href=\"https:\/\/www.kayiprihtim.org\/portal\/gorsel\/cennetimden-bakarken.jpg\" target=\"_blank\"><img decoding=\"async\" class=\"aligncenter\" src=\"https:\/\/www.kayiprihtim.org\/portal\/gorsel\/cennetimden-bakarken.jpg\" border=\"0\" alt=\"\" hspace=\"1\" width=\"140\" height=\"219\"><\/a><\/td>\n<\/tr>\n<\/tbody>\n<\/table>\n<table style=\"border-collapse: collapse; width: 47%;\" border=\"0\" cellpadding=\"0\">\n<tbody>\n<tr>\n<td width=\"54%\">\n<table style=\"border-collapse: collapse; height: 147px; width: 470px;\" border=\"0\" cellspacing=\"0\" cellpadding=\"2\">\n<tbody>\n<tr>\n<td style=\"border-style: solid ridge ridge; border-width: 1px; padding-left: 4px; padding-right: 4px;\" width=\"98%\" bgcolor=\"#C0B18D\"><strong><span style=\"font-size: 9pt; font-family: Tahoma;\">Tan\u0131t\u0131m Yaz\u0131s\u0131<br \/>\n<\/span><\/strong><\/td>\n<\/tr>\n<tr>\n<td width=\"99%\" align=\"left\">\n<table style=\"width: 465px;\" border=\"0\">\n<tbody>\n<tr>\n<td style=\"border-style: outset; border-width: 1px;\" width=\"96%\" bgcolor=\"#D1C4A5\">\n<table style=\"border-collapse: collapse; width: 452px; height: 199px;\" border=\"0\" cellspacing=\"0\" cellpadding=\"5\" bgcolor=\"#D1C4A5\" bordercolor=\"#D1C4A5\">\n<tbody>\n<tr>\n<td width=\"96%\" bgcolor=\"#D1C4A5\">Alice Sebold taraf\u0131ndan kaleme al\u0131nan, Baysan Bayar\u2019\u0131n \u00e7evirisiyle Efil Yay\u0131nevi taraf\u0131ndan yay\u0131nlanan Cennetimden Bakarken (The Lovely Bones), her sayfada \u015fa\u015f\u0131rtan ve ilgi uyand\u0131ran bir roman olarak kar\u015f\u0131m\u0131za \u00e7\u0131k\u0131yor. New York Times en \u00e7ok satanlar listesinde de bir numarada bulunuyor.<\/p>\n<p>Kahraman\u0131m\u0131z Susie Salmon\u2019la ilk kar\u015f\u0131la\u015ft\u0131\u011f\u0131m\u0131zda o art\u0131k cennettedir. On d\u00f6rt ya\u015f\u0131nda bir cinayete kurban giden gen\u00e7 k\u0131z, bu yeni ama yabanc\u0131 yerden a\u015fa\u011f\u0131ya bakarken capcanl\u0131 sesiyle hem t\u00fcyler \u00fcrpertici hem de umut dolu bir \u00f6yk\u00fc anlat\u0131yor.<\/p>\n<p>\u00d6l\u00fcm\u00fcnden sonra g\u00fcnler boyu a\u015fa\u011f\u0131da onsuz s\u00fcr\u00fcp giden ya\u015fam\u0131, okul arkada\u015flar\u0131n\u0131n ortadan kaybolu\u015fuyla ilgili yorumlar\u0131n\u0131, ailesinin sevgili k\u0131zlar\u0131n\u0131n bulunmas\u0131 umuduna tutunu\u015flar\u0131n\u0131, katilinin cinayetten kalan ipu\u00e7lar\u0131n\u0131 yok etmeye \u00e7al\u0131\u015fmas\u0131n\u0131 izler.<\/p>\n<p>Ve cennet denilen yeri inceler. G\u00fczel sal\u0131ncaklar\u0131yla okulun oyun bah\u00e7esine \u00e7ok benzemektedir. Yeni gelenlerin anla\u015fmas\u0131na yard\u0131m eden dan\u0131\u015fmanlar ve bir odada kalabilece\u011fi arkada\u015flar\u0131 vard\u0131r. Sevdi\u011fi insanlarla birlikte olabilmenin d\u0131\u015f\u0131nda ki onlar\u0131n aras\u0131nda gen\u00e7 bir erkek de vard\u0131r, istedi\u011fi her \u015fey d\u00fc\u015f\u00fcnd\u00fc\u011f\u00fc an yerine gelir. Ama a\u015fa\u011f\u0131da hayat s\u00fcr\u00fcp giderken Susie de bir \u015fekilde o hayata dahildir. \u00c7\u00fcnk\u00fc hat\u0131ralar\u0131 yok olmazlar.<\/p>\n<p>Stephen King\u2019in Y\u00fczy\u0131l\u0131n F\u0131rt\u0131nas\u0131, Sydney Sheldon\u2019un \u0130ntikam Plan\u0131, Jane Alison\u2019un A\u015fk Sanat\u00e7\u0131s\u0131, Mary Stanley\u2019in Masumiyet Asla Geri Gelmez, Maeve Binchy\u2019in Geri D\u00f6neceksin, George D.Shuman\u2019un Son 18 Saniye, Gioia Diliberta\u2019\u0131n Koleksiyon, Jeffrey Archer\u2019\u0131n Uzun S\u00f6z\u00fcn K\u0131sas\u0131 gibi pek \u00e7ok bestseller&#8217;\u0131 T\u00fcrk\u00e7e&#8217;ye kazand\u0131ran Baysan Bayar\u2019\u0131n \u00e7evirisini yapt\u0131\u011f\u0131 Cennetimden Bakarken (The Lovely Bones), ayd\u0131nl\u0131k, \u015fa\u015f\u0131rt\u0131c\u0131 ve kederin i\u00e7indeki umudu ortaya \u00e7\u0131karan bir roman. Parlak, yeni bir yazar\u0131n ellerinden, bir ailenin kar\u015f\u0131la\u015fabilece\u011fi en korkun\u00e7 olaylardan birinin \u00f6yk\u00fcs\u00fc. Gizemli ve hatta komik bir a\u015fk\u0131n, unutu\u015fun ve hat\u0131ran\u0131n, h\u00fczn\u00fcn ve mutlulu\u011fun, cennet ve topra\u011f\u0131n, su\u00e7 ve cezan\u0131n ama her \u015feyden \u00e7ok sevginin roman\u0131.<\/p>\n<p>\u201cBu kitap son sayfay\u0131 bitirdikten \u00e7ok sonra bile sizinle kal\u0131yor.\u201d<br \/>\n<em><strong>-Daily Mail-<\/strong><\/em><\/td>\n<\/tr>\n<\/tbody>\n<\/table>\n<\/td>\n<\/tr>\n<\/tbody>\n<\/table>\n<\/td>\n<\/tr>\n<\/tbody>\n<\/table>\n<\/td>\n<\/tr>\n<\/tbody>\n<\/table>\n","protected":false},"excerpt":{"rendered":"<p>CENNET\u0130MDEN BAKARKEN Yazar : Alice Sebold \u00c7eviren : Baysan Bayar Ebat\u0131 : 13,5 x 19,5 \u00d6zg\u00fcn Ad\u0131 : The Lovely Bones Efil Yay\u0131nlar\u0131 \u00c7\u0131k\u0131\u015f Tarihi : Ocak, 2010 Sayfa Say\u0131s\u0131 : 368 Fiyat\u0131 : 22,00TL ISBN No : 9786054160419 Tan\u0131t\u0131m Yaz\u0131s\u0131 Alice Sebold taraf\u0131ndan kaleme al\u0131nan, Baysan Bayar\u2019\u0131n \u00e7evirisiyle Efil Yay\u0131nevi taraf\u0131ndan yay\u0131nlanan Cennetimden Bakarken [&hellip;]<\/p>\n","protected":false},"author":1,"featured_media":0,"parent":57,"menu_order":0,"comment_status":"open","ping_status":"closed","template":"","meta":{"_acf_changed":false,"footnotes":""},"class_list":["post-3477","page","type-page","status-publish"],"acf":[],"_links":{"self":[{"href":"https:\/\/www.kayiprihtim.org\/portal\/wp-json\/wp\/v2\/pages\/3477","targetHints":{"allow":["GET"]}}],"collection":[{"href":"https:\/\/www.kayiprihtim.org\/portal\/wp-json\/wp\/v2\/pages"}],"about":[{"href":"https:\/\/www.kayiprihtim.org\/portal\/wp-json\/wp\/v2\/types\/page"}],"author":[{"embeddable":true,"href":"https:\/\/www.kayiprihtim.org\/portal\/wp-json\/wp\/v2\/users\/1"}],"replies":[{"embeddable":true,"href":"https:\/\/www.kayiprihtim.org\/portal\/wp-json\/wp\/v2\/comments?post=3477"}],"version-history":[{"count":0,"href":"https:\/\/www.kayiprihtim.org\/portal\/wp-json\/wp\/v2\/pages\/3477\/revisions"}],"up":[{"embeddable":true,"href":"https:\/\/www.kayiprihtim.org\/portal\/wp-json\/wp\/v2\/pages\/57"}],"wp:attachment":[{"href":"https:\/\/www.kayiprihtim.org\/portal\/wp-json\/wp\/v2\/media?parent=3477"}],"curies":[{"name":"wp","href":"https:\/\/api.w.org\/{rel}","templated":true}]}}