{"id":34840,"date":"2014-09-14T18:32:27","date_gmt":"2014-09-14T15:32:27","guid":{"rendered":"http:\/\/www.kayiprihtim.org\/portal\/?page_id=34840"},"modified":"2016-05-26T06:36:06","modified_gmt":"2016-05-26T03:36:06","slug":"biz-bunu-istiyoruz-2-5-robot-serisi","status":"publish","type":"page","link":"https:\/\/www.kayiprihtim.org\/portal\/projeler\/biz-bunu-istiyoruz\/biz-bunu-istiyoruz-2-5-robot-serisi\/","title":{"rendered":"Biz Bunu \u0130stiyoruz #2.5 | Robot Serisi"},"content":{"rendered":"<table style=\"text-align: center; height: 900px; width: 800px; background-image: url('https:\/\/www.kayiprihtim.org\/portal\/gorsel\/2014\/09\/robotarka.jpg');\" border=\"0\" align=\"center\">\n<thead>\n<tr style=\"text-align: center; height: 800px; width: 900px; background-image: url('https:\/\/www.kayiprihtim.org\/portal\/gorsel\/2014\/09\/robotarka.jpg');\" align=\"center\">\n<td style=\"font-size: 16px; text-align: center; vertical-align: middle;\" align=\"center\" valign=\"middle\">\n<p style=\"text-align: center;\">\u00a0\u00a0\u00a0\u00a0\u00a0\u00a0\u00a0\u00a0\u00a0\u00a0\u00a0\u00a0\u00a0\u00a0\u00a0\u00a0\u00a0\u00a0\u00a0\u00a0\u00a0\u00a0\u00a0\u00a0\u00a0\u00a0\u00a0\u00a0\u00a0\u00a0\u00a0\u00a0\u00a0\u00a0\u00a0\u00a0\u00a0\u00a0\u00a0\u00a0\u00a0\u00a0\u00a0\u00a0\u00a0\u00a0\u00a0\u00a0\u00a0 \u00a0 \u00a0 \u00a0 \u00a0 \u00a0 \u00a0 \u00a0 \u00a0 \u00a0 \u00a0 \u00a0 \u00a0 <img fetchpriority=\"high\" decoding=\"async\" class=\"size-full wp-image-36022 aligntopright\" src=\"https:\/\/www.kayiprihtim.org\/portal\/gorsel\/2014\/09\/bizbunuistiyoruz-2-5.png\" alt=\"bizbunuistiyoruz 2-5\" width=\"372\" height=\"136\" align=\"TOP\" \/><\/p>\n<p style=\"text-align: center;\"><a href=\"https:\/\/www.kayiprihtim.org\/portal\/2014\/11\/22\/biz-bunu-istiyoruz-2-5-robot-serisi\"><strong><span style=\"font-size: 12pt; font-family: georgia,palatino;\">Giri\u015f<\/span><\/strong><\/a><\/p>\n<p style=\"text-align: center;\"><strong><a title=\"Isaac Asimov\" href=\"https:\/\/www.kayiprihtim.org\/portal\/projeler\/biz-bunu-istiyoruz\/biz-bunu-istiyoruz-2-5-robot-serisi\/isaac-asimov\/\"><span style=\"font-size: 12pt; font-family: georgia,palatino;\">Isaac Asimov Kimdir?<\/span><\/a><\/strong><\/p>\n<p style=\"text-align: center;\"><a title=\"3 Robot Yasas\u0131\" href=\"https:\/\/www.kayiprihtim.org\/portal\/inceleme\/3-robot-yasasi\/\"><strong><span style=\"font-size: 12pt; font-family: georgia,palatino;\">3 Robot Yasas\u0131<\/span><\/strong><\/a><\/p>\n<p style=\"text-align: center;\"><a title=\"Robot Serisi Kitaplar\u0131\" href=\"https:\/\/www.kayiprihtim.org\/portal\/projeler\/biz-bunu-istiyoruz\/biz-bunu-istiyoruz-2-5-robot-serisi\/robot-serisi-kitaplari\/\"><strong><span style=\"font-size: 12pt; font-family: georgia,palatino;\">Robot Serisi Kitaplar\u0131<\/span><\/strong><\/a><\/p>\n<p style=\"text-align: center;\"><a href=\"https:\/\/www.kayiprihtim.org\/portal\/inceleme\/ben-robot-inceleme\/\"><strong><span style=\"font-size: 12pt; font-family: georgia,palatino;\">Ben, Robot | \u0130nceleme<\/span><\/strong><\/a><\/p>\n<p style=\"text-align: center;\"><a title=\"\u00c7elik Ma\u011faralar (Caves of Steel)\" href=\"https:\/\/www.kayiprihtim.org\/portal\/inceleme\/celik-magaralar-caves-of-steel\/\"><strong><span style=\"font-size: 12pt; font-family: georgia,palatino;\">\u00c7elik Ma\u011faralar | \u0130nceleme<\/span><\/strong><\/a><\/p>\n<p style=\"text-align: center;\"><span style=\"font-size: 12pt; font-family: georgia,palatino;\"><a title=\"\u00c7elik Ma\u011faralar | Okur Yorumlar\u0131\" href=\"https:\/\/www.kayiprihtim.org\/portal\/projeler\/biz-bunu-istiyoruz\/biz-bunu-istiyoruz-2-5-robot-serisi\/celik-magaralar-okur-yorumlari\/\"><strong>\u00c7elik Ma\u011faralar | Okur Yorumlar\u0131<\/strong><\/a><br \/>\n<\/span><\/p>\n<p style=\"text-align: center;\"><a title=\"G\u00fcne\u015fin Tanr\u0131lar\u0131 (Naked Sun)\" href=\"https:\/\/www.kayiprihtim.org\/portal\/inceleme\/gunesin-tanrilari-naked-sun\/\"><strong><span style=\"font-size: 12pt; font-family: georgia,palatino;\">G\u00fcne\u015fin Tanr\u0131lar\u0131 | \u0130nceleme<\/span><\/strong><\/a><\/p>\n<p style=\"text-align: center;\"><a title=\"G\u00fcne\u015fin Tanr\u0131lar\u0131 | Okur Yorumlar\u0131\" href=\"https:\/\/www.kayiprihtim.org\/portal\/projeler\/biz-bunu-istiyoruz\/biz-bunu-istiyoruz-2-5-robot-serisi\/gunesin-tanrilari-okur-yorumlari\/\"><strong><span style=\"font-size: 12pt; font-family: georgia,palatino;\">G\u00fcne\u015fin Tanr\u0131lar\u0131 | Okur Yorumlar\u0131<\/span><\/strong><\/a><\/p>\n<p style=\"text-align: center;\"><span style=\"font-size: 12pt; font-family: georgia,palatino;\"><a title=\"Vak\u0131f Serisi\" href=\"https:\/\/www.kayiprihtim.org\/portal\/seri\/vakif-serisi\/\"><strong>Vak\u0131f Serisi Kitaplar\u0131<\/strong><\/a><br \/>\n<\/span><\/p>\n<p style=\"text-align: center;\"><span style=\"font-size: 12pt; font-family: georgia,palatino;\"><a title=\"Te\u015fekk\u00fcrler...\" href=\"https:\/\/www.kayiprihtim.org\/portal\/projeler\/biz-bunu-istiyoruz\/robot-serisi-tesekkurler\/%20\"><em><strong>Te\u015fekk\u00fcrler&#8230;<\/strong><\/em><\/a><br \/>\n<\/span><\/p>\n<\/td>\n<\/tr>\n<\/thead>\n<\/table>\n<p>&nbsp;<\/p>\n","protected":false},"excerpt":{"rendered":"<p>\u00a0\u00a0\u00a0\u00a0\u00a0\u00a0\u00a0\u00a0\u00a0\u00a0\u00a0\u00a0\u00a0\u00a0\u00a0\u00a0\u00a0\u00a0\u00a0\u00a0\u00a0\u00a0\u00a0\u00a0\u00a0\u00a0\u00a0\u00a0\u00a0\u00a0\u00a0\u00a0\u00a0\u00a0\u00a0\u00a0\u00a0\u00a0\u00a0\u00a0\u00a0\u00a0\u00a0\u00a0\u00a0\u00a0\u00a0\u00a0\u00a0 \u00a0 \u00a0 \u00a0 \u00a0 \u00a0 \u00a0 \u00a0 \u00a0 \u00a0 \u00a0 \u00a0 \u00a0 Giri\u015f Isaac Asimov Kimdir? 3 Robot Yasas\u0131 Robot Serisi Kitaplar\u0131 Ben, Robot | \u0130nceleme \u00c7elik Ma\u011faralar | \u0130nceleme \u00c7elik Ma\u011faralar | Okur Yorumlar\u0131 G\u00fcne\u015fin Tanr\u0131lar\u0131 | \u0130nceleme G\u00fcne\u015fin Tanr\u0131lar\u0131 | Okur Yorumlar\u0131 Vak\u0131f Serisi Kitaplar\u0131 Te\u015fekk\u00fcrler&#8230; &nbsp;<\/p>\n","protected":false},"author":1,"featured_media":36023,"parent":14713,"menu_order":0,"comment_status":"open","ping_status":"closed","template":"fullwidth.php","meta":{"_acf_changed":false,"footnotes":""},"class_list":["post-34840","page","type-page","status-publish","has-post-thumbnail"],"acf":[],"_links":{"self":[{"href":"https:\/\/www.kayiprihtim.org\/portal\/wp-json\/wp\/v2\/pages\/34840","targetHints":{"allow":["GET"]}}],"collection":[{"href":"https:\/\/www.kayiprihtim.org\/portal\/wp-json\/wp\/v2\/pages"}],"about":[{"href":"https:\/\/www.kayiprihtim.org\/portal\/wp-json\/wp\/v2\/types\/page"}],"author":[{"embeddable":true,"href":"https:\/\/www.kayiprihtim.org\/portal\/wp-json\/wp\/v2\/users\/1"}],"replies":[{"embeddable":true,"href":"https:\/\/www.kayiprihtim.org\/portal\/wp-json\/wp\/v2\/comments?post=34840"}],"version-history":[{"count":0,"href":"https:\/\/www.kayiprihtim.org\/portal\/wp-json\/wp\/v2\/pages\/34840\/revisions"}],"up":[{"embeddable":true,"href":"https:\/\/www.kayiprihtim.org\/portal\/wp-json\/wp\/v2\/pages\/14713"}],"wp:featuredmedia":[{"embeddable":true,"href":"https:\/\/www.kayiprihtim.org\/portal\/wp-json\/wp\/v2\/media\/36023"}],"wp:attachment":[{"href":"https:\/\/www.kayiprihtim.org\/portal\/wp-json\/wp\/v2\/media?parent=34840"}],"curies":[{"name":"wp","href":"https:\/\/api.w.org\/{rel}","templated":true}]}}