{"id":3543,"date":"2010-02-09T10:14:53","date_gmt":"2010-02-09T08:14:53","guid":{"rendered":"http:\/\/www.kayiprihtim.org\/portal\/?page_id=3543"},"modified":"2012-01-31T10:40:24","modified_gmt":"2012-01-31T08:40:24","slug":"mercedes-thompson-serisi","status":"publish","type":"page","link":"https:\/\/www.kayiprihtim.org\/portal\/kitaplar\/mercedes-thompson-serisi\/","title":{"rendered":"Mercedes Thompson Serisi"},"content":{"rendered":"<table style=\"border: thin outset; border-collapse: collapse; height: 30px; width: 470px;\" border=\"0\" cellpadding=\"2\">\n<tbody>\n<tr>\n<td width=\"30%\" bgcolor=\"#330000\"><span style=\"font-family: Verdana; color: #ffffff;\"><strong><a name=\"1\"><\/a>AYIN \u00c7A\u011eIRDIKLARI<\/strong><\/span><span style=\"font-family: Verdana; color: #333333;\"><strong> <\/strong><\/span><\/td>\n<\/tr>\n<\/tbody>\n<\/table>\n<table style=\"border-collapse: collapse; width: 462px; height: 250px;\" border=\"0\" cellspacing=\"0\" cellpadding=\"0\" bordercolor=\"#111111\">\n<tbody>\n<tr>\n<td width=\"58%\" align=\"center\" valign=\"top\">\n<table style=\"border-collapse: collapse; width: 315px; height: 248px;\" border=\"0\" cellspacing=\"2\">\n<tbody>\n<tr>\n<td width=\"100%\" align=\"right\">\n<table style=\"width: 310px; height: 88px;\" border=\"0\" cellspacing=\"0\">\n<tbody>\n<tr bgcolor=\"#D1C4A5\">\n<td width=\"39%\"><strong>Yazar<\/strong><\/td>\n<td width=\"3%\">:<\/td>\n<td width=\"51%\">Patricia Briggs<\/td>\n<\/tr>\n<tr bgcolor=\"#E4DDCB\">\n<td><strong>\u00c7eviren<\/strong><\/td>\n<td width=\"3%\">:<\/td>\n<td width=\"51%\"><span style=\"color: #181512;\">Asl\u0131 T\u00fcmerkan<\/span><span style=\"color: #181512;\"><br \/>\n<\/span><\/td>\n<\/tr>\n<tr bgcolor=\"#D1C4A5\">\n<td width=\"39%\"><strong>\u00d6zg\u00fcn Ad\u0131<\/strong><strong> <\/strong><\/td>\n<td width=\"3%\">:<\/td>\n<td width=\"51%\">Moon Called<\/td>\n<\/tr>\n<tr bgcolor=\"#E4DDCB\">\n<td width=\"39%\"><strong>Edit\u00f6r<\/strong><\/td>\n<td width=\"3%\">:<\/td>\n<td width=\"51%\">Asl\u0131 G\u00fc\u00e7l\u00fc<\/td>\n<\/tr>\n<\/tbody>\n<\/table>\n<\/td>\n<\/tr>\n<tr>\n<td style=\"border-style: solid ridge ridge; border-width: 1px; padding-left: 4px; padding-right: 4px;\" width=\"100%\" bgcolor=\"#C0B18D\"><strong><span style=\"font-size: 9pt; font-family: Tahoma;\">Epsilon Yay\u0131nevi<br \/>\n<\/span><\/strong><\/td>\n<\/tr>\n<tr>\n<td width=\"100%\" align=\"right\">\n<table style=\"width: 310px; height: 88px;\" border=\"0\" cellspacing=\"0\">\n<tbody>\n<tr bgcolor=\"#D1C4A5\">\n<td width=\"39%\"><strong>\u00c7\u0131k\u0131\u015f Tarihi<\/strong><\/td>\n<td width=\"3%\">:<\/td>\n<td width=\"51%\">\u015eubat 2010<\/td>\n<\/tr>\n<tr bgcolor=\"#E4DDCB\">\n<td><strong>Sayfa Say\u0131s\u0131<\/strong><\/td>\n<td width=\"3%\">:<\/td>\n<td width=\"51%\">384<\/td>\n<\/tr>\n<tr bgcolor=\"#D1C4A5\">\n<td width=\"39%\"><strong>Fiyat\u0131<\/strong><\/td>\n<td width=\"3%\">:<\/td>\n<td width=\"51%\">20,00 TL<\/td>\n<\/tr>\n<tr bgcolor=\"#E4DDCB\">\n<td width=\"39%\"><strong>ISBN No<\/strong><\/td>\n<td width=\"3%\">:<\/td>\n<td width=\"51%\">9789944822459<\/td>\n<\/tr>\n<\/tbody>\n<\/table>\n<\/td>\n<\/tr>\n<\/tbody>\n<\/table>\n<\/td>\n<td width=\"39%\" align=\"left\" valign=\"top\">\n<p style=\"text-align: center;\">\n<p><a href=\"https:\/\/www.kayiprihtim.org\/portal\/gorsel\/ayin-cagirdiklari.jpg\" target=\"_blank\"><img decoding=\"async\" src=\"https:\/\/www.kayiprihtim.org\/portal\/gorsel\/ayin-cagirdiklari.jpg\" border=\"0\" alt=\"\" hspace=\"1\" width=\"140\" height=\"219\" class=\"aligncenter\"><\/a><\/td>\n<\/tr>\n<\/tbody>\n<\/table>\n<table style=\"border-collapse: collapse; width: 47%;\" border=\"0\" cellpadding=\"0\">\n<tbody>\n<tr>\n<td width=\"54%\">\n<table style=\"border-collapse: collapse; height: 147px; width: 470px;\" border=\"0\" cellspacing=\"0\" cellpadding=\"2\">\n<tbody>\n<tr>\n<td style=\"border-style: solid ridge ridge; border-width: 1px; padding-left: 4px; padding-right: 4px;\" width=\"98%\" bgcolor=\"#C0B18D\"><strong><span style=\"font-size: 9pt; font-family: Tahoma;\">Tan\u0131t\u0131m Yaz\u0131s\u0131<br \/>\n<\/span><\/strong><\/td>\n<\/tr>\n<tr>\n<td width=\"99%\" align=\"left\">\n<table style=\"width: 465px;\" border=\"0\">\n<tbody>\n<tr>\n<td style=\"border-style: outset; border-width: 1px;\" width=\"96%\" bgcolor=\"#D1C4A5\">\n<table style=\"border-collapse: collapse; width: 452px; height: 199px;\" border=\"0\" cellspacing=\"0\" cellpadding=\"5\" bgcolor=\"#D1C4A5\" bordercolor=\"#D1C4A5\">\n<tbody>\n<tr>\n<td width=\"96%\" bgcolor=\"#D1C4A5\">Mercedes Thompson serisinin ilk kitab\u0131 do\u011fa\u00fcst\u00fc olaylar\u0131 konu alan s\u00fcr\u00fckleyici kurgusuyla okurlar\u0131n\u0131 b\u00fcy\u00fcleyecek!<\/p>\n<p>Kurt adamlar yollar\u0131na \u00e7\u0131karsan\u0131z tehlikeli olabilirler ama tedbirli oldu\u011funuz s\u00fcrece size asla bula\u015fmazlar. Sava\u015fmak i\u00e7in yarat\u0131lm\u0131\u015f olduklar\u0131 bir ger\u00e7ek&#8230; Ve sadece sava\u015fman\u0131n ortaya \u00e7\u0131karabildi\u011fi \u00f6l\u00fcmc\u00fcl bir g\u00fczelliklerinin oldu\u011fu da! \u0130nsanlar aras\u0131nda gizlenebilme konusunda \u00e7ok yetenekliler ancak ben insan de\u011filim. Onlarla kar\u015f\u0131la\u015ft\u0131\u011f\u0131m zaman onlar\u0131 tan\u0131r\u0131m, onlar da beni tan\u0131rlar&#8230;<\/p>\n<p>\u0130rade, i\u00e7g\u00fcd\u00fc, kontrol, cesaret ve g\u00fc\u00e7&#8230; Hayatta kalmak i\u00e7in bazen sadece bunlara ihtiya\u00e7 duyars\u0131n\u0131z!<\/p>\n<p>&#8220;Kurt adamlar\u0131n, \u015fekil de\u011fi\u015ftirenlerin, b\u00fcy\u00fcc\u00fclerin ve vampirlerin g\u00f6z kama\u015ft\u0131r\u0131c\u0131 d\u00fcnyas\u0131.&#8221;<br \/>\n<strong>-Lynn Viehl-<\/strong><\/p>\n<p>&#8220;M\u00fckemmel&#8230; Ba\u015ftan sona tatmin edici&#8230;&#8221;<br \/>\n<strong>-Kim Harrison-<\/strong><\/p>\n<p>&#8220;Okunmay\u0131 hak eden, ba\u015ftan \u00e7\u0131kar\u0131c\u0131 bir seri&#8230;&#8221;<br \/>\n<strong>-Crescent Blues-<\/strong><\/p>\n<p>&#8220;T\u00fcm zamanlar\u0131n en ilgi \u00e7ekici serilerinden biri.&#8221;<br \/>\n<strong>-Romantic Times-<\/strong><\/p>\n<hr \/>\n<p><strong>Kapak Uygulama : <\/strong>Berna \u00d6zbek Kele\u015f<strong><br \/>\nGenel Yay\u0131n Y\u00f6netmeni : <\/strong>Meltem Erkmen<strong><br \/>\nD\u00fczenleme : <\/strong>Nergis De\u011firmencio\u011flu<strong><br \/>\nD\u00fczeltmen : <\/strong>Fahrettin Levent<\/td>\n<\/tr>\n<\/tbody>\n<\/table>\n<\/td>\n<\/tr>\n<\/tbody>\n<\/table>\n<\/td>\n<\/tr>\n<\/tbody>\n<\/table>\n<\/td>\n<\/tr>\n<\/tbody>\n<\/table>\n<p><span style=\"color: #E4DDCB;\">&#8211;<\/span><\/p>\n<table style=\"border: thin outset; border-collapse: collapse; height: 30px; width: 470px;\" border=\"0\" cellpadding=\"2\">\n<tbody>\n<tr>\n<td width=\"30%\" bgcolor=\"#330000\"><span style=\"font-family: Verdana; color: #ffffff;\"><strong><a name=\"2\"><\/a>KAN BA\u011eI<\/strong><\/span><span style=\"font-family: Verdana; color: #333333;\"><strong> <\/strong><\/span><\/td>\n<\/tr>\n<\/tbody>\n<\/table>\n<table style=\"border-collapse: collapse; width: 462px; height: 250px;\" border=\"0\" cellspacing=\"0\" cellpadding=\"0\" bordercolor=\"#111111\">\n<tbody>\n<tr>\n<td width=\"58%\" align=\"center\" valign=\"top\">\n<table style=\"border-collapse: collapse; width: 315px; height: 248px;\" border=\"0\" cellspacing=\"2\">\n<tbody>\n<tr>\n<td width=\"100%\" align=\"right\">\n<table style=\"width: 310px; height: 88px;\" border=\"0\" cellspacing=\"0\">\n<tbody>\n<tr bgcolor=\"#D1C4A5\">\n<td width=\"39%\"><strong>Yazar<\/strong><\/td>\n<td width=\"3%\">:<\/td>\n<td width=\"51%\">Patricia Briggs<\/td>\n<\/tr>\n<tr bgcolor=\"#E4DDCB\">\n<td><strong>\u00c7eviren<\/strong><\/td>\n<td width=\"3%\">:<\/td>\n<td width=\"51%\"><span style=\"color: #181512;\">Asl\u0131 T\u00fcmerkan<\/span><span style=\"color: #181512;\"><br \/>\n<\/span><\/td>\n<\/tr>\n<tr bgcolor=\"#D1C4A5\">\n<td width=\"39%\"><strong>\u00d6zg\u00fcn Ad\u0131<\/strong><strong> <\/strong><\/td>\n<td width=\"3%\">:<\/td>\n<td width=\"51%\">Blood Bound<\/td>\n<\/tr>\n<tr bgcolor=\"#E4DDCB\">\n<td width=\"39%\"><strong>Edit\u00f6r<\/strong><\/td>\n<td width=\"3%\">:<\/td>\n<td width=\"51%\">Asl\u0131 G\u00fc\u00e7l\u00fc<\/td>\n<\/tr>\n<\/tbody>\n<\/table>\n<\/td>\n<\/tr>\n<tr>\n<td style=\"border-style: solid ridge ridge; border-width: 1px; padding-left: 4px; padding-right: 4px;\" width=\"100%\" bgcolor=\"#C0B18D\"><strong><span style=\"font-size: 9pt; font-family: Tahoma;\">Epsilon Yay\u0131nevi<br \/>\n<\/span><\/strong><\/td>\n<\/tr>\n<tr>\n<td width=\"100%\" align=\"right\">\n<table style=\"width: 310px; height: 88px;\" border=\"0\" cellspacing=\"0\">\n<tbody>\n<tr bgcolor=\"#D1C4A5\">\n<td width=\"39%\"><strong>\u00c7\u0131k\u0131\u015f Tarihi<\/strong><\/td>\n<td width=\"3%\">:<\/td>\n<td width=\"51%\">Nisan 2010<\/td>\n<\/tr>\n<tr bgcolor=\"#E4DDCB\">\n<td><strong>Sayfa Say\u0131s\u0131<\/strong><\/td>\n<td width=\"3%\">:<\/td>\n<td width=\"51%\">370<\/td>\n<\/tr>\n<tr bgcolor=\"#D1C4A5\">\n<td width=\"39%\"><strong>Fiyat\u0131<\/strong><\/td>\n<td width=\"3%\">:<\/td>\n<td width=\"51%\">20,00 TL<\/td>\n<\/tr>\n<tr bgcolor=\"#E4DDCB\">\n<td width=\"39%\"><strong>ISBN No<\/strong><\/td>\n<td width=\"3%\">:<\/td>\n<td width=\"51%\">9789944822763<\/td>\n<\/tr>\n<\/tbody>\n<\/table>\n<\/td>\n<\/tr>\n<\/tbody>\n<\/table>\n<\/td>\n<td width=\"39%\" align=\"left\" valign=\"top\">\n<p style=\"text-align: center;\">\n<p><a href=\"https:\/\/www.kayiprihtim.org\/portal\/gorsel\/kan-bagi.jpg\" target=\"_blank\"><img decoding=\"async\" src=\"https:\/\/www.kayiprihtim.org\/portal\/gorsel\/kan-bagi.jpg\" border=\"0\" alt=\"\" hspace=\"1\" width=\"140\" height=\"219\" class=\"aligncenter\"><\/a><\/td>\n<\/tr>\n<\/tbody>\n<\/table>\n<table style=\"border-collapse: collapse; width: 47%;\" border=\"0\" cellpadding=\"0\">\n<tbody>\n<tr>\n<td width=\"54%\">\n<table style=\"border-collapse: collapse; height: 147px; width: 470px;\" border=\"0\" cellspacing=\"0\" cellpadding=\"2\">\n<tbody>\n<tr>\n<td style=\"border-style: solid ridge ridge; border-width: 1px; padding-left: 4px; padding-right: 4px;\" width=\"98%\" bgcolor=\"#C0B18D\"><strong><span style=\"font-size: 9pt; font-family: Tahoma;\">Tan\u0131t\u0131m Yaz\u0131s\u0131<br \/>\n<\/span><\/strong><\/td>\n<\/tr>\n<tr>\n<td width=\"99%\" align=\"left\">\n<table style=\"width: 465px;\" border=\"0\">\n<tbody>\n<tr>\n<td style=\"border-style: outset; border-width: 1px;\" width=\"96%\" bgcolor=\"#D1C4A5\">\n<table style=\"border-collapse: collapse; width: 452px; height: 199px;\" border=\"0\" cellspacing=\"0\" cellpadding=\"5\" bgcolor=\"#D1C4A5\" bordercolor=\"#D1C4A5\">\n<tbody>\n<tr>\n<td width=\"96%\" bgcolor=\"#D1C4A5\">Mercedes Thompson serisinin ikinci kitab\u0131 olan Kan Ba\u011f\u0131 &#8220;Bir vampiri ne korkutabilir ki?&#8221; sorusuyla okurlar\u0131n\u0131 yine fantastik d\u00fcnyan\u0131n derinliklerine \u00e7ekecek.<\/p>\n<p>Serinin ilk kitab\u0131 Ay\u0131n \u00c7a\u011f\u0131rd\u0131klar\u0131&#8217;ndan sonra Kan Ba\u011f\u0131 harika bir devam roman\u0131. Serinin di\u011fer kitaplar\u0131n\u0131 da sab\u0131rs\u0131zl\u0131kla bekleyeceksiniz!<\/p>\n<p>Mercy Thompson bir iyili\u011fin kar\u015f\u0131l\u0131\u011f\u0131n\u0131 \u00f6demeye \u00e7al\u0131\u015f\u0131rken s\u0131rad\u0131\u015f\u0131 bir vampirle kar\u015f\u0131la\u015f\u0131r. Onun pe\u015fine d\u00fc\u015fmesiyle birlikte vampirlerin alan\u0131na derin bir dal\u0131\u015f yapar ve adrenalin y\u00fckl\u00fc bu s\u00fcre\u00e7 i\u00e7erisinde hem sevdi\u011fi ki\u015filer hem de kendisi hakk\u0131nda pek \u00e7ok ger\u00e7ekle y\u00fczle\u015fir. Aranan vampir ise nadiren rastlanan bir t\u00fcr oldu\u011fu \u015feytan\u0131n y\u00f6nlendirmesiyle hareket etmektedir.<\/p>\n<p>Vampir sihrine ba\u011f\u0131\u015f\u0131kl\u0131\u011f\u0131 olan bir gezgin&#8230;<\/p>\n<p>Kana susayan, a\u00e7l\u0131klar\u0131n\u0131 bast\u0131ramayan vampirler&#8230;<\/td>\n<\/tr>\n<\/tbody>\n<\/table>\n<\/td>\n<\/tr>\n<\/tbody>\n<\/table>\n<\/td>\n<\/tr>\n<\/tbody>\n<\/table>\n<\/td>\n<\/tr>\n<\/tbody>\n<\/table>\n","protected":false},"excerpt":{"rendered":"<p>AYIN \u00c7A\u011eIRDIKLARI Yazar : Patricia Briggs \u00c7eviren : Asl\u0131 T\u00fcmerkan \u00d6zg\u00fcn Ad\u0131 : Moon Called Edit\u00f6r : Asl\u0131 G\u00fc\u00e7l\u00fc Epsilon Yay\u0131nevi \u00c7\u0131k\u0131\u015f Tarihi : \u015eubat 2010 Sayfa Say\u0131s\u0131 : 384 Fiyat\u0131 : 20,00 TL ISBN No : 9789944822459 Tan\u0131t\u0131m Yaz\u0131s\u0131 Mercedes Thompson serisinin ilk kitab\u0131 do\u011fa\u00fcst\u00fc olaylar\u0131 konu alan s\u00fcr\u00fckleyici kurgusuyla okurlar\u0131n\u0131 b\u00fcy\u00fcleyecek! Kurt adamlar [&hellip;]<\/p>\n","protected":false},"author":1,"featured_media":0,"parent":57,"menu_order":0,"comment_status":"open","ping_status":"closed","template":"","meta":{"_acf_changed":false,"footnotes":""},"class_list":["post-3543","page","type-page","status-publish"],"acf":[],"_links":{"self":[{"href":"https:\/\/www.kayiprihtim.org\/portal\/wp-json\/wp\/v2\/pages\/3543","targetHints":{"allow":["GET"]}}],"collection":[{"href":"https:\/\/www.kayiprihtim.org\/portal\/wp-json\/wp\/v2\/pages"}],"about":[{"href":"https:\/\/www.kayiprihtim.org\/portal\/wp-json\/wp\/v2\/types\/page"}],"author":[{"embeddable":true,"href":"https:\/\/www.kayiprihtim.org\/portal\/wp-json\/wp\/v2\/users\/1"}],"replies":[{"embeddable":true,"href":"https:\/\/www.kayiprihtim.org\/portal\/wp-json\/wp\/v2\/comments?post=3543"}],"version-history":[{"count":0,"href":"https:\/\/www.kayiprihtim.org\/portal\/wp-json\/wp\/v2\/pages\/3543\/revisions"}],"up":[{"embeddable":true,"href":"https:\/\/www.kayiprihtim.org\/portal\/wp-json\/wp\/v2\/pages\/57"}],"wp:attachment":[{"href":"https:\/\/www.kayiprihtim.org\/portal\/wp-json\/wp\/v2\/media?parent=3543"}],"curies":[{"name":"wp","href":"https:\/\/api.w.org\/{rel}","templated":true}]}}