{"id":3583,"date":"2010-02-22T16:03:03","date_gmt":"2010-02-22T14:03:03","guid":{"rendered":"http:\/\/www.kayiprihtim.org\/portal\/?page_id=3583"},"modified":"2016-05-26T06:04:38","modified_gmt":"2016-05-26T03:04:38","slug":"ayin-kardesleri-serisi","status":"publish","type":"page","link":"https:\/\/www.kayiprihtim.org\/portal\/kitaplar\/ayin-kardesleri-serisi\/","title":{"rendered":"Ay\u0131n Karde\u015fleri Serisi"},"content":{"rendered":"<h3>Seride Bulunan Kitaplar<\/h3>\n<ol>\n<li>Cad\u0131<\/li>\n<li>De\u011fi\u015fim<\/li>\n<li>Karanl\u0131k<\/li>\n<li>Ejderha Cad\u0131<\/li>\n<li>Gece Avc\u0131s\u0131<\/li>\n<li>\u015eeytan Kad\u0131n<\/li>\n<li>Kemik B\u00fcy\u00fcs\u00fc<\/li>\n<\/ol>\n","protected":false},"excerpt":{"rendered":"<p>Seride Bulunan Kitaplar Cad\u0131 De\u011fi\u015fim Karanl\u0131k Ejderha Cad\u0131 Gece Avc\u0131s\u0131 \u015eeytan Kad\u0131n Kemik B\u00fcy\u00fcs\u00fc<\/p>\n","protected":false},"author":1,"featured_media":0,"parent":57,"menu_order":0,"comment_status":"open","ping_status":"closed","template":"","meta":{"_acf_changed":false,"footnotes":""},"class_list":["post-3583","page","type-page","status-publish"],"acf":[],"_links":{"self":[{"href":"https:\/\/www.kayiprihtim.org\/portal\/wp-json\/wp\/v2\/pages\/3583","targetHints":{"allow":["GET"]}}],"collection":[{"href":"https:\/\/www.kayiprihtim.org\/portal\/wp-json\/wp\/v2\/pages"}],"about":[{"href":"https:\/\/www.kayiprihtim.org\/portal\/wp-json\/wp\/v2\/types\/page"}],"author":[{"embeddable":true,"href":"https:\/\/www.kayiprihtim.org\/portal\/wp-json\/wp\/v2\/users\/1"}],"replies":[{"embeddable":true,"href":"https:\/\/www.kayiprihtim.org\/portal\/wp-json\/wp\/v2\/comments?post=3583"}],"version-history":[{"count":0,"href":"https:\/\/www.kayiprihtim.org\/portal\/wp-json\/wp\/v2\/pages\/3583\/revisions"}],"up":[{"embeddable":true,"href":"https:\/\/www.kayiprihtim.org\/portal\/wp-json\/wp\/v2\/pages\/57"}],"wp:attachment":[{"href":"https:\/\/www.kayiprihtim.org\/portal\/wp-json\/wp\/v2\/media?parent=3583"}],"curies":[{"name":"wp","href":"https:\/\/api.w.org\/{rel}","templated":true}]}}