{"id":35994,"date":"2014-11-22T02:53:56","date_gmt":"2014-11-22T00:53:56","guid":{"rendered":"http:\/\/www.kayiprihtim.org\/portal\/?page_id=35994"},"modified":"2014-11-22T13:30:23","modified_gmt":"2014-11-22T11:30:23","slug":"gunesin-tanrilari-okur-yorumlari","status":"publish","type":"page","link":"https:\/\/www.kayiprihtim.org\/portal\/projeler\/biz-bunu-istiyoruz\/biz-bunu-istiyoruz-2-5-robot-serisi\/gunesin-tanrilari-okur-yorumlari\/","title":{"rendered":"G\u00fcne\u015fin Tanr\u0131lar\u0131 | Okur Yorumlar\u0131"},"content":{"rendered":"<table style=\"width: 600px;\">\n<tbody>\n<tr>\n<td><img fetchpriority=\"high\" decoding=\"async\" class=\"aligncenter size-full wp-image-35989\" src=\"https:\/\/www.kayiprihtim.org\/portal\/gorsel\/2014\/11\/naked-sun-tup.jpg\" alt=\"naked sun tup\" width=\"500\" height=\"250\" srcset=\"https:\/\/www.kayiprihtim.org\/portal\/gorsel\/2014\/11\/naked-sun-tup.jpg 500w, https:\/\/www.kayiprihtim.org\/portal\/gorsel\/2014\/11\/naked-sun-tup-300x150.jpg 300w\" sizes=\"(max-width: 500px) 100vw, 500px\" \/><\/p>\n<p style=\"text-align: center;\"><span style=\"font-family: georgia,palatino; color: #993300;\"><strong><span style=\"font-size: 18pt;\">G\u00dcNE\u015e\u0130N TANRILARI<\/span><\/strong><\/span><br \/>\n<span style=\"font-family: georgia,palatino; color: #000080;\"><strong><span style=\"font-size: 14pt;\"> OKUR YORUMLARI<\/span><\/strong><\/span><\/p>\n<p><span style=\"color: #993300;\"><strong><span style=\"font-size: 12pt;\">Bir M\u00fc\u015fteri (isimsiz)<\/span> \u2013 7 Ocak 1999<\/strong><\/span><\/p>\n<p style=\"text-indent: 0.4cm; text-align: justify;\">Bu kitab\u0131 okuyun. Bu kitab\u0131 hemen okuyun yoksa pi\u015fman olacaks\u0131n\u0131z. \u0130\u00e7ine \u00e7eken kurgusuyla, ilgin\u00e7 karakterleriyle ve fikirlerinin derinli\u011fiyle&#8230; zihni irkiltiyor. Asimov\u2019un yazd\u0131\u011f\u0131 hi\u00e7bir \u015fey bununla k\u0131yaslanamaz.<\/p>\n<p>[stextbox id=&#8221;download&#8221; caption=&#8221;Orijinali:&#8221; collapsing=&#8221;true&#8221; collapsed=&#8221;true&#8221;]Read this book. Read this book now, or you will be sorry. The absorbing plot, interesting characters, and the depth of ideas&#8230; it boggles the mind. Nothing Asimov wrote compares to this one.<\/p>\n<hr size=\"1\" \/>\n<p><span style=\"color: #993300;\"><span style=\"font-size: 12pt;\"><a style=\"color: #993300;\" href=\"http:\/\/www.amazon.com\/gp\/cdp\/member-reviews\/A2QXADE8TSOSZJ\/ref=cm_cr_pr_auth_rev?ie=UTF8&amp;sort_by=MostRecentReview\" rel=\"nofollow noopener\" target=\"_blank\"><strong>Ted<\/strong><\/a><\/span><strong> \u2013 3 Nisan 2014<\/strong><\/span><\/p>\n<p style=\"text-indent: 0.4cm; text-align: justify;\">E\u011fer sadece bir tane Asimov serisi i\u00e7in vaktiniz varsa bu Vak\u0131f olsun. Robot \u00dc\u00e7lemesi \u00e7abuk bitiyor ve e\u011flenceli. Pek derin de\u011fil.<\/p>\n<p>[stextbox id=&#8221;download&#8221; caption=&#8221;Orijinali:&#8221; collapsing=&#8221;true&#8221; collapsed=&#8221;true&#8221;]If you only have time for one asimov series make it foundation. The robot trilogy goes down easy and is entertaining. Nothing profound.<\/p>\n<hr size=\"1\" \/>\n<p><span style=\"color: #993300;\"><strong><span style=\"font-size: 12pt;\">Bir M\u00fc\u015fteri (isimsiz)<\/span> \u2013 15 Kas\u0131m 2013<\/strong><\/span><\/p>\n<p style=\"text-indent: 0.4cm; text-align: justify;\">Bu b\u00fcy\u00fck bir ustan\u0131n bilimkurgu klasi\u011fi. Onun bilimkurguya etkisini anlamak isteyen herkes\u00e7e okumal\u0131d\u0131r.<\/p>\n<p>[stextbox id=&#8221;download&#8221; caption=&#8221;Orijinali:&#8221; collapsing=&#8221;true&#8221; collapsed=&#8221;true&#8221;]It\u2019s a scifi classing by a Grand master. A must read for anyone who wants to understand his influence on science fiction.<\/p>\n<hr size=\"1\" \/>\n<p><span style=\"color: #993300;\"><span style=\"font-size: 12pt;\"><a style=\"color: #993300;\" href=\"http:\/\/www.amazon.com\/review\/R3EUC4MLVDHIBE\/ref=cm_cr_dp_title?ie=UTF8&amp;ASIN=0553293397&amp;nodeID=283155&amp;store=books\" rel=\"nofollow noopener\" target=\"_blank\"><strong>David Sidwell<\/strong><\/a><\/span><strong> \u2013 9 Nisan 1999<\/strong><\/span><\/p>\n<p style=\"text-indent: 0.4cm; text-align: justify;\">Asimov\u2019un t\u00fcm en iyi i\u015fleri gibi bu roman da insanlar\u0131n nas\u0131l idare edildi\u011fiyle ilgili s\u0131k\u0131 bir ke\u015fif. Bu eserinde insanlar\u0131 hem robotlarla hem de uzayl\u0131larla k\u0131yasl\u0131yor ve her ne kadar insanlar burada dezavantajl\u0131 bir konumda olsalar da gelecek i\u00e7in umut vadediyor. Kitap iyi kurgulanm\u0131\u015f bir polisiye kurguya da sahip, t\u0131pk\u0131 bilimkurgu alan\u0131nda\u00a0da \u00e7ok iyi oldu\u011fu gibi. \u0130yi bir bilimkurgu roman\u0131 hayli\u00a0tan\u0131d\u0131k \u015feyler kullanarak insanlar\u0131 egzotik olay mahallerine yerle\u015ftirir. Elijah Bailey\u2019nin fobileri biraz tuhaf, \u00e7\u00fcnk\u00fc a\u00e7\u0131k havadan ve g\u00fcne\u015f \u0131\u015f\u0131\u011f\u0131ndan korkuyor; ama hepimiz bir \u015feylerden korkar\u0131z ve Asimov korkunun nas\u0131l bir \u015fey oldu\u011funu, \u00fcstesinden nas\u0131l gelinmesi gerekti\u011fini \u2013kitaptaki karakterlerin bak\u0131\u015f a\u00e7\u0131s\u0131na g\u00f6re\u2013 irdeliyor. Son derece tatmin edici bir kitap bu. Ki\u00a0\u00e7o\u011fu polisiye roman \u00f6yle de\u011fildir.<\/p>\n<p>[stextbox id=&#8221;download&#8221; caption=&#8221;Orijinali:&#8221; collapsing=&#8221;true&#8221; collapsed=&#8221;true&#8221;]Like all of Asimov\u2019s best works, this novel is a tight exploration into how humans operate. He contrasts humans both with robots and with aliens in the work, and though humans have the lower hand here, he offers hope for the future. The book happens to be a well-crafted mystery as well, just as it happens to be science fiction. Good science fiction posits humans in exotic locales doing ultimately familiar things. The fear of Elijah Bailey is a bit odd, since it is of open spaces and sunlight, but we all fear things, and Asimov gets to the heart of what fear is and how it can&#8211;and in the humans\u2019 situation in the novel&#8211;must be overcome. It is an extremely satisfying book, as most mystery novels are not.<\/p>\n<hr size=\"1\" \/>\n<p><span style=\"color: #993300;\"><strong><span style=\"font-size: 12pt;\">Brent Butler<\/span> \u2013 17 Ekim 2010<\/strong><\/span><\/p>\n<p style=\"text-indent: 0.4cm; text-align: justify;\">Pek \u00e7ok ki\u015fi Isaac Asimov\u2019un sadece bir bilimkurgu yazar\u0131 olarak de\u011fil, ayn\u0131 zamanda \u00e7o\u011fu k\u0131sa \u00f6yk\u00fc uzunlu\u011funda yaz\u0131lm\u0131\u015f polisiye kurgular\u0131yla da \u00fcnl\u00fc oldu\u011funun fark\u0131nda de\u011fildir. Bu k\u0131sa ama b\u00fcy\u00fcleyici polisiye \u00f6yk\u00fcleriyle dolu birka\u00e7 cilde sahiptir.<\/p>\n<p style=\"text-indent: 0.4cm; text-align: justify;\">Bu kitaptaysa roman uzunlu\u011funda bir polisiye vard\u0131r kar\u015f\u0131m\u0131zda. Ba\u015frollerindeyse ilgin\u00e7 ve e\u011flenceli ikili Elijah Bailey ile insans\u0131 robot orta\u011f\u0131 R. Daneel Olivaw\u2019\u0131 g\u00f6r\u00fcyoruz bir kez daha. Bu defa cinayet Arz\u2019dan uzakta, bir \u201cuzayc\u0131 gezegende\u201d ger\u00e7ekle\u015fiyor. Bu uzayc\u0131 d\u00fcnya olduk\u00e7a tuhaf bir yer, \u00e7\u00fcnk\u00fc sakinleri insanlarla temas kurma konusunda a\u015f\u0131r\u0131 derecede bir fobiye sahip ve bu durum Bailey\u2019nin a\u00e7\u0131k alanlara kar\u015f\u0131 duydu\u011fu fobiyle tuhaf bir denge olu\u015fturuyor. Klasik olarak ortada imk\u00e2ns\u0131z ko\u015fullarda ger\u00e7ekle\u015fen bir cinayet var. Ve \u00e7\u00f6z\u00fcm\u00fc de bir o kadar imk\u00e2ns\u0131z.<\/p>\n<p style=\"text-indent: 0.4cm; text-align: justify;\">Elijah, k\u0131sa bir s\u00fcre \u00f6nce Arz&#8217;da\u00a0ya\u015fanan uzayc\u0131 cinayetini \u00e7\u00f6zd\u00fc\u011f\u00fc i\u00e7in ve cinayetin duyulmad\u0131\u011f\u0131 bir toplumda ara\u015ft\u0131rma yetisi olan ba\u015fka hi\u00e7 kimse olmad\u0131\u011f\u0131ndan uzayc\u0131lar bu olay\u0131 Elijah\u2019\u0131n \u00e7\u00f6zmesini talep eder. Asimov bize a\u015f\u0131r\u0131 kalabal\u0131k Arz\u00a0\u015fehirlerinden tamamen farkl\u0131 y\u00f6ne gitmi\u015f bir topluma ilgin\u00e7 bir bak\u0131\u015f a\u00e7\u0131s\u0131 sunar&#8230; Arz&#8217;daki\u00a0herhangi bir robotun rutin otomasyonu d\u0131\u015f\u0131nda bir \u015fey yapmas\u0131n\u0131n tehdit ve \u015f\u00fcphe olarak alg\u0131land\u0131\u011f\u0131 bir zamanda, robotlar\u0131n sanal olarak insan sakinler i\u00e7in her \u015feyi yapt\u0131\u011f\u0131 bir d\u00fcnya.<\/p>\n<p style=\"text-indent: 0.4cm; text-align: justify;\">Asimov polisiye \u00f6yk\u00fclerinde kurdu\u011fu i\u00e7 mant\u0131k nedeniyle pek \u00e7ok \u00f6vg\u00fc al\u0131r ve bu kitap da bunun iyi bir \u00f6rne\u011fi. \u201cG\u00fcne\u015fin Tanr\u0131lar\u0131\u201d bilimkurgu ve polisiye hayranlar\u0131n\u0131n her ikisi i\u00e7in de e\u011flenceli bir okuma seyri. Asl\u0131nda \u00e7ok gerekli olmasa da, bu kitaba tak\u0131lmadan \u00f6nce \u201c\u00c7elik Ma\u011faralar\u201d\u0131 okuman\u0131z\u0131 \u00f6neririm.<\/p>\n<p>[stextbox id=&#8221;download&#8221; caption=&#8221;Orijinali:&#8221; collapsing=&#8221;true&#8221; collapsed=&#8221;true&#8221;]A lot of people don\u2019t realize that as famous as Isaac Asimov was as a science fiction writer, he took great pride in writing mysteries, often of short story length. He has several volumes of fascinating short story mysteries.<\/p>\n<p>Here, we get a full length mystery, once again staffed by the interesting and entertaining investigative duo of Elijah Bailey and R. Daneel Olivaw, his humaniform robot partner. This time, the murder occurs away from Earth on a &#8220;Spacer world&#8221;. This particular Spacer world is extreme in that the residents have a phobia for human contact, which provides an odd sort of balance for Bailey\u2019s phobia of the great outdoors. The murder is a classic locked door mystery, and the solution is impossible on its face.<\/p>\n<p>Since Elijah had so recently solved a Spacer\u2019s murder on Earth, and since there are no such investigative skills in a society where murder is unheard of, the Spacers request Elijah as the man to solve this one. Asimov provides us with an interesting look at a society that has gone in completely the opposite direction of his over-crowded Earth cities &#8230; a world where robots do virtually everything for the human residents, while on Earth any robots outside of routine automation are looked upon with threat and suspicion.<\/p>\n<p>Asimov took great pride in the internal logic of his mysteries, and this is a good example. &#8220;The Naked Sun&#8221; is an entertaining read for fans of both science fiction and mysteries. Although it is not absolutely necessary, I would recommend that you have read &#8220;The Caves of Steel&#8221; before tackling this book.<\/td>\n<\/tr>\n<\/tbody>\n<\/table>\n","protected":false},"excerpt":{"rendered":"<p>G\u00dcNE\u015e\u0130N TANRILARI OKUR YORUMLARI Bir M\u00fc\u015fteri (isimsiz) \u2013 7 Ocak 1999 Bu kitab\u0131 okuyun. Bu kitab\u0131 hemen okuyun yoksa pi\u015fman olacaks\u0131n\u0131z. \u0130\u00e7ine \u00e7eken kurgusuyla, ilgin\u00e7 karakterleriyle ve fikirlerinin derinli\u011fiyle&#8230; zihni irkiltiyor. Asimov\u2019un yazd\u0131\u011f\u0131 hi\u00e7bir \u015fey bununla k\u0131yaslanamaz. [stextbox id=&#8221;download&#8221; caption=&#8221;Orijinali:&#8221; collapsing=&#8221;true&#8221; collapsed=&#8221;true&#8221;]Read this book. Read this book now, or you will be sorry. The absorbing [&hellip;]<\/p>\n","protected":false},"author":1,"featured_media":0,"parent":34840,"menu_order":0,"comment_status":"open","ping_status":"closed","template":"page3.php","meta":{"_acf_changed":false,"footnotes":""},"class_list":["post-35994","page","type-page","status-publish"],"acf":[],"_links":{"self":[{"href":"https:\/\/www.kayiprihtim.org\/portal\/wp-json\/wp\/v2\/pages\/35994","targetHints":{"allow":["GET"]}}],"collection":[{"href":"https:\/\/www.kayiprihtim.org\/portal\/wp-json\/wp\/v2\/pages"}],"about":[{"href":"https:\/\/www.kayiprihtim.org\/portal\/wp-json\/wp\/v2\/types\/page"}],"author":[{"embeddable":true,"href":"https:\/\/www.kayiprihtim.org\/portal\/wp-json\/wp\/v2\/users\/1"}],"replies":[{"embeddable":true,"href":"https:\/\/www.kayiprihtim.org\/portal\/wp-json\/wp\/v2\/comments?post=35994"}],"version-history":[{"count":0,"href":"https:\/\/www.kayiprihtim.org\/portal\/wp-json\/wp\/v2\/pages\/35994\/revisions"}],"up":[{"embeddable":true,"href":"https:\/\/www.kayiprihtim.org\/portal\/wp-json\/wp\/v2\/pages\/34840"}],"wp:attachment":[{"href":"https:\/\/www.kayiprihtim.org\/portal\/wp-json\/wp\/v2\/media?parent=35994"}],"curies":[{"name":"wp","href":"https:\/\/api.w.org\/{rel}","templated":true}]}}