{"id":36024,"date":"2014-11-22T20:49:08","date_gmt":"2014-11-22T18:49:08","guid":{"rendered":"http:\/\/www.kayiprihtim.org\/portal\/?page_id=36024"},"modified":"2014-11-22T21:04:35","modified_gmt":"2014-11-22T19:04:35","slug":"robot-serisi-tesekkurler","status":"publish","type":"page","link":"https:\/\/www.kayiprihtim.org\/portal\/projeler\/biz-bunu-istiyoruz\/biz-bunu-istiyoruz-2-5-robot-serisi\/robot-serisi-tesekkurler\/","title":{"rendered":"Robot Serisi &#8211; Te\u015fekk\u00fcrler&#8230;"},"content":{"rendered":"<p style=\"text-align: center;\"><img fetchpriority=\"high\" decoding=\"async\" class=\"aligncenter size-full wp-image-36001\" src=\"https:\/\/www.kayiprihtim.org\/portal\/gorsel\/2014\/11\/biz-bunu-istiyoruz-2-5-robot-serisi-top.jpg\" alt=\"biz bunu istiyoruz 2-5 robot serisi top\" width=\"500\" height=\"250\" srcset=\"https:\/\/www.kayiprihtim.org\/portal\/gorsel\/2014\/11\/biz-bunu-istiyoruz-2-5-robot-serisi-top.jpg 500w, https:\/\/www.kayiprihtim.org\/portal\/gorsel\/2014\/11\/biz-bunu-istiyoruz-2-5-robot-serisi-top-300x150.jpg 300w\" sizes=\"(max-width: 500px) 100vw, 500px\" \/><\/p>\n<table class=\" aligncenter\" style=\"width: 500px;\">\n<tbody>\n<tr>\n<td>Merhaba,<\/p>\n<p>Uzun s\u00fcreli bir \u00fcr\u00fcn\u00fcn\u00fcn \u00e7al\u0131\u015fmas\u0131 olan &#8220;<span style=\"color: #993300;\"><strong>Biz Bunu \u0130stiyoruz 2.5<\/strong><\/span>&#8221; nihayet yay\u0131nda ve siz de\u011ferli okurlar\u0131m\u0131z\u0131n huzurunda. Pek tabii son haline gelmesi i\u00e7in u\u011fra\u015fan isimleri g\u00f6z ard\u0131 etmemek gerek.<\/p>\n<p>\u00d6ncelikle bu projenin olu\u015fmas\u0131nda ve plan a\u015famas\u0131nda \u00f6nemli katk\u0131lar\u0131 bulunan, sonra da yapt\u0131\u011f\u0131 \u00e7eviri ve incelemeler ile projenin \u00f6nc\u00fcs\u00fc olan <strong>Hazal \u00c7amur<\/strong>\u2019a,<\/p>\n<p>\u00c7evirileri ve d\u00fczeltileri, projeye olan deste\u011fini -t\u0131pk\u0131 di\u011fer hepsinde oldu\u011fu gibi- esirgemeyen <strong>M. \u0130hsan Tatari<\/strong>\u2019ye,<\/p>\n<p>Yapt\u0131\u011f\u0131 detayl\u0131 incelemeleri ve g\u00f6zlemleri ile <strong>Sinan Narmanl\u0131<\/strong>\u2019ya,<\/p>\n<p>Son okumas\u0131 ile projenin bitimine ortak olan <strong>Ozancan Demir\u0131\u015f\u0131k<\/strong>\u2019a,<\/p>\n<p>Ve bizi hi\u00e7bir zaman yaln\u0131z b\u0131rakmayan, <em><span style=\"color: #993300;\"><strong>Biz Bunu \u0130stiyoruz<\/strong><\/span><\/em>\u2019un devam\u0131n\u0131 heyecanla bekleyen siz <strong>okurlar\u0131m\u0131za<\/strong>,<\/p>\n<p><em><strong>TE\u015eEKK\u00dcRLER&#8230;<\/strong><\/em><\/p>\n<hr align=\"left\" size=\"1\" width=\"200\" \/>\n<p><strong>Hakan &#8220;magicalbronze&#8221; Tun\u00e7<\/strong><\/td>\n<\/tr>\n<\/tbody>\n<\/table>\n<p>&nbsp;<\/p>\n","protected":false},"excerpt":{"rendered":"<p>Merhaba, Uzun s\u00fcreli bir \u00fcr\u00fcn\u00fcn\u00fcn \u00e7al\u0131\u015fmas\u0131 olan &#8220;Biz Bunu \u0130stiyoruz 2.5&#8221; nihayet yay\u0131nda ve siz de\u011ferli okurlar\u0131m\u0131z\u0131n huzurunda. Pek tabii son haline gelmesi i\u00e7in u\u011fra\u015fan isimleri g\u00f6z ard\u0131 etmemek gerek. \u00d6ncelikle bu projenin olu\u015fmas\u0131nda ve plan a\u015famas\u0131nda \u00f6nemli katk\u0131lar\u0131 bulunan, sonra da yapt\u0131\u011f\u0131 \u00e7eviri ve incelemeler ile projenin \u00f6nc\u00fcs\u00fc olan Hazal \u00c7amur\u2019a, \u00c7evirileri ve d\u00fczeltileri, [&hellip;]<\/p>\n","protected":false},"author":1,"featured_media":0,"parent":34840,"menu_order":0,"comment_status":"open","ping_status":"closed","template":"page3.php","meta":{"_acf_changed":false,"footnotes":""},"class_list":["post-36024","page","type-page","status-publish"],"acf":[],"_links":{"self":[{"href":"https:\/\/www.kayiprihtim.org\/portal\/wp-json\/wp\/v2\/pages\/36024","targetHints":{"allow":["GET"]}}],"collection":[{"href":"https:\/\/www.kayiprihtim.org\/portal\/wp-json\/wp\/v2\/pages"}],"about":[{"href":"https:\/\/www.kayiprihtim.org\/portal\/wp-json\/wp\/v2\/types\/page"}],"author":[{"embeddable":true,"href":"https:\/\/www.kayiprihtim.org\/portal\/wp-json\/wp\/v2\/users\/1"}],"replies":[{"embeddable":true,"href":"https:\/\/www.kayiprihtim.org\/portal\/wp-json\/wp\/v2\/comments?post=36024"}],"version-history":[{"count":0,"href":"https:\/\/www.kayiprihtim.org\/portal\/wp-json\/wp\/v2\/pages\/36024\/revisions"}],"up":[{"embeddable":true,"href":"https:\/\/www.kayiprihtim.org\/portal\/wp-json\/wp\/v2\/pages\/34840"}],"wp:attachment":[{"href":"https:\/\/www.kayiprihtim.org\/portal\/wp-json\/wp\/v2\/media?parent=36024"}],"curies":[{"name":"wp","href":"https:\/\/api.w.org\/{rel}","templated":true}]}}