{"id":3606,"date":"2010-02-24T10:44:43","date_gmt":"2010-02-24T08:44:43","guid":{"rendered":"http:\/\/www.kayiprihtim.org\/portal\/?page_id=3606"},"modified":"2012-01-31T10:40:19","modified_gmt":"2012-01-31T08:40:19","slug":"kitaplik-buyucusu","status":"publish","type":"page","link":"https:\/\/www.kayiprihtim.org\/portal\/kitaplar\/kitaplik-buyucusu\/","title":{"rendered":"Kitapl\u0131k B\u00fcy\u00fcc\u00fcs\u00fc"},"content":{"rendered":"<table style=\"border: thin outset; border-collapse: collapse; height: 30px; width: 470px;\" border=\"0\" cellpadding=\"2\">\n<tbody>\n<tr>\n<td width=\"30%\" bgcolor=\"#330000\"><span style=\"color: #ffffff;\"><span style=\"font-family: Verdana;\"><strong>K\u0130TAPLIK B\u00dcY\u00dcC\u00dcS\u00dc<\/strong><\/span><\/span><span style=\"font-family: Verdana; color: #ffffff;\"><strong><br \/>\n<\/strong><\/span><\/td>\n<\/tr>\n<\/tbody>\n<\/table>\n<table style=\"border-collapse: collapse; width: 462px; height: 250px;\" border=\"0\" cellspacing=\"0\" cellpadding=\"0\" bordercolor=\"#111111\">\n<tbody>\n<tr>\n<td width=\"58%\" align=\"center\" valign=\"top\">\n<table style=\"border-collapse: collapse; width: 315px; height: 248px;\" border=\"0\" cellspacing=\"2\">\n<tbody>\n<tr>\n<td width=\"100%\" align=\"right\">\n<table style=\"width: 310px; height: 88px;\" border=\"0\" cellspacing=\"0\">\n<tbody>\n<tr bgcolor=\"#D1C4A5\">\n<td width=\"39%\"><strong>Yazar<\/strong><\/td>\n<td width=\"3%\">:<\/td>\n<td width=\"51%\"><span style=\"color: #181512;\">Y\u00fcksel Ayayd\u0131n<\/span><span style=\"color: #181512;\"><br \/>\n<\/span><\/td>\n<\/tr>\n<tr bgcolor=\"#E4DDCB\">\n<td><strong>Yay\u0131n Y\u00f6netmeni<\/strong><\/td>\n<td width=\"3%\">:<\/td>\n<td width=\"51%\">Mustafa Demir<\/td>\n<\/tr>\n<tr bgcolor=\"#D1C4A5\">\n<td width=\"39%\"><strong>\u0130\u00e7 Bask\u0131<\/strong><strong><br \/>\n<\/strong><\/td>\n<td width=\"3%\">:<\/td>\n<td width=\"51%\">Siyah-Beyaz<\/td>\n<\/tr>\n<tr bgcolor=\"#E4DDCB\">\n<td width=\"39%\"><strong>Ebat<br \/>\n<\/strong><\/td>\n<td width=\"3%\">:<\/td>\n<td width=\"51%\">13,5 x 19,5 cm.<\/td>\n<\/tr>\n<\/tbody>\n<\/table>\n<\/td>\n<\/tr>\n<tr>\n<td style=\"border-style: solid ridge ridge; border-width: 1px; padding-left: 4px; padding-right: 4px;\" width=\"100%\" bgcolor=\"#C0B18D\"><strong><span style=\"font-size: 9pt; font-family: Tahoma;\">Ozan Yay\u0131nc\u0131l\u0131k<br \/>\n<\/span><\/strong><\/td>\n<\/tr>\n<tr>\n<td width=\"100%\" align=\"right\">\n<table style=\"width: 310px; height: 88px;\" border=\"0\" cellspacing=\"0\">\n<tbody>\n<tr bgcolor=\"#E4DDCB\">\n<td width=\"39%\"><strong>\u00c7\u0131k\u0131\u015f Tarihi<\/strong><strong><br \/>\n<\/strong><\/td>\n<td width=\"3%\">:<\/td>\n<td width=\"51%\"><span style=\"color: #181512;\">\u015eubat, 2010<\/span><span style=\"color: #181512;\"><br \/>\n<\/span><\/td>\n<\/tr>\n<tr bgcolor=\"#D1C4A5\">\n<td><strong>Sayfa Say\u0131s\u0131<\/strong><\/td>\n<td width=\"3%\">:<\/td>\n<td width=\"51%\">208<\/td>\n<\/tr>\n<tr bgcolor=\"#E4DDCB\">\n<td width=\"39%\"><strong>Fiyat\u0131<\/strong><\/td>\n<td width=\"3%\">:<\/td>\n<td width=\"51%\">9,00 TL<\/td>\n<\/tr>\n<tr bgcolor=\"#D1C4A5\">\n<td width=\"39%\"><strong>ISBN No<\/strong><\/td>\n<td width=\"3%\">:<\/td>\n<td width=\"51%\">\n<div id=\":2n\" class=\"kl\" dir=\"ltr\">975-6421-83-3<\/div>\n<\/td>\n<\/tr>\n<\/tbody>\n<\/table>\n<\/td>\n<\/tr>\n<\/tbody>\n<\/table>\n<\/td>\n<td width=\"39%\" align=\"left\" valign=\"top\">\n<p style=\"text-align: center;\">\n<p><a href=\"https:\/\/www.kayiprihtim.org\/portal\/gorsel\/kitaplik-buyucusu-1.jpg\" target=\"_blank\"><img decoding=\"async\" src=\"https:\/\/www.kayiprihtim.org\/portal\/gorsel\/kitaplik-buyucusu-1.jpg\" border=\"0\" alt=\"\" hspace=\"1\" width=\"140\" height=\"219\" class=\"aligncenter\"><\/a><\/td>\n<\/tr>\n<\/tbody>\n<\/table>\n<table style=\"border-collapse: collapse; width: 47%;\" border=\"0\" cellpadding=\"0\">\n<tbody>\n<tr>\n<td width=\"54%\">\n<table style=\"border-collapse: collapse; height: 147px; width: 470px;\" border=\"0\" cellspacing=\"0\" cellpadding=\"2\">\n<tbody>\n<tr>\n<td style=\"border-style: solid ridge ridge; border-width: 1px; padding-left: 4px; padding-right: 4px;\" width=\"98%\" bgcolor=\"#C0B18D\"><strong><span style=\"font-size: 9pt; font-family: Tahoma;\">Tan\u0131t\u0131m Yaz\u0131s\u0131<br \/>\n<\/span><\/strong><\/td>\n<\/tr>\n<tr>\n<td width=\"99%\" align=\"left\">\n<table style=\"width: 465px;\" border=\"0\">\n<tbody>\n<tr>\n<td style=\"border-style: outset; border-width: 1px;\" width=\"96%\" bgcolor=\"#D1C4A5\">\n<table style=\"border-collapse: collapse; width: 452px; height: 199px;\" border=\"0\" cellspacing=\"0\" cellpadding=\"5\" bgcolor=\"#D1C4A5\" bordercolor=\"#D1C4A5\">\n<tbody>\n<tr>\n<td width=\"96%\" bgcolor=\"#D1C4A5\">\u201cAnaksagoras&#8217;a g\u00f6re yery\u00fcz\u00fc nas\u0131l olu\u015ftuysa, y\u0131ld\u0131zlar ve gezegenlerde ayn\u0131 \u015fekilde olu\u015fmu\u015ftu ve hepsi ayn\u0131 maddeden yap\u0131lm\u0131\u015ft\u0131. G\u00fcne\u015f de yakla\u015f\u0131k Mora Yar\u0131madas\u0131 b\u00fcy\u00fckl\u00fc\u011f\u00fcnde akkor durumuna gelmi\u015f k\u0131zg\u0131n bir maden k\u00fctlesiydi. Oysa Yunanl\u0131lara g\u00f6re G\u00fcne\u015f yani Helios her sabah arabas\u0131na binerek g\u00f6ky\u00fcz\u00fcn\u00fc dola\u015fan bir Tanr\u0131\u2019yd\u0131. Anaksagoras a\u00e7\u0131k\u00e7a Tanr\u0131\u2019yla alay ediyordu. Anaksagoras bununla da kalmam\u0131\u015f; evrenin ba\u015flang\u0131c\u0131n\u0131 Tanr\u0131larla a\u00e7\u0131klaman\u0131n yersiz oldu\u011funu, ba\u015flang\u0131\u00e7ta her\u015feyin karmakar\u0131\u015f\u0131k durumda bulundu\u011funu \u00f6ne s\u00fcrm\u00fc\u015ft\u00fc. Evrendeki d\u00fczen ve uyumdan sorumlu olan Nous bilin\u00e7li bir erekle evrenin olu\u015fumunu sa\u011flam\u0131\u015ft\u0131. Bu kadar\u0131 da fazlayd\u0131 ama Tanr\u0131lar\u0131n i\u015fine kar\u0131\u015f\u0131l\u0131r m\u0131yd\u0131?\u201d<\/p>\n<p>Ge\u00e7mi\u015fle gelecek, umutla kayg\u0131, d\u00fc\u015fle insan\u0131n i\u00e7sel tela\u015f\u0131n\u0131n i\u00e7 i\u00e7e ge\u00e7ti\u011fi ilgin\u00e7 bir ser\u00fcven okumak isterseniz, \u201cKitapl\u0131k B\u00fcy\u00fcc\u00fcs\u00fc\u201d tam size g\u00f6re\u2026<\/td>\n<\/tr>\n<\/tbody>\n<\/table>\n<\/td>\n<\/tr>\n<\/tbody>\n<\/table>\n<\/td>\n<\/tr>\n<\/tbody>\n<\/table>\n<\/td>\n<\/tr>\n<\/tbody>\n<\/table>\n","protected":false},"excerpt":{"rendered":"<p>K\u0130TAPLIK B\u00dcY\u00dcC\u00dcS\u00dc Yazar : Y\u00fcksel Ayayd\u0131n Yay\u0131n Y\u00f6netmeni : Mustafa Demir \u0130\u00e7 Bask\u0131 : Siyah-Beyaz Ebat : 13,5 x 19,5 cm. Ozan Yay\u0131nc\u0131l\u0131k \u00c7\u0131k\u0131\u015f Tarihi : \u015eubat, 2010 Sayfa Say\u0131s\u0131 : 208 Fiyat\u0131 : 9,00 TL ISBN No : 975-6421-83-3 Tan\u0131t\u0131m Yaz\u0131s\u0131 \u201cAnaksagoras&#8217;a g\u00f6re yery\u00fcz\u00fc nas\u0131l olu\u015ftuysa, y\u0131ld\u0131zlar ve gezegenlerde ayn\u0131 \u015fekilde olu\u015fmu\u015ftu ve hepsi [&hellip;]<\/p>\n","protected":false},"author":1,"featured_media":0,"parent":57,"menu_order":0,"comment_status":"open","ping_status":"closed","template":"","meta":{"_acf_changed":false,"footnotes":""},"class_list":["post-3606","page","type-page","status-publish"],"acf":[],"_links":{"self":[{"href":"https:\/\/www.kayiprihtim.org\/portal\/wp-json\/wp\/v2\/pages\/3606","targetHints":{"allow":["GET"]}}],"collection":[{"href":"https:\/\/www.kayiprihtim.org\/portal\/wp-json\/wp\/v2\/pages"}],"about":[{"href":"https:\/\/www.kayiprihtim.org\/portal\/wp-json\/wp\/v2\/types\/page"}],"author":[{"embeddable":true,"href":"https:\/\/www.kayiprihtim.org\/portal\/wp-json\/wp\/v2\/users\/1"}],"replies":[{"embeddable":true,"href":"https:\/\/www.kayiprihtim.org\/portal\/wp-json\/wp\/v2\/comments?post=3606"}],"version-history":[{"count":0,"href":"https:\/\/www.kayiprihtim.org\/portal\/wp-json\/wp\/v2\/pages\/3606\/revisions"}],"up":[{"embeddable":true,"href":"https:\/\/www.kayiprihtim.org\/portal\/wp-json\/wp\/v2\/pages\/57"}],"wp:attachment":[{"href":"https:\/\/www.kayiprihtim.org\/portal\/wp-json\/wp\/v2\/media?parent=3606"}],"curies":[{"name":"wp","href":"https:\/\/api.w.org\/{rel}","templated":true}]}}