{"id":3626,"date":"2010-02-27T10:37:11","date_gmt":"2010-02-27T08:37:11","guid":{"rendered":"http:\/\/www.kayiprihtim.org\/portal\/?page_id=3626"},"modified":"2012-01-31T10:40:29","modified_gmt":"2012-01-31T08:40:29","slug":"mucize-alev-inan","status":"publish","type":"page","link":"https:\/\/www.kayiprihtim.org\/portal\/kitaplar\/mucize-alev-inan\/","title":{"rendered":"Mucize"},"content":{"rendered":"<table style=\"border: thin outset; border-collapse: collapse; height: 30px; width: 470px;\" border=\"0\" cellpadding=\"2\">\n<tbody>\n<tr>\n<td width=\"30%\" bgcolor=\"#330000\"><span style=\"color: #ffffff;\"><span style=\"font-family: Verdana;\"><strong>MUC\u0130ZE<\/strong><\/span><\/span><span style=\"font-family: Verdana; color: #ffffff;\"><strong><br \/>\n<\/strong><\/span><\/td>\n<\/tr>\n<\/tbody>\n<\/table>\n<table style=\"border-collapse: collapse; width: 462px; height: 250px;\" border=\"0\" cellspacing=\"0\" cellpadding=\"0\" bordercolor=\"#111111\">\n<tbody>\n<tr>\n<td width=\"58%\" align=\"center\" valign=\"top\">\n<table style=\"border-collapse: collapse; width: 315px; height: 248px;\" border=\"0\" cellspacing=\"2\">\n<tbody>\n<tr>\n<td width=\"100%\" align=\"right\">\n<table style=\"width: 310px; height: 88px;\" border=\"0\" cellspacing=\"0\">\n<tbody>\n<tr bgcolor=\"#D1C4A5\">\n<td width=\"39%\"><strong>Yazar<\/strong><\/td>\n<td width=\"3%\">:<\/td>\n<td width=\"51%\"><span style=\"color: #181512;\">Alev \u0130nan<\/span><span style=\"color: #181512;\"><br \/>\n<\/span><\/td>\n<\/tr>\n<tr bgcolor=\"#E4DDCB\">\n<td><strong>Hamur T\u00fcr\u00fc<\/strong><strong><br \/>\n<\/strong><\/td>\n<td width=\"3%\">:<\/td>\n<td width=\"51%\">2. Hamur<\/td>\n<\/tr>\n<tr bgcolor=\"#D1C4A5\">\n<td width=\"39%\"><strong>Ebat<\/strong><strong> <\/strong><\/td>\n<td width=\"3%\">:<\/td>\n<td width=\"51%\">14 x 20 cm<\/td>\n<\/tr>\n<tr bgcolor=\"#E4DDCB\">\n<td width=\"39%\"><strong><br \/>\n<\/strong><\/td>\n<td width=\"3%\"><\/td>\n<td width=\"51%\"><\/td>\n<\/tr>\n<\/tbody>\n<\/table>\n<\/td>\n<\/tr>\n<tr>\n<td style=\"border-style: solid ridge ridge; border-width: 1px; padding-left: 4px; padding-right: 4px;\" width=\"100%\" bgcolor=\"#C0B18D\"><strong><span style=\"font-size: 9pt; font-family: Tahoma;\">Kyrhos Kitap<br \/>\n<\/span><\/strong><\/td>\n<\/tr>\n<tr>\n<td width=\"100%\" align=\"right\">\n<table style=\"width: 310px; height: 88px;\" border=\"0\" cellspacing=\"0\">\n<tbody>\n<tr bgcolor=\"#E4DDCB\">\n<td width=\"39%\"><strong>\u00c7\u0131k\u0131\u015f Tarihi<\/strong><strong><br \/>\n<\/strong><\/td>\n<td width=\"3%\">:<\/td>\n<td width=\"51%\"><span style=\"color: #181512;\">\u015eubat, 2010<\/span><span style=\"color: #181512;\"><br \/>\n<\/span><\/td>\n<\/tr>\n<tr bgcolor=\"#D1C4A5\">\n<td><strong>Sayfa Say\u0131s\u0131<\/strong><\/td>\n<td width=\"3%\">:<\/td>\n<td width=\"51%\">144<\/td>\n<\/tr>\n<tr bgcolor=\"#E4DDCB\">\n<td width=\"39%\"><strong>Fiyat\u0131<\/strong><\/td>\n<td width=\"3%\">:<\/td>\n<td width=\"51%\">12,00 TL<\/td>\n<\/tr>\n<tr bgcolor=\"#D1C4A5\">\n<td width=\"39%\"><strong>ISBN No<\/strong><\/td>\n<td width=\"3%\">:<\/td>\n<td width=\"51%\">\n<div id=\":2n\" class=\"kl\" dir=\"ltr\">9786054232857<\/div>\n<\/td>\n<\/tr>\n<\/tbody>\n<\/table>\n<\/td>\n<\/tr>\n<\/tbody>\n<\/table>\n<\/td>\n<td width=\"39%\" align=\"left\" valign=\"top\">\n<p style=\"text-align: center;\">\n<p><a href=\"https:\/\/www.kayiprihtim.org\/portal\/gorsel\/alev-inan-mucize.jpg\" target=\"_blank\"><img decoding=\"async\" src=\"https:\/\/www.kayiprihtim.org\/portal\/gorsel\/alev-inan-mucize.jpg\" border=\"0\" alt=\"\" hspace=\"1\" width=\"140\" height=\"219\" class=\"aligncenter\"><\/a><\/td>\n<\/tr>\n<\/tbody>\n<\/table>\n<table style=\"border-collapse: collapse; width: 47%;\" border=\"0\" cellpadding=\"0\">\n<tbody>\n<tr>\n<td width=\"54%\">\n<table style=\"border-collapse: collapse; height: 147px; width: 470px;\" border=\"0\" cellspacing=\"0\" cellpadding=\"2\">\n<tbody>\n<tr>\n<td style=\"border-style: solid ridge ridge; border-width: 1px; padding-left: 4px; padding-right: 4px;\" width=\"98%\" bgcolor=\"#C0B18D\"><strong><span style=\"font-size: 9pt; font-family: Tahoma;\">Tan\u0131t\u0131m Yaz\u0131s\u0131<br \/>\n<\/span><\/strong><\/td>\n<\/tr>\n<tr>\n<td width=\"99%\" align=\"left\">\n<table style=\"width: 465px;\" border=\"0\">\n<tbody>\n<tr>\n<td style=\"border-style: outset; border-width: 1px;\" width=\"96%\" bgcolor=\"#D1C4A5\">\n<table style=\"border-collapse: collapse; width: 452px; height: 199px;\" border=\"0\" cellspacing=\"0\" cellpadding=\"5\" bgcolor=\"#D1C4A5\" bordercolor=\"#D1C4A5\">\n<tbody>\n<tr>\n<td width=\"96%\" bgcolor=\"#D1C4A5\">&#8220;Mucize dedi\u011fin ge\u00e7icidir biliyor musun?&#8221; diye birden konuya girdi Musa.<\/p>\n<p>&#8220;Mucizenin tek \u00f6zelli\u011fi ender olmas\u0131d\u0131r ba\u015fka hi\u00e7 bir \u00f6zelli\u011fi yoktur. Bir istatistik meselesidir mucize. Az g\u00f6r\u00fcl\u00fcr o kadar. Onun i\u00e7in mucize derler ona. G\u00fcnl\u00fck ya\u015fant\u0131m\u0131zda daha s\u0131k g\u00f6rd\u00fcklerimize haks\u0131zl\u0131k ederiz bu y\u00fczden. Bir de \u00fcst\u00fcne \u00fcstl\u00fck ge\u00e7icidir de; anl\u0131kt\u0131r mucize. \u00c7ok da nank\u00f6rd\u00fcr; pek konu\u015fulur, sonras\u0131n\u0131 getiremez.&#8221;<\/p>\n<p>&#8220;Mucize&#8221; hayat\u0131n\u0131n d\u00f6n\u00fcm noktas\u0131ndaki bir kad\u0131n\u0131n, d\u00fcnyan\u0131n bilinen, bilinmeyen, din\u00ee, mitolojik ya da rivayet edilen ba\u015fl\u0131ca mucizev\u00ee olaylar\u0131nda duraklayarak, kendi yolculu\u011funu \u00e7arp\u0131c\u0131 bir \u015fekilde ele al\u0131yor.<\/p>\n<p>Bir a\u00e7maz\u0131n i\u00e7inde bulunan Ya\u011fmur, bilgisayar\u0131nda ba\u015flatt\u0131\u011f\u0131 \u00e7aresiz mucize aray\u0131\u015f\u0131nda her ne kadar umdu\u011funu bulamasa da, mucize kendince bir yolunu bulup ona ula\u015f\u0131r. Tarihin mucizevi \u015fahsiyetlerinin gen\u00e7 kad\u0131n\u0131n ya\u015fam\u0131n\u0131n belli d\u00f6nemlerinde ortaya \u00e7\u0131kmalar\u0131, hik\u00e2yelerini bilinmeyen y\u00f6nlerini anlatmalar\u0131, zaman zaman olmas\u0131n\u0131 diledi\u011fimiz mucize kavram\u0131na farkl\u0131 bir bak\u0131\u015f a\u00e7\u0131s\u0131yla yakla\u015fmam\u0131z\u0131 sa\u011fl\u0131yor.<\/p>\n<p>Hz. Musa, Hz. \u0130sa&#8217;n\u0131n \u015fifa verdi\u011fi Bartimaeus, \u00f6l\u00fcmden dirilen Lazarus, bilinmeyen kerametiyle Abdullah bin M\u00fcbarek, Hz. Rabia, Aziz Fransis, Abd\u00fc\u015f\u015fems (Ebu Hureyre), Kri\u015fna, Karya\u011fd\u0131 Sultan, Romal\u0131 Perpetua ve hatta Cebrail; hepsinin bilindiklerin d\u0131\u015f\u0131nda anlatacaklar\u0131 var&#8230;<\/p>\n<p>&#8220;Mucize&#8221;nin yeniden ke\u015ffine ho\u015f geldiniz&#8230;<\/td>\n<\/tr>\n<\/tbody>\n<\/table>\n<\/td>\n<\/tr>\n<\/tbody>\n<\/table>\n<\/td>\n<\/tr>\n<\/tbody>\n<\/table>\n<\/td>\n<\/tr>\n<\/tbody>\n<\/table>\n","protected":false},"excerpt":{"rendered":"<p>MUC\u0130ZE Yazar : Alev \u0130nan Hamur T\u00fcr\u00fc : 2. Hamur Ebat : 14 x 20 cm Kyrhos Kitap \u00c7\u0131k\u0131\u015f Tarihi : \u015eubat, 2010 Sayfa Say\u0131s\u0131 : 144 Fiyat\u0131 : 12,00 TL ISBN No : 9786054232857 Tan\u0131t\u0131m Yaz\u0131s\u0131 &#8220;Mucize dedi\u011fin ge\u00e7icidir biliyor musun?&#8221; diye birden konuya girdi Musa. &#8220;Mucizenin tek \u00f6zelli\u011fi ender olmas\u0131d\u0131r ba\u015fka hi\u00e7 bir [&hellip;]<\/p>\n","protected":false},"author":1,"featured_media":0,"parent":57,"menu_order":0,"comment_status":"open","ping_status":"closed","template":"","meta":{"_acf_changed":false,"footnotes":""},"class_list":["post-3626","page","type-page","status-publish"],"acf":[],"_links":{"self":[{"href":"https:\/\/www.kayiprihtim.org\/portal\/wp-json\/wp\/v2\/pages\/3626","targetHints":{"allow":["GET"]}}],"collection":[{"href":"https:\/\/www.kayiprihtim.org\/portal\/wp-json\/wp\/v2\/pages"}],"about":[{"href":"https:\/\/www.kayiprihtim.org\/portal\/wp-json\/wp\/v2\/types\/page"}],"author":[{"embeddable":true,"href":"https:\/\/www.kayiprihtim.org\/portal\/wp-json\/wp\/v2\/users\/1"}],"replies":[{"embeddable":true,"href":"https:\/\/www.kayiprihtim.org\/portal\/wp-json\/wp\/v2\/comments?post=3626"}],"version-history":[{"count":0,"href":"https:\/\/www.kayiprihtim.org\/portal\/wp-json\/wp\/v2\/pages\/3626\/revisions"}],"up":[{"embeddable":true,"href":"https:\/\/www.kayiprihtim.org\/portal\/wp-json\/wp\/v2\/pages\/57"}],"wp:attachment":[{"href":"https:\/\/www.kayiprihtim.org\/portal\/wp-json\/wp\/v2\/media?parent=3626"}],"curies":[{"name":"wp","href":"https:\/\/api.w.org\/{rel}","templated":true}]}}