{"id":36931,"date":"2015-02-02T02:03:34","date_gmt":"2015-02-02T00:03:34","guid":{"rendered":"http:\/\/www.kayiprihtim.org\/portal\/?page_id=36931"},"modified":"2015-03-18T18:10:31","modified_gmt":"2015-03-18T16:10:31","slug":"kayip-rihtim-7-yil-senlikleri","status":"publish","type":"page","link":"https:\/\/www.kayiprihtim.org\/portal\/projeler\/kayip-rihtim-7-yil-senlikleri\/","title":{"rendered":"Kay\u0131p R\u0131ht\u0131m 7. Y\u0131l \u015eenlikleri"},"content":{"rendered":"<table style=\"width: 900px;\" border=\"0\" align=\"center\">\n<tbody>\n<tr>\n<td style=\"border: 1px solid #000000; background-color: #941527; height: 50px; text-align: center; vertical-align: middle;\" colspan=\"4\" scope=\"row\"><span style=\"font-size: 24pt; font-family: georgia,palatino; color: #ffffff;\">7. YIL PROJELER\u0130<\/span><\/td>\n<\/tr>\n<tr style=\"height: 200px;\">\n<td style=\"border: 1px solid #000000; text-align: center;\"><a href=\"https:\/\/www.kayiprihtim.org\/portal\/projeler\/en-bilimsel-bilimkurgu-filmleri\/\"><img decoding=\"async\" class=\"\" src=\"https:\/\/www.kayiprihtim.org\/portal\/gorsel\/2015\/01\/en-bilimsel-bilimkurgu-300x173.jpg\" alt=\"\" width=\"160\" height=\"93\"><\/a><\/p>\n<p><span style=\"font-size: 14pt;\"><a href=\"https:\/\/www.kayiprihtim.org\/portal\/projeler\/en-bilimsel-bilimkurgu-filmleri\/\"><span style=\"font-family: impact,chicago;\">EN B\u0130L\u0130MSEL<br \/>\nB\u0130L\u0130MKURGU F\u0130LMLER\u0130<\/span><\/a><\/span><\/td>\n<td style=\"border: 1px solid #000000; width: 225px; text-align: center;\"><a href=\"https:\/\/www.kayiprihtim.org\/portal\/2015\/01\/19\/sizce-kayip-rihtim-dosyasi-yayinda\/\"><img decoding=\"async\" class=\"\" src=\"https:\/\/www.kayiprihtim.org\/portal\/gorsel\/2015\/01\/sizce-kayip-rihtim-300x168.jpg\" alt=\"\" width=\"160\" height=\"90\"><\/a><\/p>\n<p><span style=\"font-size: 14pt;\"><a href=\"https:\/\/www.kayiprihtim.org\/portal\/2015\/01\/19\/sizce-kayip-rihtim-dosyasi-yayinda\/\"><span style=\"font-family: impact,chicago;\">S\u0130ZCE<\/span><\/a><\/span><br \/>\n<span style=\"font-size: 14pt;\"> <a href=\"https:\/\/www.kayiprihtim.org\/portal\/2015\/01\/19\/sizce-kayip-rihtim-dosyasi-yayinda\/\"><span style=\"font-family: impact,chicago;\">KAYIP RIHTIM?<\/span><\/a><\/span><\/td>\n<td style=\"border: 1px solid #000000; text-align: center;\"><a href=\"https:\/\/www.kayiprihtim.org\/portal\/2015\/01\/22\/wool-2-vardiya-on-okumasi-yayinda\/\"><span style=\"font-family: impact,chicago;\"><img decoding=\"async\" src=\"https:\/\/www.kayiprihtim.org\/portal\/gorsel\/2015\/01\/wool-2-hugh-howey-300x203.jpg\" alt=\"\" width=\"160\" height=\"108\"><\/span><\/a><\/p>\n<p><span style=\"font-size: 14pt;\"><a href=\"https:\/\/www.kayiprihtim.org\/portal\/2015\/01\/22\/wool-2-vardiya-on-okumasi-yayinda\/\"><span style=\"font-family: impact,chicago;\">WOOL 2 &#8211; VARD\u0130YA<\/span><\/a><\/span><br \/>\n<span style=\"font-size: 14pt;\"> <a href=\"https:\/\/www.kayiprihtim.org\/portal\/2015\/01\/22\/wool-2-vardiya-on-okumasi-yayinda\/\"><span style=\"font-family: impact,chicago;\">\u00d6N OKUMA<\/span><\/a><\/span><\/td>\n<td style=\"border: 1px solid #000000; text-align: center;\"><a href=\"https:\/\/www.kayiprihtim.org\/portal\/projeler\/2014un-bize-gore-en-iyi-oyunlari\/\"><img loading=\"lazy\" decoding=\"async\" id=\"__wp-temp-img-id\" src=\"https:\/\/www.kayiprihtim.org\/portal\/gorsel\/2015\/01\/2014-oyun-300x150.jpg\" alt=\"\" width=\"160\" height=\"80\"><\/a><\/p>\n<p><span style=\"font-size: 14pt;\"><a href=\"https:\/\/www.kayiprihtim.org\/portal\/projeler\/2014un-bize-gore-en-iyi-oyunlari\/\"><span style=\"font-family: impact,chicago;\">2014&#8217;\u00dcN<\/span><\/a><\/span><br \/>\n<span style=\"font-size: 14pt;\"><a href=\"https:\/\/www.kayiprihtim.org\/portal\/projeler\/2014un-bize-gore-en-iyi-oyunlari\/\"><span style=\"font-family: impact,chicago;\">B\u0130ZE G\u00d6RE<\/span><\/a><\/span><br \/>\n<span style=\"font-size: 14pt;\"> <a href=\"https:\/\/www.kayiprihtim.org\/portal\/projeler\/2014un-bize-gore-en-iyi-oyunlari\/\"><span style=\"font-family: impact,chicago;\">EN \u0130Y\u0130 OYUNLARI<\/span><\/a><\/span><\/td>\n<\/tr>\n<tr style=\"height: 200px;\">\n<td style=\"border: 1px solid #000000; text-align: center;\">\u00a0<a title=\"Kay\u0131p R\u0131ht\u0131m\u2019\u0131n Se\u00e7tikleri \u2013 2014\" href=\"https:\/\/www.kayiprihtim.org\/portal\/projeler\/kayip-rihtimin-sectikleri-2014\/\"><img loading=\"lazy\" decoding=\"async\" id=\"__wp-temp-img-id\" src=\"https:\/\/www.kayiprihtim.org\/portal\/gorsel\/2015\/01\/kayip-rihtim-secki-2014-300x146.jpg\" alt=\"\" width=\"160\" height=\"78\"><\/a><\/p>\n<p><a title=\"Kay\u0131p R\u0131ht\u0131m\u2019\u0131n Se\u00e7tikleri \u2013 2014\" href=\"https:\/\/www.kayiprihtim.org\/portal\/projeler\/kayip-rihtimin-sectikleri-2014\/\"><span style=\"font-size: 14pt; font-family: impact,chicago;\">KAYIP RIHTIM&#8217;IN<\/span><\/a><br \/>\n<a title=\"Kay\u0131p R\u0131ht\u0131m\u2019\u0131n Se\u00e7tikleri \u2013 2014\" href=\"https:\/\/www.kayiprihtim.org\/portal\/projeler\/kayip-rihtimin-sectikleri-2014\/\"><span style=\"font-size: 14pt; font-family: impact,chicago;\">SE\u00c7T\u0130KLER\u0130<\/span><\/a><\/td>\n<td style=\"border: 1px solid #000000; text-align: center;\"><a title=\"Geleneksel R\u0131ht\u0131m Radyo Canl\u0131 Yay\u0131n Yar\u0131\u015fmas\u0131 \u2013 2015\" href=\"https:\/\/www.kayiprihtim.org\/portal\/2015\/02\/04\/geleneksel-rihtim-radyo-canli-yayin-yarismasi-2015\/\"><img loading=\"lazy\" decoding=\"async\" id=\"__wp-temp-img-id\" src=\"https:\/\/www.kayiprihtim.org\/portal\/gorsel\/2015\/02\/canli-yayin-yarisma-2015-300x151.jpg\" alt=\"\" width=\"160\" height=\"81\"><\/a><\/p>\n<p><a title=\"Geleneksel R\u0131ht\u0131m Radyo Canl\u0131 Yay\u0131n Yar\u0131\u015fmas\u0131 \u2013 2015\" href=\"https:\/\/www.kayiprihtim.org\/portal\/2015\/02\/04\/geleneksel-rihtim-radyo-canli-yayin-yarismasi-2015\/\"><span style=\"font-size: 14pt; font-family: impact,chicago;\">GELENEKSEL CANLI YAYIN YARI\u015eMASI <\/span><\/a><\/td>\n<td style=\"border: 1px solid #000000; text-align: center;\"><a title=\"S\u00fcsleme \u2013 Jim Butcher\" href=\"https:\/\/www.kayiprihtim.org\/portal\/projeler\/susleme-jim-butcher\/\"><img loading=\"lazy\" decoding=\"async\" id=\"__wp-temp-img-id\" class=\"aligncenter size-medium wp-image-37046\" src=\"https:\/\/www.kayiprihtim.org\/portal\/gorsel\/2015\/02\/jim-butcjer-susleme-300x159.jpg\" alt=\"jim butcjer susleme\" width=\"160\" height=\"85\" srcset=\"https:\/\/www.kayiprihtim.org\/portal\/gorsel\/2015\/02\/jim-butcjer-susleme-300x159.jpg 300w, https:\/\/www.kayiprihtim.org\/portal\/gorsel\/2015\/02\/jim-butcjer-susleme.jpg 600w\" sizes=\"(max-width: 160px) 100vw, 160px\" \/><\/a><\/p>\n<p><a title=\"S\u00fcsleme \u2013 Jim Butcher\" href=\"https:\/\/www.kayiprihtim.org\/portal\/projeler\/susleme-jim-butcher\/\"><span style=\"font-size: 14pt; font-family: impact,chicago;\">S\u00dcSLEME<br \/>\nJIM BUTCHER<\/span><\/a><\/td>\n<td style=\"border: 1px solid #000000; text-align: center;\"><a title=\"Okur Yorumlar\u0131\" href=\"https:\/\/www.kayiprihtim.org\/portal\/projeler\/okur-yorumlari\/\"><img loading=\"lazy\" decoding=\"async\" id=\"__wp-temp-img-id\" class=\"aligncenter size-medium wp-image-37046\" src=\"https:\/\/www.kayiprihtim.org\/portal\/gorsel\/2015\/02\/okur-yorumlari-300x150.jpg\" alt=\"jim butcjer susleme\" width=\"160\" height=\"80\" \/><\/a><\/p>\n<p><a title=\"Okur Yorumlar\u0131\" href=\"https:\/\/www.kayiprihtim.org\/portal\/projeler\/okur-yorumlari\/\"><span style=\"font-size: 14pt; font-family: impact,chicago;\">OKUR<br \/>\nYORUMLARI<\/span><\/a><\/td>\n<\/tr>\n<tr>\n<td><\/td>\n<td style=\"border: 1px solid #000000; text-align: center;\"><a title=\"S\u00fcsleme \u2013 Jim Butcher\" href=\"https:\/\/www.kayiprihtim.org\/portal\/projeler\/susleme-jim-butcher\/\"><img loading=\"lazy\" decoding=\"async\" id=\"__wp-temp-img-id\" class=\"aligncenter size-medium wp-image-37240\" src=\"https:\/\/www.kayiprihtim.org\/portal\/gorsel\/2015\/02\/turk-buyucu-300x150.jpg\" alt=\"turk-buyucu\" width=\"160\" height=\"80\" srcset=\"https:\/\/www.kayiprihtim.org\/portal\/gorsel\/2015\/02\/turk-buyucu-300x150.jpg 300w, https:\/\/www.kayiprihtim.org\/portal\/gorsel\/2015\/02\/turk-buyucu.jpg 600w\" sizes=\"(max-width: 160px) 100vw, 160px\" \/><\/a><\/p>\n<p><a title=\"Eski T\u00fcrklerde B\u00fcy\u00fc ve B\u00fcy\u00fcc\u00fcl\u00fck\" href=\"https:\/\/www.kayiprihtim.org\/portal\/projeler\/eski-turklerde-buyu-ve-buyuculuk\/\"><span style=\"font-size: 14pt; font-family: impact,chicago;\">ESK\u0130 T\u00dcRKLERDE<br \/>\nB\u00dcY\u00dc VE B\u00dcY\u00dcC\u00dcL\u00dcK<\/span><\/a><\/td>\n<td style=\"border: 1px solid #000000; text-align: center;\">\u00a0<a title=\"Hugh Howey ile R\u00f6portaj Yapt\u0131k!\" href=\"https:\/\/www.kayiprihtim.org\/portal\/2015\/03\/13\/hugh-howey-ile-roportaj-yaptik\/\"><img loading=\"lazy\" decoding=\"async\" id=\"__wp-temp-img-id\" class=\" size-medium wp-image-37644 alignnone\" src=\"https:\/\/www.kayiprihtim.org\/portal\/gorsel\/2015\/03\/video-roportaj-hugh-howey-300x169.jpg\" alt=\"video roportaj hugh howey\" width=\"160\" height=\"90\" srcset=\"https:\/\/www.kayiprihtim.org\/portal\/gorsel\/2015\/03\/video-roportaj-hugh-howey-300x169.jpg 300w, https:\/\/www.kayiprihtim.org\/portal\/gorsel\/2015\/03\/video-roportaj-hugh-howey.jpg 500w\" sizes=\"(max-width: 160px) 100vw, 160px\" \/><\/a><\/p>\n<p><a title=\"Hugh Howey ile R\u00f6portaj Yapt\u0131k!\" href=\"https:\/\/www.kayiprihtim.org\/portal\/2015\/03\/13\/hugh-howey-ile-roportaj-yaptik\/\"><span style=\"font-size: 14pt; font-family: impact,chicago;\">HUGH HOWEY<\/span><\/a><br \/>\n<a title=\"Hugh Howey ile R\u00f6portaj Yapt\u0131k!\" href=\"https:\/\/www.kayiprihtim.org\/portal\/2015\/03\/13\/hugh-howey-ile-roportaj-yaptik\/\"><span style=\"font-size: 14pt; font-family: impact,chicago;\">V\u0130DEO R\u00d6PORTAJ<\/span><\/a><\/td>\n<td><\/td>\n<\/tr>\n<tr>\n<td><\/td>\n<td><\/td>\n<td><\/td>\n<td><\/td>\n<\/tr>\n<\/tbody>\n<\/table>\n<p>&nbsp;<\/p>\n","protected":false},"excerpt":{"rendered":"<p>7. YIL PROJELER\u0130 EN B\u0130L\u0130MSEL B\u0130L\u0130MKURGU F\u0130LMLER\u0130 S\u0130ZCE KAYIP RIHTIM? WOOL 2 &#8211; VARD\u0130YA \u00d6N OKUMA 2014&#8217;\u00dcN B\u0130ZE G\u00d6RE EN \u0130Y\u0130 OYUNLARI \u00a0 KAYIP RIHTIM&#8217;IN SE\u00c7T\u0130KLER\u0130 GELENEKSEL CANLI YAYIN YARI\u015eMASI S\u00dcSLEME JIM BUTCHER OKUR YORUMLARI ESK\u0130 T\u00dcRKLERDE B\u00dcY\u00dc VE B\u00dcY\u00dcC\u00dcL\u00dcK \u00a0 HUGH HOWEY V\u0130DEO R\u00d6PORTAJ &nbsp;<\/p>\n","protected":false},"author":1,"featured_media":0,"parent":12165,"menu_order":0,"comment_status":"open","ping_status":"closed","template":"fullwidth.php","meta":{"_acf_changed":false,"footnotes":""},"class_list":["post-36931","page","type-page","status-publish"],"acf":[],"_links":{"self":[{"href":"https:\/\/www.kayiprihtim.org\/portal\/wp-json\/wp\/v2\/pages\/36931","targetHints":{"allow":["GET"]}}],"collection":[{"href":"https:\/\/www.kayiprihtim.org\/portal\/wp-json\/wp\/v2\/pages"}],"about":[{"href":"https:\/\/www.kayiprihtim.org\/portal\/wp-json\/wp\/v2\/types\/page"}],"author":[{"embeddable":true,"href":"https:\/\/www.kayiprihtim.org\/portal\/wp-json\/wp\/v2\/users\/1"}],"replies":[{"embeddable":true,"href":"https:\/\/www.kayiprihtim.org\/portal\/wp-json\/wp\/v2\/comments?post=36931"}],"version-history":[{"count":0,"href":"https:\/\/www.kayiprihtim.org\/portal\/wp-json\/wp\/v2\/pages\/36931\/revisions"}],"up":[{"embeddable":true,"href":"https:\/\/www.kayiprihtim.org\/portal\/wp-json\/wp\/v2\/pages\/12165"}],"wp:attachment":[{"href":"https:\/\/www.kayiprihtim.org\/portal\/wp-json\/wp\/v2\/media?parent=36931"}],"curies":[{"name":"wp","href":"https:\/\/api.w.org\/{rel}","templated":true}]}}