{"id":3702,"date":"2010-03-11T18:48:32","date_gmt":"2010-03-11T16:48:32","guid":{"rendered":"http:\/\/www.kayiprihtim.org\/portal\/?page_id=3702"},"modified":"2012-01-31T10:41:09","modified_gmt":"2012-01-31T08:41:09","slug":"olumun-kimyasi","status":"publish","type":"page","link":"https:\/\/www.kayiprihtim.org\/portal\/kitaplar\/olumun-kimyasi\/","title":{"rendered":"\u00d6l\u00fcm\u00fcn Kimyas\u0131"},"content":{"rendered":"<table style=\"border: thin outset; border-collapse: collapse; height: 30px; width: 470px;\" border=\"0\" cellpadding=\"2\">\n<tbody>\n<tr>\n<td width=\"30%\" bgcolor=\"#330000\"><span style=\"color: #ffffff;\"><span style=\"font-family: Verdana;\"><strong>\u00d6L\u00dcM\u00dcN K\u0130MYASI<\/strong><\/span><\/span><span style=\"font-family: Verdana; color: #ffffff;\"><strong><br \/>\n<\/strong><\/span><\/td>\n<\/tr>\n<\/tbody>\n<\/table>\n<table style=\"border-collapse: collapse; width: 462px; height: 250px;\" border=\"0\" cellspacing=\"0\" cellpadding=\"0\" bordercolor=\"#111111\">\n<tbody>\n<tr>\n<td width=\"58%\" align=\"center\" valign=\"top\">\n<table style=\"border-collapse: collapse; width: 315px; height: 248px;\" border=\"0\" cellspacing=\"2\">\n<tbody>\n<tr>\n<td width=\"100%\" align=\"right\">\n<table style=\"width: 310px; height: 88px;\" border=\"0\" cellspacing=\"0\">\n<tbody>\n<tr bgcolor=\"#D1C4A5\">\n<td width=\"39%\"><strong>Yazar<\/strong><\/td>\n<td width=\"3%\">:<\/td>\n<td width=\"51%\"><span style=\"color: #181512;\">Simon Beckett<\/span><span style=\"color: #181512;\"><br \/>\n<\/span><\/td>\n<\/tr>\n<tr bgcolor=\"#E4DDCB\">\n<td><strong>\u00c7eviri<\/strong><\/td>\n<td width=\"3%\">:<\/td>\n<td width=\"51%\">Nur K\u00fc\u00e7\u00fck<\/td>\n<\/tr>\n<tr bgcolor=\"#D1C4A5\">\n<td width=\"39%\"><strong>Edit\u00f6r<\/strong><strong><br \/>\n<\/strong><\/td>\n<td width=\"3%\">:<\/td>\n<td width=\"51%\">Evrim \u00d6nc\u00fcl<\/td>\n<\/tr>\n<tr bgcolor=\"#E4DDCB\">\n<td width=\"39%\"><strong>\u00d6zg\u00fcn Ad\u0131<\/strong><strong><br \/>\n<\/strong><strong> <\/strong><\/td>\n<td width=\"3%\"><\/td>\n<td width=\"51%\">The Chemistry of Death<\/td>\n<\/tr>\n<\/tbody>\n<\/table>\n<\/td>\n<\/tr>\n<tr>\n<td style=\"border-style: solid ridge ridge; border-width: 1px; padding-left: 4px; padding-right: 4px;\" width=\"100%\" bgcolor=\"#C0B18D\"><strong><span style=\"font-size: 9pt; font-family: Tahoma;\">\u0130thaki Yay\u0131nlar\u0131<br \/>\n<\/span><\/strong><\/td>\n<\/tr>\n<tr>\n<td width=\"100%\" align=\"right\">\n<table style=\"width: 310px; height: 88px;\" border=\"0\" cellspacing=\"0\">\n<tbody>\n<tr bgcolor=\"#E4DDCB\">\n<td width=\"39%\"><strong>\u00c7\u0131k\u0131\u015f Tarihi<\/strong><strong><br \/>\n<\/strong><\/td>\n<td width=\"3%\">:<\/td>\n<td width=\"51%\"><span style=\"color: #181512;\">Mart, 2010<\/span><span style=\"color: #181512;\"><br \/>\n<\/span><\/td>\n<\/tr>\n<tr bgcolor=\"#D1C4A5\">\n<td><strong>Sayfa Say\u0131s\u0131<\/strong><\/td>\n<td width=\"3%\">:<\/td>\n<td width=\"51%\">400<\/td>\n<\/tr>\n<tr bgcolor=\"#E4DDCB\">\n<td width=\"39%\"><strong>Fiyat\u0131<\/strong><\/td>\n<td width=\"3%\">:<\/td>\n<td width=\"51%\">18,00 TL<\/td>\n<\/tr>\n<tr bgcolor=\"#D1C4A5\">\n<td width=\"39%\"><strong>ISBN No<\/strong><\/td>\n<td width=\"3%\">:<\/td>\n<td width=\"51%\">\n<div id=\":2n\" class=\"kl\" dir=\"ltr\">9786053750277<\/div>\n<\/td>\n<\/tr>\n<\/tbody>\n<\/table>\n<\/td>\n<\/tr>\n<\/tbody>\n<\/table>\n<\/td>\n<td width=\"39%\" align=\"left\" valign=\"top\">\n<p style=\"text-align: center;\">\n<p><a href=\"https:\/\/www.kayiprihtim.org\/portal\/gorsel\/olumun-kimyasi.jpg\" target=\"_blank\"><img decoding=\"async\" src=\"https:\/\/www.kayiprihtim.org\/portal\/gorsel\/olumun-kimyasi.jpg\" border=\"0\" alt=\"\" hspace=\"1\" width=\"140\" height=\"219\" class=\"aligncenter\"><\/a><\/td>\n<\/tr>\n<\/tbody>\n<\/table>\n<table style=\"border-collapse: collapse; width: 47%;\" border=\"0\" cellpadding=\"0\">\n<tbody>\n<tr>\n<td width=\"54%\">\n<table style=\"border-collapse: collapse; height: 147px; width: 470px;\" border=\"0\" cellspacing=\"0\" cellpadding=\"2\">\n<tbody>\n<tr>\n<td style=\"border-style: solid ridge ridge; border-width: 1px; padding-left: 4px; padding-right: 4px;\" width=\"98%\" bgcolor=\"#C0B18D\"><strong><span style=\"font-size: 9pt; font-family: Tahoma;\">Tan\u0131t\u0131m Yaz\u0131s\u0131<br \/>\n<\/span><\/strong><\/td>\n<\/tr>\n<tr>\n<td width=\"99%\" align=\"left\">\n<table style=\"width: 465px;\" border=\"0\">\n<tbody>\n<tr>\n<td style=\"border-style: outset; border-width: 1px;\" width=\"96%\" bgcolor=\"#D1C4A5\">\n<table style=\"border-collapse: collapse; width: 452px; height: 199px;\" border=\"0\" cellspacing=\"0\" cellpadding=\"5\" bgcolor=\"#D1C4A5\" bordercolor=\"#D1C4A5\">\n<tbody>\n<tr>\n<td width=\"96%\" bgcolor=\"#D1C4A5\">Adli t\u0131p uzman\u0131 David Hunter kendisini mahvolu\u015fun e\u015fi\u011fine getiren bir trajedinin \u00fcst\u00fcne eski hayat\u0131n\u0131 terk edeli \u00fc\u00e7 y\u0131l olmu\u015ftur. Norfolk&#8217;un \u00fccra bir k\u00f6y\u00fcnde doktor olarak \u00e7al\u0131\u015fmakta ve ge\u00e7mi\u015fini arkas\u0131nda b\u0131rakt\u0131\u011f\u0131na inanmaktad\u0131r. Ama sonra Sally Palmer&#8217;\u0131n cans\u0131z bedeninden geriye kalanlar bulunur&#8230; Ceset vah\u015fice kesilip bi\u00e7ilmi\u015ftir. Polis katili bulmak i\u00e7in Hunter&#8217;\u0131n uzmanl\u0131\u011f\u0131na ihtiya\u00e7 duymakta, o ise bu i\u015fe kar\u0131\u015fmamay\u0131 umutsuzca istemektedir. Sonra bir kad\u0131n daha ortadan kaybolur ve Hunter&#8217;a s\u0131\u011f\u0131nakl\u0131k etmi\u015f olan o birbirine ba\u011fl\u0131 toplum kocaman bir korku ve paranoya girdab\u0131nda bo\u011fulur.<br \/>\nHerkes herkesten \u015f\u00fcphelenmektedir. Bir anda, saklanacak hi\u00e7bir yer kalmaz&#8230;<\/p>\n<p>&#8216;Bir solukta okunan&#8217; nitelemesini sonuna kadar hak eden bir roman.<br \/>\n<em><strong>-Robert Goddard-<\/strong><\/em><\/p>\n<p>Beckett harika bir yetenek sergileyerek t\u00fcyler \u00fcrperten bir deh\u015fet atmosferi yarat\u0131yor.<br \/>\n<em><strong>-Guardian-<\/strong><\/em><\/p>\n<p>\u00dcst\u00fcn nitelikli bir eser&#8230; Seri cinayetleri konu alan bir dizinin ilk roman\u0131&#8230; Elinizden b\u0131rakam\u0131yorsunuz.<br \/>\n<em><strong>-Publishers Weekly-<\/strong><\/em><\/p>\n<p>B\u00fct\u00fcn ayr\u0131nt\u0131lar\u0131yla insan\u0131n kan\u0131n\u0131 donduran cinayetler, CSI dizisinin m\u00fcdavimleriyle Patricia Cornwell ve Kathy Reichs hayranlar\u0131n\u0131 tatmin edecek, ama roman\u0131n parlak ba\u015far\u0131s\u0131n\u0131n as\u0131l nedeni yer verdi\u011fi incelikli psikolojik ayr\u0131nt\u0131lar. Kesinlikle tavsiye edilir.<br \/>\n<em><strong>-Library Journal-<\/strong><\/em><\/td>\n<\/tr>\n<\/tbody>\n<\/table>\n<\/td>\n<\/tr>\n<\/tbody>\n<\/table>\n<\/td>\n<\/tr>\n<\/tbody>\n<\/table>\n<\/td>\n<\/tr>\n<\/tbody>\n<\/table>\n<p><span style=\"color: #E4DDCB;\">&#8211;<\/span><\/p>\n<table style=\"border-collapse: collapse; width: 47%;\" border=\"0\" cellpadding=\"0\">\n<tbody>\n<tr>\n<td width=\"54%\">\n<table style=\"border-collapse: collapse; height: 147px; width: 470px;\" border=\"0\" cellspacing=\"0\" cellpadding=\"2\">\n<tbody>\n<tr>\n<td style=\"border-style: solid ridge ridge; border-width: 1px; padding-left: 4px; padding-right: 4px;\" width=\"98%\" bgcolor=\"#C0B18D\"><strong><span style=\"font-size: 9pt; font-family: Tahoma;\">Larvalar\u0131n Dans\u0131 \/ Ertu\u011frul \u00d6zk\u00f6k<br \/>\n<\/span><\/strong><\/td>\n<\/tr>\n<tr>\n<td width=\"99%\" align=\"left\">\n<table style=\"width: 465px;\" border=\"0\">\n<tbody>\n<tr>\n<td style=\"border-style: outset; border-width: 1px;\" width=\"96%\" bgcolor=\"#D1C4A5\">\n<table style=\"border-collapse: collapse; width: 452px; height: 199px;\" border=\"0\" cellspacing=\"0\" cellpadding=\"5\" bgcolor=\"#D1C4A5\" bordercolor=\"#D1C4A5\">\n<tbody>\n<tr>\n<td width=\"96%\" bgcolor=\"#D1C4A5\"><em><strong> 27 Nisan 2008 &#8211;<span style=\"color: #ff0000;\"> H\u00fcrriyet Gazetesi<\/span><\/strong><\/em><\/p>\n<p>&#8220;\u0130NSAN \u00f6ld\u00fckten sonra, g\u00f6vdesi 4 dakika i\u00e7inde \u00e7\u00fcr\u00fcmeye ba\u015flar. O, art\u0131k nihai metamorfozun ba\u015flad\u0131\u011f\u0131 and\u0131r.<\/p>\n<p>G\u00f6vde kendi kendini sindirme eylemine ge\u00e7er.<\/p>\n<p>H\u00fccreler, i\u00e7ten d\u0131\u015fa do\u011fru \u00e7\u00f6z\u00fcl\u00fcr.<\/p>\n<p>Doku \u00f6nce s\u0131v\u0131ya d\u00f6n\u00fc\u015f\u00fcr, sonra gaza.<\/p>\n<p>Hayatiyetini yitiren beden, ba\u015fka organizmalar i\u00e7in besin haline d\u00f6n\u00fc\u015f\u00fcr.<\/p>\n<p>\u00d6nce bakteriler gelir, sonra b\u00f6cekler ve en son sinekler.<\/p>\n<p>Sonra onlar \u00e7o\u011fal\u0131p yumurtlarlar.<\/p>\n<p>Bu zengin besin kayna\u011f\u0131nda beslenen larvalar, i\u015fleri bitince, bir moda defilesi yapar gibi, zarif ad\u0131mlarla bedeni terk edip g\u00f6\u00e7 etmeye ba\u015flar.<\/p>\n<p>\u0130\u015fte o an, hayat\u0131n en ilgin\u00e7 \u015feylerinden biri ger\u00e7ekle\u015fir.<\/p>\n<p>Larvalar, ba\u015flar\u0131 hep g\u00fcneye d\u00f6n\u00fck \u015fekilde giderler.<\/p>\n<p>Ya g\u00fcney, ya g\u00fcneydo\u011fu, ya da g\u00fcneybat\u0131.<\/p>\n<p>Ama hi\u00e7bir zaman kuzeye do\u011fru gitmezler.&#8221;<\/p>\n<p>* * *<\/p>\n<p>Bu c\u00fcmleleri, son y\u0131llar\u0131n en ilgin\u00e7 polisiye eserlerinden biri olan, Simon Beckett&#8217;in &#8220;The Chemistry of Death&#8221; adl\u0131 kitab\u0131nda okudum.<\/p>\n<p>Yani &#8220;\u00d6l\u00fcm\u00fcn Kimyas\u0131&#8221;&#8230;<\/p>\n<p>\u00d6l\u00fcm, hep benim hayat\u0131m\u0131n merkezinde oldu.<\/p>\n<p>Lise y\u0131llar\u0131mda, \u00fcniversitede, daha sonralar\u0131 hep \u00f6l\u00fcmle u\u011fra\u015ft\u0131m.<\/p>\n<p>Gazetecili\u011fe ba\u015flamasayd\u0131m, projelerimden biri, &#8220;\u00f6l\u00fcm sosyolojisi&#8221; adl\u0131 bir kitap yazmakt\u0131.<\/p>\n<p>CSI, yani su\u00e7 mahalli incelemeleri, son y\u0131llarda hem kitaplarda, hem televizyon ve sinemada \u00e7ok ilgi \u00e7eken bir konu haline geldi.<\/p>\n<p>Bunda Patricia Cornwell&#8217;in romanlar\u0131 ve onun kahraman\u0131 Kay Scarpetta&#8217;n\u0131n etkisi oldu\u011funu d\u00fc\u015f\u00fcn\u00fcyorum.<\/p>\n<p>Ben de bu konuda epey okudum, epey seyrettim.<\/p>\n<p>Ama bug\u00fcne kadar, cans\u0131z bedenden do\u011fup ayr\u0131lan larvalar\u0131n, hep g\u00fcney istikametinde g\u00f6\u00e7 ettiklerini i\u015fitmemi\u015ftim.<\/p>\n<p>Bana \u00e7ok ilgin\u00e7 geldi.<\/p>\n<p>* * *<\/p>\n<p>Hemen, H\u00fcrriyet&#8217;in adli bilim uzman\u0131 Prof. Sevil Atasoy&#8217;u arayarak bunun do\u011fru olup olmad\u0131\u011f\u0131n\u0131 sordum.<\/p>\n<p>\u00d6teki bilgilerin hepsini do\u011frulad\u0131.<\/p>\n<p>Ama larvalar\u0131n g\u00fcneye gitti\u011fi konusunu o da hi\u00e7 i\u015fitmemi\u015f.<\/p>\n<p>Yine de tam bir bilim insan\u0131na yak\u0131\u015fan \u015f\u00fcphecilikle, &#8220;Yeni bir yay\u0131n olabilir. Ara\u015ft\u0131r\u0131p size d\u00f6neyim&#8221; dedi.<\/p>\n<p>Yaz\u0131y\u0131 tamamlad\u0131\u011f\u0131m s\u0131rada, hen\u00fcz bana d\u00f6nmemi\u015fti.<\/p>\n<p>O nedenle bu bilgiyi do\u011fru kabul edip \u00f6l\u00fcme de\u011fil, ama \u00f6l\u00fcmden sonraki hayata ait bu m\u00fcthi\u015f ger\u00e7ek \u00fczerinde biraz d\u00fc\u015f\u00fcnmeye karar verdim.<\/p>\n<p>* * *<\/p>\n<p>Sizce tuhaf bir benzerlik yok mu?<\/p>\n<p>\u0130nsanlar ya\u015flan\u0131nca, emekli olunca hep g\u00fcneye g\u00f6\u00e7 etmek isterler.<\/p>\n<p>Bir g\u00fcney kasabas\u0131na yerle\u015fmek, hayat\u0131n son d\u00f6nemini buralarda ge\u00e7irmek, hepimizin i\u00e7ine i\u015flemi\u015ftir.<\/p>\n<p>\u015eimdi larvalar\u0131n dans\u0131n\u0131 g\u00f6z\u00fcm\u00fcn \u00f6n\u00fcne getirince, o soru da akl\u0131ma geliyor.<\/p>\n<p>Acaba g\u00fcneye g\u00f6\u00e7 etmek duygusu, her canl\u0131n\u0131n genetik \u00f6zelli\u011fi midir?<\/p>\n<p>Bir t\u00fcr al\u0131n yaz\u0131s\u0131 m\u0131d\u0131r?..<\/p>\n<p>\u00d6l\u00fcmden sonra bir hayat varsa, onun ilk ad\u0131mlar\u0131 acaba b\u00f6yle mi at\u0131l\u0131yor?<\/p>\n<p>G\u00fcneye g\u00f6\u00e7 etmek duygusu, \u00fcremek kadar, sevi\u015fmek kadar kudretli bir i\u00e7g\u00fcd\u00fc m\u00fcd\u00fcr?<\/p>\n<p>Yani \u00f6ld\u00fckten sonra yeniden do\u011fmak i\u00e7in&#8230;<\/p>\n<p>* * *<\/p>\n<p>O y\u00fczden larvalar\u0131n i\u00e7g\u00fcd\u00fcsel bir estetikle g\u00fcneye do\u011fru giderken yapt\u0131klar\u0131 bu dans, bana ruhun bir ba\u015fka bedene ta\u015f\u0131nmas\u0131 gibi g\u00f6r\u00fcnd\u00fc.<\/p>\n<p>Bir kere daha anlad\u0131m ki, bizler, \u015fark\u0131daki gibi gezgin avareleriz.<\/p>\n<p>Bazen bedenimiz bir yere \u00e7ak\u0131l\u0131 kal\u0131rken, ruhumuz g\u00fcneye bakar ve burnunun dikine dikine gider.<\/p>\n<p>Kafa tutar.<\/p>\n<p>Hayat da i\u015fte tam budur.<\/p>\n<p>Bir an geldi\u011finde, avaz avaz i\u00e7indeki ger\u00e7e\u011fi, en \u00f6nemli ger\u00e7e\u011fi hayk\u0131rabilmek&#8230;<\/p>\n<p>Ve sonra al\u0131p ba\u015f\u0131n\u0131, g\u00fcneyin neresiyse oraya gidebilmek&#8230;<\/td>\n<\/tr>\n<\/tbody>\n<\/table>\n<\/td>\n<\/tr>\n<\/tbody>\n<\/table>\n<\/td>\n<\/tr>\n<\/tbody>\n<\/table>\n<\/td>\n<\/tr>\n<\/tbody>\n<\/table>\n","protected":false},"excerpt":{"rendered":"<p>\u00d6L\u00dcM\u00dcN K\u0130MYASI Yazar : Simon Beckett \u00c7eviri : Nur K\u00fc\u00e7\u00fck Edit\u00f6r : Evrim \u00d6nc\u00fcl \u00d6zg\u00fcn Ad\u0131 The Chemistry of Death \u0130thaki Yay\u0131nlar\u0131 \u00c7\u0131k\u0131\u015f Tarihi : Mart, 2010 Sayfa Say\u0131s\u0131 : 400 Fiyat\u0131 : 18,00 TL ISBN No : 9786053750277 Tan\u0131t\u0131m Yaz\u0131s\u0131 Adli t\u0131p uzman\u0131 David Hunter kendisini mahvolu\u015fun e\u015fi\u011fine getiren bir trajedinin \u00fcst\u00fcne eski hayat\u0131n\u0131 [&hellip;]<\/p>\n","protected":false},"author":1,"featured_media":0,"parent":57,"menu_order":0,"comment_status":"open","ping_status":"closed","template":"","meta":{"_acf_changed":false,"footnotes":""},"class_list":["post-3702","page","type-page","status-publish"],"acf":[],"_links":{"self":[{"href":"https:\/\/www.kayiprihtim.org\/portal\/wp-json\/wp\/v2\/pages\/3702","targetHints":{"allow":["GET"]}}],"collection":[{"href":"https:\/\/www.kayiprihtim.org\/portal\/wp-json\/wp\/v2\/pages"}],"about":[{"href":"https:\/\/www.kayiprihtim.org\/portal\/wp-json\/wp\/v2\/types\/page"}],"author":[{"embeddable":true,"href":"https:\/\/www.kayiprihtim.org\/portal\/wp-json\/wp\/v2\/users\/1"}],"replies":[{"embeddable":true,"href":"https:\/\/www.kayiprihtim.org\/portal\/wp-json\/wp\/v2\/comments?post=3702"}],"version-history":[{"count":0,"href":"https:\/\/www.kayiprihtim.org\/portal\/wp-json\/wp\/v2\/pages\/3702\/revisions"}],"up":[{"embeddable":true,"href":"https:\/\/www.kayiprihtim.org\/portal\/wp-json\/wp\/v2\/pages\/57"}],"wp:attachment":[{"href":"https:\/\/www.kayiprihtim.org\/portal\/wp-json\/wp\/v2\/media?parent=3702"}],"curies":[{"name":"wp","href":"https:\/\/api.w.org\/{rel}","templated":true}]}}