{"id":3717,"date":"2010-03-12T14:17:50","date_gmt":"2010-03-12T12:17:50","guid":{"rendered":"http:\/\/www.kayiprihtim.org\/portal\/?page_id=3717"},"modified":"2012-01-29T02:24:40","modified_gmt":"2012-01-29T00:24:40","slug":"buz-ay","status":"publish","type":"page","link":"https:\/\/www.kayiprihtim.org\/portal\/kitaplar\/buz-ay\/","title":{"rendered":"Buz Ay"},"content":{"rendered":"<table style=\"border: thin outset; border-collapse: collapse; height: 30px; width: 470px;\" border=\"0\" cellpadding=\"2\">\n<tbody>\n<tr>\n<td width=\"30%\" bgcolor=\"#330000\"><span style=\"color: #ffffff;\"><span style=\"font-family: Verdana;\"><strong>BUZ AY<\/strong><\/span><\/span><span style=\"font-family: Verdana; color: #ffffff;\"><strong><br \/>\n<\/strong><\/span><\/td>\n<\/tr>\n<\/tbody>\n<\/table>\n<table style=\"border-collapse: collapse; width: 462px; height: 250px;\" border=\"0\" cellspacing=\"0\" cellpadding=\"0\" bordercolor=\"#111111\">\n<tbody>\n<tr>\n<td width=\"58%\" align=\"center\" valign=\"top\">\n<table style=\"border-collapse: collapse; width: 315px; height: 248px;\" border=\"0\" cellspacing=\"2\">\n<tbody>\n<tr>\n<td width=\"100%\" align=\"right\">\n<table style=\"width: 310px; height: 88px;\" border=\"0\" cellspacing=\"0\">\n<tbody>\n<tr bgcolor=\"#D1C4A5\">\n<td width=\"39%\"><strong>Yazar<\/strong><\/td>\n<td width=\"3%\">:<\/td>\n<td width=\"51%\"><span style=\"color: #181512;\">Jan Costin Wagner<\/span><span style=\"color: #181512;\"><br \/>\n<\/span><\/td>\n<\/tr>\n<tr bgcolor=\"#E4DDCB\">\n<td><strong>\u00c7eviri<\/strong><\/td>\n<td width=\"3%\">:<\/td>\n<td width=\"51%\">Neylan Eryar<\/td>\n<\/tr>\n<tr bgcolor=\"#D1C4A5\">\n<td width=\"39%\"><strong>Kapak &amp; Ebat<\/strong><strong><br \/>\n<\/strong><\/td>\n<td width=\"3%\">:<\/td>\n<td width=\"51%\">Karton Kapak | 13,5 x 21 cm<\/td>\n<\/tr>\n<tr bgcolor=\"#E4DDCB\">\n<td width=\"39%\"><strong>\u00d6zg\u00fcn Ad\u0131<\/strong><strong><br \/>\n<\/strong><strong> <\/strong><\/td>\n<td width=\"3%\">:<\/td>\n<td width=\"51%\">Ice Moon<\/td>\n<\/tr>\n<\/tbody>\n<\/table>\n<\/td>\n<\/tr>\n<tr>\n<td style=\"border-style: solid ridge ridge; border-width: 1px; padding-left: 4px; padding-right: 4px;\" width=\"100%\" bgcolor=\"#C0B18D\"><strong><span style=\"font-size: 9pt; font-family: Tahoma;\">Turkuvaz Kitap<br \/>\n<\/span><\/strong><\/td>\n<\/tr>\n<tr>\n<td width=\"100%\" align=\"right\">\n<table style=\"width: 310px; height: 88px;\" border=\"0\" cellspacing=\"0\">\n<tbody>\n<tr bgcolor=\"#E4DDCB\">\n<td width=\"39%\"><strong>\u00c7\u0131k\u0131\u015f Tarihi<\/strong><strong><br \/>\n<\/strong><\/td>\n<td width=\"3%\">:<\/td>\n<td width=\"51%\"><span style=\"color: #181512;\">Mart, 2010<\/span><span style=\"color: #181512;\"><br \/>\n<\/span><\/td>\n<\/tr>\n<tr bgcolor=\"#D1C4A5\">\n<td><strong>Sayfa Say\u0131s\u0131<\/strong><\/td>\n<td width=\"3%\">:<\/td>\n<td width=\"51%\">336<\/td>\n<\/tr>\n<tr bgcolor=\"#E4DDCB\">\n<td width=\"39%\"><strong>Fiyat\u0131<\/strong><\/td>\n<td width=\"3%\">:<\/td>\n<td width=\"51%\">24,00 TL<\/td>\n<\/tr>\n<tr bgcolor=\"#D1C4A5\">\n<td width=\"39%\"><strong>ISBN No<\/strong><\/td>\n<td width=\"3%\">:<\/td>\n<td width=\"51%\">\n<div id=\":2n\" class=\"kl\" dir=\"ltr\">9786055596354<\/div>\n<\/td>\n<\/tr>\n<\/tbody>\n<\/table>\n<\/td>\n<\/tr>\n<\/tbody>\n<\/table>\n<\/td>\n<td width=\"39%\" align=\"left\" valign=\"top\">\n<p style=\"text-align: center;\">\n<p><a href=\"https:\/\/www.kayiprihtim.org\/portal\/gorsel\/buz-ay.jpg\" target=\"_blank\"><img decoding=\"async\" src=\"https:\/\/www.kayiprihtim.org\/portal\/gorsel\/buz-ay.jpg\" border=\"0\" alt=\"\" hspace=\"1\" width=\"140\" height=\"219\" class=\"aligncenter\"><\/a><\/td>\n<\/tr>\n<\/tbody>\n<\/table>\n<table style=\"border-collapse: collapse; width: 47%;\" border=\"0\" cellpadding=\"0\">\n<tbody>\n<tr>\n<td width=\"54%\">\n<table style=\"border-collapse: collapse; height: 147px; width: 470px;\" border=\"0\" cellspacing=\"0\" cellpadding=\"2\">\n<tbody>\n<tr>\n<td style=\"border-style: solid ridge ridge; border-width: 1px; padding-left: 4px; padding-right: 4px;\" width=\"98%\" bgcolor=\"#C0B18D\"><strong><span style=\"font-size: 9pt; font-family: Tahoma;\">Tan\u0131t\u0131m Yaz\u0131s\u0131<br \/>\n<\/span><\/strong><\/td>\n<\/tr>\n<tr>\n<td width=\"99%\" align=\"left\">\n<table style=\"width: 465px;\" border=\"0\">\n<tbody>\n<tr>\n<td style=\"border-style: outset; border-width: 1px;\" width=\"96%\" bgcolor=\"#D1C4A5\">\n<table style=\"border-collapse: collapse; width: 452px; height: 199px;\" border=\"0\" cellspacing=\"0\" cellpadding=\"5\" bgcolor=\"#D1C4A5\" bordercolor=\"#D1C4A5\">\n<tbody>\n<tr>\n<td width=\"96%\" bgcolor=\"#D1C4A5\">Polis memuru Kimmo Joentaa\u2019n\u0131n gen\u00e7 e\u015fi, sessiz bir \u00f6l\u00fcmle d\u00fcnyadan ayr\u0131lm\u0131\u015ft\u0131. Joentaa ya\u015fam\u0131n t\u00fcm anlam\u0131n\u0131n kayboldu\u011funu d\u00fc\u015f\u00fcn\u00fcp bo\u015flukta s\u00fcr\u00fcklenirken, Finlandiya\u2019n\u0131n Turku kentindeki b\u00fcrosuna, gen\u00e7 bir kad\u0131n\u0131n uykusunda bo\u011fularak \u00f6ld\u00fcr\u00fcld\u00fc\u011f\u00fc haberi ula\u015f\u0131r. Bunu ilkiyle benze\u015fen ba\u015fka cinayetler takip edecek; gizemli katilin pe\u015fine d\u00fc\u015fen Joentaa, kendine yeni bir ya\u015fama nedeni bulurken g\u00f6r\u00fcnmez katille aras\u0131nda garip bir ba\u011f oldu\u011funu hissedecektir.<\/p>\n<p>2002 y\u0131l\u0131nda GeceYolculu\u011fu adl\u0131 kitab\u0131yla en iyi polisiye roman dal\u0131nda Marlowe \u00d6d\u00fcl\u00fc\u2019n\u00fc kazanan Alman yazar Jan Costin Wagner, Buz Ay\u2019da polisiye t\u00fcr\u00fcn\u00fcn d\u0131\u015f\u0131na \u00e7\u0131karak katil-kurban, su\u00e7lu-polis ili\u015fkilerinden \u00f6te, \u00f6l\u00fcm\u00fcn kendisine dair anlaml\u0131 bir hik\u00e2ye anlat\u0131yor.<\/p>\n<p>A\u015fk ile \u00f6l\u00fcme dair ustaca yaz\u0131lm\u0131\u015f bir \u015fark\u0131; hem s\u00fcr\u00fckleyici hem h\u00fcz\u00fcnl\u00fc.<br \/>\n<em><strong>-Focus-<\/strong><\/em><\/p>\n<p>Jan Costin Wagner, son d\u00f6nem Alman edebiyat\u0131n\u0131n en \u015fa\u015f\u0131rt\u0131c\u0131 ke\u015fiflerinden biri.<br \/>\n<em><strong>-Frankfurter Allgemeine Sonntagszeitung.-<\/strong><\/em><\/td>\n<\/tr>\n<\/tbody>\n<\/table>\n<\/td>\n<\/tr>\n<\/tbody>\n<\/table>\n<\/td>\n<\/tr>\n<\/tbody>\n<\/table>\n<\/td>\n<\/tr>\n<\/tbody>\n<\/table>\n","protected":false},"excerpt":{"rendered":"<p>BUZ AY Yazar : Jan Costin Wagner \u00c7eviri : Neylan Eryar Kapak &amp; Ebat : Karton Kapak | 13,5 x 21 cm \u00d6zg\u00fcn Ad\u0131 : Ice Moon Turkuvaz Kitap \u00c7\u0131k\u0131\u015f Tarihi : Mart, 2010 Sayfa Say\u0131s\u0131 : 336 Fiyat\u0131 : 24,00 TL ISBN No : 9786055596354 Tan\u0131t\u0131m Yaz\u0131s\u0131 Polis memuru Kimmo Joentaa\u2019n\u0131n gen\u00e7 e\u015fi, sessiz [&hellip;]<\/p>\n","protected":false},"author":1,"featured_media":0,"parent":57,"menu_order":0,"comment_status":"open","ping_status":"closed","template":"","meta":{"_acf_changed":false,"footnotes":""},"class_list":["post-3717","page","type-page","status-publish"],"acf":[],"_links":{"self":[{"href":"https:\/\/www.kayiprihtim.org\/portal\/wp-json\/wp\/v2\/pages\/3717","targetHints":{"allow":["GET"]}}],"collection":[{"href":"https:\/\/www.kayiprihtim.org\/portal\/wp-json\/wp\/v2\/pages"}],"about":[{"href":"https:\/\/www.kayiprihtim.org\/portal\/wp-json\/wp\/v2\/types\/page"}],"author":[{"embeddable":true,"href":"https:\/\/www.kayiprihtim.org\/portal\/wp-json\/wp\/v2\/users\/1"}],"replies":[{"embeddable":true,"href":"https:\/\/www.kayiprihtim.org\/portal\/wp-json\/wp\/v2\/comments?post=3717"}],"version-history":[{"count":0,"href":"https:\/\/www.kayiprihtim.org\/portal\/wp-json\/wp\/v2\/pages\/3717\/revisions"}],"up":[{"embeddable":true,"href":"https:\/\/www.kayiprihtim.org\/portal\/wp-json\/wp\/v2\/pages\/57"}],"wp:attachment":[{"href":"https:\/\/www.kayiprihtim.org\/portal\/wp-json\/wp\/v2\/media?parent=3717"}],"curies":[{"name":"wp","href":"https:\/\/api.w.org\/{rel}","templated":true}]}}