{"id":3723,"date":"2010-03-15T13:55:58","date_gmt":"2010-03-15T10:55:58","guid":{"rendered":"http:\/\/www.kayiprihtim.org\/portal\/?page_id=3723"},"modified":"2016-05-26T06:02:29","modified_gmt":"2016-05-26T03:02:29","slug":"temeraire-serisi","status":"publish","type":"page","link":"https:\/\/www.kayiprihtim.org\/portal\/kitaplar\/temeraire-serisi\/","title":{"rendered":"Temeraire Serisi"},"content":{"rendered":"<p><b> Naomi Novik<\/b>\u2019in kaleme ald\u0131\u011f\u0131 tarihi fantastik t\u00fcr\u00fcndeki seridir.<\/p>\n<h3>Seride Bulunan Kitaplar<\/h3>\n<ol>\n<li>Majestelerinin Ejderhas\u0131<\/li>\n<li>Ye\u015fim Taht<\/li>\n<li>Barut Sava\u015f\u0131<\/li>\n<li>Fildi\u015fi \u0130mparatorlu\u011fu<\/li>\n<\/ol>\n","protected":false},"excerpt":{"rendered":"<p>Naomi Novik\u2019in kaleme ald\u0131\u011f\u0131 tarihi fantastik t\u00fcr\u00fcndeki seridir. Seride Bulunan Kitaplar Majestelerinin Ejderhas\u0131 Ye\u015fim Taht Barut Sava\u015f\u0131 Fildi\u015fi \u0130mparatorlu\u011fu<\/p>\n","protected":false},"author":1,"featured_media":0,"parent":57,"menu_order":0,"comment_status":"open","ping_status":"closed","template":"","meta":{"_acf_changed":false,"footnotes":""},"class_list":["post-3723","page","type-page","status-publish"],"acf":[],"_links":{"self":[{"href":"https:\/\/www.kayiprihtim.org\/portal\/wp-json\/wp\/v2\/pages\/3723","targetHints":{"allow":["GET"]}}],"collection":[{"href":"https:\/\/www.kayiprihtim.org\/portal\/wp-json\/wp\/v2\/pages"}],"about":[{"href":"https:\/\/www.kayiprihtim.org\/portal\/wp-json\/wp\/v2\/types\/page"}],"author":[{"embeddable":true,"href":"https:\/\/www.kayiprihtim.org\/portal\/wp-json\/wp\/v2\/users\/1"}],"replies":[{"embeddable":true,"href":"https:\/\/www.kayiprihtim.org\/portal\/wp-json\/wp\/v2\/comments?post=3723"}],"version-history":[{"count":0,"href":"https:\/\/www.kayiprihtim.org\/portal\/wp-json\/wp\/v2\/pages\/3723\/revisions"}],"up":[{"embeddable":true,"href":"https:\/\/www.kayiprihtim.org\/portal\/wp-json\/wp\/v2\/pages\/57"}],"wp:attachment":[{"href":"https:\/\/www.kayiprihtim.org\/portal\/wp-json\/wp\/v2\/media?parent=3723"}],"curies":[{"name":"wp","href":"https:\/\/api.w.org\/{rel}","templated":true}]}}