{"id":3744,"date":"2010-03-19T18:36:36","date_gmt":"2010-03-19T15:36:36","guid":{"rendered":"http:\/\/www.kayiprihtim.org\/portal\/?page_id=3744"},"modified":"2011-08-22T21:04:05","modified_gmt":"2011-08-22T18:04:05","slug":"bir-james-cameron-filmi-avatar","status":"publish","type":"page","link":"https:\/\/www.kayiprihtim.org\/portal\/kitaplar\/bir-james-cameron-filmi-avatar\/","title":{"rendered":"Bir James Cameron Filmi: Avatar"},"content":{"rendered":"<table style=\"border: thin outset; border-collapse: collapse; height: 30px; width: 470px;\" border=\"0\" cellpadding=\"2\">\n<tbody>\n<tr>\n<td width=\"30%\" bgcolor=\"#330000\"><span style=\"color: #ffffff;\"><span style=\"font-family: Verdana;\"><strong>B\u0130R JAMES CAMERON F\u0130LM\u0130: AVATAR<\/strong><\/span><\/span><span style=\"font-family: Verdana; color: #ffffff;\"><strong><br \/>\n<\/strong><\/span><\/td>\n<\/tr>\n<\/tbody>\n<\/table>\n<table style=\"border-collapse: collapse; width: 462px; height: 250px;\" border=\"0\" cellspacing=\"0\" cellpadding=\"0\" bordercolor=\"#111111\">\n<tbody>\n<tr>\n<td width=\"58%\" align=\"center\" valign=\"top\">\n<table style=\"border-collapse: collapse; width: 315px; height: 248px;\" border=\"0\" cellspacing=\"2\">\n<tbody>\n<tr>\n<td width=\"100%\" align=\"right\">\n<table style=\"width: 310px; height: 88px;\" border=\"0\" cellspacing=\"0\">\n<tbody>\n<tr bgcolor=\"#D1C4A5\">\n<td width=\"39%\"><strong>Yazar<\/strong><\/td>\n<td width=\"3%\">:<\/td>\n<td width=\"51%\"><span style=\"color: #993300;\"><strong><span style=\"font-size: x-small;\">Maria Wilhelm, Dirk Mathison<\/span><\/strong><\/span><span style=\"color: #181512;\"><br \/>\n<\/span><\/td>\n<\/tr>\n<tr bgcolor=\"#E4DDCB\">\n<td><strong>\u00c7eviri<\/strong><\/td>\n<td width=\"3%\">:<\/td>\n<td width=\"51%\">\u00d6zg\u00fcr At\u0131l\u0131m Turan<\/td>\n<\/tr>\n<tr bgcolor=\"#D1C4A5\">\n<td width=\"39%\"><strong>\u00d6zg\u00fcn Ad\u0131<\/strong><strong> <\/strong><\/td>\n<td width=\"3%\">:<\/td>\n<td width=\"51%\">James Cameron&#8217;s Avatar: The Movie Scrapbook<\/td>\n<\/tr>\n<tr bgcolor=\"#E4DDCB\">\n<td width=\"39%\"><\/td>\n<td width=\"3%\"><\/td>\n<td width=\"51%\"><\/td>\n<\/tr>\n<\/tbody>\n<\/table>\n<\/td>\n<\/tr>\n<tr>\n<td style=\"border-style: solid ridge ridge; border-width: 1px; padding-left: 4px; padding-right: 4px;\" width=\"100%\" bgcolor=\"#C0B18D\"><strong><span style=\"font-size: 9pt; font-family: Tahoma;\">Do\u011fan Kitap\u00e7\u0131l\u0131k<br \/>\n<\/span><\/strong><\/td>\n<\/tr>\n<tr>\n<td width=\"100%\" align=\"right\">\n<table style=\"width: 310px; height: 88px;\" border=\"0\" cellspacing=\"0\">\n<tbody>\n<tr bgcolor=\"#D1C4A5\">\n<td width=\"39%\"><strong>\u00c7\u0131k\u0131\u015f Tarihi<\/strong><strong><br \/>\n<\/strong><\/td>\n<td width=\"3%\">:<\/td>\n<td width=\"51%\"><span style=\"color: #181512;\">Mart, 2010<\/span><span style=\"color: #181512;\"><br \/>\n<\/span><\/td>\n<\/tr>\n<tr bgcolor=\"#E4DDCB\">\n<td><strong>Sayfa Say\u0131s\u0131<\/strong><\/td>\n<td width=\"3%\">:<\/td>\n<td width=\"51%\">225<\/td>\n<\/tr>\n<tr bgcolor=\"#D1C4A5\">\n<td width=\"39%\"><strong>Fiyat\u0131<\/strong><\/td>\n<td width=\"3%\">:<\/td>\n<td width=\"51%\">22,00 TL<\/td>\n<\/tr>\n<tr bgcolor=\"#E4DDCB\">\n<td width=\"39%\"><strong>ISBN No<\/strong><\/td>\n<td width=\"3%\">:<\/td>\n<td width=\"51%\">9786051115412<\/td>\n<\/tr>\n<\/tbody>\n<\/table>\n<\/td>\n<\/tr>\n<\/tbody>\n<\/table>\n<\/td>\n<td width=\"39%\" align=\"left\" valign=\"top\">\n<p style=\"text-align: center;\">\n<p><a href=\"https:\/\/www.kayiprihtim.org\/portal\/gorsel\/bir-james-cameron-filmi-avatar.jpg\" target=\"_blank\"><img decoding=\"async\" class=\"aligncenter\" src=\"https:\/\/www.kayiprihtim.org\/portal\/gorsel\/bir-james-cameron-filmi-avatar.jpg\" border=\"0\" alt=\"\" hspace=\"1\" width=\"140\" height=\"219\"><\/a><\/td>\n<\/tr>\n<\/tbody>\n<\/table>\n<table style=\"border-collapse: collapse; width: 47%;\" border=\"0\" cellpadding=\"0\">\n<tbody>\n<tr>\n<td width=\"54%\">\n<table style=\"border-collapse: collapse; height: 147px; width: 470px;\" border=\"0\" cellspacing=\"0\" cellpadding=\"2\">\n<tbody>\n<tr>\n<td style=\"border-style: solid ridge ridge; border-width: 1px; padding-left: 4px; padding-right: 4px;\" width=\"98%\" bgcolor=\"#C0B18D\"><strong><span style=\"font-size: 9pt; font-family: Tahoma;\">Tan\u0131t\u0131m Yaz\u0131s\u0131<br \/>\n<\/span><\/strong><\/td>\n<\/tr>\n<tr>\n<td width=\"99%\" align=\"left\">\n<table style=\"width: 465px;\" border=\"0\">\n<tbody>\n<tr>\n<td style=\"border-style: outset; border-width: 1px;\" width=\"96%\" bgcolor=\"#D1C4A5\">\n<table style=\"border-collapse: collapse; width: 452px; height: 199px;\" border=\"0\" cellspacing=\"0\" cellpadding=\"5\" bgcolor=\"#D1C4A5\" bordercolor=\"#D1C4A5\">\n<tbody>\n<tr>\n<td width=\"96%\" bgcolor=\"#D1C4A5\">Pandora&#8217;n\u0131n biyolojik ve sosyal tarihi \u00fczerine gizli rapor RDA&#8217;n\u0131n d\u00fcnya d\u0131\u015f\u0131 ya\u015fam ara\u015ft\u0131rmalar\u0131ndan ve bilimsel laboratuvarlar\u0131ndan gelen saha notlar\u0131 ve di\u011fer veriler, Pandora&#8217;ya \u00f6zg\u00fc bir\u00e7ok \u015farta rehberlik etmesi amac\u0131yla bir araya getirilmi\u015ftir. Bu rapor Pandora&#8217;n\u0131n yabanc\u0131 ekosistemini, ana maden damarlar\u0131n\u0131 ve topografisini, floras\u0131n\u0131 ve faunas\u0131n\u0131, k\u00fclt\u00fcr\u00fcn\u00fc, dilini ve Na&#8217;vi isimli at\u0131lgan avc\u0131-toplay\u0131c\u0131 bir \u0131rk olan yerli halk\u0131n fizyolojisini ayr\u0131nt\u0131lar\u0131yla incelemektedir. Olduk\u00e7a b\u00fcy\u00fck bir kazan\u00e7 vaat eden Pandora, ba\u015far\u0131l\u0131 ke\u015fifleri ve \u00e7al\u0131\u015fmalar\u0131 k\u0131\u015fk\u0131rtmaktad\u0131r. Yer\u00e7ekimine meydan okuyan Hallelujah Da\u011flar\u0131&#8217;ndan dev do\u011fal Ta\u015f Kemerlere, k\u00fc\u00e7\u00fck fakat zehirli cehennemate\u015fi ar\u0131s\u0131ndan heybetli etobur thanatorlara kadar Pandora RDA hava ve kara kuvvetlerine her g\u00fcn yeni tehlikeler sunmaktad\u0131r. Bu k\u0131lavuzda ayr\u0131ca yerli d\u00fc\u015fmanlar\u0131 bast\u0131rmak ve \u00e7al\u0131\u015fanlar\u0131 tehlikeli Pandora \u015fartlar\u0131na kar\u015f\u0131 savunmak i\u00e7in kullan\u0131lan son derece gizli ve ayr\u0131nt\u0131l\u0131 RDA teknolojisi ve silah sistemi tan\u0131mlar\u0131n\u0131 da bulacaks\u0131n\u0131z.<\/td>\n<\/tr>\n<\/tbody>\n<\/table>\n<\/td>\n<\/tr>\n<\/tbody>\n<\/table>\n<\/td>\n<\/tr>\n<\/tbody>\n<\/table>\n<\/td>\n<\/tr>\n<\/tbody>\n<\/table>\n","protected":false},"excerpt":{"rendered":"<p>B\u0130R JAMES CAMERON F\u0130LM\u0130: AVATAR Yazar : Maria Wilhelm, Dirk Mathison \u00c7eviri : \u00d6zg\u00fcr At\u0131l\u0131m Turan \u00d6zg\u00fcn Ad\u0131 : James Cameron&#8217;s Avatar: The Movie Scrapbook Do\u011fan Kitap\u00e7\u0131l\u0131k \u00c7\u0131k\u0131\u015f Tarihi : Mart, 2010 Sayfa Say\u0131s\u0131 : 225 Fiyat\u0131 : 22,00 TL ISBN No : 9786051115412 Tan\u0131t\u0131m Yaz\u0131s\u0131 Pandora&#8217;n\u0131n biyolojik ve sosyal tarihi \u00fczerine gizli rapor RDA&#8217;n\u0131n [&hellip;]<\/p>\n","protected":false},"author":1,"featured_media":0,"parent":57,"menu_order":0,"comment_status":"open","ping_status":"closed","template":"","meta":{"_acf_changed":false,"footnotes":""},"class_list":["post-3744","page","type-page","status-publish"],"acf":[],"_links":{"self":[{"href":"https:\/\/www.kayiprihtim.org\/portal\/wp-json\/wp\/v2\/pages\/3744","targetHints":{"allow":["GET"]}}],"collection":[{"href":"https:\/\/www.kayiprihtim.org\/portal\/wp-json\/wp\/v2\/pages"}],"about":[{"href":"https:\/\/www.kayiprihtim.org\/portal\/wp-json\/wp\/v2\/types\/page"}],"author":[{"embeddable":true,"href":"https:\/\/www.kayiprihtim.org\/portal\/wp-json\/wp\/v2\/users\/1"}],"replies":[{"embeddable":true,"href":"https:\/\/www.kayiprihtim.org\/portal\/wp-json\/wp\/v2\/comments?post=3744"}],"version-history":[{"count":0,"href":"https:\/\/www.kayiprihtim.org\/portal\/wp-json\/wp\/v2\/pages\/3744\/revisions"}],"up":[{"embeddable":true,"href":"https:\/\/www.kayiprihtim.org\/portal\/wp-json\/wp\/v2\/pages\/57"}],"wp:attachment":[{"href":"https:\/\/www.kayiprihtim.org\/portal\/wp-json\/wp\/v2\/media?parent=3744"}],"curies":[{"name":"wp","href":"https:\/\/api.w.org\/{rel}","templated":true}]}}