{"id":3771,"date":"2010-03-29T14:26:56","date_gmt":"2010-03-29T11:26:56","guid":{"rendered":"http:\/\/www.kayiprihtim.org\/portal\/?page_id=3771"},"modified":"2016-05-26T07:16:28","modified_gmt":"2016-05-26T04:16:28","slug":"percy-jackson-ve-olimposlular-melez-dosyalari","status":"publish","type":"page","link":"https:\/\/www.kayiprihtim.org\/portal\/kitaplar\/percy-jackson-ve-olimposlular-melez-dosyalari\/","title":{"rendered":"Percy Jackson ve Olimposlular: Melez Dosyalar\u0131"},"content":{"rendered":"<p>Sevgili gen\u00e7 melez,<\/p>\n<p>Melez Kamp\u0131 ba\u015fkatibi Rick Riordan\u2019\u0131n haz\u0131rlad\u0131\u011f\u0131 bu k\u0131lavuz kitap sana rehberlik etmenin yan\u0131 s\u0131ra Percy Jackson\u2019\u0131n daha \u00f6nce yay\u0131nlanmam\u0131\u015f \u00fc\u00e7 yeni maceras\u0131, kamptan en sevdi\u011fin karakterlerle e\u011flenceli s\u00f6yle\u015filer ve daha pek \u00e7ok \u015fey i\u00e7eriyor.<\/p>\n<p>Be\u015f kitapl\u0131k Percy Jackson ve Olimposlular serisinin d\u0131\u015f\u0131nda yer alan bu kitaptaki \u00f6yk\u00fcler, <em>Labirent Sava\u015f\u0131 <\/em>ile <em>Son Olimposlu<\/em> kitaplar\u0131 aras\u0131ndaki zaman diliminde ge\u00e7mektedir. Gen\u00e7 yar\u0131 tanr\u0131lar Kronos\u2019la sava\u015fmadan \u00f6nce neler ya\u015fad\u0131lar, birbirleri hakk\u0131nda neler s\u00f6ylediler, hepsini \u00f6\u011freneceksin.<\/p>\n<p>Percy Jackson\u2019\u0131n d\u00fcnyas\u0131ndaki her \u015feye hakim olmak ve otoriteni konu\u015fturmak istiyorsan bu kitab\u0131 ka\u00e7\u0131rmamal\u0131s\u0131n, <em>Melez Dosyalar\u0131<\/em>, sevilen karakterlerin resimli kimlik bilgileri ve Olimpos tanr\u0131lar\u0131n\u0131n g\u00fc\u00e7 \u00e7izelgesi ile birlikte gen\u00e7 bir yar\u0131 tanr\u0131 i\u00e7in tehlikelerle dolu bu d\u00fcnyada hayatta kalman\u0131n ipu\u00e7lar\u0131n\u0131 veriyor.<\/p>\n","protected":false},"excerpt":{"rendered":"<p>Sevgili gen\u00e7 melez, Melez Kamp\u0131 ba\u015fkatibi Rick Riordan\u2019\u0131n haz\u0131rlad\u0131\u011f\u0131 bu k\u0131lavuz kitap sana rehberlik etmenin yan\u0131 s\u0131ra Percy Jackson\u2019\u0131n daha \u00f6nce yay\u0131nlanmam\u0131\u015f \u00fc\u00e7 yeni maceras\u0131, kamptan en sevdi\u011fin karakterlerle e\u011flenceli s\u00f6yle\u015filer ve daha pek \u00e7ok \u015fey i\u00e7eriyor. Be\u015f kitapl\u0131k Percy Jackson ve Olimposlular serisinin d\u0131\u015f\u0131nda yer alan bu kitaptaki \u00f6yk\u00fcler, Labirent Sava\u015f\u0131 ile Son Olimposlu [&hellip;]<\/p>\n","protected":false},"author":1,"featured_media":0,"parent":57,"menu_order":0,"comment_status":"open","ping_status":"closed","template":"","meta":{"_acf_changed":false,"footnotes":""},"class_list":["post-3771","page","type-page","status-publish"],"acf":[],"_links":{"self":[{"href":"https:\/\/www.kayiprihtim.org\/portal\/wp-json\/wp\/v2\/pages\/3771","targetHints":{"allow":["GET"]}}],"collection":[{"href":"https:\/\/www.kayiprihtim.org\/portal\/wp-json\/wp\/v2\/pages"}],"about":[{"href":"https:\/\/www.kayiprihtim.org\/portal\/wp-json\/wp\/v2\/types\/page"}],"author":[{"embeddable":true,"href":"https:\/\/www.kayiprihtim.org\/portal\/wp-json\/wp\/v2\/users\/1"}],"replies":[{"embeddable":true,"href":"https:\/\/www.kayiprihtim.org\/portal\/wp-json\/wp\/v2\/comments?post=3771"}],"version-history":[{"count":0,"href":"https:\/\/www.kayiprihtim.org\/portal\/wp-json\/wp\/v2\/pages\/3771\/revisions"}],"up":[{"embeddable":true,"href":"https:\/\/www.kayiprihtim.org\/portal\/wp-json\/wp\/v2\/pages\/57"}],"wp:attachment":[{"href":"https:\/\/www.kayiprihtim.org\/portal\/wp-json\/wp\/v2\/media?parent=3771"}],"curies":[{"name":"wp","href":"https:\/\/api.w.org\/{rel}","templated":true}]}}