{"id":3838,"date":"2010-04-06T17:39:47","date_gmt":"2010-04-06T14:39:47","guid":{"rendered":"http:\/\/www.kayiprihtim.org\/portal\/?page_id=3838"},"modified":"2012-01-31T10:43:56","modified_gmt":"2012-01-31T08:43:56","slug":"teslanin-kutusu","status":"publish","type":"page","link":"https:\/\/www.kayiprihtim.org\/portal\/kitaplar\/teslanin-kutusu\/","title":{"rendered":"Tesla&#8217;n\u0131n Kutusu"},"content":{"rendered":"<table style=\"border: thin outset; border-collapse: collapse; height: 30px; width: 470px;\" border=\"0\" cellpadding=\"2\">\n<tbody>\n<tr>\n<td width=\"30%\" bgcolor=\"#330000\"><span style=\"color: #ffffff;\"><span style=\"font-family: Verdana;\"><strong>TESLA&#8217;NIN KUTUSU<\/strong><\/span><\/span><span style=\"font-family: Verdana; color: #ffffff;\"><strong><br \/>\n<\/strong><\/span><\/td>\n<\/tr>\n<\/tbody>\n<\/table>\n<table style=\"border-collapse: collapse; width: 462px; height: 250px;\" border=\"0\" cellspacing=\"0\" cellpadding=\"0\" bordercolor=\"#111111\">\n<tbody>\n<tr>\n<td width=\"58%\" align=\"center\" valign=\"top\">\n<table style=\"border-collapse: collapse; width: 315px; height: 248px;\" border=\"0\" cellspacing=\"2\">\n<tbody>\n<tr>\n<td width=\"100%\" align=\"right\">\n<table style=\"width: 310px; height: 88px;\" border=\"0\" cellspacing=\"0\">\n<tbody>\n<tr bgcolor=\"#D1C4A5\">\n<td width=\"39%\"><strong>Yazar<\/strong><\/td>\n<td width=\"3%\">:<\/td>\n<td width=\"51%\"><span style=\"color: #181512;\">Samantha Hunt<\/span><span style=\"color: #181512;\"><br \/>\n<\/span><\/td>\n<\/tr>\n<tr bgcolor=\"#E4DDCB\">\n<td><strong>\u00c7eviri<\/strong><\/td>\n<td width=\"3%\">:<\/td>\n<td width=\"51%\">Cihat Ta\u015f\u00e7\u0131o\u011flu<\/td>\n<\/tr>\n<tr bgcolor=\"#D1C4A5\">\n<td width=\"39%\"><strong>Edit\u00f6r<\/strong><strong><br \/>\n<\/strong><\/td>\n<td width=\"3%\">:<\/td>\n<td width=\"51%\">Nazl\u0131 Berivan Ak<\/td>\n<\/tr>\n<tr bgcolor=\"#E4DDCB\">\n<td width=\"39%\"><strong>Son Okuma ve Dizgi<\/strong><\/td>\n<td width=\"3%\">:<\/td>\n<td width=\"51%\">\u00d6zlem Aras<\/td>\n<\/tr>\n<\/tbody>\n<\/table>\n<\/td>\n<\/tr>\n<tr>\n<td style=\"border-style: solid ridge ridge; border-width: 1px; padding-left: 4px; padding-right: 4px;\" width=\"100%\" bgcolor=\"#C0B18D\"><strong><span style=\"font-size: 9pt; font-family: Tahoma;\">April Yay\u0131nc\u0131l\u0131k<br \/>\n<\/span><\/strong><\/td>\n<\/tr>\n<tr>\n<td width=\"100%\" align=\"right\">\n<table style=\"width: 310px; height: 88px;\" border=\"0\" cellspacing=\"0\">\n<tbody>\n<tr bgcolor=\"#D1C4A5\">\n<td width=\"39%\"><strong>\u00c7\u0131k\u0131\u015f Tarihi<\/strong><strong><br \/>\n<\/strong><\/td>\n<td width=\"3%\">:<\/td>\n<td width=\"51%\"><span style=\"color: #181512;\">Nisan, 2010<\/span><span style=\"color: #181512;\"><br \/>\n<\/span><\/td>\n<\/tr>\n<tr bgcolor=\"#E4DDCB\">\n<td><strong>Sayfa Say\u0131s\u0131<\/strong><\/td>\n<td width=\"3%\">:<\/td>\n<td width=\"51%\">358<\/td>\n<\/tr>\n<tr bgcolor=\"#D1C4A5\">\n<td width=\"39%\"><strong>Fiyat\u0131<\/strong><\/td>\n<td width=\"3%\">:<\/td>\n<td width=\"51%\">21,50 TL<\/td>\n<\/tr>\n<tr bgcolor=\"#E4DDCB\">\n<td width=\"39%\"><strong>ISBN No<\/strong><\/td>\n<td width=\"3%\">:<\/td>\n<td width=\"51%\">9789756006542<\/td>\n<\/tr>\n<\/tbody>\n<\/table>\n<\/td>\n<\/tr>\n<\/tbody>\n<\/table>\n<\/td>\n<td width=\"39%\" align=\"left\" valign=\"top\">\n<p style=\"text-align: center;\">\n<p><a href=\"https:\/\/www.kayiprihtim.org\/portal\/gorsel\/TeslaKapak.jpg\" target=\"_blank\"><img decoding=\"async\" src=\"https:\/\/www.kayiprihtim.org\/portal\/gorsel\/TeslaKapak.jpg\" border=\"0\" alt=\"\" hspace=\"1\" width=\"140\" height=\"219\" class=\"aligncenter\"><\/a><\/td>\n<\/tr>\n<\/tbody>\n<\/table>\n<table style=\"border-collapse: collapse; width: 47%;\" border=\"0\" cellpadding=\"0\">\n<tbody>\n<tr>\n<td width=\"54%\">\n<table style=\"border-collapse: collapse; height: 147px; width: 470px;\" border=\"0\" cellspacing=\"0\" cellpadding=\"2\">\n<tbody>\n<tr>\n<td style=\"border-style: solid ridge ridge; border-width: 1px; padding-left: 4px; padding-right: 4px;\" width=\"98%\" bgcolor=\"#C0B18D\"><strong><span style=\"font-size: 9pt; font-family: Tahoma;\">Tan\u0131t\u0131m Yaz\u0131s\u0131<br \/>\n<\/span><\/strong><\/td>\n<\/tr>\n<tr>\n<td width=\"99%\" align=\"left\">\n<table style=\"width: 465px;\" border=\"0\">\n<tbody>\n<tr>\n<td style=\"border-style: outset; border-width: 1px;\" width=\"96%\" bgcolor=\"#D1C4A5\">\n<table style=\"border-collapse: collapse; width: 452px; height: 199px;\" border=\"0\" cellspacing=\"0\" cellpadding=\"5\" bgcolor=\"#D1C4A5\" bordercolor=\"#D1C4A5\">\n<tbody>\n<tr>\n<td width=\"96%\" bgcolor=\"#D1C4A5\">Samantha Hunt&#8217;un roman\u0131 Tesla&#8217;n\u0131n Kutusu, t\u00fcm \u00e7abalara ra\u011fmen unutturulamayan bir d\u00e2hiyi anlat\u0131yor. \u00d6l\u00fcm\u00fcne yak\u0131n Tesla \u015f\u00f6yle diyor: &#8220;B\u0131rak\u0131n gelecek ger\u00e7e\u011fi ortaya \u00e7\u0131kars\u0131n ve herkesin de\u011ferini g\u00f6stersin. \u015eimdiki zaman onlara ait; \u00fczerinde \u00e7al\u0131\u015ft\u0131\u011f\u0131m gelecek ise, tamamen benim.&#8221; Gelecek geldi, \u015fimdi Tesla&#8217;y\u0131 en ba\u015ftan tan\u0131man\u0131n zaman\u0131. Samantha Hunt bir yandan olas\u0131l\u0131kla insanl\u0131k tarihinin en b\u00fcy\u00fck dehas\u0131n\u0131n ak\u0131l almaz hayat\u0131n\u0131 aktar\u0131rken bir yandan da yaratt\u0131\u011f\u0131 edebiyat festivaliyle gelece\u011fin en \u00f6nemli yazarlar\u0131ndan biri olaca\u011f\u0131n\u0131n m\u00fcjdesini veriyor.<\/p>\n<p>\u0130\u00e7inde davet var.<br \/>\nHayat var.<br \/>\nAl\u0131\u015f\u0131lmad\u0131k a\u015fklar,<br \/>\n\u00e7\u0131lg\u0131n d\u00fc\u015fler var.<br \/>\nGer\u00e7ekler var.<\/p>\n<hr \/>\n<p><strong>Orijinal Ad\u0131 : <\/strong>The Invention of Everything Else<br \/>\n<strong>Yay\u0131n Y\u00f6netmeni : <\/strong>K. Egemen \u0130pek<br \/>\n<strong>Kapak Tasar\u0131m\u0131 :<\/strong> Mineral Tasar\u0131m<\/td>\n<\/tr>\n<\/tbody>\n<\/table>\n<\/td>\n<\/tr>\n<\/tbody>\n<\/table>\n<\/td>\n<\/tr>\n<\/tbody>\n<\/table>\n<\/td>\n<\/tr>\n<\/tbody>\n<\/table>\n","protected":false},"excerpt":{"rendered":"<p>TESLA&#8217;NIN KUTUSU Yazar : Samantha Hunt \u00c7eviri : Cihat Ta\u015f\u00e7\u0131o\u011flu Edit\u00f6r : Nazl\u0131 Berivan Ak Son Okuma ve Dizgi : \u00d6zlem Aras April Yay\u0131nc\u0131l\u0131k \u00c7\u0131k\u0131\u015f Tarihi : Nisan, 2010 Sayfa Say\u0131s\u0131 : 358 Fiyat\u0131 : 21,50 TL ISBN No : 9789756006542 Tan\u0131t\u0131m Yaz\u0131s\u0131 Samantha Hunt&#8217;un roman\u0131 Tesla&#8217;n\u0131n Kutusu, t\u00fcm \u00e7abalara ra\u011fmen unutturulamayan bir d\u00e2hiyi anlat\u0131yor. [&hellip;]<\/p>\n","protected":false},"author":1,"featured_media":0,"parent":57,"menu_order":0,"comment_status":"open","ping_status":"closed","template":"","meta":{"_acf_changed":false,"footnotes":""},"class_list":["post-3838","page","type-page","status-publish"],"acf":[],"_links":{"self":[{"href":"https:\/\/www.kayiprihtim.org\/portal\/wp-json\/wp\/v2\/pages\/3838","targetHints":{"allow":["GET"]}}],"collection":[{"href":"https:\/\/www.kayiprihtim.org\/portal\/wp-json\/wp\/v2\/pages"}],"about":[{"href":"https:\/\/www.kayiprihtim.org\/portal\/wp-json\/wp\/v2\/types\/page"}],"author":[{"embeddable":true,"href":"https:\/\/www.kayiprihtim.org\/portal\/wp-json\/wp\/v2\/users\/1"}],"replies":[{"embeddable":true,"href":"https:\/\/www.kayiprihtim.org\/portal\/wp-json\/wp\/v2\/comments?post=3838"}],"version-history":[{"count":0,"href":"https:\/\/www.kayiprihtim.org\/portal\/wp-json\/wp\/v2\/pages\/3838\/revisions"}],"up":[{"embeddable":true,"href":"https:\/\/www.kayiprihtim.org\/portal\/wp-json\/wp\/v2\/pages\/57"}],"wp:attachment":[{"href":"https:\/\/www.kayiprihtim.org\/portal\/wp-json\/wp\/v2\/media?parent=3838"}],"curies":[{"name":"wp","href":"https:\/\/api.w.org\/{rel}","templated":true}]}}