{"id":3981,"date":"2010-04-20T14:00:01","date_gmt":"2010-04-20T11:00:01","guid":{"rendered":"http:\/\/www.kayiprihtim.org\/portal\/?page_id=3981"},"modified":"2021-06-06T01:59:47","modified_gmt":"2021-06-05T22:59:47","slug":"ejder-kiz-serisi","status":"publish","type":"page","link":"https:\/\/www.kayiprihtim.org\/portal\/kitaplar\/ejder-kiz-serisi\/","title":{"rendered":"Ejder K\u0131z Serisi"},"content":{"rendered":"<p><em><strong>Licia Troisi<\/strong><\/em>\u2019nin kaleme ald\u0131\u011f\u0131, yetimhanede b\u00fcy\u00fcyen Sofia\u2019n\u0131n hayat\u0131n\u0131n bir mucizeyle de\u011fi\u015fmesi ve bir antropoloji profes\u00f6r\u00fcn\u00fcn kendisini evlat edinmesi sonras\u0131 ya\u015fad\u0131\u011f\u0131 maceralar\u0131 konu alan fantastik seridir.<\/p>\n<h3>Seride Bulunan Kitaplar<\/h3>\n<ol>\n<li>Thuban\u2019\u0131n Miras\u0131<\/li>\n<li>\u0130dhunn\u2019un A\u011fac\u0131<\/li>\n<li>Aldibah\u2019\u0131n Kum Saati<\/li>\n<li>Kuma\u2019n\u0131n \u0130kizleri<\/li>\n<li>Son Sava\u015f<\/li>\n<\/ol>\n","protected":false},"excerpt":{"rendered":"<p>Licia Troisi\u2019nin kaleme ald\u0131\u011f\u0131, yetimhanede b\u00fcy\u00fcyen Sofia\u2019n\u0131n hayat\u0131n\u0131n bir mucizeyle de\u011fi\u015fmesi ve bir antropoloji profes\u00f6r\u00fcn\u00fcn kendisini evlat edinmesi sonras\u0131 ya\u015fad\u0131\u011f\u0131 maceralar\u0131 konu alan fantastik seridir. Seride Bulunan Kitaplar Thuban\u2019\u0131n Miras\u0131 \u0130dhunn\u2019un A\u011fac\u0131 Aldibah\u2019\u0131n Kum Saati Kuma\u2019n\u0131n \u0130kizleri Son Sava\u015f<\/p>\n","protected":false},"author":1,"featured_media":0,"parent":57,"menu_order":0,"comment_status":"open","ping_status":"closed","template":"","meta":{"_acf_changed":false,"footnotes":""},"class_list":["post-3981","page","type-page","status-publish"],"acf":[],"_links":{"self":[{"href":"https:\/\/www.kayiprihtim.org\/portal\/wp-json\/wp\/v2\/pages\/3981","targetHints":{"allow":["GET"]}}],"collection":[{"href":"https:\/\/www.kayiprihtim.org\/portal\/wp-json\/wp\/v2\/pages"}],"about":[{"href":"https:\/\/www.kayiprihtim.org\/portal\/wp-json\/wp\/v2\/types\/page"}],"author":[{"embeddable":true,"href":"https:\/\/www.kayiprihtim.org\/portal\/wp-json\/wp\/v2\/users\/1"}],"replies":[{"embeddable":true,"href":"https:\/\/www.kayiprihtim.org\/portal\/wp-json\/wp\/v2\/comments?post=3981"}],"version-history":[{"count":1,"href":"https:\/\/www.kayiprihtim.org\/portal\/wp-json\/wp\/v2\/pages\/3981\/revisions"}],"predecessor-version":[{"id":59367,"href":"https:\/\/www.kayiprihtim.org\/portal\/wp-json\/wp\/v2\/pages\/3981\/revisions\/59367"}],"up":[{"embeddable":true,"href":"https:\/\/www.kayiprihtim.org\/portal\/wp-json\/wp\/v2\/pages\/57"}],"wp:attachment":[{"href":"https:\/\/www.kayiprihtim.org\/portal\/wp-json\/wp\/v2\/media?parent=3981"}],"curies":[{"name":"wp","href":"https:\/\/api.w.org\/{rel}","templated":true}]}}