{"id":40409,"date":"2015-04-27T16:44:46","date_gmt":"2015-04-27T13:44:46","guid":{"rendered":"http:\/\/www.kayiprihtim.org\/portal\/?page_id=40409"},"modified":"2016-03-30T13:32:25","modified_gmt":"2016-03-30T10:32:25","slug":"the-witcher-cizgi-roman-kapak-secim-anketi","status":"publish","type":"page","link":"https:\/\/www.kayiprihtim.org\/portal\/the-witcher-cizgi-roman-kapak-secim-anketi\/","title":{"rendered":"The Witcher &#8211; \u00c7izgi Roman | Kapak Se\u00e7im Anketi"},"content":{"rendered":"<table style=\"width: 950px;\">\n<tbody>\n<tr>\n<td>\n<p style=\"text-align: center;\"><span style=\"font-size: 24pt; font-family: georgia,palatino,serif; color: #993300;\"><strong>1<\/strong><\/span><\/p>\n<\/td>\n<td>\n<p style=\"text-align: center;\"><span style=\"font-size: 24pt; font-family: georgia,palatino,serif; color: #993300;\"><strong>2<\/strong><\/span><\/p>\n<\/td>\n<td>\n<p style=\"text-align: center;\"><span style=\"font-size: 24pt; font-family: georgia,palatino,serif; color: #993300;\"><strong>3<\/strong><\/span><\/p>\n<\/td>\n<td>\n<p style=\"text-align: center;\"><span style=\"font-size: 24pt; font-family: georgia,palatino,serif; color: #993300;\"><strong>4<\/strong><\/span><\/p>\n<\/td>\n<\/tr>\n<tr>\n<td><a href=\"https:\/\/www.kayiprihtim.org\/portal\/gorsel\/2015\/04\/Witcher-1.jpg\"><img fetchpriority=\"high\" decoding=\"async\" class=\"alignnone size-medium wp-image-40413 aligncenter\" src=\"https:\/\/www.kayiprihtim.org\/portal\/gorsel\/2015\/04\/Witcher-1-213x300.jpg\" alt=\"Witcher (1)\" width=\"213\" height=\"300\" \/><\/a><\/td>\n<td><a href=\"https:\/\/www.kayiprihtim.org\/portal\/gorsel\/2015\/04\/Witcher-2.jpg\"><img decoding=\"async\" class=\"alignnone size-medium wp-image-40412\" src=\"https:\/\/www.kayiprihtim.org\/portal\/gorsel\/2015\/04\/Witcher-2-213x300.jpg\" alt=\"Witcher (2)\" width=\"213\" height=\"300\" \/><\/a><\/td>\n<td><a href=\"https:\/\/www.kayiprihtim.org\/portal\/gorsel\/2015\/04\/Witcher-3.jpg\"><img decoding=\"async\" class=\"alignnone size-medium wp-image-40411\" src=\"https:\/\/www.kayiprihtim.org\/portal\/gorsel\/2015\/04\/Witcher-3-213x300.jpg\" alt=\"Witcher (3)\" width=\"213\" height=\"300\" \/><\/a><\/td>\n<td><a href=\"https:\/\/www.kayiprihtim.org\/portal\/gorsel\/2015\/04\/Witcher-4.jpg\"><img loading=\"lazy\" decoding=\"async\" class=\"alignnone size-medium wp-image-40410\" src=\"https:\/\/www.kayiprihtim.org\/portal\/gorsel\/2015\/04\/Witcher-4-213x300.jpg\" alt=\"Witcher (4)\" width=\"213\" height=\"300\" \/><\/a><\/td>\n<\/tr>\n<\/tbody>\n<\/table>\n<p style=\"text-align: center;\"><span style=\"color: #800000;\"><strong><span style=\"font-size: 12pt;\">Kapaklar\u0131n y\u00fcksek \u00e7\u00f6z\u00fcn\u00fcrl\u00fckl\u00fc hallerine, \u00fczerlerine t\u0131klayarak ula\u015fabilirsiniz.<\/span><\/strong><\/span><\/p>\n<p style=\"text-align: center;\"><span style=\"color: #800000;\"><strong><span style=\"font-size: 12pt;\">Kapaklar\u0131n \u00fczerinde bulunan say\u0131ya g\u00f6re a\u015fa\u011f\u0131daki ankete kat\u0131larak oy verebilirsiniz.<\/span><\/strong><\/span><\/p>\n<p style=\"text-align: center;\">* * *<br \/>\n<span style=\"font-size: 14pt; font-family: georgia,palatino,serif; color: #800000;\"><strong>Oylamam\u0131z sonlanm\u0131\u015ft\u0131r. Kat\u0131l\u0131m\u0131n\u0131z i\u00e7in te\u015fekk\u00fcrler!<br \/>\n<\/strong><\/span><\/p>\n","protected":false},"excerpt":{"rendered":"<p>1 2 3 4 Kapaklar\u0131n y\u00fcksek \u00e7\u00f6z\u00fcn\u00fcrl\u00fckl\u00fc hallerine, \u00fczerlerine t\u0131klayarak ula\u015fabilirsiniz. Kapaklar\u0131n \u00fczerinde bulunan say\u0131ya g\u00f6re a\u015fa\u011f\u0131daki ankete kat\u0131larak oy verebilirsiniz. * * * Oylamam\u0131z sonlanm\u0131\u015ft\u0131r. Kat\u0131l\u0131m\u0131n\u0131z i\u00e7in te\u015fekk\u00fcrler!<\/p>\n","protected":false},"author":1,"featured_media":40413,"parent":0,"menu_order":0,"comment_status":"open","ping_status":"closed","template":"fullwidth.php","meta":{"_acf_changed":false,"footnotes":""},"class_list":["post-40409","page","type-page","status-publish","has-post-thumbnail"],"acf":[],"_links":{"self":[{"href":"https:\/\/www.kayiprihtim.org\/portal\/wp-json\/wp\/v2\/pages\/40409","targetHints":{"allow":["GET"]}}],"collection":[{"href":"https:\/\/www.kayiprihtim.org\/portal\/wp-json\/wp\/v2\/pages"}],"about":[{"href":"https:\/\/www.kayiprihtim.org\/portal\/wp-json\/wp\/v2\/types\/page"}],"author":[{"embeddable":true,"href":"https:\/\/www.kayiprihtim.org\/portal\/wp-json\/wp\/v2\/users\/1"}],"replies":[{"embeddable":true,"href":"https:\/\/www.kayiprihtim.org\/portal\/wp-json\/wp\/v2\/comments?post=40409"}],"version-history":[{"count":0,"href":"https:\/\/www.kayiprihtim.org\/portal\/wp-json\/wp\/v2\/pages\/40409\/revisions"}],"wp:featuredmedia":[{"embeddable":true,"href":"https:\/\/www.kayiprihtim.org\/portal\/wp-json\/wp\/v2\/media\/40413"}],"wp:attachment":[{"href":"https:\/\/www.kayiprihtim.org\/portal\/wp-json\/wp\/v2\/media?parent=40409"}],"curies":[{"name":"wp","href":"https:\/\/api.w.org\/{rel}","templated":true}]}}