{"id":4041,"date":"2010-04-29T19:14:51","date_gmt":"2010-04-29T16:14:51","guid":{"rendered":"http:\/\/www.kayiprihtim.org\/portal\/?page_id=4041"},"modified":"2012-01-31T10:44:37","modified_gmt":"2012-01-31T08:44:37","slug":"sir-kitap","status":"publish","type":"page","link":"https:\/\/www.kayiprihtim.org\/portal\/kitaplar\/sir-kitap\/","title":{"rendered":"S\u0131r"},"content":{"rendered":"<table style=\"border: thin outset; border-collapse: collapse; height: 30px; width: 470px;\" border=\"0\" cellpadding=\"2\">\n<tbody>\n<tr>\n<td width=\"30%\" bgcolor=\"#330000\"><span style=\"font-family: Verdana; color: #ffffff;\"><strong>SIR<br \/>\n<\/strong><\/span><\/td>\n<\/tr>\n<\/tbody>\n<\/table>\n<table style=\"border-collapse: collapse; width: 462px; height: 250px;\" border=\"0\" cellspacing=\"0\" cellpadding=\"0\" bordercolor=\"#111111\">\n<tbody>\n<tr>\n<td width=\"58%\" align=\"center\" valign=\"top\">\n<table style=\"border-collapse: collapse; width: 315px; height: 248px;\" border=\"0\" cellspacing=\"2\">\n<tbody>\n<tr>\n<td width=\"100%\" align=\"right\">\n<table style=\"width: 310px; height: 88px;\" border=\"0\" cellspacing=\"0\">\n<tbody>\n<tr bgcolor=\"#D1C4A5\">\n<td width=\"39%\"><strong>Yazar<\/strong><\/td>\n<td width=\"3%\">:<\/td>\n<td width=\"51%\">Raven Hart<span style=\"color: #181512;\"> <\/span><\/td>\n<\/tr>\n<tr bgcolor=\"#E4DDCB\">\n<td><strong>\u00c7eviri<\/strong><\/td>\n<td width=\"3%\">:<\/td>\n<td width=\"51%\"><span style=\"color: #181512;\">Bur\u00e7in Taylan<\/span><span style=\"color: #181512;\"><br \/>\n<\/span><\/td>\n<\/tr>\n<tr bgcolor=\"#D1C4A5\">\n<td width=\"39%\"><strong>Hamur T\u00fcr\u00fc<\/strong><strong><br \/>\n<\/strong><\/td>\n<td width=\"3%\">:<\/td>\n<td width=\"51%\">3. Hamur<\/td>\n<\/tr>\n<tr bgcolor=\"#E4DDCB\">\n<td width=\"39%\"><strong>Ebat<\/strong><\/td>\n<td width=\"3%\">:<\/td>\n<td width=\"51%\">14 x 21 cm<\/td>\n<\/tr>\n<\/tbody>\n<\/table>\n<\/td>\n<\/tr>\n<tr>\n<td style=\"border-style: solid ridge ridge; border-width: 1px; padding-left: 4px; padding-right: 4px;\" width=\"100%\" bgcolor=\"#C0B18D\"><strong><span style=\"font-size: 9pt; font-family: Tahoma;\">Sonsuz Kitap Yay\u0131nlar\u0131<br \/>\n<\/span><\/strong><\/td>\n<\/tr>\n<tr>\n<td width=\"100%\" align=\"right\">\n<table style=\"width: 310px; height: 88px;\" border=\"0\" cellspacing=\"0\">\n<tbody>\n<tr bgcolor=\"#D1C4A5\">\n<td width=\"39%\"><strong>\u00c7\u0131k\u0131\u015f Tarihi<\/strong><strong><br \/>\n<\/strong><\/td>\n<td width=\"3%\">:<\/td>\n<td width=\"51%\"><span style=\"color: #181512;\">Nisan, 2010<\/span><span style=\"color: #181512;\"><br \/>\n<\/span><\/td>\n<\/tr>\n<tr bgcolor=\"#E4DDCB\">\n<td><strong>Sayfa Say\u0131s\u0131<\/strong><\/td>\n<td width=\"3%\">:<\/td>\n<td width=\"51%\">384<\/td>\n<\/tr>\n<tr bgcolor=\"#D1C4A5\">\n<td width=\"39%\"><strong>Fiyat\u0131<\/strong><\/td>\n<td width=\"3%\">:<\/td>\n<td width=\"51%\">17,00 TL<\/td>\n<\/tr>\n<tr bgcolor=\"#E4DDCB\">\n<td width=\"39%\"><strong>ISBN No<\/strong><\/td>\n<td width=\"3%\">:<\/td>\n<td width=\"51%\">9786053842002<\/td>\n<\/tr>\n<\/tbody>\n<\/table>\n<\/td>\n<\/tr>\n<\/tbody>\n<\/table>\n<\/td>\n<td width=\"39%\" align=\"left\" valign=\"top\">\n<p style=\"text-align: center;\">\n<p><a href=\"https:\/\/www.kayiprihtim.org\/portal\/gorsel\/sir-kitap.jpg\" target=\"_blank\"><img decoding=\"async\" src=\"https:\/\/www.kayiprihtim.org\/portal\/gorsel\/sir-kitap.jpg\" border=\"0\" alt=\"\" hspace=\"1\" width=\"140\" height=\"219\" class=\"aligncenter\"><\/a><\/td>\n<\/tr>\n<\/tbody>\n<\/table>\n<table style=\"border-collapse: collapse; width: 47%;\" border=\"0\" cellpadding=\"0\">\n<tbody>\n<tr>\n<td width=\"54%\">\n<table style=\"border-collapse: collapse; height: 147px; width: 470px;\" border=\"0\" cellspacing=\"0\" cellpadding=\"2\">\n<tbody>\n<tr>\n<td style=\"border-style: solid ridge ridge; border-width: 1px; padding-left: 4px; padding-right: 4px;\" width=\"98%\" bgcolor=\"#C0B18D\"><strong><span style=\"font-size: 9pt; font-family: Tahoma;\">Tan\u0131t\u0131m Yaz\u0131s\u0131<br \/>\n<\/span><\/strong><\/td>\n<\/tr>\n<tr>\n<td width=\"99%\" align=\"left\">\n<table style=\"width: 465px;\" border=\"0\">\n<tbody>\n<tr>\n<td style=\"border-style: outset; border-width: 1px;\" width=\"96%\" bgcolor=\"#D1C4A5\">\n<table style=\"border-collapse: collapse; width: 452px; height: 199px;\" border=\"0\" cellspacing=\"0\" cellpadding=\"5\" bgcolor=\"#D1C4A5\" bordercolor=\"#D1C4A5\">\n<tbody>\n<tr>\n<td width=\"96%\" bgcolor=\"#D1C4A5\">Eski D\u00fcnya&#8217;dan gelen ve William&#8217;\u0131 yok etmeye \u00e7al\u0131\u015fan ac\u0131mas\u0131z vampir Reedrek&#8217;in yenilmi\u015f olmas\u0131na ra\u011fmen h\u00e2l\u00e2 takip\u00e7ileri vard\u0131r; ve istedikleri \u015fey her t\u00fcr imk\u00e2n\u0131n kullan\u0131laca\u011f\u0131 bir sava\u015ft\u0131r&#8230;<\/p>\n<p>Kan emicilerden olu\u015fan bu k\u00f6t\u00fcc\u00fcl gruba kar\u015f\u0131 koyabilmek i\u00e7in, William bir vampir imparatorlu\u011fu kurar ve yak\u0131n maiyetine yak\u0131\u015f\u0131kl\u0131 Jack; William&#8217;\u0131n yeni d\u00f6n\u00fc\u015ft\u00fcrd\u00fc\u011f\u00fc sonsuzluk e\u015fi, \u015fehvetli Eleanor; ve Werm ad\u0131nda yeni d\u00f6n\u00fc\u015ft\u00fcr\u00fclm\u00fc\u015f bir vampir heveslisi de d\u00e2hildir. Ama William ve ekibi son g\u00f6steriye haz\u0131rlan\u0131rken tek zafer umudu, vampirlerin kaderini k\u00fc\u00e7\u00fck ve s\u0131cak ellerinde tutan, s\u0131ra d\u0131\u015f\u0131 g\u00fc\u00e7lere sahip bir vampir kad\u0131n olabilir.<\/p>\n<p>&#8220;Heyecanl\u0131&#8230; ve erotik&#8230; Y\u0131rt\u0131c\u0131 topraklara do\u011fru bu ser\u00fcvenin kendine has bir atmosferi var ve son derece e\u011flenceli.&#8221;<br \/>\n<strong>-Publishers Weekly-<\/strong><\/p>\n<p>&#8220;Ger\u00e7ek bir tehdit.. M\u00fckemmel bir hik\u00e2ye!&#8221;<br \/>\n<strong>-Fresh Fiction-<\/strong><\/p>\n<p>&#8220;Egzotik ve heyecan verici bir gerilim.&#8221;<br \/>\n<strong>-Futures Mystery Antoloji Dergisi-<\/strong><\/p>\n<p>&#8220;Okurken sayfalardan y\u00fckselen s\u0131cakl\u0131\u011f\u0131 neredeyse hissedebiliyorsunuz&#8230; D\u00fc\u015f\u00fcnd\u00fcr\u00fcc\u00fc bir kitap.&#8221;<br \/>\n<strong>-Curled Up-<\/strong><\/p>\n<p>\u0130lk kitap &#8220;Cazibe&#8221; ile doruk noktas\u0131na ula\u015fan macera &#8220;S\u0131r&#8221; ile dozu artan heyecan, \u015fehvet ve e\u011flenceyle doludizgin devam ediyor&#8230;<\/td>\n<\/tr>\n<\/tbody>\n<\/table>\n<\/td>\n<\/tr>\n<\/tbody>\n<\/table>\n<\/td>\n<\/tr>\n<\/tbody>\n<\/table>\n<\/td>\n<\/tr>\n<\/tbody>\n<\/table>\n","protected":false},"excerpt":{"rendered":"<p>SIR Yazar : Raven Hart \u00c7eviri : Bur\u00e7in Taylan Hamur T\u00fcr\u00fc : 3. Hamur Ebat : 14 x 21 cm Sonsuz Kitap Yay\u0131nlar\u0131 \u00c7\u0131k\u0131\u015f Tarihi : Nisan, 2010 Sayfa Say\u0131s\u0131 : 384 Fiyat\u0131 : 17,00 TL ISBN No : 9786053842002 Tan\u0131t\u0131m Yaz\u0131s\u0131 Eski D\u00fcnya&#8217;dan gelen ve William&#8217;\u0131 yok etmeye \u00e7al\u0131\u015fan ac\u0131mas\u0131z vampir Reedrek&#8217;in yenilmi\u015f olmas\u0131na [&hellip;]<\/p>\n","protected":false},"author":1,"featured_media":0,"parent":57,"menu_order":0,"comment_status":"open","ping_status":"closed","template":"","meta":{"_acf_changed":false,"footnotes":""},"class_list":["post-4041","page","type-page","status-publish"],"acf":[],"_links":{"self":[{"href":"https:\/\/www.kayiprihtim.org\/portal\/wp-json\/wp\/v2\/pages\/4041","targetHints":{"allow":["GET"]}}],"collection":[{"href":"https:\/\/www.kayiprihtim.org\/portal\/wp-json\/wp\/v2\/pages"}],"about":[{"href":"https:\/\/www.kayiprihtim.org\/portal\/wp-json\/wp\/v2\/types\/page"}],"author":[{"embeddable":true,"href":"https:\/\/www.kayiprihtim.org\/portal\/wp-json\/wp\/v2\/users\/1"}],"replies":[{"embeddable":true,"href":"https:\/\/www.kayiprihtim.org\/portal\/wp-json\/wp\/v2\/comments?post=4041"}],"version-history":[{"count":0,"href":"https:\/\/www.kayiprihtim.org\/portal\/wp-json\/wp\/v2\/pages\/4041\/revisions"}],"up":[{"embeddable":true,"href":"https:\/\/www.kayiprihtim.org\/portal\/wp-json\/wp\/v2\/pages\/57"}],"wp:attachment":[{"href":"https:\/\/www.kayiprihtim.org\/portal\/wp-json\/wp\/v2\/media?parent=4041"}],"curies":[{"name":"wp","href":"https:\/\/api.w.org\/{rel}","templated":true}]}}