{"id":40746,"date":"2015-05-02T14:00:57","date_gmt":"2015-05-02T11:00:57","guid":{"rendered":"http:\/\/www.kayiprihtim.org\/portal\/?page_id=40746"},"modified":"2015-05-02T14:20:21","modified_gmt":"2015-05-02T11:20:21","slug":"yuzuncu-haber-komiser-tahsin-on-okuma","status":"publish","type":"page","link":"https:\/\/www.kayiprihtim.org\/portal\/on-okumalar\/yuzuncu-haber-komiser-tahsin-on-okuma\/","title":{"rendered":"Y\u00fcz\u00fcnc\u00fc Haber: Komiser Tahsin | \u00d6n Okuma"},"content":{"rendered":"<p style=\"text-align: center;\"><img fetchpriority=\"high\" decoding=\"async\" class=\"aligncenter size-full wp-image-40752\" src=\"https:\/\/www.kayiprihtim.org\/portal\/gorsel\/2015\/05\/yuzuncu-haber-ust.jpg\" alt=\"yuzuncu haber ust\" width=\"500\" height=\"284\" srcset=\"https:\/\/www.kayiprihtim.org\/portal\/gorsel\/2015\/05\/yuzuncu-haber-ust.jpg 500w, https:\/\/www.kayiprihtim.org\/portal\/gorsel\/2015\/05\/yuzuncu-haber-ust-300x170.jpg 300w\" sizes=\"(max-width: 500px) 100vw, 500px\" \/><\/p>\n<p style=\"text-align: center;\"><a title=\"Ka\u00e7ak\" href=\"https:\/\/www.kayiprihtim.org\/portal\/kitap\/yuzuncu-haber\/\"><span style=\"font-family: georgia,palatino;\"><strong><span style=\"font-size: 18pt;\">Y\u00dcZ\u00dcNC\u00dc HABER<\/span><\/strong><\/span><\/a><br \/>\n<a title=\"Komiser Tahsin\" href=\"https:\/\/www.kayiprihtim.org\/portal\/seri\/komiser-tahsin\/\"><span style=\"color: #993300;\"><strong><span style=\"font-size: 14pt;\">KOM\u0130SER TAHS\u0130N<\/span><\/strong><\/span><\/a><br \/>\n<a title=\"Alper Kaya\" href=\"https:\/\/www.kayiprihtim.org\/portal\/yazar\/alper-kaya\/\"><span style=\"font-size: 12pt; color: #000080;\"> ALPER KAYA<\/span><\/a><\/p>\n<p style=\"text-align: center;\"><strong>-\u00d6N OKUMA-<\/strong><\/p>\n<p style=\"text-indent: 0.4cm; text-align: justify;\"><span style=\"font-size: 12pt; font-family: Segoe UI,helvetica,sans-serif;\">R\u00fczgar, \u00fcst ge\u00e7ide pek de adil davranm\u0131yordu.<\/span><\/p>\n<p style=\"text-indent: 0.4cm; text-align: justify;\"><span style=\"font-size: 12pt; font-family: Segoe UI,helvetica,sans-serif;\">Kald\u0131r\u0131mda veya en k\u00f6t\u00fc ihtimalle merdivenlerde sadece insan\u0131 ok\u015fay\u0131p ge\u00e7mekle yetinen r\u00fczgar; \u00fcst ge\u00e7itte olanca \u015fiddetiyle boy g\u00f6steriyor ve yerdeki kitaplar\u0131n sayfalar\u0131n\u0131 h\u0131\u015f\u0131rdat\u0131yordu. U\u00e7urmaya g\u00fcc\u00fc yetmiyordu zira pek \u00e7o\u011fu \u00fcst\u00fcnden ge\u00e7irilmi\u015f bir iple, yere serilmi\u015f olan brandaya sabitlenmi\u015fti. Di\u011ferleri ise bir zamanlar m\u00fc\u015fterilerin incelemek i\u00e7in ellerine ald\u0131klar\u0131 fakat nedendir bilinmez geri b\u0131rakt\u0131klar\u0131 kitaplard\u0131. Kapaklar\u0131 a\u00e7\u0131l\u0131yor, sayfalar birer iki\u015fer u\u00e7u\u015fuyordu ancak kitaplar\u0131 u\u00e7uracak kadar g\u00fc\u00e7l\u00fc de\u011fildi r\u00fczgar.<\/span><\/p>\n<p style=\"text-indent: 0.4cm; text-align: justify;\"><span style=\"font-size: 12pt; font-family: Segoe UI,helvetica,sans-serif;\">Daha bir mahzun yatan, yer yer de u\u00e7u\u015fan kitaplara; iki cans\u0131z beden e\u015flik ediyordu: Suyun iki yana ay\u0131rd\u0131\u011f\u0131 kavu\u015famayan a\u015f\u0131klar gibi birisi kitaplar\u0131n \u00f6n\u00fcnde, di\u011feri arkas\u0131ndayd\u0131. Birisi satacakt\u0131 kitaplar\u0131, birisi ise alacakt\u0131. Al\u0131c\u0131 de\u011fil, bak\u0131c\u0131 m\u0131yd\u0131? Kim bilir! \u00d6ld\u00fckten sonra hi\u00e7bir \u015feyin \u00f6nemi kalm\u0131yordu ki\u2026<\/span><\/p>\n<p style=\"text-indent: 0.4cm; text-align: justify;\"><span style=\"font-size: 12pt; font-family: Segoe UI,helvetica,sans-serif;\">Cebinde paran var m\u0131yd\u0131, yok muydu; soka\u011fa ni\u00e7in \u00e7\u0131km\u0131\u015ft\u0131n, evde bekleyenin var m\u0131yd\u0131\u2026 Bunun gibi bir ton soru, ya\u015fayanlar i\u00e7in \u00f6nemliydi sadece. \u00d6l\u00fcnce, sadece sen \u00f6nemli oluyordun: Neden \u00f6ld\u00fcn?<\/span><\/p>\n<p style=\"text-indent: 0.4cm; text-align: justify;\"><span style=\"font-size: 12pt; font-family: Segoe UI,helvetica,sans-serif;\">O da bir yere kadar.<\/span><\/p>\n<p style=\"text-indent: 0.4cm; text-align: justify;\"><span style=\"font-size: 12pt; font-family: Segoe UI,helvetica,sans-serif;\">R\u00fczgar\u0131n k\u0131p\u0131rdatmaya g\u00fcc\u00fcn\u00fcn yetmedi\u011fi bir beden olmak, zordu. \u0130ki beden? Daha zordu. Bir de \u00e7\u00f6z\u00fclmesi gereken bir cinayet varsa; en zoru da oydu!<\/span><\/p>\n<p style=\"text-indent: 0.4cm; text-align: justify;\"><span style=\"font-size: 12pt; font-family: Segoe UI,helvetica,sans-serif;\">\u201c\u0130ki\u2026\u201d diye d\u00fczeltti i\u00e7inden Komiser Tahsin. Kendi d\u00fc\u015f\u00fcncelerinin aras\u0131nda buldu\u011fu felsefi yakla\u015f\u0131mlardaki hatalar\u0131 bazen d\u00fczeltirdi. Bazen de d\u00fczeltmeyip, kendi hallerine b\u0131rak\u0131rd\u0131. Hatta bazen yanl\u0131\u015fl\u0131klar\u0131 bulamazd\u0131 bile\u2026<\/span><\/p>\n<p style=\"text-indent: 0.4cm; text-align: justify;\"><span style=\"font-size: 12pt; font-family: Segoe UI,helvetica,sans-serif;\">Yerde yatan cesetlere bakarken pard\u00f6s\u00fcs\u00fcn\u00fcn i\u00e7 cebindeki sigara tablas\u0131n\u0131 \u00e7\u0131kard\u0131. G\u00fcnde dokuz sigara limiti koymu\u015ftu kendisine. Her gece uyumadan, tablaya dokuz tane sigara dizerdi \u00f6zenle. Yorgunluktan zaman zaman bitap d\u00fc\u015fen elleriyle, dokuz tane cesedi torbaya yerle\u015ftiriyor gibi hissederdi s\u0131k\u00e7a.<\/span><\/p>\n<p style=\"text-indent: 0.4cm; text-align: justify;\"><span style=\"font-size: 12pt; font-family: Segoe UI,helvetica,sans-serif;\">Katillik ve polislik aras\u0131nda ince bir \u00e7izgi oldu\u011funu d\u00fc\u015f\u00fcnm\u00fc\u015ft\u00fc her zaman. Onu polis yapan \u015fey, ba\u015fkas\u0131n\u0131 katil yapard\u0131. Ba\u015fkas\u0131n\u0131 katil yapan \u015fey de, onu polis. E\u011fer m\u00fccadele edebiliyorsan, katil olurdun. Edemiyorsan polis.<\/span><\/p>\n<p style=\"text-indent: 0.4cm; text-align: justify;\"><span style=\"font-size: 12pt; font-family: Segoe UI,helvetica,sans-serif;\">\u201cO\u201d da, \u00f6ld\u00fcrme g\u00fcd\u00fcs\u00fcyd\u00fc. \u00d6l\u00fcm\u00fcn kokusuydu.<\/span><\/p>\n<p style=\"text-indent: 0.4cm; text-align: justify;\"><span style=\"font-size: 12pt; font-family: Segoe UI,helvetica,sans-serif;\">R\u00fczgar\u0131n burnuna kadar getirdi\u011fi kan kokusuna e\u015flik eden \u00f6l\u00fcm\u00fc iliklerine kadar duyumsuyordu komiser. D\u00f6rt tane sigaras\u0131n\u0131n kald\u0131\u011f\u0131n\u0131 \u00fcz\u00fclerek fark etti ve i\u00e7lerinden birisini \u00e7ekip dudaklar\u0131n\u0131n aras\u0131na yerle\u015ftirdi. \u00c7akma\u011f\u0131 da, tablay\u0131 \u00e7\u0131kartt\u0131\u011f\u0131 yere geri koyarken i\u00e7 cebinden al\u0131p tek hamlede sigaras\u0131n\u0131 yakt\u0131.<\/span><\/p>\n<p style=\"text-indent: 0.4cm; text-align: justify;\"><span style=\"font-size: 12pt; font-family: Segoe UI,helvetica,sans-serif;\">Ka\u015f\u0131n\u0131 kald\u0131r\u0131p, sigaras\u0131ndan bir nefes \u00e7ekerken, yerde yatanlara tekrar bakt\u0131. Olay Yeri Ekibi hummal\u0131 bir \u00e7al\u0131\u015fma yap\u0131yordu. Yerde iki adam vard\u0131.<\/span><\/p>\n<p style=\"text-indent: 0.4cm; text-align: justify;\"><span style=\"font-size: 12pt; font-family: Segoe UI,helvetica,sans-serif;\">Hedef tekti, iki tane kurban olmu\u015ftu.<\/span><\/p>\n<p style=\"text-indent: 0.4cm; text-align: justify;\"><span style=\"font-size: 12pt; font-family: Segoe UI,helvetica,sans-serif;\">\u201cVe say\u0131s\u0131z mermi kovan\u0131\u2026\u201d diye d\u00fczeltti tekrar i\u00e7inden Komiser Tahsin. Sigaras\u0131n\u0131 i\u00e7ine \u00e7ekerken \u00fcst ge\u00e7itte, bilhassa kitap\u00e7\u0131n\u0131n derme \u00e7atma tezgah\u0131n\u0131n oldu\u011fu yerde, yo\u011funla\u015fan bo\u015f mermi kovanlar\u0131n\u0131 s\u00fczd\u00fc.<\/span><\/p>\n<p style=\"text-indent: 0.4cm; text-align: justify;\"><span style=\"font-size: 12pt; font-family: Segoe UI,helvetica,sans-serif;\">Kendisinin de bulundu\u011fu, metro istasyonunu \u00fcst ge\u00e7ide ba\u011flayan k\u0131s\u0131mdan ate\u015f edildi\u011fi \u00e7ok netti. \u0130stemsizce geri d\u00f6nd\u00fc ve turnikelerin oldu\u011fu b\u00f6l\u00fcme bakt\u0131. G\u00f6z\u00fcn\u00fcn \u00f6n\u00fcnde beliren hal\u00fcsinasyondan bozma flu karakter turnikelerden atlad\u0131, ko\u015far ad\u0131m kendisinin oldu\u011fu yere geldi, arkas\u0131ndan \u00e7ekti\u011fi tabancaya mermileri s\u00fcr\u00fcp dur durak dinlemeden ate\u015f etti. Belki alt\u0131, belki yedi el. Sonras\u0131nda birbirine kar\u0131\u015fan ve \u00e7\u0131\u011fl\u0131k \u00e7\u0131\u011fl\u0131\u011fa ko\u015fturan kalabal\u0131\u011f\u0131n tam tersi y\u00f6ne, yani komiserin kar\u015f\u0131s\u0131nda duran ve kald\u0131r\u0131ma inen merdivenlere do\u011fru, ko\u015fturmaya ba\u015flad\u0131.<\/span><\/p>\n<p style=\"text-indent: 0.4cm; text-align: justify;\"><span style=\"font-size: 12pt; font-family: Segoe UI,helvetica,sans-serif;\">D\u00fc\u015f\u00fcncelerine sessizce e\u015flik ederek merdivenlerin ba\u015f\u0131na y\u00fcr\u00fcyen komiser, a\u015fa\u011f\u0131da parlayan otob\u00fcs dura\u011f\u0131n\u0131n yan\u0131nda beliren siyah caml\u0131 bir araba g\u00f6r\u00fcr gibi oldu. Tabancas\u0131n\u0131 beline geri sokan katil, kendisini bekleyen arabaya binip uzakla\u015f\u0131p gitti.<\/span><\/p>\n<p style=\"text-indent: 0.4cm; text-align: justify;\"><span style=\"font-size: 12pt; font-family: Segoe UI,helvetica,sans-serif;\">O an sars\u0131larak, bulundu\u011fu zaman dilimine d\u00f6nd\u00fc komiser. Dudaklar\u0131n\u0131n aras\u0131ndaki sigara bitmi\u015f, filtresi alev topuna d\u00f6nm\u00fc\u015ft\u00fc. Duda\u011f\u0131n\u0131n i\u00e7indeki tatl\u0131 yan\u0131k hissi, onu ay\u0131ltm\u0131\u015f olmal\u0131yd\u0131.<\/span><\/p>\n<p style=\"text-indent: 0.4cm; text-align: justify;\"><span style=\"font-size: 12pt; font-family: Segoe UI,helvetica,sans-serif;\">\u00dclkenin en \u00e7ok okunan ve tart\u0131\u015f\u0131lan gazetecilerinden birisi, \u0130stanbul\u2019un en i\u015flek \u00fcst ge\u00e7itlerinden birisinde \u00f6ld\u00fcr\u00fclm\u00fc\u015ft\u00fc. Atalay Demirsoy\u2019un \u00f6l\u00fcm\u00fc, \u00fclkenin fail-i me\u00e7hul davalar\u0131ndan birisi daha olabilirdi. Olmamas\u0131 i\u00e7in elinden geleni yapacak birisi varsa o da \u00fcstge\u00e7idin parmakl\u0131klar\u0131na s\u0131rt\u0131n\u0131 dayam\u0131\u015f bir \u015fekilde, yerdeki iki cesedi inceleyen komiserden ba\u015fkas\u0131 de\u011fildi.<\/span><\/p>\n<p style=\"text-indent: 0.4cm; text-align: justify;\"><span style=\"font-size: 12pt; font-family: Segoe UI,helvetica,sans-serif;\">O esnada komiserin bulundu\u011fu k\u0131sm\u0131n kar\u015f\u0131 taraf\u0131nda kalan merdivenlerden birisi h\u0131zl\u0131 ad\u0131mlarla \u00e7\u0131km\u0131\u015f, \u00fcst ge\u00e7itte boydan boya ilerleyerek komiserin yan\u0131na gelmi\u015fti. So\u011fuktan dolay\u0131 etkilenerek deri ceketinin yakalar\u0131n\u0131 hafif\u00e7e kald\u0131rm\u0131\u015ft\u0131 komiserin yan\u0131nda durdu\u011funda.<\/span><\/p>\n<p style=\"text-indent: 0.4cm; text-align: justify;\"><span style=\"font-size: 12pt; font-family: Segoe UI,helvetica,sans-serif;\">&#8211; E, amirim; nedir olay\u0131m\u0131z?<\/span><\/p>\n<p style=\"text-indent: 0.4cm; text-align: justify;\"><span style=\"font-size: 12pt; font-family: Segoe UI,helvetica,sans-serif;\">Komiserin y\u0131llard\u0131r yan\u0131nda yeti\u015ftirdi\u011fi Necip\u2019ten ba\u015fkas\u0131 de\u011fildi tabii gelen. Komiser, bildi\u011fi k\u0131s\u0131tl\u0131 bilgiyi de bir \u00e7\u0131rp\u0131da Necip\u2019e aktarm\u0131\u015ft\u0131 ki Olay Yeri Ekibi\u2019nin \u015fefi Yasin yanlar\u0131na gelmi\u015fti. Komiser ve Necip g\u00f6zleri ile kulaklar\u0131n\u0131 Yasin\u2019e dikip dinlemeye koyuldular.<\/span><\/p>\n<p style=\"text-indent: 0.4cm; text-align: justify;\"><span style=\"font-size: 12pt; font-family: Segoe UI,helvetica,sans-serif;\">&#8211; Amirim, size s\u00f6yleyebilece\u011fim ekstra bir \u015fey yok. Sald\u0131r\u0131 \u00fcst ge\u00e7idin en kalabal\u0131k saatlerinden birinde olmad\u0131\u011f\u0131 i\u00e7in sadece iki tane g\u00f6rg\u00fc tan\u0131\u011f\u0131m\u0131z var. Birisi \u015fu k\u00f6\u015fedeki tinerci.<\/span><\/p>\n<p style=\"text-indent: 0.4cm; text-align: justify;\"><span style=\"font-size: 12pt; font-family: Segoe UI,helvetica,sans-serif;\">Yasin\u2019in eliyle i\u015faret etti\u011fi yere bakt\u0131klar\u0131nda \u00fcst ge\u00e7idin Necip\u2019in geldi\u011fi y\u00f6n\u00fcnde kalan s\u0131ska, k\u0131sa boylu bir \u00e7ocu\u011fu g\u00f6rd\u00fcler.<\/span><\/p>\n<p style=\"text-indent: 0.4cm; text-align: justify;\"><span style=\"font-size: 12pt; font-family: Segoe UI,helvetica,sans-serif;\">&#8211; Ancak tahminimiz, katilin metro y\u00f6n\u00fcnden gelip pe\u015f pe\u015fe ate\u015f ettikten sonra a\u015fa\u011f\u0131ya inip g\u00f6zden kayboldu\u011fu y\u00f6n\u00fcnde. Nitekim akl\u0131 biraz daha \u00e7al\u0131\u015f\u0131r durumda g\u00f6r\u00fcnen ikinci g\u00f6rg\u00fc tan\u0131\u011f\u0131m\u0131z bu tezimizi onayl\u0131yor.<\/span><\/p>\n<p style=\"text-indent: 0.4cm; text-align: justify;\"><span style=\"font-size: 12pt; font-family: Segoe UI,helvetica,sans-serif;\">Yasin\u2019in eliyle i\u015faret etti\u011fi di\u011fer tarafa bakt\u0131klar\u0131nda orta ya\u015flarda bir g\u00fcvenlik g\u00f6revlisini g\u00f6rd\u00fcler. Metro istasyonunun \u00fcst k\u0131sm\u0131nda g\u00f6revli olan g\u00fcvenlik g\u00f6revlisi olmal\u0131yd\u0131 bu.<\/span><\/p>\n<p style=\"text-indent: 0.4cm; text-align: justify;\"><span style=\"font-size: 12pt; font-family: Segoe UI,helvetica,sans-serif;\">Komiser anlat\u0131lanlar\u0131 anlad\u0131\u011f\u0131n\u0131 g\u00f6stermek istercesine hararetli bir \u015fekilde ba\u015f\u0131n\u0131 sallad\u0131ktan sonra konu\u015ftu:<\/span><\/p>\n<p style=\"text-indent: 0.4cm; text-align: justify;\"><span style=\"font-size: 12pt; font-family: Segoe UI,helvetica,sans-serif;\">&#8211; Tamam Yasin, te\u015fekk\u00fcrler. Dikkatlice ara\u015ft\u0131rman\u0131z\u0131 istiyorum her \u015feyi\u2026 \u00dcstelik bu kez \u00f6ld\u00fcr\u00fclenlerden biri \u00fcnl\u00fc ve s\u0131ra d\u0131\u015f\u0131 bir gazeteci! Hata yaparsak ipimizi \u00e7ekiverirler.<\/span><\/p>\n<p style=\"text-indent: 0.4cm; text-align: justify;\"><span style=\"font-size: 12pt; font-family: Segoe UI,helvetica,sans-serif;\">Komiserin s\u00f6z\u00fc bitti\u011finde Yasin tekrar olay yeri \u00e7al\u0131\u015fmas\u0131na d\u00f6nm\u00fc\u015f; komiser ve yard\u0131mc\u0131s\u0131 da g\u00fcvenlik g\u00f6revlisinin yan\u0131na gitmi\u015fti.<\/span><\/p>\n<p style=\"text-indent: 0.4cm; text-align: justify;\"><span style=\"font-size: 12pt; font-family: Segoe UI,helvetica,sans-serif;\">Otuz-otuz be\u015f ya\u015flar\u0131nda, kafas\u0131n\u0131n \u00fcst k\u0131sm\u0131 hafif kelle\u015fmi\u015f; s\u0131ska fakat yere sa\u011flam bast\u0131\u011f\u0131 duru\u015fundan bile belli olan birisiydi g\u00fcvenlik g\u00f6revlisi. \u00dcst\u00fcndeki turuncu tulumun i\u00e7inde adeta kaybolmu\u015f, avu\u00e7lar\u0131n\u0131n aras\u0131nda tuttu\u011fu pet bardaktan s\u00fcz\u00fclen buhara bak\u0131l\u0131rsa s\u0131cak bir i\u00e7ecek i\u00e7erek so\u011fu\u011fa kar\u015f\u0131 direnmeye \u00e7al\u0131\u015f\u0131yordu.<\/span><\/p>\n<p style=\"text-indent: 0.4cm; text-align: justify;\"><span style=\"font-size: 12pt; font-family: Segoe UI,helvetica,sans-serif;\">&#8211; Merhaba, \u00f6ncelikle ge\u00e7mi\u015f olsun. Siz de ucuz atlatt\u0131n\u0131z san\u0131r\u0131m? diyerek s\u00f6ze girdi komiser<\/span><\/p>\n<p style=\"text-indent: 0.4cm; text-align: justify;\"><span style=\"font-size: 12pt; font-family: Segoe UI,helvetica,sans-serif;\">Adam a\u011fz\u0131ndaki s\u0131v\u0131y\u0131 yuttuktan sonra ba\u015f\u0131n\u0131 olumsuz anlamda sallam\u0131\u015ft\u0131.<\/span><\/p>\n<p style=\"text-indent: 0.4cm; text-align: justify;\"><span style=\"font-size: 12pt; font-family: Segoe UI,helvetica,sans-serif;\">&#8211; Yok, bana y\u00f6nelik hi\u00e7bir \u015fey olmad\u0131 asl\u0131nda. G\u00fcn\u00fcn o saatinde \u00e7ok az yolcu gelip ge\u00e7ti\u011fi i\u00e7in bu ge\u00e7ene dikkat edebilmi\u015ftim. Deri bir ceket giymi\u015fti, elinde de spor bir valiz vard\u0131. Sonra metronun \u00fcst ge\u00e7itteki \u00e7\u0131k\u0131\u015f\u0131na geldi\u011finde valizin i\u00e7ine elini dald\u0131r\u0131p bir silah \u00e7ekti. Kitap\u00e7\u0131ya do\u011fru ate\u015f etmeye ba\u015flad\u0131. Hi\u00e7 arkas\u0131n\u0131 d\u00f6nmeden do\u011frudan merdivenlere gidip ka\u00e7t\u0131\u2026 Sonra da bir araba sesi duydum, her \u015fey ge\u00e7ip gitti\u2026<\/span><\/p>\n<p style=\"text-indent: 0.4cm; text-align: justify;\"><span style=\"font-size: 12pt; font-family: Segoe UI,helvetica,sans-serif;\">Bir \u00e7\u0131rp\u0131da olay\u0131 anlatt\u0131\u011f\u0131nda komiser teorisinin do\u011fru oldu\u011funa sevinse mi \u00fcz\u00fclse mi bilememi\u015fti. Komiser d\u00fc\u015f\u00fcn\u00fcrken Necip soru y\u00f6neltmi\u015fti:<\/span><\/p>\n<p style=\"text-indent: 0.4cm; text-align: justify;\"><span style=\"font-size: 12pt; font-family: Segoe UI,helvetica,sans-serif;\">&#8211; Peki ya katilin boyunu, cinsiyetini; k\u0131sacas\u0131 \u015feklini-\u015fem\u00e2lini bize aktarabilir misiniz?<\/span><\/p>\n<p style=\"text-indent: 0.4cm; text-align: justify;\"><span style=\"font-size: 12pt; font-family: Segoe UI,helvetica,sans-serif;\">G\u00fcvenlik g\u00f6revlisi ba\u015f\u0131n\u0131 olumsuz anlamda sallad\u0131 bir kez daha.<\/span><\/p>\n<p style=\"text-indent: 0.4cm; text-align: justify;\"><span style=\"font-size: 12pt; font-family: Segoe UI,helvetica,sans-serif;\">&#8211; Maalesef! Karanl\u0131kt\u0131\u2026 Ama kafas\u0131nda siyah bir bere vard\u0131, elinde de deri eldivenler. Boyu ise tahminen 1.70, bilemedim 1.75\u2019ti. Zaten dedim ya, do\u011frudan ge\u00e7ip gitti turnikelerden!<\/span><\/p>\n<p style=\"text-indent: 0.4cm; text-align: justify;\"><span style=\"font-size: 12pt; font-family: Segoe UI,helvetica,sans-serif;\">Komiser de Necip de g\u00fcvenlik\u00e7iden ba\u015fka bir bilgi alamayacaklar\u0131n\u0131 anlam\u0131\u015ft\u0131. Te\u015fekk\u00fcr ederek klasik \u201cAkl\u0131n\u0131za bir \u015fey gelirse bize ula\u015f\u0131n\u201d temennisini ilettikten sonra yan\u0131ndan ayr\u0131ld\u0131lar. Ayaklar\u0131 geri geri gitse de di\u011fer g\u00f6rg\u00fc \u015fahidiyle de konu\u015fmak zorundayd\u0131lar. \u00dcst ge\u00e7idi boydan boya ilerleyip elinde g\u00fcvenlik\u00e7inin elindekine benzeyen bir pet bardak tutan tinercinin yan\u0131na gelmi\u015flerdi.<\/span><\/p>\n<p style=\"text-indent: 0.4cm; text-align: justify;\"><span style=\"font-size: 12pt; font-family: Segoe UI,helvetica,sans-serif;\">Tiner kokusu o kadar yo\u011fundu ki, komiserin ve Necip\u2019in g\u00f6zleri ya\u015farm\u0131\u015ft\u0131. Komiser, en fazla on be\u015f ya\u015f\u0131nda olan \u00e7ocu\u011fa do\u011fru e\u011filip \u00e7ocu\u011fun kendisine bak\u0131p dikkat kesilmesini bekledikten sonra sorusunu y\u00f6neltti:<\/span><\/p>\n<p style=\"text-indent: 0.4cm; text-align: justify;\"><span style=\"font-size: 12pt; font-family: Segoe UI,helvetica,sans-serif;\">&#8211; Merhaba! Olaya dair bir \u015fey g\u00f6rd\u00fcn m\u00fc?<\/span><\/p>\n<p style=\"text-indent: 0.4cm; text-align: justify;\"><span style=\"font-size: 12pt; font-family: Segoe UI,helvetica,sans-serif;\">&#8211; Abi\u2026<\/span><\/p>\n<p style=\"text-indent: 0.4cm; text-align: justify;\"><span style=\"font-size: 12pt; font-family: Segoe UI,helvetica,sans-serif;\">Necip, \u201cAmir\u201d diye d\u00fczeltecekken Tahsin elini kald\u0131r\u0131p susmas\u0131n\u0131 i\u015faret etti ve tinerci \u00e7ocu\u011fun c\u00fcmlesini beklemeye koyuldu. \u00c7ocuk, burnunu \u00e7ektikten sonra ka\u015flar\u0131n\u0131n hareketine engel olamad\u0131\u011f\u0131 bir mimik tak\u0131nm\u0131\u015ft\u0131. Neyse ki komiseri fazla bekletmeden c\u00fcmlesini tamamlad\u0131:<\/span><\/p>\n<p style=\"text-indent: 0.4cm; text-align: justify;\"><span style=\"font-size: 12pt; font-family: Segoe UI,helvetica,sans-serif;\">&#8211; Abiii! K\u0131z \u00e7ok g\u00fczeldi be abi!<\/span><\/p>\n<p style=\"text-indent: 0.4cm; text-align: justify;\"><span style=\"font-size: 12pt; font-family: Segoe UI,helvetica,sans-serif;\">Tahsin, dudaklar\u0131n\u0131 \u0131s\u0131rarak do\u011fruldu. Necip\u2019in kula\u011f\u0131na e\u011filerek \u201cBundan hi\u00e7bir \u015fey \u00e7\u0131kmayacak maalesef\u2026\u201d diye homurdan\u0131p tinerci \u00e7ocu\u011fa te\u015fekk\u00fcr ederek \u00fcst ge\u00e7idi tekrar boydan boya kat edip, metronun tersi y\u00f6ndeki merdivenlerden a\u015fa\u011f\u0131 inmeye koyuldu. Necip de olay yerindeki cesetlere do\u011fru e\u011filmi\u015f, cinayet mahallini incelemeye ba\u015flam\u0131\u015ft\u0131.<\/span><\/p>\n<p style=\"text-indent: 0.4cm; text-align: justify;\"><span style=\"font-size: 12pt; font-family: Segoe UI,helvetica,sans-serif;\">A\u015fa\u011f\u0131 indi\u011finde birka\u00e7 saniye duraksad\u0131 Tahsin. G\u00f6z\u00fcn\u00fc hafif\u00e7e kapat\u0131p, r\u00fczgar\u0131n y\u00fcz\u00fcn\u00fc yalay\u0131p gitmesine izin verdikten sonra bir anda g\u00f6z\u00fcn\u00fc a\u00e7\u0131p gelen siyah arac\u0131 g\u00f6rd\u00fc. Akabinde yan\u0131ndan ge\u00e7ip giden deri eldivenli, siyah bereli katilin arac\u0131n arka koltu\u011funa atlad\u0131\u011f\u0131n\u0131 ve arac\u0131n gazlay\u0131p gidi\u015fini izledi.<\/span><\/p>\n<p style=\"text-indent: 0.4cm; text-align: justify;\"><span style=\"font-size: 12pt; font-family: Segoe UI,helvetica,sans-serif;\">O an g\u00f6z\u00fc ileride duran MOBESE kameras\u0131na tak\u0131l\u0131nca istemsizce g\u00fcl\u00fcmsedi. Ancak benzeri durumlarda ara\u00e7lar\u0131n genelde \u00e7al\u0131nt\u0131 \u00e7\u0131kt\u0131\u011f\u0131n\u0131 hat\u0131rlay\u0131nca g\u00fcl\u00fc\u015f\u00fc soldu. Tekrar arac\u0131n duraksad\u0131\u011f\u0131n\u0131 varsayd\u0131\u011f\u0131 otob\u00fcs dura\u011f\u0131n\u0131n \u00f6n\u00fcne do\u011fru bakt\u0131\u011f\u0131nda dura\u011f\u0131n i\u00e7inde bir hareketlilik sezince merak\u0131 kabard\u0131.<\/span><\/p>\n<p style=\"text-indent: 0.4cm; text-align: justify;\"><span style=\"font-size: 12pt; font-family: Segoe UI,helvetica,sans-serif;\">Dura\u011fa yakla\u015ft\u0131\u011f\u0131nda bu hareketlili\u011fin m\u00fcsebbibinin bir sokak kedisi oldu\u011funu fark edince t\u00fcm gerginli\u011fine ra\u011fmen uzan\u0131p kediyi sevmeye \u00e7al\u0131\u015ft\u0131 komiser. Kedi de uysal bir \u015fekilde kendisini sevdirmeye ba\u015flay\u0131nca \u201cKe\u015fke sizin diliniz olsa da konu\u015fsan\u0131z\u201d diye i\u00e7inden ge\u00e7irmi\u015fti.<\/span><\/p>\n<p style=\"text-indent: 0.4cm; text-align: justify;\"><span style=\"font-size: 12pt; font-family: Segoe UI,helvetica,sans-serif;\">\u0130\u00e7inden ge\u00e7eni anlam\u0131\u015f gibi iri ye\u015fil g\u00f6zlerini komiserin g\u00f6zlerine dikmi\u015fti sarman kedi. Belli belirsiz bir \u201cMaoov!\u201d sesi \u00e7\u0131kt\u0131. Kedinin kald\u0131rd\u0131\u011f\u0131 \u00e7enesinin alt\u0131n\u0131 ok\u015fad\u0131ktan sonra dura\u011f\u0131n yan\u0131ndan ilerledi ve etraf\u0131 kola\u00e7an etmeye ba\u015flad\u0131 komiser. Dura\u011f\u0131n arkas\u0131nda bir karart\u0131 fark edince de temkinli bir \u015fekilde dura\u011f\u0131n arkas\u0131na ge\u00e7ti. Yerde duran bir kabar\u0131kl\u0131kt\u0131 bu karart\u0131y\u0131 olu\u015fturan. Aya\u011f\u0131yla hafif\u00e7e d\u00fcrt\u00fcnce bunun dura\u011f\u0131n arkas\u0131na \u201cyuva\u201d yapm\u0131\u015f bir evsiz oldu\u011funu anlam\u0131\u015ft\u0131 komiser. Olas\u0131 bir g\u00f6rg\u00fc tan\u0131\u011f\u0131 bulmu\u015f oldu\u011funu d\u00fc\u015f\u00fcnerek sevinmi\u015fken d\u00fcrtt\u00fc\u011f\u00fc v\u00fccudun hareketiyle t\u00fcm \u00fcmidi kayboldu.<\/span><\/p>\n<p style=\"text-indent: 0.4cm; text-align: justify;\"><span style=\"font-size: 12pt; font-family: Segoe UI,helvetica,sans-serif;\">Adam \u00f6l\u00fcyd\u00fc.<\/span><\/p>\n","protected":false},"excerpt":{"rendered":"<p>Y\u00dcZ\u00dcNC\u00dc HABER KOM\u0130SER TAHS\u0130N ALPER KAYA -\u00d6N OKUMA- R\u00fczgar, \u00fcst ge\u00e7ide pek de adil davranm\u0131yordu. Kald\u0131r\u0131mda veya en k\u00f6t\u00fc ihtimalle merdivenlerde sadece insan\u0131 ok\u015fay\u0131p ge\u00e7mekle yetinen r\u00fczgar; \u00fcst ge\u00e7itte olanca \u015fiddetiyle boy g\u00f6steriyor ve yerdeki kitaplar\u0131n sayfalar\u0131n\u0131 h\u0131\u015f\u0131rdat\u0131yordu. U\u00e7urmaya g\u00fcc\u00fc yetmiyordu zira pek \u00e7o\u011fu \u00fcst\u00fcnden ge\u00e7irilmi\u015f bir iple, yere serilmi\u015f olan brandaya sabitlenmi\u015fti. Di\u011ferleri ise [&hellip;]<\/p>\n","protected":false},"author":1,"featured_media":0,"parent":4833,"menu_order":0,"comment_status":"open","ping_status":"closed","template":"page3.php","meta":{"_acf_changed":false,"footnotes":""},"class_list":["post-40746","page","type-page","status-publish"],"acf":[],"_links":{"self":[{"href":"https:\/\/www.kayiprihtim.org\/portal\/wp-json\/wp\/v2\/pages\/40746","targetHints":{"allow":["GET"]}}],"collection":[{"href":"https:\/\/www.kayiprihtim.org\/portal\/wp-json\/wp\/v2\/pages"}],"about":[{"href":"https:\/\/www.kayiprihtim.org\/portal\/wp-json\/wp\/v2\/types\/page"}],"author":[{"embeddable":true,"href":"https:\/\/www.kayiprihtim.org\/portal\/wp-json\/wp\/v2\/users\/1"}],"replies":[{"embeddable":true,"href":"https:\/\/www.kayiprihtim.org\/portal\/wp-json\/wp\/v2\/comments?post=40746"}],"version-history":[{"count":0,"href":"https:\/\/www.kayiprihtim.org\/portal\/wp-json\/wp\/v2\/pages\/40746\/revisions"}],"up":[{"embeddable":true,"href":"https:\/\/www.kayiprihtim.org\/portal\/wp-json\/wp\/v2\/pages\/4833"}],"wp:attachment":[{"href":"https:\/\/www.kayiprihtim.org\/portal\/wp-json\/wp\/v2\/media?parent=40746"}],"curies":[{"name":"wp","href":"https:\/\/api.w.org\/{rel}","templated":true}]}}