{"id":4247,"date":"2010-05-19T09:24:55","date_gmt":"2010-05-19T06:24:55","guid":{"rendered":"http:\/\/www.kayiprihtim.org\/portal\/?page_id=4247"},"modified":"2016-05-26T05:58:48","modified_gmt":"2016-05-26T02:58:48","slug":"tanrica-serisi","status":"publish","type":"page","link":"https:\/\/www.kayiprihtim.org\/portal\/kitaplar\/tanrica-serisi\/","title":{"rendered":"Tanr\u0131\u00e7a Serisi"},"content":{"rendered":"<h3>Seride Bulunan Kitaplar<\/h3>\n<ol>\n<li>Deniz Tanr\u0131\u00e7as\u0131<\/li>\n<li>Bahar Tanr\u0131\u00e7as\u0131<\/li>\n<\/ol>\n","protected":false},"excerpt":{"rendered":"<p>Seride Bulunan Kitaplar Deniz Tanr\u0131\u00e7as\u0131 Bahar Tanr\u0131\u00e7as\u0131<\/p>\n","protected":false},"author":1,"featured_media":0,"parent":57,"menu_order":0,"comment_status":"open","ping_status":"closed","template":"","meta":{"_acf_changed":false,"footnotes":""},"class_list":["post-4247","page","type-page","status-publish"],"acf":[],"_links":{"self":[{"href":"https:\/\/www.kayiprihtim.org\/portal\/wp-json\/wp\/v2\/pages\/4247","targetHints":{"allow":["GET"]}}],"collection":[{"href":"https:\/\/www.kayiprihtim.org\/portal\/wp-json\/wp\/v2\/pages"}],"about":[{"href":"https:\/\/www.kayiprihtim.org\/portal\/wp-json\/wp\/v2\/types\/page"}],"author":[{"embeddable":true,"href":"https:\/\/www.kayiprihtim.org\/portal\/wp-json\/wp\/v2\/users\/1"}],"replies":[{"embeddable":true,"href":"https:\/\/www.kayiprihtim.org\/portal\/wp-json\/wp\/v2\/comments?post=4247"}],"version-history":[{"count":0,"href":"https:\/\/www.kayiprihtim.org\/portal\/wp-json\/wp\/v2\/pages\/4247\/revisions"}],"up":[{"embeddable":true,"href":"https:\/\/www.kayiprihtim.org\/portal\/wp-json\/wp\/v2\/pages\/57"}],"wp:attachment":[{"href":"https:\/\/www.kayiprihtim.org\/portal\/wp-json\/wp\/v2\/media?parent=4247"}],"curies":[{"name":"wp","href":"https:\/\/api.w.org\/{rel}","templated":true}]}}