{"id":4271,"date":"2010-05-25T17:57:08","date_gmt":"2010-05-25T14:57:08","guid":{"rendered":"http:\/\/www.kayiprihtim.org\/portal\/?page_id=4271"},"modified":"2021-06-06T01:59:47","modified_gmt":"2021-06-05T22:59:47","slug":"kiliclar-serisi","status":"publish","type":"page","link":"https:\/\/www.kayiprihtim.org\/portal\/kitaplar\/kiliclar-serisi\/","title":{"rendered":"K\u0131l\u0131\u00e7lar Serisi"},"content":{"rendered":"<table style=\"border: thin outset; border-collapse: collapse; height: 30px; width: 470px;\" border=\"0\" cellpadding=\"2\">\n<tbody>\n<tr>\n<td width=\"30%\" bgcolor=\"#330000\"><span style=\"font-family: Verdana; color: #ffffff;\"><strong><a name=\"1\"><\/a>KILI\u00c7L<\/strong><\/span><span style=\"font-family: Verdana; color: #ffffff;\"><strong>A<\/strong><\/span><span style=\"color: #ffffff;\"><span style=\"font-family: Verdana;\"><strong>R (TAKIM)<\/strong><\/span><\/span><span style=\"font-family: Verdana; color: #333333;\"><strong> <\/strong><\/span><\/td>\n<\/tr>\n<\/tbody>\n<\/table>\n<table style=\"border-collapse: collapse; width: 462px; height: 250px;\" border=\"0\" cellspacing=\"0\" cellpadding=\"0\" bordercolor=\"#111111\">\n<tbody>\n<tr>\n<td width=\"58%\" align=\"center\" valign=\"top\">\n<table style=\"border-collapse: collapse; width: 315px; height: 248px;\" border=\"0\" cellspacing=\"2\">\n<tbody>\n<tr>\n<td width=\"100%\" align=\"right\">\n<table style=\"width: 310px; height: 88px;\" border=\"0\" cellspacing=\"0\">\n<tbody>\n<tr bgcolor=\"#D1C4A5\">\n<td width=\"39%\"><strong>Yazar<\/strong><\/td>\n<td width=\"3%\">:<\/td>\n<td width=\"51%\">Fred Saberhagen<\/td>\n<\/tr>\n<tr bgcolor=\"#E4DDCB\">\n<td><strong>\u00c7eviren<\/strong><\/td>\n<td width=\"3%\">:<\/td>\n<td width=\"51%\"><span style=\"color: #181512;\">Ferhan Ert\u00fcrk<\/span><span style=\"color: #181512;\">, H\u00fcseyin \u015eu\u015fut<br \/>\n<\/span><\/td>\n<\/tr>\n<tr bgcolor=\"#D1C4A5\">\n<td width=\"39%\"><strong>Edit\u00f6r<\/strong><\/td>\n<td width=\"3%\">:<\/td>\n<td width=\"51%\">Kaan \u00c7aydaml\u0131<\/td>\n<\/tr>\n<tr bgcolor=\"#E4DDCB\">\n<td width=\"39%\"><strong>\u00d6zg\u00fcn Ad\u0131<\/strong><\/td>\n<td width=\"3%\">:<\/td>\n<td width=\"51%\">The Book of Swords<\/td>\n<\/tr>\n<\/tbody>\n<\/table>\n<\/td>\n<\/tr>\n<tr>\n<td style=\"border-style: solid ridge ridge; border-width: 1px; padding-left: 4px; padding-right: 4px;\" width=\"100%\" bgcolor=\"#C0B18D\"><strong><span style=\"font-size: 9pt; font-family: Tahoma;\">Alt\u0131k\u0131rkbe\u015f Yay\u0131nlar\u0131<br \/>\n<\/span><\/strong><\/td>\n<\/tr>\n<tr>\n<td width=\"100%\" align=\"right\">\n<table style=\"width: 310px; height: 88px;\" border=\"0\" cellspacing=\"0\">\n<tbody>\n<tr bgcolor=\"#D1C4A5\">\n<td width=\"39%\"><strong>\u00c7\u0131k\u0131\u015f Tarihi<\/strong><\/td>\n<td width=\"3%\">:<\/td>\n<td width=\"51%\">May\u0131s, 2010<\/td>\n<\/tr>\n<tr bgcolor=\"#E4DDCB\">\n<td><strong>Sayfa Say\u0131s\u0131<\/strong><\/td>\n<td width=\"3%\">:<\/td>\n<td width=\"51%\">850<\/td>\n<\/tr>\n<tr bgcolor=\"#D1C4A5\">\n<td width=\"39%\"><strong>Fiyat\u0131<\/strong><\/td>\n<td width=\"3%\">:<\/td>\n<td width=\"51%\">29,90 TL<\/td>\n<\/tr>\n<tr bgcolor=\"#E4DDCB\">\n<td width=\"39%\"><strong>ISBN No<\/strong><\/td>\n<td width=\"3%\">:<\/td>\n<td width=\"51%\">&#8211;<\/td>\n<\/tr>\n<\/tbody>\n<\/table>\n<\/td>\n<\/tr>\n<\/tbody>\n<\/table>\n<\/td>\n<td width=\"39%\" align=\"left\" valign=\"top\">\n<p style=\"text-align: center;\">\n<p><a href=\"https:\/\/www.kayiprihtim.org\/portal\/gorsel\/yazarlar\/kiliclar-serisi-takim.jpg\" target=\"_blank\" rel=\"noopener\"><img decoding=\"async\" class=\"aligncenter\" src=\"https:\/\/www.kayiprihtim.org\/portal\/gorsel\/yazarlar\/kiliclar-serisi-takim.jpg\" border=\"0\" alt=\"\" hspace=\"1\" width=\"140\" height=\"219\"><\/a><\/td>\n<\/tr>\n<\/tbody>\n<\/table>\n<table style=\"border-collapse: collapse; width: 47%;\" border=\"0\" cellpadding=\"0\">\n<tbody>\n<tr>\n<td width=\"54%\">\n<table style=\"border-collapse: collapse; height: 147px; width: 470px;\" border=\"0\" cellspacing=\"0\" cellpadding=\"2\">\n<tbody>\n<tr>\n<td style=\"border-style: solid ridge ridge; border-width: 1px; padding-left: 4px; padding-right: 4px;\" width=\"98%\" bgcolor=\"#C0B18D\"><strong><span style=\"font-size: 9pt; font-family: Tahoma;\">Tan\u0131t\u0131m Yaz\u0131s\u0131<br \/>\n<\/span><\/strong><\/td>\n<\/tr>\n<tr>\n<td width=\"99%\" align=\"left\">\n<table style=\"width: 465px;\" border=\"0\">\n<tbody>\n<tr>\n<td style=\"border-style: outset; border-width: 1px;\" width=\"96%\" bgcolor=\"#D1C4A5\">\n<table style=\"border-collapse: collapse; width: 452px; height: 199px;\" border=\"0\" cellspacing=\"0\" cellpadding=\"5\" bgcolor=\"#D1C4A5\" bordercolor=\"#D1C4A5\">\n<tbody>\n<tr>\n<td width=\"96%\" bgcolor=\"#D1C4A5\">Merhamet K\u0131l\u0131c\u0131&#8217;n\u0131n kesti\u011fi beden, soluyamaz art\u0131k; \u0130yile\u015ftirdi\u011fi ruh, kar\u0131\u015fm\u0131\u015ft\u0131r geceye&#8230;<\/p>\n<p>Tanr\u0131lar ve \u0130nsanlar kar\u015f\u0131 kar\u015f\u0131ya gelmi\u015f, yenilmez olan yenilmi\u015fti&#8230; Ama K\u0131l\u0131\u00e7lar d\u00fcnyadayd\u0131&#8230;<\/p>\n<p>Mark&#8217;\u0131n hasta o\u011flu i\u00e7in tek \u015fifa, Tanr\u0131lar \u00f6ld\u00fc\u011f\u00fcne g\u00f6re, Merhamet K\u0131l\u0131c\u0131yd\u0131. B\u00f6ylece Kay\u0131p K\u0131l\u0131\u00e7lar\u0131n ard\u0131nda yolculuk ve macera ba\u015flad\u0131&#8230;<\/p>\n<p>Mutsuz insanlar\u0131n oyununa kat\u0131l\u0131n&#8230;<\/td>\n<\/tr>\n<\/tbody>\n<\/table>\n<\/td>\n<\/tr>\n<\/tbody>\n<\/table>\n<\/td>\n<\/tr>\n<\/tbody>\n<\/table>\n<\/td>\n<\/tr>\n<\/tbody>\n<\/table>\n<table style=\"border: thin outset; border-collapse: collapse; height: 30px; width: 470px;\" border=\"0\" cellpadding=\"2\">\n<tbody>\n<tr>\n<td width=\"30%\" bgcolor=\"#330000\"><span style=\"font-family: Verdana; color: #ffffff;\"><strong><a name=\"1\"><\/a>KILI\u00c7LARIN B\u0130R\u0130NC\u0130 K\u0130TABI<\/strong><\/span><span style=\"font-family: Verdana; color: #333333;\"><strong> <\/strong><\/span><\/td>\n<\/tr>\n<\/tbody>\n<\/table>\n<table style=\"border-collapse: collapse; width: 462px; height: 250px;\" border=\"0\" cellspacing=\"0\" cellpadding=\"0\" bordercolor=\"#111111\">\n<tbody>\n<tr>\n<td width=\"58%\" align=\"center\" valign=\"top\">\n<table style=\"border-collapse: collapse; width: 315px; height: 248px;\" border=\"0\" cellspacing=\"2\">\n<tbody>\n<tr>\n<td width=\"100%\" align=\"right\">\n<table style=\"width: 310px; height: 88px;\" border=\"0\" cellspacing=\"0\">\n<tbody>\n<tr bgcolor=\"#D1C4A5\">\n<td width=\"39%\"><strong>Yazar<\/strong><\/td>\n<td width=\"3%\">:<\/td>\n<td width=\"51%\">Fred Saberhagen<\/td>\n<\/tr>\n<tr bgcolor=\"#E4DDCB\">\n<td><strong>\u00c7eviren<\/strong><\/td>\n<td width=\"3%\">:<\/td>\n<td width=\"51%\"><span style=\"color: #181512;\">Ferhan Ert\u00fcrk<\/span><span style=\"color: #181512;\"><br \/>\n<\/span><\/td>\n<\/tr>\n<tr bgcolor=\"#D1C4A5\">\n<td width=\"39%\"><strong>Edit\u00f6r<\/strong><\/td>\n<td width=\"3%\">:<\/td>\n<td width=\"51%\">Kaan \u00c7aydaml\u0131<\/td>\n<\/tr>\n<tr bgcolor=\"#E4DDCB\">\n<td width=\"39%\"><strong>\u00d6zg\u00fcn Ad\u0131<\/strong><\/td>\n<td width=\"3%\">:<\/td>\n<td width=\"51%\">The First Book of Swords<\/td>\n<\/tr>\n<\/tbody>\n<\/table>\n<\/td>\n<\/tr>\n<tr>\n<td style=\"border-style: solid ridge ridge; border-width: 1px; padding-left: 4px; padding-right: 4px;\" width=\"100%\" bgcolor=\"#C0B18D\"><strong><span style=\"font-size: 9pt; font-family: Tahoma;\">Alt\u0131k\u0131rkbe\u015f Yay\u0131nlar\u0131<br \/>\n<\/span><\/strong><\/td>\n<\/tr>\n<tr>\n<td width=\"100%\" align=\"right\">\n<table style=\"width: 310px; height: 88px;\" border=\"0\" cellspacing=\"0\">\n<tbody>\n<tr bgcolor=\"#D1C4A5\">\n<td width=\"39%\"><strong>\u00c7\u0131k\u0131\u015f Tarihi<\/strong><\/td>\n<td width=\"3%\">:<\/td>\n<td width=\"51%\">2000<\/td>\n<\/tr>\n<tr bgcolor=\"#E4DDCB\">\n<td><strong>Sayfa Say\u0131s\u0131<\/strong><\/td>\n<td width=\"3%\">:<\/td>\n<td width=\"51%\">271<\/td>\n<\/tr>\n<tr bgcolor=\"#D1C4A5\">\n<td width=\"39%\"><strong>Fiyat\u0131<\/strong><\/td>\n<td width=\"3%\">:<\/td>\n<td width=\"51%\">Sat\u0131\u015f D\u0131\u015f\u0131<\/td>\n<\/tr>\n<tr bgcolor=\"#E4DDCB\">\n<td width=\"39%\"><strong>ISBN No<\/strong><\/td>\n<td width=\"3%\">:<\/td>\n<td width=\"51%\">Sat\u0131\u015f D\u0131\u015f\u0131<\/td>\n<\/tr>\n<\/tbody>\n<\/table>\n<\/td>\n<\/tr>\n<\/tbody>\n<\/table>\n<\/td>\n<td width=\"39%\" align=\"left\" valign=\"top\">\n<p style=\"text-align: center;\">\n<p><a href=\"https:\/\/www.kayiprihtim.org\/portal\/gorsel\/kiliclarin-birinci-kitabi.jpg\" target=\"_blank\" rel=\"noopener\"><img decoding=\"async\" class=\"aligncenter\" src=\"https:\/\/www.kayiprihtim.org\/portal\/gorsel\/kiliclarin-birinci-kitabi.jpg\" border=\"0\" alt=\"\" hspace=\"1\" width=\"140\" height=\"219\"><\/a><\/td>\n<\/tr>\n<\/tbody>\n<\/table>\n<table style=\"border-collapse: collapse; width: 47%;\" border=\"0\" cellpadding=\"0\">\n<tbody>\n<tr>\n<td width=\"54%\">\n<table style=\"border-collapse: collapse; height: 147px; width: 470px;\" border=\"0\" cellspacing=\"0\" cellpadding=\"2\">\n<tbody>\n<tr>\n<td style=\"border-style: solid ridge ridge; border-width: 1px; padding-left: 4px; padding-right: 4px;\" width=\"98%\" bgcolor=\"#C0B18D\"><strong><span style=\"font-size: 9pt; font-family: Tahoma;\">Tan\u0131t\u0131m Yaz\u0131s\u0131<br \/>\n<\/span><\/strong><\/td>\n<\/tr>\n<tr>\n<td width=\"99%\" align=\"left\">\n<table style=\"width: 465px;\" border=\"0\">\n<tbody>\n<tr>\n<td style=\"border-style: outset; border-width: 1px;\" width=\"96%\" bgcolor=\"#D1C4A5\">\n<table style=\"border-collapse: collapse; width: 452px; height: 199px;\" border=\"0\" cellspacing=\"0\" cellpadding=\"5\" bgcolor=\"#D1C4A5\" bordercolor=\"#D1C4A5\">\n<tbody>\n<tr>\n<td width=\"96%\" bgcolor=\"#D1C4A5\">Korkun\u00e7 bir sava\u015f\u0131n binlerce y\u0131l sonras\u0131nda bir\u00e7ok do\u011fa yasas\u0131 de\u011fi\u015fmi\u015fti, tanr\u0131lar ve devler yery\u00fcz\u00fc \u00fczerinde yeniden g\u00f6rkemle y\u00fcr\u00fcyor, insan ya\u015fam\u0131 \u00fczerine k\u00f6t\u00fc niyetli oyunlar\u0131n\u0131 sergiliyorlard\u0131.<\/p>\n<p>Tanr\u0131lar gizemli oyunlar\u0131 i\u00e7in Demirci Tanr\u0131 Vulcan&#8217;\u0131 on iki k\u0131l\u0131\u00e7 yaratmaya ikna ederler. Her k\u0131l\u0131\u00e7 i\u00e7in biraz insan kan\u0131, insan teri, insan korkusu ve bulunabilirse biraz da insan ne\u015fesi gerekliydi. Vulcan k\u0131l\u0131\u00e7lar\u0131 yapt\u0131 ve oyun ba\u015flad\u0131, bunu isteyen tanr\u0131lar i\u00e7in k\u00fc\u00e7\u00fck bir s\u00fcprizi de i\u00e7ine katarak.<\/p>\n<p>Ya\u015fl\u0131 adam\u0131n dedi\u011fini hat\u0131rlay\u0131n:<br \/>\n&#8220;D\u00fcnyay\u0131 bilmek isteyen, \u00f6nce onu kurmak zorundad\u0131r&#8230;<br \/>\nhem de kendi i\u00e7inde&#8230;&#8221;<\/p>\n<p>Buldu\u011funuz en ya\u015fl\u0131 a\u011faca bak\u0131p bir kez daha sorun:<br \/>\nElinde sonsuz ya\u015fam\u0131 tutan birinin bo\u015flu\u011fundan daha b\u00fcy\u00fck ne olabilir?<\/p>\n<p>Yine b\u00fcy\u00fcc\u00fcler, ejderler, tanr\u0131lar, iyiler, k\u00f6t\u00fcler ve k\u0131l\u0131\u00e7lardan olu\u015fan bir d\u00fcnya. \u00dcstelik \u015fimdi bir kahraman\u0131n do\u011fma zaman\u0131. Tanr\u0131lar\u0131n oyununa kat\u0131l\u0131n&#8230;<\/p>\n<hr \/>\n<p><strong>Yay\u0131n Y\u00f6netmeni : <\/strong>\u00c7etin \u015ean, Kaan \u00c7aydaml\u0131<br \/>\n<strong>Kapak Tasar\u0131m\u0131 :<\/strong> Murat Bozkurt<\/td>\n<\/tr>\n<\/tbody>\n<\/table>\n<\/td>\n<\/tr>\n<\/tbody>\n<\/table>\n<\/td>\n<\/tr>\n<\/tbody>\n<\/table>\n<\/td>\n<\/tr>\n<\/tbody>\n<\/table>\n<p><span style=\"color: #e4ddcb;\">&#8211;<\/span><\/p>\n<table style=\"border: thin outset; border-collapse: collapse; height: 30px; width: 470px;\" border=\"0\" cellpadding=\"2\">\n<tbody>\n<tr>\n<td width=\"30%\" bgcolor=\"#330000\"><span style=\"font-family: Verdana; color: #ffffff;\"><strong><a name=\"2\"><\/a><\/strong><\/span><span style=\"font-family: Verdana; color: #ffffff;\"><strong>KILI\u00c7LARIN \u0130K\u0130NC\u0130 K\u0130TABI<\/strong><\/span><span style=\"font-family: Verdana; color: #333333;\"><strong> <\/strong><\/span><\/td>\n<\/tr>\n<\/tbody>\n<\/table>\n<table style=\"border-collapse: collapse; width: 462px; height: 250px;\" border=\"0\" cellspacing=\"0\" cellpadding=\"0\" bordercolor=\"#111111\">\n<tbody>\n<tr>\n<td width=\"58%\" align=\"center\" valign=\"top\">\n<table style=\"border-collapse: collapse; width: 315px; height: 248px;\" border=\"0\" cellspacing=\"2\">\n<tbody>\n<tr>\n<td width=\"100%\" align=\"right\">\n<table style=\"width: 310px; height: 88px;\" border=\"0\" cellspacing=\"0\">\n<tbody>\n<tr bgcolor=\"#D1C4A5\">\n<td width=\"39%\"><strong>Yazar<\/strong><\/td>\n<td width=\"3%\">:<\/td>\n<td width=\"51%\">Fred Saberhagen<\/td>\n<\/tr>\n<tr bgcolor=\"#E4DDCB\">\n<td><strong>\u00c7eviren<\/strong><\/td>\n<td width=\"3%\">:<\/td>\n<td width=\"51%\"><span style=\"color: #181512;\">H\u00fcseyin \u015eu\u015fut<\/span><span style=\"color: #181512;\"><br \/>\n<\/span><\/td>\n<\/tr>\n<tr bgcolor=\"#D1C4A5\">\n<td width=\"39%\"><strong>Edit\u00f6r<\/strong><\/td>\n<td width=\"3%\">:<\/td>\n<td width=\"51%\">\u00c7etin \u015ean<\/td>\n<\/tr>\n<tr bgcolor=\"#E4DDCB\">\n<td width=\"39%\"><strong>\u00d6zg\u00fcn Ad\u0131<\/strong><\/td>\n<td width=\"3%\">:<\/td>\n<td width=\"51%\">The Second Book of Swords<\/td>\n<\/tr>\n<\/tbody>\n<\/table>\n<\/td>\n<\/tr>\n<tr>\n<td style=\"border-style: solid ridge ridge; border-width: 1px; padding-left: 4px; padding-right: 4px;\" width=\"100%\" bgcolor=\"#C0B18D\"><strong><span style=\"font-size: 9pt; font-family: Tahoma;\">Alt\u0131k\u0131rkbe\u015f Yay\u0131nlar\u0131<\/span><\/strong><strong><span style=\"font-size: 9pt; font-family: Tahoma;\"> <\/span><\/strong><\/td>\n<\/tr>\n<tr>\n<td width=\"100%\" align=\"right\">\n<table style=\"width: 310px; height: 88px;\" border=\"0\" cellspacing=\"0\">\n<tbody>\n<tr bgcolor=\"#D1C4A5\">\n<td width=\"39%\"><strong>\u00c7\u0131k\u0131\u015f Tarihi<\/strong><\/td>\n<td width=\"3%\">:<\/td>\n<td width=\"51%\">Ocak, 2001<\/td>\n<\/tr>\n<tr bgcolor=\"#E4DDCB\">\n<td><strong>Sayfa Say\u0131s\u0131<\/strong><\/td>\n<td width=\"3%\">:<\/td>\n<td width=\"51%\">319<\/td>\n<\/tr>\n<tr bgcolor=\"#D1C4A5\">\n<td width=\"39%\"><strong>Fiyat\u0131<\/strong><\/td>\n<td width=\"3%\">:<\/td>\n<td width=\"51%\">Sat\u0131\u015f D\u0131\u015f\u0131<\/td>\n<\/tr>\n<tr bgcolor=\"#E4DDCB\">\n<td width=\"39%\"><strong>ISBN No<\/strong><\/td>\n<td width=\"3%\">:<\/td>\n<td width=\"51%\">Sat\u0131\u015f D\u0131\u015f\u0131<\/td>\n<\/tr>\n<\/tbody>\n<\/table>\n<\/td>\n<\/tr>\n<\/tbody>\n<\/table>\n<\/td>\n<td width=\"39%\" align=\"left\" valign=\"top\">\n<p style=\"text-align: center;\">\n<p><a href=\"https:\/\/www.kayiprihtim.org\/portal\/gorsel\/kiliclarin-ikinci-kitabi.jpg\" target=\"_blank\" rel=\"noopener\"><img decoding=\"async\" class=\"aligncenter\" src=\"https:\/\/www.kayiprihtim.org\/portal\/gorsel\/kiliclarin-ikinci-kitabi.jpg\" border=\"0\" alt=\"\" hspace=\"1\" width=\"140\" height=\"219\"><\/a><\/td>\n<\/tr>\n<\/tbody>\n<\/table>\n<table style=\"border-collapse: collapse; width: 47%;\" border=\"0\" cellpadding=\"0\">\n<tbody>\n<tr>\n<td width=\"54%\">\n<table style=\"border-collapse: collapse; height: 147px; width: 470px;\" border=\"0\" cellspacing=\"0\" cellpadding=\"2\">\n<tbody>\n<tr>\n<td style=\"border-style: solid ridge ridge; border-width: 1px; padding-left: 4px; padding-right: 4px;\" width=\"98%\" bgcolor=\"#C0B18D\"><strong><span style=\"font-size: 9pt; font-family: Tahoma;\">Tan\u0131t\u0131m Yaz\u0131s\u0131<br \/>\n<\/span><\/strong><\/td>\n<\/tr>\n<tr>\n<td width=\"99%\" align=\"left\">\n<table style=\"width: 465px;\" border=\"0\">\n<tbody>\n<tr>\n<td style=\"border-style: outset; border-width: 1px;\" width=\"96%\" bgcolor=\"#D1C4A5\">\n<table style=\"border-collapse: collapse; width: 452px; height: 199px;\" border=\"0\" cellspacing=\"0\" cellpadding=\"5\" bgcolor=\"#D1C4A5\" bordercolor=\"#D1C4A5\">\n<tbody>\n<tr>\n<td width=\"96%\" bgcolor=\"#D1C4A5\">Elinde sonsuz ya\u015fam\u0131 tutan birinin bo\u015flu\u011fundan daha b\u00fcy\u00fck ne olabilir?<\/p>\n<p>Eski D\u00fcnya&#8217;n\u0131n unutulmu\u015f teknolojisiyle korunan muazzam bir hazine. Ona ula\u015fmaya \u00e7al\u0131\u015fan bir grup umutsuz insan. Ve Tanr\u0131lar\u0131n anla\u015f\u0131lmaz oyunu s\u00fcr\u00fcyor. \u0130nsan kan\u0131yla sulanan K\u0131l\u0131\u00e7lar, insanlar\u0131n elinde savrulmaya ba\u015flad\u0131\u011f\u0131nda Vulcan&#8217;\u0131n k\u00fc\u00e7\u00fck \u015fakas\u0131, korkan Tanr\u0131lar\u0131n \u00fczerine ince bir deh\u015fet perdesi olarak iniyor&#8230;<\/p>\n<p>Ya\u015fl\u0131 adam\u0131n s\u00f6yledi\u011fini hat\u0131rlay\u0131n: &#8220;Zaman\u0131 geldi\u011finde t\u00fcm g\u00fcc\u00fcyle sava\u015facaks\u0131n. Ya da \u00f6leceksin ama \u00f6lmek istemeyeceksin.&#8221;<\/p>\n<p>\u00d6l\u00fcms\u00fczlerin \u00f6ld\u00fc\u011f\u00fc g\u00fcn\u00fc ya\u015fay\u0131n&#8230; Tanr\u0131lardan birinin \u00f6l\u00fcm\u00fcne tan\u0131kl\u0131k edin&#8230; Art\u0131k kendinizin Tanr\u0131s\u0131 olabilirsiniz. \u015eimdi kahramanlar\u0131n do\u011fma zaman\u0131. Mutsuz insanlar\u0131n oyununa kat\u0131l\u0131n&#8230;<\/p>\n<hr \/>\n<p><strong>Yay\u0131n Y\u00f6netmeni : <\/strong>\u00c7etin \u015ean, Kaan \u00c7aydaml\u0131<br \/>\n<strong>Kapak Tasar\u0131m\u0131 :<\/strong> Murat Bozkurt<\/td>\n<\/tr>\n<\/tbody>\n<\/table>\n<\/td>\n<\/tr>\n<\/tbody>\n<\/table>\n<\/td>\n<\/tr>\n<\/tbody>\n<\/table>\n<\/td>\n<\/tr>\n<\/tbody>\n<\/table>\n<p><span style=\"color: #e4ddcb;\">&#8211;<\/span><\/p>\n<table style=\"border: thin outset; border-collapse: collapse; height: 30px; width: 470px;\" border=\"0\" cellpadding=\"2\">\n<tbody>\n<tr>\n<td width=\"30%\" bgcolor=\"#330000\"><span style=\"font-family: Verdana; color: #ffffff;\"><strong><a name=\"3\"><\/a><\/strong><\/span><span style=\"font-family: Verdana; color: #ffffff;\"><strong>KILI\u00c7LARIN \u00dc\u00c7\u00dcNC\u00dc K\u0130TABI<\/strong><\/span><span style=\"font-family: Verdana; color: #333333;\"><strong> <\/strong><\/span><\/td>\n<\/tr>\n<\/tbody>\n<\/table>\n<table style=\"border-collapse: collapse; width: 462px; height: 250px;\" border=\"0\" cellspacing=\"0\" cellpadding=\"0\" bordercolor=\"#111111\">\n<tbody>\n<tr>\n<td width=\"58%\" align=\"center\" valign=\"top\">\n<table style=\"border-collapse: collapse; width: 315px; height: 248px;\" border=\"0\" cellspacing=\"2\">\n<tbody>\n<tr>\n<td width=\"100%\" align=\"right\">\n<table style=\"width: 310px; height: 88px;\" border=\"0\" cellspacing=\"0\">\n<tbody>\n<tr bgcolor=\"#D1C4A5\">\n<td width=\"39%\"><strong>Yazar<\/strong><\/td>\n<td width=\"3%\">:<\/td>\n<td width=\"51%\">Fred Saberhagen<\/td>\n<\/tr>\n<tr bgcolor=\"#E4DDCB\">\n<td><strong>\u00c7eviren<\/strong><\/td>\n<td width=\"3%\">:<\/td>\n<td width=\"51%\"><span style=\"color: #181512;\">H\u00fcseyin \u015eu\u015fut<\/span><span style=\"color: #181512;\"><br \/>\n<\/span><\/td>\n<\/tr>\n<tr bgcolor=\"#D1C4A5\">\n<td width=\"39%\"><strong>Edit\u00f6r<\/strong><\/td>\n<td width=\"3%\">:<\/td>\n<td width=\"51%\">\u00c7etin \u015ean<\/td>\n<\/tr>\n<tr bgcolor=\"#E4DDCB\">\n<td width=\"39%\"><strong>\u00d6zg\u00fcn Ad\u0131<\/strong><\/td>\n<td width=\"3%\">:<\/td>\n<td width=\"51%\">The Third Book of Swords<\/td>\n<\/tr>\n<\/tbody>\n<\/table>\n<\/td>\n<\/tr>\n<tr>\n<td style=\"border-style: solid ridge ridge; border-width: 1px; padding-left: 4px; padding-right: 4px;\" width=\"100%\" bgcolor=\"#C0B18D\"><strong><span style=\"font-size: 9pt; font-family: Tahoma;\">Alt\u0131k\u0131rkbe\u015f Yay\u0131nlar\u0131<\/span><\/strong><strong><span style=\"font-size: 9pt; font-family: Tahoma;\"> <\/span><\/strong><\/td>\n<\/tr>\n<tr>\n<td width=\"100%\" align=\"right\">\n<table style=\"width: 310px; height: 88px;\" border=\"0\" cellspacing=\"0\">\n<tbody>\n<tr bgcolor=\"#D1C4A5\">\n<td width=\"39%\"><strong>\u00c7\u0131k\u0131\u015f Tarihi<\/strong><\/td>\n<td width=\"3%\">:<\/td>\n<td width=\"51%\">2001<\/td>\n<\/tr>\n<tr bgcolor=\"#E4DDCB\">\n<td><strong>Sayfa Say\u0131s\u0131<\/strong><\/td>\n<td width=\"3%\">:<\/td>\n<td width=\"51%\">319<\/td>\n<\/tr>\n<tr bgcolor=\"#D1C4A5\">\n<td width=\"39%\"><strong>Fiyat\u0131<\/strong><\/td>\n<td width=\"3%\">:<\/td>\n<td width=\"51%\">Sat\u0131\u015f D\u0131\u015f\u0131<\/td>\n<\/tr>\n<tr bgcolor=\"#E4DDCB\">\n<td width=\"39%\"><strong>ISBN No<\/strong><\/td>\n<td width=\"3%\">:<\/td>\n<td width=\"51%\">Sat\u0131\u015f D\u0131\u015f\u0131<\/td>\n<\/tr>\n<\/tbody>\n<\/table>\n<\/td>\n<\/tr>\n<\/tbody>\n<\/table>\n<\/td>\n<td width=\"39%\" align=\"left\" valign=\"top\">\n<p style=\"text-align: center;\">\n<p><a href=\"https:\/\/www.kayiprihtim.org\/portal\/gorsel\/kiliclarin-ucuncu-kitabi.jpg\" target=\"_blank\" rel=\"noopener\"><img loading=\"lazy\" decoding=\"async\" class=\"aligncenter\" src=\"https:\/\/www.kayiprihtim.org\/portal\/gorsel\/kiliclarin-ucuncu-kitabi.jpg\" border=\"0\" alt=\"\" hspace=\"1\" width=\"140\" height=\"219\"><\/a><\/td>\n<\/tr>\n<\/tbody>\n<\/table>\n<table style=\"border-collapse: collapse; width: 47%;\" border=\"0\" cellpadding=\"0\">\n<tbody>\n<tr>\n<td width=\"54%\">\n<table style=\"border-collapse: collapse; height: 147px; width: 470px;\" border=\"0\" cellspacing=\"0\" cellpadding=\"2\">\n<tbody>\n<tr>\n<td style=\"border-style: solid ridge ridge; border-width: 1px; padding-left: 4px; padding-right: 4px;\" width=\"98%\" bgcolor=\"#C0B18D\"><strong><span style=\"font-size: 9pt; font-family: Tahoma;\">Tan\u0131t\u0131m Yaz\u0131s\u0131<br \/>\n<\/span><\/strong><\/td>\n<\/tr>\n<tr>\n<td width=\"99%\" align=\"left\">\n<table style=\"width: 465px;\" border=\"0\">\n<tbody>\n<tr>\n<td style=\"border-style: outset; border-width: 1px;\" width=\"96%\" bgcolor=\"#D1C4A5\">\n<table style=\"border-collapse: collapse; width: 452px; height: 199px;\" border=\"0\" cellspacing=\"0\" cellpadding=\"5\" bgcolor=\"#D1C4A5\" bordercolor=\"#D1C4A5\">\n<tbody>\n<tr>\n<td width=\"96%\" bgcolor=\"#D1C4A5\">Tanr\u0131lar\u0131n oyunu beklenmedik y\u00f6nlere kaym\u0131\u015f, K\u0131l\u0131\u00e7lar\u0131 toplamaya giden Hermes&#8217;in \u00f6l\u00fcm\u00fcn\u00fcn ard\u0131ndan her \u015fey karmakar\u0131\u015f\u0131k olmu\u015ftu: Art\u0131k insanlar, Tanr\u0131lar\u0131 \u00f6ld\u00fcrebiliyorlard\u0131.<\/p>\n<p>\u00c7a\u011flard\u0131r gizlenen b\u00fcy\u00fck s\u0131r, D\u00fcnya&#8217;n\u0131n h\u00fck\u00fcmdarlar\u0131 olarak insanlar\u0131 g\u00f6steriyordu: &#8220;Tanr\u0131lar\u0131 yaratanlar insanlard\u0131 ve onlar\u0131 r\u00fcyalarda yaratm\u0131\u015flard\u0131.&#8221; \u0130nsanlar farkl\u0131 r\u00fcyalar g\u00f6rmeye ba\u015flad\u0131\u011f\u0131nda ve oyun son buldu\u011funda kazanan kim olacakt\u0131?<\/p>\n<p>Kontrol Tanr\u0131lar\u0131n elinden \u00e7\u0131kt\u0131&#8230;<br \/>\nYan\u0131ts\u0131z b\u0131rak\u0131lan soruyu duyun:<br \/>\n&#8220;\u00d6yleyse insanlar\u0131 kim yaratt\u0131?&#8221;<\/td>\n<\/tr>\n<\/tbody>\n<\/table>\n<\/td>\n<\/tr>\n<\/tbody>\n<\/table>\n<\/td>\n<\/tr>\n<\/tbody>\n<\/table>\n<\/td>\n<\/tr>\n<\/tbody>\n<\/table>\n<p><span style=\"color: #e4ddcb;\">&#8211;<\/span><\/p>\n","protected":false},"excerpt":{"rendered":"<p>KILI\u00c7LAR (TAKIM) Yazar : Fred Saberhagen \u00c7eviren : Ferhan Ert\u00fcrk, H\u00fcseyin \u015eu\u015fut Edit\u00f6r : Kaan \u00c7aydaml\u0131 \u00d6zg\u00fcn Ad\u0131 : The Book of Swords Alt\u0131k\u0131rkbe\u015f Yay\u0131nlar\u0131 \u00c7\u0131k\u0131\u015f Tarihi : May\u0131s, 2010 Sayfa Say\u0131s\u0131 : 850 Fiyat\u0131 : 29,90 TL ISBN No : &#8211; Tan\u0131t\u0131m Yaz\u0131s\u0131 Merhamet K\u0131l\u0131c\u0131&#8217;n\u0131n kesti\u011fi beden, soluyamaz art\u0131k; \u0130yile\u015ftirdi\u011fi ruh, kar\u0131\u015fm\u0131\u015ft\u0131r geceye&#8230; Tanr\u0131lar [&hellip;]<\/p>\n","protected":false},"author":1,"featured_media":0,"parent":57,"menu_order":0,"comment_status":"open","ping_status":"closed","template":"","meta":{"_acf_changed":false,"footnotes":""},"class_list":["post-4271","page","type-page","status-publish"],"acf":[],"_links":{"self":[{"href":"https:\/\/www.kayiprihtim.org\/portal\/wp-json\/wp\/v2\/pages\/4271","targetHints":{"allow":["GET"]}}],"collection":[{"href":"https:\/\/www.kayiprihtim.org\/portal\/wp-json\/wp\/v2\/pages"}],"about":[{"href":"https:\/\/www.kayiprihtim.org\/portal\/wp-json\/wp\/v2\/types\/page"}],"author":[{"embeddable":true,"href":"https:\/\/www.kayiprihtim.org\/portal\/wp-json\/wp\/v2\/users\/1"}],"replies":[{"embeddable":true,"href":"https:\/\/www.kayiprihtim.org\/portal\/wp-json\/wp\/v2\/comments?post=4271"}],"version-history":[{"count":1,"href":"https:\/\/www.kayiprihtim.org\/portal\/wp-json\/wp\/v2\/pages\/4271\/revisions"}],"predecessor-version":[{"id":59370,"href":"https:\/\/www.kayiprihtim.org\/portal\/wp-json\/wp\/v2\/pages\/4271\/revisions\/59370"}],"up":[{"embeddable":true,"href":"https:\/\/www.kayiprihtim.org\/portal\/wp-json\/wp\/v2\/pages\/57"}],"wp:attachment":[{"href":"https:\/\/www.kayiprihtim.org\/portal\/wp-json\/wp\/v2\/media?parent=4271"}],"curies":[{"name":"wp","href":"https:\/\/api.w.org\/{rel}","templated":true}]}}