{"id":4339,"date":"2010-06-03T19:07:42","date_gmt":"2010-06-03T16:07:42","guid":{"rendered":"http:\/\/www.kayiprihtim.org\/portal\/?page_id=4339"},"modified":"2012-01-20T11:31:41","modified_gmt":"2012-01-20T09:31:41","slug":"istanbul-hatirasi","status":"publish","type":"page","link":"https:\/\/www.kayiprihtim.org\/portal\/kitaplar\/istanbul-hatirasi\/","title":{"rendered":"\u0130stanbul Hat\u0131ras\u0131"},"content":{"rendered":"<table style=\"border: thin outset; border-collapse: collapse; height: 30px; width: 470px;\" border=\"0\" cellpadding=\"2\">\n<tbody>\n<tr>\n<td bgcolor=\"#330000\" width=\"30%\"><span style=\"font-family: Verdana; color: #ffffff;\"><strong>\u0130STANBUL HATIRASI<br \/>\n<\/strong><\/span><\/td>\n<\/tr>\n<\/tbody>\n<\/table>\n<table style=\"border-collapse: collapse; width: 462px; height: 250px;\" border=\"0\" cellspacing=\"0\" cellpadding=\"0\">\n<tbody>\n<tr>\n<td align=\"center\" valign=\"top\" width=\"58%\">\n<table style=\"border-collapse: collapse; width: 315px; height: 248px;\" border=\"0\" cellspacing=\"2\">\n<tbody>\n<tr>\n<td align=\"right\" width=\"100%\">\n<table style=\"width: 310px; height: 88px;\" border=\"0\" cellspacing=\"0\">\n<tbody>\n<tr bgcolor=\"#D1C4A5\">\n<td width=\"39%\"><strong>Yazar<\/strong><\/td>\n<td width=\"3%\">:<\/td>\n<td width=\"51%\"><span style=\"color: #993300;\"><strong>Ahmet \u00dcmit<br \/>\n<\/strong><\/span><\/td>\n<\/tr>\n<tr bgcolor=\"#E4DDCB\">\n<td><strong>Kapak Tasar\u0131m\u0131<\/strong><\/td>\n<td width=\"3%\">:<\/td>\n<td width=\"51%\">Utku Lomlu<\/td>\n<\/tr>\n<tr bgcolor=\"#D1C4A5\">\n<td width=\"39%\"><strong>Yay\u0131n Y\u00f6netmeni<\/strong><strong><br \/>\n<\/strong><\/td>\n<td width=\"3%\">:<\/td>\n<td width=\"51%\">S\u0131rma K\u00f6ksal<\/td>\n<\/tr>\n<tr bgcolor=\"#E4DDCB\">\n<td width=\"39%\"><strong>Ebat<\/strong><\/td>\n<td width=\"3%\">:<\/td>\n<td width=\"51%\">14 x 23 cm<\/td>\n<\/tr>\n<\/tbody>\n<\/table>\n<\/td>\n<\/tr>\n<tr>\n<td style=\"border-style: solid ridge ridge; border-width: 1px; padding-left: 4px; padding-right: 4px;\" bgcolor=\"#C0B18D\" width=\"100%\"><strong><span style=\"font-size: 9pt; font-family: Tahoma;\">Everest Yay\u0131nlar\u0131<br \/>\n<\/span><\/strong><\/td>\n<\/tr>\n<tr>\n<td align=\"right\" width=\"100%\">\n<table style=\"width: 310px; height: 88px;\" border=\"0\" cellspacing=\"0\">\n<tbody>\n<tr bgcolor=\"#E4DDCB\">\n<td width=\"39%\"><strong>\u00c7\u0131k\u0131\u015f Tarihi<\/strong><strong><br \/>\n<\/strong><\/td>\n<td width=\"3%\">:<\/td>\n<td width=\"51%\"><span style=\"color: #181512;\">Haziran, 2010<\/span><span style=\"color: #181512;\"><br \/>\n<\/span><\/td>\n<\/tr>\n<tr bgcolor=\"#D1C4A5\">\n<td><strong>Sayfa Say\u0131s\u0131<\/strong><\/td>\n<td width=\"3%\">:<\/td>\n<td width=\"51%\">590<\/td>\n<\/tr>\n<tr bgcolor=\"#E4DDCB\">\n<td width=\"39%\"><strong>Fiyat\u0131<\/strong><\/td>\n<td width=\"3%\">:<\/td>\n<td width=\"51%\">20,00 TL<\/td>\n<\/tr>\n<tr bgcolor=\"#D1C4A5\">\n<td width=\"39%\"><strong>ISBN No<\/strong><\/td>\n<td width=\"3%\">:<\/td>\n<td width=\"51%\">9789752897458<\/td>\n<\/tr>\n<\/tbody>\n<\/table>\n<\/td>\n<\/tr>\n<\/tbody>\n<\/table>\n<\/td>\n<td style=\"width: 39%;\" align=\"center\" valign=\"middle\"><a href=\"https:\/\/www.kayiprihtim.org\/portal\/gorsel\/istanbul-hatirasi.jpg\" target=\"_blank\"><img decoding=\"async\" class=\"aligncenter\" src=\"https:\/\/www.kayiprihtim.org\/portal\/gorsel\/istanbul-hatirasi.jpg\" alt=\"\" width=\"140\" height=\"219\" border=\"0\" hspace=\"1\"><\/a><\/td>\n<\/tr>\n<\/tbody>\n<\/table>\n<table style=\"border-collapse: collapse; width: 47%;\" border=\"0\" cellpadding=\"0\">\n<tbody>\n<tr>\n<td width=\"54%\">\n<table style=\"border-collapse: collapse; height: 147px; width: 470px;\" border=\"0\" cellspacing=\"0\" cellpadding=\"2\">\n<tbody>\n<tr>\n<td style=\"border-style: solid ridge ridge; border-width: 1px; padding-left: 4px; padding-right: 4px;\" bgcolor=\"#C0B18D\" width=\"98%\"><strong><span style=\"font-size: 9pt; font-family: Tahoma;\">Tan\u0131t\u0131m Yaz\u0131s\u0131<br \/>\n<\/span><\/strong><\/td>\n<\/tr>\n<tr>\n<td align=\"left\" width=\"99%\">\n<table style=\"width: 465px;\" border=\"0\">\n<tbody>\n<tr>\n<td style=\"border-style: outset; border-width: 1px;\" bgcolor=\"#D1C4A5\" width=\"96%\">\n<table style=\"border-collapse: collapse; width: 452px; height: 199px;\" border=\"0\" cellspacing=\"0\" cellpadding=\"5\" bgcolor=\"#D1C4A5\">\n<tbody>\n<tr>\n<td bgcolor=\"#D1C4A5\" width=\"96%\">Ya\u015fad\u0131\u011f\u0131n \u015fehir \u00f6zg\u00fcr de\u011filse, sen de \u00f6zg\u00fcr kalamazs\u0131n!..<\/p>\n<p style=\"text-align: justify;\">Byzantion&#8217;dan \u0130stanbul&#8217;a uzanan heyecan y\u00fckl\u00fc, tarihsel bir ser\u00fcven&#8230;<\/p>\n<p style=\"text-align: justify;\">Yedi h\u00fck\u00fcmdar, yedi kadim mek\u00e2n, yedi gizemli olay ve yal\u0131n bir ger\u00e7ek!<\/p>\n<p style=\"text-align: justify;\">Ahmet \u00dcmit&#8217;in beklenen roman\u0131 \u0130stanbul Hat\u0131ras\u0131 1 Haziran tarihinde okurlarla bulu\u015fuyor. Romanlar\u0131nda zengin arka plan\u0131 polisiye kurgu i\u00e7inde vermekteki ustal\u0131\u011f\u0131 ile bilinen Ahmet \u00dcmit&#8217;in bu roman\u0131 da yine pe\u015f pe\u015fe i\u015flenen cinayetlerin \u00e7evresinde kurgulanm\u0131\u015f. Ancak bu kitab\u0131 s\u0131radan bir polisiye romandan ay\u0131ran bir\u00e7ok \u00f6zellik var. Her \u015feyden \u00f6nce zengin kadrosu ile \u0130stanbul Hat\u0131ras\u0131, \u00e7e\u015fitli kesimlerden \u0130stanbulluyu bir araya getirerek i\u00e7inde bar\u0131nd\u0131rd\u0131\u011f\u0131 alt \u00f6yk\u00fclerle zengin bir yap\u0131 sunuyor. Birbirine ba\u011flanan bu alt \u00f6yk\u00fcler bir yandan gerilimin etkisini art\u0131r\u0131rken bir yandan da roman\u0131 \u015fenlikli ve \u00e7ok y\u00f6nl\u00fc bir yap\u0131ya ula\u015ft\u0131r\u0131yor.<\/p>\n<p style=\"text-align: justify;\">Kitab\u0131n bir ba\u015fka \u00f6nemli \u00f6zelli\u011fi de \u0130stanbul hakk\u0131nda son derece detayl\u0131 bilgi i\u00e7ermesi. Kurgunun i\u00e7ine yerle\u015ftirilen bu bilgiler hem okumay\u0131 daha merakl\u0131 hale getiriyor hem de tarih arac\u0131l\u0131\u011f\u0131yla \u00e7ok g\u00fcn\u00fcm\u00fcz\u00fcn d\u0131\u015f\u0131ndaki \u00f6yk\u00fclerin de kurguya yerle\u015fmesine imkan tan\u0131yor. B\u00f6ylece Ahmet \u00fcmit&#8217;in \u0130stanbul Hat\u0131ras\u0131 adl\u0131 roman\u0131, ba\u015fka ba\u015fka d\u00f6nemlerin \u00f6yk\u00fclerinin e\u015fli\u011finde, g\u00fcn\u00fcm\u00fcz \u0130stanbul&#8217;unun geni\u015f bir panoramas\u0131n\u0131 olu\u015fturuyor. Tutucusundan modernine, eski \u0130stanbullusundan yeni g\u00f6\u00e7 etmi\u015fine, milliyet\u00e7isinden gayr\u0131 M\u00fcslim&#8217;ine varana dek \u0130stanbullu diye adland\u0131r\u0131labilecek herkes bu kitab\u0131n i\u00e7inde kendi \u00f6yk\u00fcleriyle birlikte \u0130stanbul&#8217;un devasa \u00e7arklar\u0131n\u0131n di\u015flilerini dile getiriyor. Binlerce y\u0131ll\u0131k tarihiyle \u0130stanbul ba\u015frol\u00fc olu\u015ftururken romana girip \u00e7\u0131kan her karakter de \u0130stanbul&#8217;un nas\u0131l \u0130stanbul oldu\u011funu aktar\u0131yor.<\/p>\n<\/td>\n<\/tr>\n<\/tbody>\n<\/table>\n<\/td>\n<\/tr>\n<\/tbody>\n<\/table>\n<\/td>\n<\/tr>\n<\/tbody>\n<\/table>\n<\/td>\n<\/tr>\n<\/tbody>\n<\/table>\n<p><span style=\"color: #ffffff;\"><a name=\"video\"><\/a>&#8212;<\/span><\/p>\n<p><object width=\"467\" height=\"264\" classid=\"clsid:d27cdb6e-ae6d-11cf-96b8-444553540000\" codebase=\"http:\/\/download.macromedia.com\/pub\/shockwave\/cabs\/flash\/swflash.cab#version=6,0,40,0\"><param name=\"allowfullscreen\" value=\"true\" \/><param name=\"allowscriptaccess\" value=\"always\" \/><param name=\"src\" value=\"http:\/\/vimeo.com\/moogaloop.swf?clip_id=12089931&amp;server=vimeo.com&amp;show_title=1&amp;show_byline=1&amp;show_portrait=0&amp;color=&amp;fullscreen=1\" \/><embed width=\"467\" height=\"264\" type=\"application\/x-shockwave-flash\" src=\"http:\/\/vimeo.com\/moogaloop.swf?clip_id=12089931&amp;server=vimeo.com&amp;show_title=1&amp;show_byline=1&amp;show_portrait=0&amp;color=&amp;fullscreen=1\" allowfullscreen=\"true\" allowscriptaccess=\"always\" \/><\/object><\/p>\n","protected":false},"excerpt":{"rendered":"<p>\u0130STANBUL HATIRASI Yazar : Ahmet \u00dcmit Kapak Tasar\u0131m\u0131 : Utku Lomlu Yay\u0131n Y\u00f6netmeni : S\u0131rma K\u00f6ksal Ebat : 14 x 23 cm Everest Yay\u0131nlar\u0131 \u00c7\u0131k\u0131\u015f Tarihi : Haziran, 2010 Sayfa Say\u0131s\u0131 : 590 Fiyat\u0131 : 20,00 TL ISBN No : 9789752897458 Tan\u0131t\u0131m Yaz\u0131s\u0131 Ya\u015fad\u0131\u011f\u0131n \u015fehir \u00f6zg\u00fcr de\u011filse, sen de \u00f6zg\u00fcr kalamazs\u0131n!.. Byzantion&#8217;dan \u0130stanbul&#8217;a uzanan heyecan [&hellip;]<\/p>\n","protected":false},"author":1,"featured_media":0,"parent":57,"menu_order":0,"comment_status":"open","ping_status":"closed","template":"","meta":{"_acf_changed":false,"footnotes":""},"class_list":["post-4339","page","type-page","status-publish"],"acf":[],"_links":{"self":[{"href":"https:\/\/www.kayiprihtim.org\/portal\/wp-json\/wp\/v2\/pages\/4339","targetHints":{"allow":["GET"]}}],"collection":[{"href":"https:\/\/www.kayiprihtim.org\/portal\/wp-json\/wp\/v2\/pages"}],"about":[{"href":"https:\/\/www.kayiprihtim.org\/portal\/wp-json\/wp\/v2\/types\/page"}],"author":[{"embeddable":true,"href":"https:\/\/www.kayiprihtim.org\/portal\/wp-json\/wp\/v2\/users\/1"}],"replies":[{"embeddable":true,"href":"https:\/\/www.kayiprihtim.org\/portal\/wp-json\/wp\/v2\/comments?post=4339"}],"version-history":[{"count":0,"href":"https:\/\/www.kayiprihtim.org\/portal\/wp-json\/wp\/v2\/pages\/4339\/revisions"}],"up":[{"embeddable":true,"href":"https:\/\/www.kayiprihtim.org\/portal\/wp-json\/wp\/v2\/pages\/57"}],"wp:attachment":[{"href":"https:\/\/www.kayiprihtim.org\/portal\/wp-json\/wp\/v2\/media?parent=4339"}],"curies":[{"name":"wp","href":"https:\/\/api.w.org\/{rel}","templated":true}]}}