{"id":43433,"date":"2015-06-27T02:14:14","date_gmt":"2015-06-26T23:14:14","guid":{"rendered":"http:\/\/www.kayiprihtim.org\/portal\/?post_type=seri&#038;p=43433"},"modified":"2022-07-31T23:15:08","modified_gmt":"2022-07-31T20:15:08","slug":"metis-bilimkurgu-dizisi","status":"publish","type":"page","link":"https:\/\/www.kayiprihtim.org\/portal\/projeler\/metis-bilimkurgu-dizisi\/","title":{"rendered":"Metis Bilimkurgu Dizisi"},"content":{"rendered":"<p style=\"text-align: center;\"><img fetchpriority=\"high\" decoding=\"async\" class=\"aligncenter size-full wp-image-50230\" src=\"https:\/\/www.kayiprihtim.org\/portal\/gorsel\/2015\/06\/metis-bilimkurgu.jpg\" alt=\"metis bilimkurgu\" width=\"467\" height=\"243\" srcset=\"https:\/\/www.kayiprihtim.org\/portal\/gorsel\/2015\/06\/metis-bilimkurgu.jpg 500w, https:\/\/www.kayiprihtim.org\/portal\/gorsel\/2015\/06\/metis-bilimkurgu-300x156.jpg 300w\" sizes=\"(max-width: 467px) 100vw, 467px\" \/><\/p>\n<p style=\"text-indent: 0.4cm; text-align: justify;\">\u00dclkemizde bilimkurgunun ge\u00e7mi\u015fi 1950\u2019li y\u0131llara dek dayan\u0131r. <i>\u00c7a\u011flayan Yay\u0131nevi<\/i>\u2019nin yay\u0131mlad\u0131\u011f\u0131 10 kitapl\u0131k \u201c<b>Yeni D\u00fcnyalarda<\/b>\u201d dizisi, asl\u0131nda her biri usta yazarlar taraf\u0131ndan yaz\u0131lm\u0131\u015f bilimkurgulard\u0131r. Yazar isminin yer almad\u0131\u011f\u0131 kitaplar, edit\u00f6rler taraf\u0131ndan k\u0131salt\u0131lm\u0131\u015f ve hatta baz\u0131lar\u0131na ek bile yap\u0131lm\u0131\u015ft\u0131r. \u0130simlerinin bire bir \u00e7evrilmedi\u011fini s\u00f6ylemekte de yarar var.<\/p>\n<p style=\"text-indent: 0.4cm; text-align: justify;\">Ard\u0131ndan 70\u2019li y\u0131llarda <i>Okat Yay\u0131nevi<\/i>\u2019nin 16 kitapl\u0131k \u201c<b>Uzay Serisi<\/b>\u201d gelir. \u00c7a\u011flayan\u2019a g\u00f6re biraz daha derli toplu olan bu kitaplar, yine de b\u00fcy\u00fck oranda eksik ve \u00e7eviri baz\u0131nda da k\u00f6t\u00fcd\u00fcr.<\/p>\n<p style=\"text-indent: 0.4cm; text-align: justify;\"><i>Baskan Yay\u0131nlar\u0131<\/i>\u2019n\u0131n 80\u2019li y\u0131llarda yay\u0131mlad\u0131\u011f\u0131 25 kitapl\u0131k \u201c<a href=\"https:\/\/www.kayiprihtim.org\/portal\/seri\/baskan-kurgu-bilim-dizisi\/\"><b>Baskan Kurgu-Bilim<\/b><\/a>\u201d dizisiyle birlikte iyiden iyiye bilimkurgu \u00fclkemiz raflar\u0131nda yer etmeye ba\u015flam\u0131\u015ft\u0131r. Fakat yeterli de\u011fildir.<\/p>\n<p style=\"text-indent: 0.4cm; text-align: justify;\">T\u00fcm bunlar\u0131n ard\u0131ndan daha b\u00fcy\u00fck bir yay\u0131nevi 90\u2019l\u0131 y\u0131llarda bilimkurgu bayra\u011f\u0131n\u0131 devral\u0131p, \u00e7ok daha ileri ta\u015f\u0131may\u0131 ba\u015farm\u0131\u015ft\u0131r. O yay\u0131nevi <b>Metis<\/b>\u2019tir ve tam 33 kitap ile bilimkurgu severleri onurland\u0131rm\u0131\u015ft\u0131r. Bu dizi i\u00e7erisinde bir de T\u00fcrk yazar bulunmaktad\u0131r: <a href=\"https:\/\/www.kayiprihtim.org\/portal\/yazar\/mufit-ozdes\/\"><b><i>M\u00fcfit \u00d6zde\u015f<\/i><\/b><\/a>. Kendisi, d\u00fcnyaca \u00fcnl\u00fc se\u00e7kin bilimkurgu yazarlar\u0131n\u0131n aras\u0131nda yer alm\u0131\u015ft\u0131r ve <b>Son Tiryaki<\/b>, ger\u00e7ekten de ba\u015far\u0131l\u0131 \u00f6yk\u00fclerden olu\u015fmaktad\u0131r.<\/p>\n<p style=\"text-indent: 0.4cm; text-align: justify;\">Dergicilik sekt\u00f6r\u00fcnde ise <i>Antares <\/i>bu konuda ilk ad\u0131m\u0131 atan dergi olmu\u015ftur. 70&#8217;li y\u0131llarda yay\u0131n hayat\u0131n\u0131 s\u00fcrd\u00fcren Antares&#8217;i daha sonra <i>X-Bilinmeyen, At\u0131lgan, Nostromo<\/i> ve <i>Albemuth <\/i>gibi fanzinler\/dergiler takip etmi\u015ftir.<\/p>\n<p style=\"text-indent: 0.4cm; text-align: justify;\">Metis\u2019in yay\u0131mlad\u0131\u011f\u0131 bu 33 kitapl\u0131k dizide kimler yok ki. Bilimkurgu dendi\u011finde ilk akla gelen onlarca yazar\u0131n k\u00fclt kitaplar\u0131n\u0131 dilimizde g\u00f6rme \u015fans\u0131na eri\u015fti\u011fimiz bu dizi, \u00fclkemizi bu alanda \u015faha kald\u0131r\u0131yor.<\/p>\n<p style=\"text-indent: 0.4cm; text-align: justify;\"><b><i>B\u00fclent Somay<\/i><\/b> \u00f6nderli\u011finde, iyi bir \u00e7evirmen kadrosuyla haz\u0131rlanan kitaplar birbiri ard\u0131nca yay\u0131mlanarak se\u00e7kin bir kitapl\u0131k olu\u015fturuluyor. Fakat ne yaz\u0131k ki dizi 33. kitap ile birlikte apar topar bitiriliyor zira Metis Yay\u0131nevi, tarihindeki en b\u00fcy\u00fck zarar\u0131 bu diziden sonra yap\u0131yor. \u00dclkemizde o y\u0131llarda 2 ila 8 lira aras\u0131nda sat\u0131lan kitaplara ra\u011fbet olmuyor ve y\u0131llar sonra bask\u0131s\u0131 t\u00fckenen kitaplar fahi\u015f fiyatlarla el de\u011fi\u015ftirmeye ba\u015fl\u0131yor. Sahaflar i\u00e7in alt\u0131n de\u011ferinde olan Metis Bilimkurgu eserlerini bulmak bir hayli zor g\u00fcn\u00fcm\u00fczde.<\/p>\n<p style=\"text-indent: 0.4cm; text-align: justify;\">\u0130\u015fte size bulman\u0131n epey g\u00fc\u00e7le\u015fti\u011fi bu dizinin kitaplar\u0131n\u0131 t\u0131pk\u0131 2012 y\u0131l\u0131nda Baskan Kurgu-Bilim&#8217;de <a href=\"https:\/\/www.kayiprihtim.org\/portal\/seri\/baskan-kurgu-bilim-dizisi\/\"><b><i>oldu\u011fu gibi<\/i><\/b><\/a>, tek bir \u00e7at\u0131 alt\u0131nda topluyoruz. Seriyi \u00e7\u0131k\u0131\u015f s\u0131ras\u0131na g\u00f6re dizerek, kapak foto\u011fraflar\u0131, k\u00fcnye bilgileri ve tan\u0131t\u0131m yaz\u0131lar\u0131n\u0131 da ekleyerek ortaya b\u00f6yle bir liste \u00e7\u0131kard\u0131k.<\/p>\n<p style=\"text-indent: 0.4cm; text-align: justify;\">Umar\u0131z bilimkurgu severleri sevindirecek bir i\u015fe imza atm\u0131\u015f\u0131zd\u0131r. Ve yine umar\u0131z bu kitaplar\u0131 g\u00fcn\u00fcn birinde \u00fclkemiz kitap\u00e7\u0131lar\u0131n\u0131n raflar\u0131nda yeniden g\u00f6rebiliriz.<\/p>\n<p style=\"text-indent: 0.4cm; text-align: justify;\">Buyrun Metis Bilimkurgu d\u00fcnyas\u0131na.<\/p>\n<p style=\"text-indent: 0.4cm; text-align: justify;\"><strong>Bahri Do\u011fukan \u015eahin<\/strong><\/p>\n<p>&nbsp;<\/p>\n<h3>Serideki kitaplar:<\/h3>\n<table style=\"width: 467px; height: 529px;\">\n<tbody>\n<tr style=\"background-color: #d1c4a5;\">\n<td><strong>1<\/strong><\/td>\n<td><span style=\"color: #993300;\"><strong> &#8230;Ve Sonra Hi\u00e7 Kalmad\u0131<\/strong><\/span><\/td>\n<td>Eric Frank Russell<\/td>\n<\/tr>\n<tr>\n<td><strong>2<\/strong><\/td>\n<td><span style=\"color: #993300;\"><strong> Bal\u0131k\u00e7\u0131l G\u00f6z\u00fc<\/strong><\/span><\/td>\n<td>Ursula K. Le Guin<\/td>\n<\/tr>\n<tr style=\"background-color: #d1c4a5;\">\n<td><strong>3<\/strong><\/td>\n<td><span style=\"color: #993300;\"><strong> Mevki Uygarl\u0131\u011f\u0131<\/strong><\/span><\/td>\n<td>Robert Sheckley<\/td>\n<\/tr>\n<tr>\n<td><strong>4<\/strong><\/td>\n<td><span style=\"color: #993300;\"><strong> \u0130kiz Y\u0131ld\u0131z<\/strong><\/span><\/td>\n<td>Robert A. Heinlein<\/td>\n<\/tr>\n<tr style=\"background-color: #d1c4a5;\">\n<td><strong>5<\/strong><\/td>\n<td><span style=\"color: #993300;\"><strong> Paslanmaz \u00c7elik S\u0131\u00e7an<\/strong><\/span><\/td>\n<td>Harry Harrison<\/td>\n<\/tr>\n<tr>\n<td><strong>6<\/strong><\/td>\n<td><span style=\"color: #993300;\"><strong> Rocannon&#8217;un D\u00fcnyas\u0131<\/strong><\/span><\/td>\n<td>Ursula K. Le Guin<\/td>\n<\/tr>\n<tr style=\"background-color: #d1c4a5;\">\n<td><strong>7<\/strong><\/td>\n<td><span style=\"color: #993300;\"><strong> Kaybolan Miras<\/strong><\/span><\/td>\n<td>Robert A. Heinlein<\/td>\n<\/tr>\n<tr>\n<td><strong>8<\/strong><\/td>\n<td><span style=\"color: #993300;\"><strong> \u0130ki D\u00fcnya Sava\u015f\u0131yor<\/strong><\/span><\/td>\n<td>Poul Anderson<\/td>\n<\/tr>\n<tr style=\"background-color: #d1c4a5;\">\n<td><strong>9<\/strong><\/td>\n<td><span style=\"color: #993300;\"><strong> Uzay Tacirleri<\/strong><\/span><\/td>\n<td>C.M. Kornbluth &amp; F. Pohl<\/td>\n<\/tr>\n<tr>\n<td><strong>10<\/strong><\/td>\n<td><span style=\"color: #993300;\"><strong> Son Tiryaki<\/strong><\/span><\/td>\n<td>M\u00fcfit \u00d6zde\u015f<\/td>\n<\/tr>\n<tr style=\"background-color: #d1c4a5;\">\n<td><strong>11<\/strong><\/td>\n<td><span style=\"color: #993300;\"><strong> K\u0131z\u0131l Gezegen<\/strong><\/span><\/td>\n<td>Robert A. Heinlein<\/td>\n<\/tr>\n<tr>\n<td><strong>12<\/strong><\/td>\n<td><span style=\"color: #993300;\"><strong> Yer A\u00e7\u0131n! Yer A\u00e7\u0131n!<\/strong><\/span><\/td>\n<td>Harry Harrison<\/td>\n<\/tr>\n<tr style=\"background-color: #d1c4a5;\">\n<td><strong>13<\/strong><\/td>\n<td><span style=\"color: #993300;\"><strong> D\u00fcnyaya Orman Denir<\/strong><\/span><\/td>\n<td>Ursula K. Le Guin<\/td>\n<\/tr>\n<tr>\n<td><strong>14<\/strong><\/td>\n<td><span style=\"color: #993300;\"><strong> Ergenlik Ayini<\/strong><\/span><\/td>\n<td>Alexei Panshin<\/td>\n<\/tr>\n<tr style=\"background-color: #d1c4a5;\">\n<td><strong>15<\/strong><\/td>\n<td><span style=\"color: #993300;\"><strong> Paslanmaz \u00c7elik S\u0131\u00e7an\u0131n \u0130ntikam\u0131<\/strong><\/span><\/td>\n<td>Harry Harrison<\/td>\n<\/tr>\n<tr>\n<td><strong>16<\/strong><\/td>\n<td><span style=\"color: #993300;\"><strong> Otomatik Piyano<\/strong><\/span><\/td>\n<td>Kurt Vonnegut Jr.<\/td>\n<\/tr>\n<tr style=\"background-color: #d1c4a5;\">\n<td><strong>17<\/strong><\/td>\n<td><span style=\"color: #993300;\"><strong> G\u00f6kteki G\u00f6z<\/strong><\/span><\/td>\n<td>Philip K. Dick<\/td>\n<\/tr>\n<tr>\n<td><strong>18<\/strong><\/td>\n<td><span style=\"color: #993300;\"><strong> En Son Kale<\/strong><\/span><\/td>\n<td>Jack Vance<\/td>\n<\/tr>\n<tr style=\"background-color: #d1c4a5;\">\n<td><strong>19<\/strong><\/td>\n<td><span style=\"color: #993300;\"><strong> M\u00fclks\u00fczler<\/strong><\/span><\/td>\n<td>Ursula K. Le Guin<\/td>\n<\/tr>\n<tr>\n<td><strong>20<\/strong><\/td>\n<td><span style=\"color: #993300;\"><strong> Hukuk Gladyat\u00f6r\u00fc<\/strong><\/span><\/td>\n<td>C.M. Kornbluth &amp; F. Pohl<\/td>\n<\/tr>\n<tr style=\"background-color: #d1c4a5;\">\n<td><strong>21<\/strong><\/td>\n<td><span style=\"color: #993300;\"><strong> Uzay Elbisemle Yolculu\u011fa Haz\u0131r\u0131m<\/strong><\/span><\/td>\n<td>Robert A. Heinlein<\/td>\n<\/tr>\n<tr>\n<td><strong>22<\/strong><\/td>\n<td><span style=\"color: #993300;\"><strong> Vulcan&#8217;\u0131n \u00c7ekici<\/strong><\/span><\/td>\n<td>Philip K. Dick<\/td>\n<\/tr>\n<tr style=\"background-color: #d1c4a5;\">\n<td><strong>23<\/strong><\/td>\n<td><span style=\"color: #993300;\"><strong> Postac\u0131<\/strong><\/span><\/td>\n<td>David Brin<\/td>\n<\/tr>\n<tr>\n<td><strong>24<\/strong><\/td>\n<td><span style=\"color: #993300;\"><strong> Te\u015fkilat<\/strong><\/span><\/td>\n<td>Cyril M. Kornbluth<\/td>\n<\/tr>\n<tr style=\"background-color: #d1c4a5;\">\n<td><strong>25<\/strong><\/td>\n<td><span style=\"color: #993300;\"><strong> P\u0131s\u0131r\u0131klar \u00c7a\u011f\u0131<\/strong><\/span><\/td>\n<td>Frederik Pohl<\/td>\n<\/tr>\n<tr>\n<td><strong>26<\/strong><\/td>\n<td><span style=\"color: #993300;\"><strong> Kobaylar Kamp\u0131<\/strong><\/span><\/td>\n<td>Thomas M. Disch<\/td>\n<\/tr>\n<tr style=\"background-color: #d1c4a5;\">\n<td><strong>27<\/strong><\/td>\n<td><span style=\"color: #993300;\"><strong> \u015eok Dalgas\u0131 S\u00fcvarisi<\/strong><\/span><\/td>\n<td>John Brunner<\/td>\n<\/tr>\n<tr>\n<td><strong>28<\/strong><\/td>\n<td><span style=\"color: #993300;\"><strong> Y\u0131ld\u0131z Gemisi<\/strong><\/span><\/td>\n<td>Brian Aldiss<\/td>\n<\/tr>\n<tr style=\"background-color: #d1c4a5;\">\n<td><strong>29<\/strong><\/td>\n<td><span style=\"color: #993300;\"><strong> Y\u00fcksek \u015eatodaki Adam<\/strong><\/span><\/td>\n<td>Philip K. Dick<\/td>\n<\/tr>\n<tr>\n<td><strong>30<\/strong><\/td>\n<td><span style=\"color: #993300;\"><strong> Bu \u00d6l\u00fcms\u00fcz<\/strong><\/span><\/td>\n<td>Roger Zelazny<\/td>\n<\/tr>\n<tr style=\"background-color: #d1c4a5;\">\n<td><strong>31<\/strong><\/td>\n<td><span style=\"color: #993300;\"><strong> Triton<\/strong><\/span><\/td>\n<td>Samuel Delany<\/td>\n<\/tr>\n<tr>\n<td><strong>32<\/strong><\/td>\n<td><span style=\"color: #993300;\"><strong> Ba\u011f\u0131\u015flanman\u0131n D\u00f6rt Yolu<\/strong><\/span><\/td>\n<td>Ursula K. Le Guin<\/td>\n<\/tr>\n<tr style=\"background-color: #d1c4a5;\">\n<td><strong>33<\/strong><\/td>\n<td><span style=\"color: #993300;\"><strong> Alfa Ay\u0131n\u0131n Kabileleri<\/strong><\/span><\/td>\n<td>Philip K. Dick<\/td>\n<\/tr>\n<\/tbody>\n<\/table>\n<p>&nbsp;<\/p>\n","protected":false},"excerpt":{"rendered":"<p>\u00dclkemizde bilimkurgunun ge\u00e7mi\u015fi 1950\u2019li y\u0131llara dek dayan\u0131r. \u00c7a\u011flayan Yay\u0131nevi\u2019nin yay\u0131mlad\u0131\u011f\u0131 10 kitapl\u0131k \u201cYeni D\u00fcnyalarda\u201d dizisi, asl\u0131nda her biri usta yazarlar taraf\u0131ndan yaz\u0131lm\u0131\u015f bilimkurgulard\u0131r. Yazar isminin yer almad\u0131\u011f\u0131 kitaplar, edit\u00f6rler taraf\u0131ndan k\u0131salt\u0131lm\u0131\u015f ve hatta baz\u0131lar\u0131na ek bile yap\u0131lm\u0131\u015ft\u0131r. \u0130simlerinin bire bir \u00e7evrilmedi\u011fini s\u00f6ylemekte de yarar var. Ard\u0131ndan 70\u2019li y\u0131llarda Okat Yay\u0131nevi\u2019nin 16 kitapl\u0131k \u201cUzay Serisi\u201d gelir. [&hellip;]<\/p>\n","protected":false},"author":65,"featured_media":50230,"parent":12165,"menu_order":0,"comment_status":"open","ping_status":"closed","template":"","meta":{"_acf_changed":false,"footnotes":""},"class_list":["post-43433","page","type-page","status-publish","has-post-thumbnail"],"acf":[],"_links":{"self":[{"href":"https:\/\/www.kayiprihtim.org\/portal\/wp-json\/wp\/v2\/pages\/43433","targetHints":{"allow":["GET"]}}],"collection":[{"href":"https:\/\/www.kayiprihtim.org\/portal\/wp-json\/wp\/v2\/pages"}],"about":[{"href":"https:\/\/www.kayiprihtim.org\/portal\/wp-json\/wp\/v2\/types\/page"}],"author":[{"embeddable":true,"href":"https:\/\/www.kayiprihtim.org\/portal\/wp-json\/wp\/v2\/users\/65"}],"replies":[{"embeddable":true,"href":"https:\/\/www.kayiprihtim.org\/portal\/wp-json\/wp\/v2\/comments?post=43433"}],"version-history":[{"count":1,"href":"https:\/\/www.kayiprihtim.org\/portal\/wp-json\/wp\/v2\/pages\/43433\/revisions"}],"predecessor-version":[{"id":60069,"href":"https:\/\/www.kayiprihtim.org\/portal\/wp-json\/wp\/v2\/pages\/43433\/revisions\/60069"}],"up":[{"embeddable":true,"href":"https:\/\/www.kayiprihtim.org\/portal\/wp-json\/wp\/v2\/pages\/12165"}],"wp:featuredmedia":[{"embeddable":true,"href":"https:\/\/www.kayiprihtim.org\/portal\/wp-json\/wp\/v2\/media\/50230"}],"wp:attachment":[{"href":"https:\/\/www.kayiprihtim.org\/portal\/wp-json\/wp\/v2\/media?parent=43433"}],"curies":[{"name":"wp","href":"https:\/\/api.w.org\/{rel}","templated":true}]}}