{"id":4359,"date":"2010-06-05T10:27:50","date_gmt":"2010-06-05T07:27:50","guid":{"rendered":"http:\/\/www.kayiprihtim.org\/portal\/?page_id=4359"},"modified":"2016-05-26T06:00:18","modified_gmt":"2016-05-26T03:00:18","slug":"dresden-dosyalari","status":"publish","type":"page","link":"https:\/\/www.kayiprihtim.org\/portal\/kitaplar\/dresden-dosyalari\/","title":{"rendered":"Dresden Dosyalar\u0131"},"content":{"rendered":"<p><em><strong>Jim Butcher<\/strong><\/em>\u2019\u0131n 14.\u2019s\u00fc yay\u0131nlanan ve 20\u2019den fazla kitap olarak planlad\u0131\u011f\u0131 \u015fehir fantezisi t\u00fcr\u00fcndeki serisidir. Dilimizde ilk 3 kitab\u0131 \u00e7evrilmi\u015ftir. B\u00fcy\u00fcc\u00fc Harry Dresden\u2019\u0131n g\u00f6z\u00fcnden maceralar\u0131 anlat\u0131l\u0131r.<\/p>\n<h3>Seride Bulunan Kitaplar<\/h3>\n<ol>\n<li>F\u0131rt\u0131na B\u00fcy\u00fcc\u00fcs\u00fc<\/li>\n<li>Kurtadamlar<\/li>\n<li>Hayalet Tehlikesi<\/li>\n<li>Yaz \u015e\u00f6valyesi<\/li>\n<li>\u00d6l\u00fcm Maskeleri<\/li>\n<\/ol>\n","protected":false},"excerpt":{"rendered":"<p>Jim Butcher\u2019\u0131n 14.\u2019s\u00fc yay\u0131nlanan ve 20\u2019den fazla kitap olarak planlad\u0131\u011f\u0131 \u015fehir fantezisi t\u00fcr\u00fcndeki serisidir. Dilimizde ilk 3 kitab\u0131 \u00e7evrilmi\u015ftir. B\u00fcy\u00fcc\u00fc Harry Dresden\u2019\u0131n g\u00f6z\u00fcnden maceralar\u0131 anlat\u0131l\u0131r. Seride Bulunan Kitaplar F\u0131rt\u0131na B\u00fcy\u00fcc\u00fcs\u00fc Kurtadamlar Hayalet Tehlikesi Yaz \u015e\u00f6valyesi \u00d6l\u00fcm Maskeleri<\/p>\n","protected":false},"author":1,"featured_media":0,"parent":57,"menu_order":0,"comment_status":"open","ping_status":"closed","template":"","meta":{"_acf_changed":false,"footnotes":""},"class_list":["post-4359","page","type-page","status-publish"],"acf":[],"_links":{"self":[{"href":"https:\/\/www.kayiprihtim.org\/portal\/wp-json\/wp\/v2\/pages\/4359","targetHints":{"allow":["GET"]}}],"collection":[{"href":"https:\/\/www.kayiprihtim.org\/portal\/wp-json\/wp\/v2\/pages"}],"about":[{"href":"https:\/\/www.kayiprihtim.org\/portal\/wp-json\/wp\/v2\/types\/page"}],"author":[{"embeddable":true,"href":"https:\/\/www.kayiprihtim.org\/portal\/wp-json\/wp\/v2\/users\/1"}],"replies":[{"embeddable":true,"href":"https:\/\/www.kayiprihtim.org\/portal\/wp-json\/wp\/v2\/comments?post=4359"}],"version-history":[{"count":0,"href":"https:\/\/www.kayiprihtim.org\/portal\/wp-json\/wp\/v2\/pages\/4359\/revisions"}],"up":[{"embeddable":true,"href":"https:\/\/www.kayiprihtim.org\/portal\/wp-json\/wp\/v2\/pages\/57"}],"wp:attachment":[{"href":"https:\/\/www.kayiprihtim.org\/portal\/wp-json\/wp\/v2\/media?parent=4359"}],"curies":[{"name":"wp","href":"https:\/\/api.w.org\/{rel}","templated":true}]}}