{"id":4450,"date":"2010-06-28T19:46:19","date_gmt":"2010-06-28T16:46:19","guid":{"rendered":"http:\/\/www.kayiprihtim.org\/portal\/?page_id=4450"},"modified":"2012-01-31T10:46:13","modified_gmt":"2012-01-31T08:46:13","slug":"flashforward","status":"publish","type":"page","link":"https:\/\/www.kayiprihtim.org\/portal\/kitaplar\/flashforward\/","title":{"rendered":"Flashforward"},"content":{"rendered":"<table id=\"table1\" style=\"border-collapse: collapse; height: 30px; border: thin outset;\" border=\"0\" cellpadding=\"2\" width=\"490\">\n<tbody>\n<tr>\n<td width=\"30%\" bgcolor=\"#330000\"><span style=\"font-family: Verdana; color: #ffffff;\"><strong>FLASHFORWARD<br \/>\n<\/strong><\/span><\/td>\n<\/tr>\n<\/tbody>\n<\/table>\n<table style=\"border-collapse: collapse; width: 462px; height: 250px;\" border=\"0\" cellspacing=\"0\" cellpadding=\"0\" bordercolor=\"#111111\">\n<tbody>\n<tr>\n<td width=\"58%\" align=\"center\" valign=\"top\">\n<table style=\"border-collapse: collapse; width: 315px; height: 248px;\" border=\"0\" cellspacing=\"2\">\n<tbody>\n<tr>\n<td width=\"100%\" align=\"right\">\n<table style=\"width: 310px; height: 88px;\" border=\"0\" cellspacing=\"0\">\n<tbody>\n<tr bgcolor=\"#D1C4A5\">\n<td width=\"39%\"><strong>Yazar<\/strong><\/td>\n<td width=\"3%\">:<\/td>\n<td width=\"51%\"><span style=\"color: #181512;\">Robert J. Sawyer<\/span><\/td>\n<\/tr>\n<tr bgcolor=\"#E4DDCB\">\n<td><strong>\u00c7eviri<\/strong><\/td>\n<td width=\"3%\">:<\/td>\n<td width=\"51%\">Petek Tozan<\/td>\n<\/tr>\n<tr bgcolor=\"#D1C4A5\">\n<td width=\"39%\"><strong>Hamur T\u00fcr\u00fc<\/strong><\/td>\n<td width=\"3%\">:<\/td>\n<td width=\"51%\">2. Hamur |\u00a0Ciltsiz<\/td>\n<\/tr>\n<tr bgcolor=\"#E4DDCB\">\n<td width=\"39%\"><strong>Ebat<\/strong><\/td>\n<td width=\"3%\">:<\/td>\n<td width=\"51%\">14 x 20 cm<\/td>\n<\/tr>\n<\/tbody>\n<\/table>\n<\/td>\n<\/tr>\n<tr>\n<td style=\"border-style: solid ridge ridge; border-width: 1px; padding-left: 4px; padding-right: 4px;\" width=\"100%\" bgcolor=\"#C0B18D\"><strong><span style=\"font-size: 9pt; font-family: Tahoma;\">Abis Yay\u0131nc\u0131l\u0131k<br \/>\n<\/span><\/strong><\/td>\n<\/tr>\n<tr>\n<td width=\"100%\" align=\"right\">\n<table style=\"width: 310px; height: 88px;\" border=\"0\" cellspacing=\"0\">\n<tbody>\n<tr bgcolor=\"#D1C4A5\">\n<td width=\"39%\"><strong>\u00c7\u0131k\u0131\u015f Tarihi<\/strong><\/td>\n<td width=\"3%\">:<\/td>\n<td width=\"51%\"><span style=\"color: #181512;\">Haziran, 2010<\/span><\/td>\n<\/tr>\n<tr bgcolor=\"#E4DDCB\">\n<td><strong>Sayfa Say\u0131s\u0131<\/strong><\/td>\n<td width=\"3%\">:<\/td>\n<td width=\"51%\">352<\/td>\n<\/tr>\n<tr bgcolor=\"#D1C4A5\">\n<td width=\"39%\"><strong>Fiyat\u0131<\/strong><\/td>\n<td width=\"3%\">:<\/td>\n<td width=\"51%\">18,50 TL<\/td>\n<\/tr>\n<tr bgcolor=\"#E4DDCB\">\n<td width=\"39%\"><strong>ISBN No<\/strong><\/td>\n<td width=\"3%\">:<\/td>\n<td width=\"51%\">9786056057298<\/td>\n<\/tr>\n<\/tbody>\n<\/table>\n<\/td>\n<\/tr>\n<\/tbody>\n<\/table>\n<\/td>\n<td width=\"39%\" align=\"left\" valign=\"top\">\n<p style=\"text-align: center;\"><a href=\"https:\/\/www.kayiprihtim.org\/portal\/gorsel\/flashforward.jpg\" target=\"_blank\"><img decoding=\"async\" src=\"https:\/\/www.kayiprihtim.org\/portal\/gorsel\/flashforward.jpg\" border=\"0\" alt=\"\" hspace=\"1\" width=\"140\" height=\"219\" class=\"aligncenter\"><\/a><\/p>\n<\/td>\n<\/tr>\n<\/tbody>\n<\/table>\n<table style=\"border-collapse: collapse; width: 47%;\" border=\"0\" cellpadding=\"0\">\n<tbody>\n<tr>\n<td width=\"54%\">\n<table style=\"border-collapse: collapse; height: 147px; width: 470px;\" border=\"0\" cellspacing=\"0\" cellpadding=\"2\">\n<tbody>\n<tr>\n<td style=\"border-style: solid ridge ridge; border-width: 1px; padding-left: 4px; padding-right: 4px;\" width=\"98%\" bgcolor=\"#C0B18D\"><strong><span style=\"font-size: 9pt; font-family: Tahoma;\">Tan\u0131t\u0131m Yaz\u0131s\u0131<br \/>\n<\/span><\/strong><\/td>\n<\/tr>\n<tr>\n<td width=\"99%\" align=\"left\">\n<table style=\"width: 465px;\" border=\"0\">\n<tbody>\n<tr>\n<td style=\"border-style: outset; border-width: 1px;\" width=\"96%\" bgcolor=\"#D1C4A5\">\n<table style=\"border-collapse: collapse; width: 452px; height: 199px;\" border=\"0\" cellspacing=\"0\" cellpadding=\"5\" bgcolor=\"#D1C4A5\" bordercolor=\"#D1C4A5\">\n<tbody>\n<tr>\n<td width=\"96%\" bgcolor=\"#D1C4A5\">Amerikan ABC kanal\u0131nda ayn\u0131 adla yay\u0131nlanan ve d\u00fcnya \u00fczerinde milyonlarca tutkunu olan dizi filmin senaryosunun dayand\u0131\u011f\u0131 metindir Flashforward.Cern olarak adland\u0131r\u0131lan ve \u00e7ok say\u0131da \u00fclkenin kat\u0131l\u0131m\u0131yla \u0130svi\u00e7re&#8217;de, yerin alt\u0131nda kurulmu\u015f laboratuarda &#8220;Higgs&#8221; veya &#8220;Tanr\u0131 par\u00e7ac\u0131\u011f\u0131&#8221; olarak bilinen ve evreni var etti\u011fi iddia edilen &#8220;ilk maddeyi&#8221; elde etmek i\u00e7in o g\u00fcne kadar g\u00f6r\u00fclmemi\u015f g\u00fc\u00e7te enerji \u00fcreten &#8220;\u00e7arp\u0131\u015fma&#8221; deneyi i\u00e7in d\u00fc\u011fmeye bas\u0131lm\u0131\u015ft\u0131r. Fakat d\u00fc\u011fmeye bas\u0131l\u0131r bas\u0131lmaz beklenmedik olaylar dizisi ba\u015flar: d\u00fcnyadaki herkes birka\u00e7 dakikal\u0131\u011f\u0131na uykuya dalar ve insanlar\u0131n bilin\u00e7leri yirmi bir y\u0131l sonras\u0131na gider. Bu birka\u00e7 dakika sona erip insanlar kendilerine geldiklerinde herkes gelecekle ilgili bilgi sahibi olmu\u015f ve inan\u0131lmaz olaylar ya\u015fanmaya ba\u015flam\u0131\u015ft\u0131r.<\/p>\n<p>&#8220;Uluslar aras\u0131 kabul g\u00f6rm\u00fc\u015f Robert J. Sawyer kadar geni\u015f bir hayal d\u00fcnyas\u0131 olan \u00e7a\u011fda\u015f bir bilimkurgu yazar\u0131n\u0131n var oldu\u011funu d\u00fc\u015f\u00fcnmek hayli zor.&#8221;<br \/>\n<strong>-The Toronto Star-<\/strong><\/p>\n<p>&#8220;Robert J. Sawyer yetenekli ve hatta c\u00fcretk\u00e2r bir anlat\u0131c\u0131.&#8221;<br \/>\n<strong>-Amazing Stories-<\/strong><\/p>\n<p>&#8220;Sawyer g\u00fcnl\u00fck ya\u015fama ili\u015fkin olaylar\u0131 tuzla buz olmu\u015f bir d\u00fcnya g\u00f6r\u00fcnt\u00fcs\u00fcyle tasvir eden parlak bir \u00fcslubun sahibi.&#8221;<br \/>\n<strong>-The Gainesville Sun-<\/strong><\/td>\n<\/tr>\n<\/tbody>\n<\/table>\n<\/td>\n<\/tr>\n<\/tbody>\n<\/table>\n<\/td>\n<\/tr>\n<\/tbody>\n<\/table>\n<\/td>\n<\/tr>\n<\/tbody>\n<\/table>\n","protected":false},"excerpt":{"rendered":"<p>FLASHFORWARD Yazar : Robert J. Sawyer \u00c7eviri : Petek Tozan Hamur T\u00fcr\u00fc : 2. Hamur |\u00a0Ciltsiz Ebat : 14 x 20 cm Abis Yay\u0131nc\u0131l\u0131k \u00c7\u0131k\u0131\u015f Tarihi : Haziran, 2010 Sayfa Say\u0131s\u0131 : 352 Fiyat\u0131 : 18,50 TL ISBN No : 9786056057298 Tan\u0131t\u0131m Yaz\u0131s\u0131 Amerikan ABC kanal\u0131nda ayn\u0131 adla yay\u0131nlanan ve d\u00fcnya \u00fczerinde milyonlarca tutkunu olan [&hellip;]<\/p>\n","protected":false},"author":1,"featured_media":0,"parent":57,"menu_order":0,"comment_status":"open","ping_status":"closed","template":"","meta":{"_acf_changed":false,"footnotes":""},"class_list":["post-4450","page","type-page","status-publish"],"acf":[],"_links":{"self":[{"href":"https:\/\/www.kayiprihtim.org\/portal\/wp-json\/wp\/v2\/pages\/4450","targetHints":{"allow":["GET"]}}],"collection":[{"href":"https:\/\/www.kayiprihtim.org\/portal\/wp-json\/wp\/v2\/pages"}],"about":[{"href":"https:\/\/www.kayiprihtim.org\/portal\/wp-json\/wp\/v2\/types\/page"}],"author":[{"embeddable":true,"href":"https:\/\/www.kayiprihtim.org\/portal\/wp-json\/wp\/v2\/users\/1"}],"replies":[{"embeddable":true,"href":"https:\/\/www.kayiprihtim.org\/portal\/wp-json\/wp\/v2\/comments?post=4450"}],"version-history":[{"count":0,"href":"https:\/\/www.kayiprihtim.org\/portal\/wp-json\/wp\/v2\/pages\/4450\/revisions"}],"up":[{"embeddable":true,"href":"https:\/\/www.kayiprihtim.org\/portal\/wp-json\/wp\/v2\/pages\/57"}],"wp:attachment":[{"href":"https:\/\/www.kayiprihtim.org\/portal\/wp-json\/wp\/v2\/media?parent=4450"}],"curies":[{"name":"wp","href":"https:\/\/api.w.org\/{rel}","templated":true}]}}