{"id":4513,"date":"2010-07-07T19:37:17","date_gmt":"2010-07-07T16:37:17","guid":{"rendered":"http:\/\/www.kayiprihtim.org\/portal\/?page_id=4513"},"modified":"2011-05-29T03:54:07","modified_gmt":"2011-05-29T00:54:07","slug":"karya-kralicesi","status":"publish","type":"page","link":"https:\/\/www.kayiprihtim.org\/portal\/kitaplar\/karya-kralicesi\/","title":{"rendered":"Karya Krali\u00e7esi"},"content":{"rendered":"<table style=\"border: thin outset; border-collapse: collapse; height: 30px; width: 470px;\" border=\"0\" cellpadding=\"2\">\n<tbody>\n<tr>\n<td width=\"30%\" bgcolor=\"#330000\"><span style=\"font-family: Verdana; color: #ffffff;\"><strong>KARYA KRAL\u0130\u00c7ES\u0130<br \/>\n<\/strong><\/span><\/td>\n<\/tr>\n<\/tbody>\n<\/table>\n<table style=\"border-collapse: collapse; width: 462px; height: 250px;\" border=\"0\" cellspacing=\"0\" cellpadding=\"0\" bordercolor=\"#111111\">\n<tbody>\n<tr>\n<td width=\"58%\" align=\"center\" valign=\"top\">\n<table style=\"border-collapse: collapse; width: 315px; height: 248px;\" border=\"0\" cellspacing=\"2\">\n<tbody>\n<tr>\n<td width=\"100%\" align=\"right\">\n<table style=\"width: 310px; height: 88px;\" border=\"0\" cellspacing=\"0\">\n<tbody>\n<tr bgcolor=\"#D1C4A5\">\n<td width=\"39%\"><strong>Yazar<\/strong><\/td>\n<td width=\"3%\">:<\/td>\n<td width=\"51%\"><span style=\"color: #800000;\"><strong>Funda Kalayc\u0131o\u011flu<\/strong><\/span><span style=\"color: #181512;\"><br \/>\n<\/span><\/td>\n<\/tr>\n<tr bgcolor=\"#E4DDCB\">\n<td><strong>Edit\u00f6r<\/strong><\/td>\n<td width=\"3%\">:<\/td>\n<td width=\"51%\">Aysel B\u00f6l\u00fccek<\/td>\n<\/tr>\n<tr bgcolor=\"#D1C4A5\">\n<td width=\"39%\"><strong>Yay\u0131n Y\u00f6netmeni<\/strong><strong><br \/>\n<\/strong><\/td>\n<td width=\"3%\">:<\/td>\n<td width=\"51%\">Ert\u00fcrk Ak\u015fun<\/td>\n<\/tr>\n<tr bgcolor=\"#E4DDCB\">\n<td width=\"39%\"><strong>Ebat<br \/>\n<\/strong><\/td>\n<td width=\"3%\">:<\/td>\n<td width=\"51%\">Ciltsiz | 14 x 21 cm<\/td>\n<\/tr>\n<\/tbody>\n<\/table>\n<\/td>\n<\/tr>\n<tr>\n<td style=\"border-style: solid ridge ridge; border-width: 1px; padding-left: 4px; padding-right: 4px;\" width=\"100%\" bgcolor=\"#C0B18D\"><strong><span style=\"font-size: 9pt; font-family: Tahoma;\">Destek Yay\u0131nlar\u0131<br \/>\n<\/span><\/strong><\/td>\n<\/tr>\n<tr>\n<td width=\"100%\" align=\"right\">\n<table style=\"width: 310px; height: 88px;\" border=\"0\" cellspacing=\"0\">\n<tbody>\n<tr bgcolor=\"#E4DDCB\">\n<td width=\"39%\"><strong>\u00c7\u0131k\u0131\u015f Tarihi<\/strong><strong><br \/>\n<\/strong><\/td>\n<td width=\"3%\">:<\/td>\n<td width=\"51%\"><span style=\"color: #181512;\">Temmuz, 2010<\/span><span style=\"color: #181512;\"><br \/>\n<\/span><\/td>\n<\/tr>\n<tr bgcolor=\"#D1C4A5\">\n<td><strong>Sayfa Say\u0131s\u0131<\/strong><\/td>\n<td width=\"3%\">:<\/td>\n<td width=\"51%\">400<\/td>\n<\/tr>\n<tr bgcolor=\"#E4DDCB\">\n<td width=\"39%\"><strong>Fiyat\u0131<\/strong><\/td>\n<td width=\"3%\">:<\/td>\n<td width=\"51%\">22,00 TL<\/td>\n<\/tr>\n<tr bgcolor=\"#D1C4A5\">\n<td width=\"39%\"><strong>ISBN No<\/strong><\/td>\n<td width=\"3%\">:<\/td>\n<td width=\"51%\">9789944298827<\/td>\n<\/tr>\n<\/tbody>\n<\/table>\n<\/td>\n<\/tr>\n<\/tbody>\n<\/table>\n<\/td>\n<td width=\"39%\" align=\"left\" valign=\"top\">\n<p style=\"text-align: center;\">\n<p><a href=\"hhttps:\/\/www.kayiprihtim.org\/portal\/gorsel\/karya-kralicesi.jpg\" target=\"_blank\"><img decoding=\"async\" class=\"aligncenter\" src=\"https:\/\/www.kayiprihtim.org\/portal\/gorsel\/karya-kralicesi.jpg\" border=\"0\" alt=\"\" hspace=\"1\" width=\"140\" height=\"219\"><\/a><\/td>\n<\/tr>\n<\/tbody>\n<\/table>\n<table style=\"border-collapse: collapse; width: 47%;\" border=\"0\" cellpadding=\"0\">\n<tbody>\n<tr>\n<td width=\"54%\">\n<table style=\"border-collapse: collapse; height: 147px; width: 470px;\" border=\"0\" cellspacing=\"0\" cellpadding=\"2\">\n<tbody>\n<tr>\n<td style=\"border-style: solid ridge ridge; border-width: 1px; padding-left: 4px; padding-right: 4px;\" width=\"98%\" bgcolor=\"#C0B18D\"><strong><span style=\"font-size: 9pt; font-family: Tahoma;\">Tan\u0131t\u0131m Yaz\u0131s\u0131<br \/>\n<\/span><\/strong><\/td>\n<\/tr>\n<tr>\n<td width=\"99%\" align=\"left\">\n<table style=\"width: 465px;\" border=\"0\">\n<tbody>\n<tr>\n<td style=\"border-style: outset; border-width: 1px;\" width=\"96%\" bgcolor=\"#D1C4A5\">\n<table style=\"border-collapse: collapse; width: 452px; height: 199px;\" border=\"0\" cellspacing=\"0\" cellpadding=\"5\" bgcolor=\"#D1C4A5\" bordercolor=\"#D1C4A5\">\n<tbody>\n<tr>\n<td width=\"96%\" bgcolor=\"#D1C4A5\">Karya&#8217;n\u0131n y\u00fcce Krali\u00e7esiydi o&#8230; G\u00f6revleri, tac\u0131 ve h\u00fckmetmek zorunda oldu\u011fu bir \u00fclkesi vard\u0131. Tac\u0131 elinden al\u0131n\u0131p ba\u015fkenti Halikarnas&#8217;tan uzakla\u015ft\u0131r\u0131ld\u0131\u011f\u0131nda geri d\u00f6nece\u011fine yenim etmi\u015fti. Yeminini tuttu! Fakat ne pahas\u0131na&#8230;<\/p>\n<p>\u0130ki \u00f6l\u00fcms\u00fcz varl\u0131\u011fa ba\u011flam\u0131\u015ft\u0131 t\u00fcm ya\u015fam\u0131n\u0131; Sevgili kenti Halikarnas ve Zeus&#8217;un o\u011flu B\u00fcy\u00fck \u0130skender&#8230; Asya&#8217;n\u0131n Kral\u0131! \u00d6mr\u00fcn\u00fc bu iki sevgili varl\u0131\u011fa asla sahip olunamayaca\u011f\u0131n\u0131 \u00f6\u011frenerek t\u00fcketti, bitirdi. Y\u00fcce Tanr\u0131 Krali\u00e7e olarak a\u011flayamazd\u0131. Di\u011fer \u00f6l\u00fcml\u00fcler gibi g\u00f6nl\u00fcn\u00fcn pe\u015finden gidemez, onlara \u00f6zg\u00fc zay\u0131fl\u0131klar\u0131 olamazd\u0131. Fakat Y\u00fcce Tanr\u0131lar\u0131 ona \u00f6\u011frettiler.<\/p>\n<p>&#8220;Halikarnas&#8217;\u0131n Gizemi,&#8221; Karya Krali\u00e7esi Ada&#8217;yla Asya&#8217;n\u0131n Kral\u0131 B\u00fcy\u00fck \u0130skender&#8217;in bin y\u0131llar\u0131n karanl\u0131klar\u0131na g\u00f6m\u00fclm\u00fc\u015f olan ve ne yaz\u0131k ki yeterince bilgiye sahip olamad\u0131\u011f\u0131m\u0131z a\u015fklar\u0131n\u0131n, tarihi ger\u00e7ekler \u0131\u015f\u0131\u011f\u0131nda kurgulanm\u0131\u015f \u00f6yk\u00fcs\u00fcd\u00fcr.<\/td>\n<\/tr>\n<\/tbody>\n<\/table>\n<\/td>\n<\/tr>\n<\/tbody>\n<\/table>\n<\/td>\n<\/tr>\n<\/tbody>\n<\/table>\n<\/td>\n<\/tr>\n<\/tbody>\n<\/table>\n","protected":false},"excerpt":{"rendered":"<p>KARYA KRAL\u0130\u00c7ES\u0130 Yazar : Funda Kalayc\u0131o\u011flu Edit\u00f6r : Aysel B\u00f6l\u00fccek Yay\u0131n Y\u00f6netmeni : Ert\u00fcrk Ak\u015fun Ebat : Ciltsiz | 14 x 21 cm Destek Yay\u0131nlar\u0131 \u00c7\u0131k\u0131\u015f Tarihi : Temmuz, 2010 Sayfa Say\u0131s\u0131 : 400 Fiyat\u0131 : 22,00 TL ISBN No : 9789944298827 Tan\u0131t\u0131m Yaz\u0131s\u0131 Karya&#8217;n\u0131n y\u00fcce Krali\u00e7esiydi o&#8230; G\u00f6revleri, tac\u0131 ve h\u00fckmetmek zorunda oldu\u011fu bir [&hellip;]<\/p>\n","protected":false},"author":1,"featured_media":0,"parent":57,"menu_order":0,"comment_status":"open","ping_status":"closed","template":"","meta":{"_acf_changed":false,"footnotes":""},"class_list":["post-4513","page","type-page","status-publish"],"acf":[],"_links":{"self":[{"href":"https:\/\/www.kayiprihtim.org\/portal\/wp-json\/wp\/v2\/pages\/4513","targetHints":{"allow":["GET"]}}],"collection":[{"href":"https:\/\/www.kayiprihtim.org\/portal\/wp-json\/wp\/v2\/pages"}],"about":[{"href":"https:\/\/www.kayiprihtim.org\/portal\/wp-json\/wp\/v2\/types\/page"}],"author":[{"embeddable":true,"href":"https:\/\/www.kayiprihtim.org\/portal\/wp-json\/wp\/v2\/users\/1"}],"replies":[{"embeddable":true,"href":"https:\/\/www.kayiprihtim.org\/portal\/wp-json\/wp\/v2\/comments?post=4513"}],"version-history":[{"count":0,"href":"https:\/\/www.kayiprihtim.org\/portal\/wp-json\/wp\/v2\/pages\/4513\/revisions"}],"up":[{"embeddable":true,"href":"https:\/\/www.kayiprihtim.org\/portal\/wp-json\/wp\/v2\/pages\/57"}],"wp:attachment":[{"href":"https:\/\/www.kayiprihtim.org\/portal\/wp-json\/wp\/v2\/media?parent=4513"}],"curies":[{"name":"wp","href":"https:\/\/api.w.org\/{rel}","templated":true}]}}