{"id":45263,"date":"2015-08-11T01:07:01","date_gmt":"2015-08-10T22:07:01","guid":{"rendered":"http:\/\/www.kayiprihtim.org\/portal\/?page_id=45263"},"modified":"2015-08-11T01:08:21","modified_gmt":"2015-08-10T22:08:21","slug":"nice-35lere-harry-potter","status":"publish","type":"page","link":"https:\/\/www.kayiprihtim.org\/portal\/projeler\/nice-35lere-harry-potter\/","title":{"rendered":"Nice 35&#8217;lere Harry Potter!"},"content":{"rendered":"<p style=\"text-align: center;\"><img fetchpriority=\"high\" decoding=\"async\" class=\"aligncenter size-full wp-image-45238\" src=\"https:\/\/www.kayiprihtim.org\/portal\/gorsel\/2015\/08\/Nice-35lere-Harry.jpg\" alt=\"Nice 35lere Harry\" width=\"787\" height=\"1400\" srcset=\"https:\/\/www.kayiprihtim.org\/portal\/gorsel\/2015\/08\/Nice-35lere-Harry.jpg 787w, https:\/\/www.kayiprihtim.org\/portal\/gorsel\/2015\/08\/Nice-35lere-Harry-169x300.jpg 169w, https:\/\/www.kayiprihtim.org\/portal\/gorsel\/2015\/08\/Nice-35lere-Harry-576x1024.jpg 576w\" sizes=\"(max-width: 787px) 100vw, 787px\" \/><\/p>\n<p><span style=\"font-size: 12pt; font-family: courier new,courier,monospace; color: #000080;\">\u00c7eviri, <strong>B\u00dcLENT \u00d6ZG\u00dcN<\/strong><\/span><br \/>\n<span style=\"font-size: 12pt; font-family: courier new,courier,monospace; color: #000080;\"> Edit\u00f6r, <strong>M. \u0130HSAN TATAR\u0130<\/strong><\/span><\/p>\n","protected":false},"excerpt":{"rendered":"<p>\u00c7eviri, B\u00dcLENT \u00d6ZG\u00dcN Edit\u00f6r, M. \u0130HSAN TATAR\u0130<\/p>\n","protected":false},"author":1,"featured_media":0,"parent":12165,"menu_order":0,"comment_status":"open","ping_status":"closed","template":"fullwidth.php","meta":{"_acf_changed":false,"footnotes":""},"class_list":{"0":"post-45263","1":"page","2":"type-page","3":"status-publish","5":"kose_yazari-bulent-ozgun","6":"kose_yazari-m-ihsan-tatari-arsivi"},"acf":[],"_links":{"self":[{"href":"https:\/\/www.kayiprihtim.org\/portal\/wp-json\/wp\/v2\/pages\/45263","targetHints":{"allow":["GET"]}}],"collection":[{"href":"https:\/\/www.kayiprihtim.org\/portal\/wp-json\/wp\/v2\/pages"}],"about":[{"href":"https:\/\/www.kayiprihtim.org\/portal\/wp-json\/wp\/v2\/types\/page"}],"author":[{"embeddable":true,"href":"https:\/\/www.kayiprihtim.org\/portal\/wp-json\/wp\/v2\/users\/1"}],"replies":[{"embeddable":true,"href":"https:\/\/www.kayiprihtim.org\/portal\/wp-json\/wp\/v2\/comments?post=45263"}],"version-history":[{"count":0,"href":"https:\/\/www.kayiprihtim.org\/portal\/wp-json\/wp\/v2\/pages\/45263\/revisions"}],"up":[{"embeddable":true,"href":"https:\/\/www.kayiprihtim.org\/portal\/wp-json\/wp\/v2\/pages\/12165"}],"wp:attachment":[{"href":"https:\/\/www.kayiprihtim.org\/portal\/wp-json\/wp\/v2\/media?parent=45263"}],"curies":[{"name":"wp","href":"https:\/\/api.w.org\/{rel}","templated":true}]}}