{"id":4572,"date":"2010-07-16T14:24:41","date_gmt":"2010-07-16T11:24:41","guid":{"rendered":"http:\/\/www.kayiprihtim.org\/portal\/?page_id=4572"},"modified":"2012-01-31T10:47:36","modified_gmt":"2012-01-31T08:47:36","slug":"golge-kardesligi","status":"publish","type":"page","link":"https:\/\/www.kayiprihtim.org\/portal\/kitaplar\/golge-kardesligi\/","title":{"rendered":"G\u00f6lge Karde\u015fli\u011fi"},"content":{"rendered":"<table style=\"border: thin outset; border-collapse: collapse; height: 30px; width: 470px;\" border=\"0\" cellpadding=\"2\">\n<tbody>\n<tr>\n<td width=\"30%\" bgcolor=\"#330000\"><span style=\"font-family: Verdana; color: #ffffff;\"><strong>G\u00d6LGE KARDE\u015eL\u0130\u011e\u0130<br \/>\n<\/strong><\/span><\/td>\n<\/tr>\n<\/tbody>\n<\/table>\n<table style=\"border-collapse: collapse; width: 462px; height: 250px;\" border=\"0\" cellspacing=\"0\" cellpadding=\"0\" bordercolor=\"#111111\">\n<tbody>\n<tr>\n<td width=\"58%\" align=\"center\" valign=\"top\">\n<table style=\"border-collapse: collapse; width: 315px; height: 248px;\" border=\"0\" cellspacing=\"2\">\n<tbody>\n<tr>\n<td width=\"100%\" align=\"right\">\n<table style=\"width: 310px; height: 88px;\" border=\"0\" cellspacing=\"0\">\n<tbody>\n<tr bgcolor=\"#D1C4A5\">\n<td width=\"39%\"><strong>Yazar<\/strong><\/td>\n<td width=\"3%\">:<\/td>\n<td width=\"51%\"><span style=\"color: #181512;\">Sabit S\u00fcmer<\/span><span style=\"color: #181512;\"><br \/>\n<\/span><\/td>\n<\/tr>\n<tr bgcolor=\"#E4DDCB\">\n<td><strong>Ebat<\/strong><\/td>\n<td width=\"3%\">:<\/td>\n<td width=\"51%\">14 x 21 cm<\/td>\n<\/tr>\n<tr bgcolor=\"#D1C4A5\">\n<td width=\"39%\"><strong>Kapak T\u00fcr\u00fc<\/strong><strong><br \/>\n<\/strong><\/td>\n<td width=\"3%\">:<\/td>\n<td width=\"51%\">Ciltsiz<\/td>\n<\/tr>\n<tr bgcolor=\"#E4DDCB\">\n<td width=\"39%\"><strong>Hamur T\u00fcr\u00fc<br \/>\n<\/strong><\/td>\n<td width=\"3%\">:<\/td>\n<td width=\"51%\">2. Hamur<\/td>\n<\/tr>\n<\/tbody>\n<\/table>\n<\/td>\n<\/tr>\n<tr>\n<td style=\"border-style: solid ridge ridge; border-width: 1px; padding-left: 4px; padding-right: 4px;\" width=\"100%\" bgcolor=\"#C0B18D\"><strong><span style=\"font-size: 9pt; font-family: Tahoma;\">Dama Yay\u0131nlar\u0131<br \/>\n<\/span><\/strong><\/td>\n<\/tr>\n<tr>\n<td width=\"100%\" align=\"right\">\n<table style=\"width: 310px; height: 88px;\" border=\"0\" cellspacing=\"0\">\n<tbody>\n<tr bgcolor=\"#D1C4A5\">\n<td width=\"39%\"><strong>\u00c7\u0131k\u0131\u015f Tarihi<\/strong><strong><br \/>\n<\/strong><\/td>\n<td width=\"3%\">:<\/td>\n<td width=\"51%\"><span style=\"color: #181512;\">Temmuz, 2010<\/span><span style=\"color: #181512;\"><br \/>\n<\/span><\/td>\n<\/tr>\n<tr bgcolor=\"#E4DDCB\">\n<td><strong>Sayfa Say\u0131s\u0131<\/strong><\/td>\n<td width=\"3%\">:<\/td>\n<td width=\"51%\">440<\/td>\n<\/tr>\n<tr bgcolor=\"#D1C4A5\">\n<td width=\"39%\"><strong>Fiyat\u0131<\/strong><\/td>\n<td width=\"3%\">:<\/td>\n<td width=\"51%\">15,00 TL<\/td>\n<\/tr>\n<tr bgcolor=\"#E4DDCB\">\n<td width=\"39%\"><strong>ISBN No<\/strong><\/td>\n<td width=\"3%\">:<\/td>\n<td width=\"51%\">9786055579043<\/td>\n<\/tr>\n<\/tbody>\n<\/table>\n<\/td>\n<\/tr>\n<\/tbody>\n<\/table>\n<\/td>\n<td width=\"39%\" align=\"left\" valign=\"top\">\n<p style=\"text-align: center;\">\n<p><a href=\"https:\/\/www.kayiprihtim.org\/portal\/gorsel\/golge-kardesligi.jpg\" target=\"_blank\"><img decoding=\"async\" src=\"https:\/\/www.kayiprihtim.org\/portal\/gorsel\/golge-kardesligi.jpg\" border=\"0\" alt=\"\" hspace=\"1\" width=\"140\" height=\"219\" class=\"aligncenter\"><\/a><\/td>\n<\/tr>\n<\/tbody>\n<\/table>\n<table style=\"border-collapse: collapse; width: 47%;\" border=\"0\" cellpadding=\"0\">\n<tbody>\n<tr>\n<td width=\"54%\">\n<table style=\"border-collapse: collapse; height: 147px; width: 470px;\" border=\"0\" cellspacing=\"0\" cellpadding=\"2\">\n<tbody>\n<tr>\n<td style=\"border-style: solid ridge ridge; border-width: 1px; padding-left: 4px; padding-right: 4px;\" width=\"98%\" bgcolor=\"#C0B18D\"><strong><span style=\"font-size: 9pt; font-family: Tahoma;\">Tan\u0131t\u0131m Yaz\u0131s\u0131<br \/>\n<\/span><\/strong><\/td>\n<\/tr>\n<tr>\n<td width=\"99%\" align=\"left\">\n<table style=\"width: 465px;\" border=\"0\">\n<tbody>\n<tr>\n<td style=\"border-style: outset; border-width: 1px;\" width=\"96%\" bgcolor=\"#D1C4A5\">\n<table style=\"border-collapse: collapse; width: 452px; height: 199px;\" border=\"0\" cellspacing=\"0\" cellpadding=\"5\" bgcolor=\"#D1C4A5\" bordercolor=\"#D1C4A5\">\n<tbody>\n<tr>\n<td width=\"96%\" bgcolor=\"#D1C4A5\">D\u00fcnya \u00e7ap\u0131nda bir roman yazar\u0131ndan, harika bir roman. &#8216;G\u00f6lge Karde\u015fli\u011fi&#8217;ni okuduktan sonra Sabit S\u00fcmer&#8217;in di\u011fer romanlar\u0131n\u0131n pe\u015fine d\u00fc\u015fece\u011finizin garantisini veririm.&#8221;<br \/>\n<strong>-Hasan &#8220;Sonsuz&#8221; \u00c7elikta\u015f \/ derki.com Genel Yay\u0131n Y\u00f6netmeni \/ Ak\u015fam Gazetesi Yazar\u0131-<\/strong><\/p>\n<p>Her \u015fey \u00c7\u0131kr\u0131k\u00e7\u0131lar Yoku\u015fu&#8217;nda, antikac\u0131 Efraim&#8217;den al\u0131nan, o eski foto\u011fraf makinesiyle ba\u015flad\u0131&#8230; Gen\u00e7 adam, antika Vorglander&#8217;in i\u00e7inde unutulmu\u015f, \u00e7eyrek y\u00fczy\u0131ll\u0131k bir filmden bas\u0131lan tek kare foto\u011fraf\u0131n, kendisini nerelere s\u00fcr\u00fckleyece\u011fini asla tahmin edemezdi. O, s\u0131rf insanca bir merak y\u00fcz\u00fcnden, makinenin gen\u00e7 ya\u015fta kalp krizinden \u00f6len son sahibi, gazeteci G\u00fclsevin Kutlu&#8217;nun, Tarsus&#8217;ta bir otel odas\u0131nda sona eren &#8216;h\u00fcz\u00fcnl\u00fc \u00f6yk\u00fcs\u00fcne&#8217; ula\u015fmay\u0131 istemi\u015fti. Oysa onun yerine kendisini, bir anda kan ve \u00f6l\u00fcmden olu\u015fan bir deh\u015fet denizinde \u00e7\u0131rp\u0131n\u0131rken buluverdi.<\/p>\n<p>Foto\u011fraftaki dinsel temal\u0131 garip binada ya\u015fananlar\u0131 \u00f6\u011frenmek ad\u0131na yapt\u0131\u011f\u0131 ara\u015ft\u0131rma, kendisini Toroslardaki o korkun\u00e7 s\u0131rra sahip, ya\u015fl\u0131 dervi\u015fe g\u00f6t\u00fcrd\u00fc. Dervi\u015f Salih&#8217;in vicdan\u0131na y\u00fckledi\u011fi g\u00f6revse, ki\u015fili\u011finin bir metamorfoza u\u011framas\u0131na neden oldu gen\u00e7 adam\u0131n. \u00d6\u011frendi\u011fi ger\u00e7eklerin ard\u0131ndan, O\u011fuz Kara\u00e7ay, art\u0131k bamba\u015fka biriydi. \u00dcstlendi\u011fi \u00f6l\u00fcmc\u00fcl g\u00f6rev onu \u00f6nce Rodos&#8217;a, ard\u0131ndan da Madrid&#8217;e s\u00fcr\u00fckledi. Nihayet Toledo&#8217;ya ula\u015ft\u0131\u011f\u0131nda, tarihin ya\u015fayan en kanl\u0131 ama en organize tarikat\u0131n\u0131n e\u015fi\u011finden i\u00e7eri ilk ad\u0131m\u0131n\u0131 atmak \u00fczereydi. Bin y\u0131lda, milyonlarca insan\u0131n \u00f6l\u00fcm\u00fcnden sorumlu G\u00f6lge Karde\u015fli\u011fi, sonuna dek a\u00e7\u0131lm\u0131\u015f, karanl\u0131k dev bir a\u011f\u0131z gibi gen\u00e7 adam\u0131 bekliyordu&#8230;<\/td>\n<\/tr>\n<\/tbody>\n<\/table>\n<\/td>\n<\/tr>\n<\/tbody>\n<\/table>\n<\/td>\n<\/tr>\n<\/tbody>\n<\/table>\n<\/td>\n<\/tr>\n<\/tbody>\n<\/table>\n","protected":false},"excerpt":{"rendered":"<p>G\u00d6LGE KARDE\u015eL\u0130\u011e\u0130 Yazar : Sabit S\u00fcmer Ebat : 14 x 21 cm Kapak T\u00fcr\u00fc : Ciltsiz Hamur T\u00fcr\u00fc : 2. Hamur Dama Yay\u0131nlar\u0131 \u00c7\u0131k\u0131\u015f Tarihi : Temmuz, 2010 Sayfa Say\u0131s\u0131 : 440 Fiyat\u0131 : 15,00 TL ISBN No : 9786055579043 Tan\u0131t\u0131m Yaz\u0131s\u0131 D\u00fcnya \u00e7ap\u0131nda bir roman yazar\u0131ndan, harika bir roman. &#8216;G\u00f6lge Karde\u015fli\u011fi&#8217;ni okuduktan sonra Sabit [&hellip;]<\/p>\n","protected":false},"author":1,"featured_media":0,"parent":57,"menu_order":0,"comment_status":"open","ping_status":"closed","template":"","meta":{"_acf_changed":false,"footnotes":""},"class_list":["post-4572","page","type-page","status-publish"],"acf":[],"_links":{"self":[{"href":"https:\/\/www.kayiprihtim.org\/portal\/wp-json\/wp\/v2\/pages\/4572","targetHints":{"allow":["GET"]}}],"collection":[{"href":"https:\/\/www.kayiprihtim.org\/portal\/wp-json\/wp\/v2\/pages"}],"about":[{"href":"https:\/\/www.kayiprihtim.org\/portal\/wp-json\/wp\/v2\/types\/page"}],"author":[{"embeddable":true,"href":"https:\/\/www.kayiprihtim.org\/portal\/wp-json\/wp\/v2\/users\/1"}],"replies":[{"embeddable":true,"href":"https:\/\/www.kayiprihtim.org\/portal\/wp-json\/wp\/v2\/comments?post=4572"}],"version-history":[{"count":0,"href":"https:\/\/www.kayiprihtim.org\/portal\/wp-json\/wp\/v2\/pages\/4572\/revisions"}],"up":[{"embeddable":true,"href":"https:\/\/www.kayiprihtim.org\/portal\/wp-json\/wp\/v2\/pages\/57"}],"wp:attachment":[{"href":"https:\/\/www.kayiprihtim.org\/portal\/wp-json\/wp\/v2\/media?parent=4572"}],"curies":[{"name":"wp","href":"https:\/\/api.w.org\/{rel}","templated":true}]}}